{"id":85,"date":"2023-07-18T10:47:51","date_gmt":"2023-07-18T13:47:51","guid":{"rendered":"https:\/\/sites.uel.br\/labgea\/?page_id=85"},"modified":"2025-10-18T19:31:38","modified_gmt":"2025-10-18T22:31:38","slug":"links","status":"publish","type":"page","link":"https:\/\/sites.uel.br\/labgea\/links\/","title":{"rendered":"Links"},"content":{"rendered":"\n<div style=\"height:48px\" aria-hidden=\"true\" class=\"wp-block-spacer\"><\/div>\n\n\n\n<p><a href=\"http:\/\/www.uel.br\/pos\/geografia\/portal\/\">Programa de P\u00f3s-Gradua\u00e7\u00e3o em Geografia &#8211; UEL<\/a><\/p>\n\n\n\n<p><a href=\"http:\/\/www.uel.br\/cce\/geo\/portal\/\">Departamento de Geografia &#8211; UEL<\/a><\/p>\n\n\n\n<p><a href=\"https:\/\/ojs.uel.br\/revistas\/uel\/index.php\/geografia\">Revista Geografia &#8211; Londrina<\/a><\/p>\n\n\n\n<p><a href=\"https:\/\/mst.org.br\/\">Movimento dos Trabalhadores Rurais Sem Terra (MST)<\/a><\/p>\n\n\n\n<p><a href=\"https:\/\/mmcbrasil.org\/\">Movimento das Mulheres Camponesas (MMC)<\/a><\/p>\n\n\n\n<p><a href=\"https:\/\/viacampesina.org\/en\/\">Via Campesina<\/a><\/p>\n\n\n\n<p><a href=\"https:\/\/mpabrasil.org.br\/\">Movimento dos Pequenos Agricultores (MPA)<\/a><\/p>\n\n\n\n<p><a href=\"https:\/\/www.cptnacional.org.br\/\">Comiss\u00e3o Pastoral da Terra (CPT)<\/a><\/p>\n\n\n\n<p><a href=\"https:\/\/www.frentenacionaldeluta.org\/\">Frente Nacional de Luta (FNL)<\/a><\/p>\n\n\n\n<p><a href=\"https:\/\/deolhonosruralistas.com.br\/\">Observat\u00f3rio De Olho nos Ruralistas<\/a><\/p>\n\n\n\n<p><a href=\"https:\/\/escravonempensar.org.br\/o-trabalho-escravo-no-brasil\/\">Escravo nem pensar!<\/a><\/p>\n\n\n\n<p><a href=\"http:\/\/questaoagrariapr.blogspot.com\/\">Observat\u00f3rio da Quest\u00e3o Agr\u00e1ria no Paran\u00e1<\/a><\/p>\n\n\n\n<p><a href=\"http:\/\/www2.fct.unesp.br\/nera\/\">N\u00facleo de Estudos, Pesquisas e Projetos de Reforma Agr\u00e1ria (NERA)<\/a><\/p>\n\n\n\n<p><a href=\"https:\/\/www.gov.br\/mda\/pt-br\">Minist\u00e9rio do Desenvolvimento Agr\u00e1rio e Agricultura Familiar (MDA)<\/a><\/p>\n\n\n\n<p><a href=\"https:\/\/www.gov.br\/incra\/pt-br\">Instituto Nacional de Coloniza\u00e7\u00e3o e Reforma Agr\u00e1ria (INCRA)<\/a><\/p>\n\n\n\n<p><a href=\"https:\/\/www.gov.br\/funai\/pt-br\">Funda\u00e7\u00e3o Nacional dos Povos Ind\u00edgenas (FUNAI)<\/a><\/p>\n\n\n\n<p><a href=\"https:\/\/agroefogo.org.br\/\">Articula\u00e7\u00e3o Agro \u00e9 Fogo!<\/a><\/p>\n\n\n\n<p><a href=\"https:\/\/recime.com.br\/\" data-type=\"link\" data-id=\"https:\/\/recime.com.br\/\">ReCiMe &#8211; Rede de Pesquisadores sobre Cidades M\u00e9dias<\/a><\/p>\n\n\n\n<p><a href=\"https:\/\/idihcs.fahce.unlp.edu.ar\/territoriosposibles\/\">Rede Territorios Possibles<\/a><\/p>\n\n\n\n<p><a href=\"https:\/\/gpapbrasil.wixsite.com\/gipap\/encontro-internacional-mqpa\">Rede GIPAP &#8211; Grupo Internacional de Pesquisa-A\u00e7\u00e3o-Participativa<\/a><\/p>\n","protected":false},"excerpt":{"rendered":"<p>Programa de P\u00f3s-Gradua\u00e7\u00e3o em Geografia &#8211; UEL Departamento de Geografia &#8211; UEL Revista Geografia &#8211; Londrina Movimento dos Trabalhadores Rurais Sem Terra (MST) Movimento das Mulheres Camponesas (MMC) Via Campesina Movimento dos Pequenos Agricultores (MPA) Comiss\u00e3o Pastoral da Terra (CPT) Frente Nacional de Luta (FNL) Observat\u00f3rio De Olho nos Ruralistas Escravo nem pensar! Observat\u00f3rio da [&hellip;]<\/p>\n","protected":false},"author":6,"featured_media":0,"parent":0,"menu_order":0,"comment_status":"closed","ping_status":"closed","template":"","meta":{"footnotes":""},"class_list":["post-85","page","type-page","status-publish","hentry"],"acf":[],"_links":{"self":[{"href":"https:\/\/sites.uel.br\/labgea\/wp-json\/wp\/v2\/pages\/85","targetHints":{"allow":["GET"]}}],"collection":[{"href":"https:\/\/sites.uel.br\/labgea\/wp-json\/wp\/v2\/pages"}],"about":[{"href":"https:\/\/sites.uel.br\/labgea\/wp-json\/wp\/v2\/types\/page"}],"author":[{"embeddable":true,"href":"https:\/\/sites.uel.br\/labgea\/wp-json\/wp\/v2\/users\/6"}],"replies":[{"embeddable":true,"href":"https:\/\/sites.uel.br\/labgea\/wp-json\/wp\/v2\/comments?post=85"}],"version-history":[{"count":6,"href":"https:\/\/sites.uel.br\/labgea\/wp-json\/wp\/v2\/pages\/85\/revisions"}],"predecessor-version":[{"id":284,"href":"https:\/\/sites.uel.br\/labgea\/wp-json\/wp\/v2\/pages\/85\/revisions\/284"}],"wp:attachment":[{"href":"https:\/\/sites.uel.br\/labgea\/wp-json\/wp\/v2\/media?parent=85"}],"curies":[{"name":"wp","href":"https:\/\/api.w.org\/{rel}","templated":true}]}}