{"id":84,"date":"2023-07-18T10:47:51","date_gmt":"2023-07-18T13:47:51","guid":{"rendered":"https:\/\/sites.uel.br\/labgea\/?page_id=84"},"modified":"2025-03-21T18:41:01","modified_gmt":"2025-03-21T21:41:01","slug":"trabalhos-de-campo","status":"publish","type":"page","link":"https:\/\/sites.uel.br\/labgea\/trabalhos-de-campo\/","title":{"rendered":"Trabalhos de Campo, Participa\u00e7\u00e3o em Eventos e Manifesta\u00e7\u00f5es"},"content":{"rendered":"\n<div style=\"height:54px\" aria-hidden=\"true\" class=\"wp-block-spacer\"><\/div>\n\n\n\n<figure class=\"wp-block-gallery has-nested-images columns-default is-cropped wp-block-gallery-1 is-layout-flex wp-block-gallery-is-layout-flex\">\n<figure class=\"wp-block-image size-large\"><img loading=\"lazy\" decoding=\"async\" width=\"1024\" height=\"768\" data-id=\"246\" src=\"https:\/\/sites.uel.br\/labgea\/wp-content\/uploads\/2025\/03\/1-3.jpg\" alt=\"\" class=\"wp-image-246\" srcset=\"https:\/\/sites.uel.br\/labgea\/wp-content\/uploads\/2025\/03\/1-3.jpg 1024w, https:\/\/sites.uel.br\/labgea\/wp-content\/uploads\/2025\/03\/1-3-300x225.jpg 300w, https:\/\/sites.uel.br\/labgea\/wp-content\/uploads\/2025\/03\/1-3-768x576.jpg 768w\" sizes=\"auto, (max-width: 1024px) 100vw, 1024px\" \/><\/figure>\n\n\n\n<figure class=\"wp-block-image size-large\"><img loading=\"lazy\" decoding=\"async\" width=\"1024\" height=\"768\" data-id=\"248\" src=\"https:\/\/sites.uel.br\/labgea\/wp-content\/uploads\/2025\/03\/2-4.jpg\" alt=\"\" class=\"wp-image-248\" srcset=\"https:\/\/sites.uel.br\/labgea\/wp-content\/uploads\/2025\/03\/2-4.jpg 1024w, https:\/\/sites.uel.br\/labgea\/wp-content\/uploads\/2025\/03\/2-4-300x225.jpg 300w, https:\/\/sites.uel.br\/labgea\/wp-content\/uploads\/2025\/03\/2-4-768x576.jpg 768w\" sizes=\"auto, (max-width: 1024px) 100vw, 1024px\" \/><\/figure>\n\n\n\n<figure class=\"wp-block-image size-large\"><img loading=\"lazy\" decoding=\"async\" width=\"1024\" height=\"768\" data-id=\"247\" src=\"https:\/\/sites.uel.br\/labgea\/wp-content\/uploads\/2025\/03\/4-2.jpg\" alt=\"\" class=\"wp-image-247\" srcset=\"https:\/\/sites.uel.br\/labgea\/wp-content\/uploads\/2025\/03\/4-2.jpg 1024w, https:\/\/sites.uel.br\/labgea\/wp-content\/uploads\/2025\/03\/4-2-300x225.jpg 300w, https:\/\/sites.uel.br\/labgea\/wp-content\/uploads\/2025\/03\/4-2-768x576.jpg 768w\" sizes=\"auto, (max-width: 1024px) 100vw, 1024px\" \/><\/figure>\n<\/figure>\n\n\n\n<figure class=\"wp-block-gallery has-nested-images columns-default is-cropped wp-block-gallery-2 is-layout-flex wp-block-gallery-is-layout-flex\">\n<figure class=\"wp-block-image size-large\"><img loading=\"lazy\" decoding=\"async\" width=\"1024\" height=\"768\" data-id=\"249\" src=\"https:\/\/sites.uel.br\/labgea\/wp-content\/uploads\/2025\/03\/5.jpg\" alt=\"\" class=\"wp-image-249\" srcset=\"https:\/\/sites.uel.br\/labgea\/wp-content\/uploads\/2025\/03\/5.jpg 1024w, https:\/\/sites.uel.br\/labgea\/wp-content\/uploads\/2025\/03\/5-300x225.jpg 300w, https:\/\/sites.uel.br\/labgea\/wp-content\/uploads\/2025\/03\/5-768x576.jpg 768w\" sizes=\"auto, (max-width: 1024px) 100vw, 1024px\" \/><\/figure>\n\n\n\n<figure class=\"wp-block-image size-large\"><img loading=\"lazy\" decoding=\"async\" width=\"1024\" height=\"768\" data-id=\"250\" src=\"https:\/\/sites.uel.br\/labgea\/wp-content\/uploads\/2025\/03\/6.jpg\" alt=\"\" class=\"wp-image-250\" srcset=\"https:\/\/sites.uel.br\/labgea\/wp-content\/uploads\/2025\/03\/6.jpg 1024w, https:\/\/sites.uel.br\/labgea\/wp-content\/uploads\/2025\/03\/6-300x225.jpg 300w, https:\/\/sites.uel.br\/labgea\/wp-content\/uploads\/2025\/03\/6-768x576.jpg 768w\" sizes=\"auto, (max-width: 1024px) 100vw, 1024px\" \/><\/figure>\n\n\n\n<figure class=\"wp-block-image size-large\"><img loading=\"lazy\" decoding=\"async\" width=\"1024\" height=\"768\" data-id=\"251\" src=\"https:\/\/sites.uel.br\/labgea\/wp-content\/uploads\/2025\/03\/7.jpg\" alt=\"\" class=\"wp-image-251\" srcset=\"https:\/\/sites.uel.br\/labgea\/wp-content\/uploads\/2025\/03\/7.jpg 1024w, https:\/\/sites.uel.br\/labgea\/wp-content\/uploads\/2025\/03\/7-300x225.jpg 300w, https:\/\/sites.uel.br\/labgea\/wp-content\/uploads\/2025\/03\/7-768x576.jpg 768w\" sizes=\"auto, (max-width: 1024px) 100vw, 1024px\" \/><\/figure>\n<\/figure>\n\n\n\n<figure class=\"wp-block-gallery has-nested-images columns-default is-cropped wp-block-gallery-3 is-layout-flex wp-block-gallery-is-layout-flex\">\n<figure class=\"wp-block-image size-large\"><img loading=\"lazy\" decoding=\"async\" width=\"768\" height=\"1024\" data-id=\"252\" src=\"https:\/\/sites.uel.br\/labgea\/wp-content\/uploads\/2025\/03\/8.jpg\" alt=\"\" class=\"wp-image-252\" srcset=\"https:\/\/sites.uel.br\/labgea\/wp-content\/uploads\/2025\/03\/8.jpg 768w, https:\/\/sites.uel.br\/labgea\/wp-content\/uploads\/2025\/03\/8-225x300.jpg 225w\" sizes=\"auto, (max-width: 768px) 100vw, 768px\" \/><\/figure>\n\n\n\n<figure class=\"wp-block-image size-large\"><img loading=\"lazy\" decoding=\"async\" width=\"576\" height=\"1024\" data-id=\"254\" src=\"https:\/\/sites.uel.br\/labgea\/wp-content\/uploads\/2025\/03\/10.jpeg\" alt=\"\" class=\"wp-image-254\" srcset=\"https:\/\/sites.uel.br\/labgea\/wp-content\/uploads\/2025\/03\/10.jpeg 576w, https:\/\/sites.uel.br\/labgea\/wp-content\/uploads\/2025\/03\/10-169x300.jpeg 169w\" sizes=\"auto, (max-width: 576px) 100vw, 576px\" \/><\/figure>\n\n\n\n<figure class=\"wp-block-image size-large\"><img loading=\"lazy\" decoding=\"async\" width=\"576\" height=\"1024\" data-id=\"253\" src=\"https:\/\/sites.uel.br\/labgea\/wp-content\/uploads\/2025\/03\/11.jpeg\" alt=\"\" class=\"wp-image-253\" srcset=\"https:\/\/sites.uel.br\/labgea\/wp-content\/uploads\/2025\/03\/11.jpeg 576w, https:\/\/sites.uel.br\/labgea\/wp-content\/uploads\/2025\/03\/11-169x300.jpeg 169w\" sizes=\"auto, (max-width: 576px) 100vw, 576px\" \/><\/figure>\n<\/figure>\n\n\n\n<div class=\"wp-block-columns is-layout-flex wp-container-core-columns-is-layout-9d6595d7 wp-block-columns-is-layout-flex\">\n<div class=\"wp-block-column is-layout-flow wp-block-column-is-layout-flow\" style=\"flex-basis:100%\">\n<figure class=\"wp-block-gallery has-nested-images columns-default is-cropped wp-block-gallery-4 is-layout-flex wp-block-gallery-is-layout-flex\">\n<figure class=\"wp-block-image size-large\"><img loading=\"lazy\" decoding=\"async\" width=\"1024\" height=\"1024\" data-id=\"256\" src=\"https:\/\/sites.uel.br\/labgea\/wp-content\/uploads\/2025\/03\/9.jpg\" alt=\"\" class=\"wp-image-256\" srcset=\"https:\/\/sites.uel.br\/labgea\/wp-content\/uploads\/2025\/03\/9.jpg 1024w, https:\/\/sites.uel.br\/labgea\/wp-content\/uploads\/2025\/03\/9-300x300.jpg 300w, https:\/\/sites.uel.br\/labgea\/wp-content\/uploads\/2025\/03\/9-150x150.jpg 150w, https:\/\/sites.uel.br\/labgea\/wp-content\/uploads\/2025\/03\/9-768x768.jpg 768w\" sizes=\"auto, (max-width: 1024px) 100vw, 1024px\" \/><\/figure>\n\n\n\n<figure class=\"wp-block-image size-large\"><img loading=\"lazy\" decoding=\"async\" width=\"1024\" height=\"972\" data-id=\"257\" src=\"https:\/\/sites.uel.br\/labgea\/wp-content\/uploads\/2025\/03\/12.jpeg\" alt=\"\" class=\"wp-image-257\" srcset=\"https:\/\/sites.uel.br\/labgea\/wp-content\/uploads\/2025\/03\/12.jpeg 1024w, https:\/\/sites.uel.br\/labgea\/wp-content\/uploads\/2025\/03\/12-300x285.jpeg 300w, https:\/\/sites.uel.br\/labgea\/wp-content\/uploads\/2025\/03\/12-768x729.jpeg 768w\" sizes=\"auto, (max-width: 1024px) 100vw, 1024px\" \/><\/figure>\n\n\n\n<figure class=\"wp-block-image size-large\"><img loading=\"lazy\" decoding=\"async\" width=\"1024\" height=\"683\" data-id=\"255\" src=\"https:\/\/sites.uel.br\/labgea\/wp-content\/uploads\/2025\/03\/13.jpeg\" alt=\"\" class=\"wp-image-255\" srcset=\"https:\/\/sites.uel.br\/labgea\/wp-content\/uploads\/2025\/03\/13.jpeg 1024w, https:\/\/sites.uel.br\/labgea\/wp-content\/uploads\/2025\/03\/13-300x200.jpeg 300w, https:\/\/sites.uel.br\/labgea\/wp-content\/uploads\/2025\/03\/13-768x512.jpeg 768w\" sizes=\"auto, (max-width: 1024px) 100vw, 1024px\" \/><\/figure>\n<\/figure>\n<\/div>\n<\/div>\n\n\n\n<figure class=\"wp-block-gallery has-nested-images columns-default is-cropped wp-block-gallery-5 is-layout-flex wp-block-gallery-is-layout-flex\">\n<figure class=\"wp-block-image size-large\"><img loading=\"lazy\" decoding=\"async\" width=\"1024\" height=\"683\" data-id=\"258\" src=\"https:\/\/sites.uel.br\/labgea\/wp-content\/uploads\/2025\/03\/14.jpeg\" alt=\"\" class=\"wp-image-258\" srcset=\"https:\/\/sites.uel.br\/labgea\/wp-content\/uploads\/2025\/03\/14.jpeg 1024w, https:\/\/sites.uel.br\/labgea\/wp-content\/uploads\/2025\/03\/14-300x200.jpeg 300w, https:\/\/sites.uel.br\/labgea\/wp-content\/uploads\/2025\/03\/14-768x512.jpeg 768w\" sizes=\"auto, (max-width: 1024px) 100vw, 1024px\" \/><\/figure>\n\n\n\n<figure class=\"wp-block-image size-large\"><img loading=\"lazy\" decoding=\"async\" width=\"1024\" height=\"768\" data-id=\"260\" src=\"https:\/\/sites.uel.br\/labgea\/wp-content\/uploads\/2025\/03\/15.jpg\" alt=\"\" class=\"wp-image-260\" srcset=\"https:\/\/sites.uel.br\/labgea\/wp-content\/uploads\/2025\/03\/15.jpg 1024w, https:\/\/sites.uel.br\/labgea\/wp-content\/uploads\/2025\/03\/15-300x225.jpg 300w, https:\/\/sites.uel.br\/labgea\/wp-content\/uploads\/2025\/03\/15-768x576.jpg 768w\" sizes=\"auto, (max-width: 1024px) 100vw, 1024px\" \/><\/figure>\n\n\n\n<figure class=\"wp-block-image size-large\"><img loading=\"lazy\" decoding=\"async\" width=\"453\" height=\"336\" data-id=\"259\" src=\"https:\/\/sites.uel.br\/labgea\/wp-content\/uploads\/2025\/03\/17.jpg\" alt=\"\" class=\"wp-image-259\" srcset=\"https:\/\/sites.uel.br\/labgea\/wp-content\/uploads\/2025\/03\/17.jpg 453w, https:\/\/sites.uel.br\/labgea\/wp-content\/uploads\/2025\/03\/17-300x223.jpg 300w\" sizes=\"auto, (max-width: 453px) 100vw, 453px\" \/><\/figure>\n<\/figure>\n\n\n\n<figure class=\"wp-block-gallery has-nested-images columns-default is-cropped wp-block-gallery-6 is-layout-flex wp-block-gallery-is-layout-flex\">\n<figure class=\"wp-block-image size-large\"><img loading=\"lazy\" decoding=\"async\" width=\"375\" height=\"448\" data-id=\"261\" src=\"https:\/\/sites.uel.br\/labgea\/wp-content\/uploads\/2025\/03\/16.jpg\" alt=\"\" class=\"wp-image-261\" srcset=\"https:\/\/sites.uel.br\/labgea\/wp-content\/uploads\/2025\/03\/16.jpg 375w, https:\/\/sites.uel.br\/labgea\/wp-content\/uploads\/2025\/03\/16-251x300.jpg 251w\" sizes=\"auto, (max-width: 375px) 100vw, 375px\" \/><\/figure>\n\n\n\n<figure class=\"wp-block-image size-large\"><img loading=\"lazy\" decoding=\"async\" width=\"768\" height=\"1024\" data-id=\"262\" src=\"https:\/\/sites.uel.br\/labgea\/wp-content\/uploads\/2025\/03\/18.jpg\" alt=\"\" class=\"wp-image-262\" srcset=\"https:\/\/sites.uel.br\/labgea\/wp-content\/uploads\/2025\/03\/18.jpg 768w, https:\/\/sites.uel.br\/labgea\/wp-content\/uploads\/2025\/03\/18-225x300.jpg 225w\" sizes=\"auto, (max-width: 768px) 100vw, 768px\" \/><\/figure>\n\n\n\n<figure class=\"wp-block-image size-full\"><img loading=\"lazy\" decoding=\"async\" width=\"576\" height=\"1024\" data-id=\"264\" src=\"https:\/\/sites.uel.br\/labgea\/wp-content\/uploads\/2025\/03\/10-1.jpeg\" alt=\"\" class=\"wp-image-264\" srcset=\"https:\/\/sites.uel.br\/labgea\/wp-content\/uploads\/2025\/03\/10-1.jpeg 576w, https:\/\/sites.uel.br\/labgea\/wp-content\/uploads\/2025\/03\/10-1-169x300.jpeg 169w\" sizes=\"auto, (max-width: 576px) 100vw, 576px\" \/><\/figure>\n<\/figure>\n\n\n\n<figure class=\"wp-block-gallery has-nested-images columns-default is-cropped wp-block-gallery-7 is-layout-flex wp-block-gallery-is-layout-flex\">\n<figure class=\"wp-block-image size-large\"><img loading=\"lazy\" decoding=\"async\" width=\"1024\" height=\"768\" data-id=\"265\" src=\"https:\/\/sites.uel.br\/labgea\/wp-content\/uploads\/2025\/03\/19.jpg\" alt=\"\" class=\"wp-image-265\" srcset=\"https:\/\/sites.uel.br\/labgea\/wp-content\/uploads\/2025\/03\/19.jpg 1024w, https:\/\/sites.uel.br\/labgea\/wp-content\/uploads\/2025\/03\/19-300x225.jpg 300w, https:\/\/sites.uel.br\/labgea\/wp-content\/uploads\/2025\/03\/19-768x576.jpg 768w\" sizes=\"auto, (max-width: 1024px) 100vw, 1024px\" \/><\/figure>\n\n\n\n<figure class=\"wp-block-image size-large\"><img loading=\"lazy\" decoding=\"async\" width=\"1024\" height=\"767\" data-id=\"266\" src=\"https:\/\/sites.uel.br\/labgea\/wp-content\/uploads\/2025\/03\/20-1-1024x767.jpg\" alt=\"\" class=\"wp-image-266\" srcset=\"https:\/\/sites.uel.br\/labgea\/wp-content\/uploads\/2025\/03\/20-1-1024x767.jpg 1024w, https:\/\/sites.uel.br\/labgea\/wp-content\/uploads\/2025\/03\/20-1-300x225.jpg 300w, https:\/\/sites.uel.br\/labgea\/wp-content\/uploads\/2025\/03\/20-1-768x576.jpg 768w, https:\/\/sites.uel.br\/labgea\/wp-content\/uploads\/2025\/03\/20-1.jpg 1389w\" sizes=\"auto, (max-width: 1024px) 100vw, 1024px\" \/><\/figure>\n\n\n\n<figure class=\"wp-block-image size-large\"><img loading=\"lazy\" decoding=\"async\" width=\"1024\" height=\"768\" data-id=\"267\" src=\"https:\/\/sites.uel.br\/labgea\/wp-content\/uploads\/2025\/03\/21-1024x768.jpg\" alt=\"\" class=\"wp-image-267\" srcset=\"https:\/\/sites.uel.br\/labgea\/wp-content\/uploads\/2025\/03\/21-1024x768.jpg 1024w, https:\/\/sites.uel.br\/labgea\/wp-content\/uploads\/2025\/03\/21-300x225.jpg 300w, https:\/\/sites.uel.br\/labgea\/wp-content\/uploads\/2025\/03\/21-768x576.jpg 768w, https:\/\/sites.uel.br\/labgea\/wp-content\/uploads\/2025\/03\/21-1536x1152.jpg 1536w, https:\/\/sites.uel.br\/labgea\/wp-content\/uploads\/2025\/03\/21.jpg 1600w\" sizes=\"auto, (max-width: 1024px) 100vw, 1024px\" \/><\/figure>\n\n\n\n<figure class=\"wp-block-image size-large\"><img loading=\"lazy\" decoding=\"async\" width=\"1024\" height=\"461\" data-id=\"268\" src=\"https:\/\/sites.uel.br\/labgea\/wp-content\/uploads\/2025\/03\/22-1024x461.jpg\" alt=\"\" class=\"wp-image-268\" srcset=\"https:\/\/sites.uel.br\/labgea\/wp-content\/uploads\/2025\/03\/22-1024x461.jpg 1024w, https:\/\/sites.uel.br\/labgea\/wp-content\/uploads\/2025\/03\/22-300x135.jpg 300w, https:\/\/sites.uel.br\/labgea\/wp-content\/uploads\/2025\/03\/22-768x346.jpg 768w, https:\/\/sites.uel.br\/labgea\/wp-content\/uploads\/2025\/03\/22-1536x692.jpg 1536w, https:\/\/sites.uel.br\/labgea\/wp-content\/uploads\/2025\/03\/22.jpg 1600w\" sizes=\"auto, (max-width: 1024px) 100vw, 1024px\" \/><\/figure>\n<\/figure>\n","protected":false},"excerpt":{"rendered":"","protected":false},"author":6,"featured_media":0,"parent":0,"menu_order":0,"comment_status":"closed","ping_status":"closed","template":"","meta":{"footnotes":""},"class_list":["post-84","page","type-page","status-publish","hentry"],"acf":[],"_links":{"self":[{"href":"https:\/\/sites.uel.br\/labgea\/wp-json\/wp\/v2\/pages\/84","targetHints":{"allow":["GET"]}}],"collection":[{"href":"https:\/\/sites.uel.br\/labgea\/wp-json\/wp\/v2\/pages"}],"about":[{"href":"https:\/\/sites.uel.br\/labgea\/wp-json\/wp\/v2\/types\/page"}],"author":[{"embeddable":true,"href":"https:\/\/sites.uel.br\/labgea\/wp-json\/wp\/v2\/users\/6"}],"replies":[{"embeddable":true,"href":"https:\/\/sites.uel.br\/labgea\/wp-json\/wp\/v2\/comments?post=84"}],"version-history":[{"count":7,"href":"https:\/\/sites.uel.br\/labgea\/wp-json\/wp\/v2\/pages\/84\/revisions"}],"predecessor-version":[{"id":269,"href":"https:\/\/sites.uel.br\/labgea\/wp-json\/wp\/v2\/pages\/84\/revisions\/269"}],"wp:attachment":[{"href":"https:\/\/sites.uel.br\/labgea\/wp-json\/wp\/v2\/media?parent=84"}],"curies":[{"name":"wp","href":"https:\/\/api.w.org\/{rel}","templated":true}]}}