{"id":83,"date":"2023-07-18T10:47:51","date_gmt":"2023-07-18T13:47:51","guid":{"rendered":"https:\/\/sites.uel.br\/labgea\/?page_id=83"},"modified":"2025-03-21T08:19:45","modified_gmt":"2025-03-21T11:19:45","slug":"reunioes","status":"publish","type":"page","link":"https:\/\/sites.uel.br\/labgea\/reunioes\/","title":{"rendered":"Reuni\u00f5es"},"content":{"rendered":"\n<div style=\"height:48px\" aria-hidden=\"true\" class=\"wp-block-spacer\"><\/div>\n\n\n\n<p>Os membros do Laborat\u00f3rio de Geografia Agr\u00e1ria (LABGEA) se re\u00fanem quinzenalmente, \u00e0s quintas-feiras, para a <strong>Prosa de Quinta<\/strong>, onde discutem o encaminhamento das pesquisas e textos\/obras relativos \u00e0 Quest\u00e3o Agr\u00e1ria.<\/p>\n\n\n\n<p>Em breve, disponibilizaremos o cronograma das reuni\u00f5es de 2025&#8230;<\/p>\n\n\n\n<p><\/p>\n","protected":false},"excerpt":{"rendered":"<p>Os membros do Laborat\u00f3rio de Geografia Agr\u00e1ria (LABGEA) se re\u00fanem quinzenalmente, \u00e0s quintas-feiras, para a Prosa de Quinta, onde discutem o encaminhamento das pesquisas e textos\/obras relativos \u00e0 Quest\u00e3o Agr\u00e1ria. Em breve, disponibilizaremos o cronograma das reuni\u00f5es de 2025&#8230;<\/p>\n","protected":false},"author":6,"featured_media":0,"parent":0,"menu_order":0,"comment_status":"closed","ping_status":"closed","template":"","meta":{"footnotes":""},"class_list":["post-83","page","type-page","status-publish","hentry"],"acf":[],"_links":{"self":[{"href":"https:\/\/sites.uel.br\/labgea\/wp-json\/wp\/v2\/pages\/83","targetHints":{"allow":["GET"]}}],"collection":[{"href":"https:\/\/sites.uel.br\/labgea\/wp-json\/wp\/v2\/pages"}],"about":[{"href":"https:\/\/sites.uel.br\/labgea\/wp-json\/wp\/v2\/types\/page"}],"author":[{"embeddable":true,"href":"https:\/\/sites.uel.br\/labgea\/wp-json\/wp\/v2\/users\/6"}],"replies":[{"embeddable":true,"href":"https:\/\/sites.uel.br\/labgea\/wp-json\/wp\/v2\/comments?post=83"}],"version-history":[{"count":4,"href":"https:\/\/sites.uel.br\/labgea\/wp-json\/wp\/v2\/pages\/83\/revisions"}],"predecessor-version":[{"id":219,"href":"https:\/\/sites.uel.br\/labgea\/wp-json\/wp\/v2\/pages\/83\/revisions\/219"}],"wp:attachment":[{"href":"https:\/\/sites.uel.br\/labgea\/wp-json\/wp\/v2\/media?parent=83"}],"curies":[{"name":"wp","href":"https:\/\/api.w.org\/{rel}","templated":true}]}}