{"id":80,"date":"2023-07-18T10:47:51","date_gmt":"2023-07-18T13:47:51","guid":{"rendered":"https:\/\/sites.uel.br\/labgea\/?page_id=80"},"modified":"2025-03-21T08:16:27","modified_gmt":"2025-03-21T11:16:27","slug":"linhas-de-pesquisa","status":"publish","type":"page","link":"https:\/\/sites.uel.br\/labgea\/linhas-de-pesquisa\/","title":{"rendered":"Linhas de Pesquisa"},"content":{"rendered":"\n<div style=\"height:55px\" aria-hidden=\"true\" class=\"wp-block-spacer\"><\/div>\n\n\n\n<p>Rela\u00e7\u00e3o agricultura-ind\u00fastria;<\/p>\n\n\n\n<p>Processos espaciais da agricultura;<\/p>\n\n\n\n<p>Estrutura fundi\u00e1ria;<\/p>\n\n\n\n<p>Classe campesinato no capitalismo;<\/p>\n\n\n\n<p>Modo de vida campon\u00eas;<\/p>\n\n\n\n<p>Movimentos sociais de Luta pela Terra;<\/p>\n\n\n\n<p>Reforma agr\u00e1ria;<\/p>\n\n\n\n<p>Assentamentos rurais;<\/p>\n\n\n\n<p>Agroecologia;<\/p>\n\n\n\n<p>Quest\u00e3o agr\u00e1ria e g\u00eanero;<\/p>\n\n\n\n<p>Hist\u00f3ria da geografia agr\u00e1ria brasileira;<\/p>\n\n\n\n<p>Teoria e m\u00e9todo em geografia agr\u00e1ria;<\/p>\n\n\n\n<p>Quest\u00e3o agr\u00e1ria e Educa\u00e7\u00e3o.<\/p>\n\n\n\n<p>Turismo rural.<\/p>\n\n\n\n<p>Rela\u00e7\u00e3o campo cidade.<\/p>\n\n\n\n<p>Agricultura e Urbaniza\u00e7\u00e3o.<\/p>\n\n\n\n<p>Cidades do Agroneg\u00f3cio.<\/p>\n\n\n\n<p>Agricultura e Territ\u00f3rio.<\/p>\n\n\n\n<p>Popula\u00e7\u00f5es tradicionais.<\/p>\n","protected":false},"excerpt":{"rendered":"<p>Rela\u00e7\u00e3o agricultura-ind\u00fastria; Processos espaciais da agricultura; Estrutura fundi\u00e1ria; Classe campesinato no capitalismo; Modo de vida campon\u00eas; Movimentos sociais de Luta pela Terra; Reforma agr\u00e1ria; Assentamentos rurais; Agroecologia; Quest\u00e3o agr\u00e1ria e g\u00eanero; Hist\u00f3ria da geografia agr\u00e1ria brasileira; Teoria e m\u00e9todo em geografia agr\u00e1ria; Quest\u00e3o agr\u00e1ria e Educa\u00e7\u00e3o. Turismo rural. Rela\u00e7\u00e3o campo cidade. Agricultura e Urbaniza\u00e7\u00e3o. Cidades [&hellip;]<\/p>\n","protected":false},"author":6,"featured_media":0,"parent":0,"menu_order":0,"comment_status":"closed","ping_status":"closed","template":"","meta":{"footnotes":""},"class_list":["post-80","page","type-page","status-publish","hentry"],"acf":[],"_links":{"self":[{"href":"https:\/\/sites.uel.br\/labgea\/wp-json\/wp\/v2\/pages\/80","targetHints":{"allow":["GET"]}}],"collection":[{"href":"https:\/\/sites.uel.br\/labgea\/wp-json\/wp\/v2\/pages"}],"about":[{"href":"https:\/\/sites.uel.br\/labgea\/wp-json\/wp\/v2\/types\/page"}],"author":[{"embeddable":true,"href":"https:\/\/sites.uel.br\/labgea\/wp-json\/wp\/v2\/users\/6"}],"replies":[{"embeddable":true,"href":"https:\/\/sites.uel.br\/labgea\/wp-json\/wp\/v2\/comments?post=80"}],"version-history":[{"count":7,"href":"https:\/\/sites.uel.br\/labgea\/wp-json\/wp\/v2\/pages\/80\/revisions"}],"predecessor-version":[{"id":217,"href":"https:\/\/sites.uel.br\/labgea\/wp-json\/wp\/v2\/pages\/80\/revisions\/217"}],"wp:attachment":[{"href":"https:\/\/sites.uel.br\/labgea\/wp-json\/wp\/v2\/media?parent=80"}],"curies":[{"name":"wp","href":"https:\/\/api.w.org\/{rel}","templated":true}]}}