{"id":79,"date":"2023-07-18T10:47:51","date_gmt":"2023-07-18T13:47:51","guid":{"rendered":"https:\/\/sites.uel.br\/labgea\/?page_id=79"},"modified":"2026-02-15T08:55:42","modified_gmt":"2026-02-15T11:55:42","slug":"pesquisadores","status":"publish","type":"page","link":"https:\/\/sites.uel.br\/labgea\/pesquisadores\/","title":{"rendered":"Pesquisadores"},"content":{"rendered":"\n<div style=\"height:52px\" aria-hidden=\"true\" class=\"wp-block-spacer\"><\/div>\n\n\n\n<p><strong>Sergio Aparecido Nabarro<\/strong><\/p>\n\n\n\n<div class=\"wp-block-group\"><div class=\"wp-block-group__inner-container is-layout-constrained wp-block-group-is-layout-constrained\">\n<figure class=\"wp-block-image size-full is-resized is-style-rounded\"><img loading=\"lazy\" decoding=\"async\" width=\"640\" height=\"640\" src=\"https:\/\/sites.uel.br\/labgea\/wp-content\/uploads\/2023\/07\/me-2.jpg\" alt=\"\" class=\"wp-image-108\" style=\"width:224px;height:auto\" srcset=\"https:\/\/sites.uel.br\/labgea\/wp-content\/uploads\/2023\/07\/me-2.jpg 640w, https:\/\/sites.uel.br\/labgea\/wp-content\/uploads\/2023\/07\/me-2-300x300.jpg 300w, https:\/\/sites.uel.br\/labgea\/wp-content\/uploads\/2023\/07\/me-2-150x150.jpg 150w\" sizes=\"auto, (max-width: 640px) 100vw, 640px\" \/><\/figure>\n\n\n\n<p><\/p>\n\n\n\n<p>Coordenador do Laborat\u00f3rio de Geografia Agr\u00e1ria (LABGEA) e professor do programa de p\u00f3s-gradua\u00e7\u00e3o (mestrado e doutorado) em Geografia da Universidade Estadual de Londrina. Professor visitante no Institut de G\u00e9ographie da Universit\u00e9 Paris 1 (Panth\u00e9on-Sorbonne) onde desenvolveu pesquisa de p\u00f3s-doutorado sobre o modo de vida campon\u00eas e a quest\u00e3o agr\u00e1ria na obra de \u00c9lis\u00e9e Reclus. Doutor em Geografia pela Universidade de S\u00e3o Paulo (USP) com per\u00edodo de estudos e investiga\u00e7\u00e3o na Universitat de Barcelona (UB &#8211; Espanha). Mestre em Geografia pela Universidade de S\u00e3o Paulo (USP). Possui gradua\u00e7\u00e3o em Geografia (Licenciatura e Bacharelado) e Especializa\u00e7\u00e3o em Ensino de Geografia pela Universidade Estadual de Londrina (UEL). \u00c9 membro dos grupos Geocr\u00edtica (da Universitat de Barcelona &#8211; Espanha) e G\u00e9ographie-Cit\u00e9s (da Universit\u00e9 Paris 1 &#8211; Panth\u00e9on-Sorbonne). \u00c9 parecerista das revistas internacionais: Scripta Nova, Biblio 3W e Ar@cne e das revistas brasileiras: GeoUsp: espa\u00e7o e tempo (USP), Boletim Goiano de Geografia (UFG), Geografia (UEL), Caderno de Geografia (PUC-Minas) e Ensino, Educa\u00e7\u00e3o e Ci\u00eancias Humanas (UNOPAR). Tem experi\u00eancia nas \u00e1reas de Geografia Agr\u00e1ria, Hist\u00f3ria do Pensamento Geogr\u00e1fico e Teoria e M\u00e9todo em Geografia, atuando principalmente nos seguintes temas: campesinato, modo de vida, pol\u00edticas p\u00fablicas de desenvolvimento rural, neoliberalismo, ideologia e discurso. <a href=\"http:\/\/lattes.cnpq.br\/8538298464713169\">[Lattes]<\/a><\/p>\n\n\n\n<div style=\"height:52px\" aria-hidden=\"true\" class=\"wp-block-spacer\"><\/div>\n<\/div><\/div>\n\n\n\n<p><strong>Efig\u00eania Rocha Barreto da Silva<\/strong><\/p>\n\n\n\n<figure class=\"wp-block-image size-full is-resized is-style-rounded\"><img loading=\"lazy\" decoding=\"async\" width=\"607\" height=\"607\" src=\"https:\/\/sites.uel.br\/labgea\/wp-content\/uploads\/2026\/02\/Efigenia.png\" alt=\"\" class=\"wp-image-287\" style=\"width:250px;height:auto\" srcset=\"https:\/\/sites.uel.br\/labgea\/wp-content\/uploads\/2026\/02\/Efigenia.png 607w, https:\/\/sites.uel.br\/labgea\/wp-content\/uploads\/2026\/02\/Efigenia-300x300.png 300w, https:\/\/sites.uel.br\/labgea\/wp-content\/uploads\/2026\/02\/Efigenia-150x150.png 150w\" sizes=\"auto, (max-width: 607px) 100vw, 607px\" \/><\/figure>\n\n\n\n<p>Doutoranda no Programa de P\u00f3s-Gradua\u00e7\u00e3o em Geografia na Universidade Estadual de Londrina- UEL. Mestra em Estudos Territoriais no Programa de P\u00f3s-Gradua\u00e7\u00e3o &#8211; PROET pela Universidade do Estado da Bahia. Departamento de Ci\u00eancias Exatas e da Terra- Campus I. Graduada em licenciatura plena em Geografia pela Universidade do Estado da Bahia. Departamento de Ci\u00eancias Humanas, Campus-IV (2021). Membro da Associa\u00e7\u00e3o dos Ge\u00f3grafos Brasileiros (AGB) &#8211; Se\u00e7\u00e3o Campinas. Membro do Grupo de Pesquisa Processos Espaciais da Expans\u00e3o Capitalista no Campo, da Universidade Estadual de Londrina (UEL). Membro do Grupo de Pesquisa Prosa de Quinta, da Universidade Estadual de Londrina (UEL). <a href=\"http:\/\/lattes.cnpq.br\/6588620679745030\" data-type=\"link\" data-id=\"http:\/\/lattes.cnpq.br\/6588620679745030\">[Lattes]<\/a><\/p>\n\n\n\n<figure class=\"wp-block-image size-large\"><img loading=\"lazy\" decoding=\"async\" width=\"1024\" height=\"74\" src=\"https:\/\/sites.uel.br\/labgea\/wp-content\/uploads\/2026\/02\/espacamento-2-1024x74.png\" alt=\"\" class=\"wp-image-294\" srcset=\"https:\/\/sites.uel.br\/labgea\/wp-content\/uploads\/2026\/02\/espacamento-2-1024x74.png 1024w, https:\/\/sites.uel.br\/labgea\/wp-content\/uploads\/2026\/02\/espacamento-2-300x22.png 300w, https:\/\/sites.uel.br\/labgea\/wp-content\/uploads\/2026\/02\/espacamento-2-768x56.png 768w, https:\/\/sites.uel.br\/labgea\/wp-content\/uploads\/2026\/02\/espacamento-2.png 1341w\" sizes=\"auto, (max-width: 1024px) 100vw, 1024px\" \/><\/figure>\n\n\n\n<p><\/p>\n\n\n\n<p><strong>Francisca da Silva Reis<\/strong><\/p>\n\n\n\n<figure class=\"wp-block-image size-full is-resized is-style-rounded\"><img loading=\"lazy\" decoding=\"async\" width=\"611\" height=\"599\" src=\"https:\/\/sites.uel.br\/labgea\/wp-content\/uploads\/2025\/03\/Francisca.png\" alt=\"\" class=\"wp-image-203\" style=\"width:228px;height:auto\" srcset=\"https:\/\/sites.uel.br\/labgea\/wp-content\/uploads\/2025\/03\/Francisca.png 611w, https:\/\/sites.uel.br\/labgea\/wp-content\/uploads\/2025\/03\/Francisca-300x294.png 300w\" sizes=\"auto, (max-width: 611px) 100vw, 611px\" \/><\/figure>\n\n\n\n<p>Doutoranda pelo Programa de P\u00f3s-gradua\u00e7\u00e3o em Geografia (PPGEO) da Universidade Estadual de Londrina (UEL). Mestre em Geografia pela Universidade Federal do Acre (UFAC), onde tamb\u00e9m se graduou em Geografia. \u00c9 especialista em Geoprocessamento Aplicado \u00e0 An\u00e1lise Ambiental pela Faculdade UNINORTE (2015). Participa do grupo de pesquisa Estudos e Manejo de Paisagens Naturais e Antr\u00f3picas (UFAC) e do Prosa de Quinta (UEL). <a href=\"http:\/\/lattes.cnpq.br\/8556519743956609\">[Lattes]<\/a><\/p>\n\n\n\n<div style=\"height:52px\" aria-hidden=\"true\" class=\"wp-block-spacer\"><\/div>\n\n\n\n<p><strong>Rodrigo Louren\u00e7o Aristides<\/strong><\/p>\n\n\n\n<figure class=\"wp-block-image size-large is-resized is-style-rounded\"><img loading=\"lazy\" decoding=\"async\" width=\"129\" height=\"129\" src=\"https:\/\/sites.uel.br\/labgea\/wp-content\/uploads\/2023\/08\/1.jpeg\" alt=\"\" class=\"wp-image-193\" style=\"width:219px;height:219px\" \/><\/figure>\n\n\n\n<p>Ge\u00f3grafo, professor e Advogado. Doutorando pelo Programa de P\u00f3s-gradua\u00e7\u00e3o em Geografia (PPGEO) da Universidade Estadual de Londrina (UEL), mesma institui\u00e7\u00e3o onde obteve o t\u00edtulo de mestre e a gradua\u00e7\u00e3o em Geografia e Direito. Licenciado em Educa\u00e7\u00e3o F\u00edsica &#8211; FABRAS (2020). P\u00f3s-graduado em Educa\u00e7\u00e3o e Gest\u00e3o Ambiental pela Faculdades Integradas do Vale do Iva\u00ed &#8211; UNIVALE (2011). Especializa\u00e7\u00e3o em Forma\u00e7\u00e3o de Professor da Educa\u00e7\u00e3o B\u00e1sica com \u00canfase em Diretrizes Curriculares pela Faculdade Integrada de Bras\u00edlia &#8211; FABRAS (2020). Especializa\u00e7\u00e3o em Metodologia do Ensino de Geografia e Hist\u00f3ria pela FABRAS (2020). Especializa\u00e7\u00e3o em Educa\u00e7\u00e3o F\u00edsica Escolar e Recrea\u00e7\u00e3o &#8211; FABRAS 2021. Pesquisa as potencialidades da Bioconstru\u00e7\u00e3o no campo e na cidade e a valoriza\u00e7\u00e3o do conhecimento popular na produ\u00e7\u00e3o de moradias ecol\u00f3gicas. <a href=\"http:\/\/lattes.cnpq.br\/3187881535625307\">[Lattes]<\/a><\/p>\n\n\n\n<div style=\"height:52px\" aria-hidden=\"true\" class=\"wp-block-spacer\"><\/div>\n\n\n\n<p><strong>Bruna Miranda Silva Almeida<\/strong><\/p>\n\n\n\n<figure class=\"wp-block-image size-full is-resized is-style-rounded\"><img loading=\"lazy\" decoding=\"async\" width=\"497\" height=\"583\" src=\"https:\/\/sites.uel.br\/labgea\/wp-content\/uploads\/2026\/02\/Bruna.png\" alt=\"\" class=\"wp-image-288\" style=\"aspect-ratio:0.8525388526820884;width:191px;height:auto\" srcset=\"https:\/\/sites.uel.br\/labgea\/wp-content\/uploads\/2026\/02\/Bruna.png 497w, https:\/\/sites.uel.br\/labgea\/wp-content\/uploads\/2026\/02\/Bruna-256x300.png 256w\" sizes=\"auto, (max-width: 497px) 100vw, 497px\" \/><\/figure>\n\n\n\n<p>Historiadora, professora e integrante do Movimento dos Trabalhadores Rurais Sem Terra (MST), atuando na Escola Itinerante Semeando o Saber. Integrante dos grupos de pesquisa Processos Espaciais da Expans\u00e3o Capitalista no Campo e Prosa de Quinta, da Universidade Estadual de Londrina (UEL).<\/p>\n\n\n\n<figure class=\"wp-block-image size-large\"><img loading=\"lazy\" decoding=\"async\" width=\"1024\" height=\"74\" src=\"https:\/\/sites.uel.br\/labgea\/wp-content\/uploads\/2026\/02\/espacamento-3-1024x74.png\" alt=\"\" class=\"wp-image-295\" srcset=\"https:\/\/sites.uel.br\/labgea\/wp-content\/uploads\/2026\/02\/espacamento-3-1024x74.png 1024w, https:\/\/sites.uel.br\/labgea\/wp-content\/uploads\/2026\/02\/espacamento-3-300x22.png 300w, https:\/\/sites.uel.br\/labgea\/wp-content\/uploads\/2026\/02\/espacamento-3-768x56.png 768w, https:\/\/sites.uel.br\/labgea\/wp-content\/uploads\/2026\/02\/espacamento-3.png 1341w\" sizes=\"auto, (max-width: 1024px) 100vw, 1024px\" \/><\/figure>\n\n\n\n<p><strong>Lucas Henrique Campos Vasconcelos<\/strong><\/p>\n\n\n\n<figure class=\"wp-block-image size-full is-resized is-style-rounded\"><img loading=\"lazy\" decoding=\"async\" width=\"509\" height=\"571\" src=\"https:\/\/sites.uel.br\/labgea\/wp-content\/uploads\/2025\/03\/Lucas.png\" alt=\"\" class=\"wp-image-204\" style=\"width:201px;height:auto\" srcset=\"https:\/\/sites.uel.br\/labgea\/wp-content\/uploads\/2025\/03\/Lucas.png 509w, https:\/\/sites.uel.br\/labgea\/wp-content\/uploads\/2025\/03\/Lucas-267x300.png 267w\" sizes=\"auto, (max-width: 509px) 100vw, 509px\" \/><\/figure>\n\n\n\n<p>Doutorando pelo Programa de P\u00f3s-gradua\u00e7\u00e3o em Geografia (PPGEO) da Universidade Estadual de Londrina, mesma institui\u00e7\u00e3o onde obteve o t\u00edtulo de mestre em Geografia. Graduado em Geografia pela Universidade Estadual do Norte do Paran\u00e1 (UENP), campus Corn\u00e9lio Proc\u00f3pio. Tem experi\u00eancia nas \u00e1reas de Geografia Econ\u00f4mica e Geografia Urbana, atuando principalmente nos seguintes temas: agricultura e urbaniza\u00e7\u00e3o, desenvolvimento regional e urbano, din\u00e2mica econ\u00f4mica, territ\u00f3rio e pol\u00edticas p\u00fablicas, rela\u00e7\u00f5es campo-cidade. <a href=\"http:\/\/lattes.cnpq.br\/9219448667843209\">[Lattes]<\/a><\/p>\n\n\n\n<div style=\"height:52px\" aria-hidden=\"true\" class=\"wp-block-spacer\"><\/div>\n\n\n\n<p><strong>Vin\u00edcius Augusto Marques dos Santos<\/strong><\/p>\n\n\n\n<figure class=\"wp-block-image size-full is-resized is-style-rounded\"><img loading=\"lazy\" decoding=\"async\" width=\"275\" height=\"382\" src=\"https:\/\/sites.uel.br\/labgea\/wp-content\/uploads\/2023\/07\/Vinicius-1.png\" alt=\"\" class=\"wp-image-113\" style=\"width:169px;height:235px\" srcset=\"https:\/\/sites.uel.br\/labgea\/wp-content\/uploads\/2023\/07\/Vinicius-1.png 275w, https:\/\/sites.uel.br\/labgea\/wp-content\/uploads\/2023\/07\/Vinicius-1-216x300.png 216w\" sizes=\"auto, (max-width: 275px) 100vw, 275px\" \/><\/figure>\n\n\n\n<p>Doutorando pelo Programa de P\u00f3s-gradua\u00e7\u00e3o em Geografia (PPGEO) da Universidade Estadual de Londrina, mesma institui\u00e7\u00e3o onde obteve o t\u00edtulo de mestre e se graduou em Geografia. Formado em Administra\u00e7\u00e3o pela Universidade Federal da Grande Dourados (UFGD). Especialista em Ensino de Sociologia pela Universidade Estadual de Londrina. Pesquisa Geografia Anticolonial, Colonialidade e Empresariamento da Educa\u00e7\u00e3o. <a href=\"http:\/\/lattes.cnpq.br\/7131362472704526\">[Lattes]<\/a><\/p>\n\n\n\n<div style=\"height:52px\" aria-hidden=\"true\" class=\"wp-block-spacer\"><\/div>\n\n\n\n<p><strong>Nat\u00e1lia Micheli Villa<\/strong><\/p>\n\n\n\n<figure class=\"wp-block-image size-large is-resized is-style-rounded\"><img loading=\"lazy\" decoding=\"async\" width=\"1024\" height=\"1020\" src=\"https:\/\/sites.uel.br\/labgea\/wp-content\/uploads\/2023\/07\/11-1024x1020.jpg\" alt=\"\" class=\"wp-image-119\" style=\"width:226px;height:225px\" srcset=\"https:\/\/sites.uel.br\/labgea\/wp-content\/uploads\/2023\/07\/11-1024x1020.jpg 1024w, https:\/\/sites.uel.br\/labgea\/wp-content\/uploads\/2023\/07\/11-300x300.jpg 300w, https:\/\/sites.uel.br\/labgea\/wp-content\/uploads\/2023\/07\/11-150x150.jpg 150w, https:\/\/sites.uel.br\/labgea\/wp-content\/uploads\/2023\/07\/11-768x765.jpg 768w, https:\/\/sites.uel.br\/labgea\/wp-content\/uploads\/2023\/07\/11.jpg 1057w\" sizes=\"auto, (max-width: 1024px) 100vw, 1024px\" \/><\/figure>\n\n\n\n<p>Doutoranda pelo Programa de P\u00f3s-gradua\u00e7\u00e3o em Geografia (PPGEO) da Universidade Estadual de Londrina, mesma institui\u00e7\u00e3o em que obteve o t\u00edtulo de mestra e a gradua\u00e7\u00e3o em Geografia. Formada em Pedagogia pela Universidade Pit\u00e1goras-Unopar. Pesquisa educa\u00e7\u00e3o do campo, educa\u00e7\u00e3o antirracista e pluriversalidade. <a href=\"http:\/\/lattes.cnpq.br\/1973078433428436\">[Lattes]<\/a><\/p>\n\n\n\n<div style=\"height:52px\" aria-hidden=\"true\" class=\"wp-block-spacer\"><\/div>\n\n\n\n<p><strong>Laura Gomes da Costa<\/strong><\/p>\n\n\n\n<figure class=\"wp-block-image size-full is-resized is-style-rounded\"><img loading=\"lazy\" decoding=\"async\" width=\"328\" height=\"348\" src=\"https:\/\/sites.uel.br\/labgea\/wp-content\/uploads\/2023\/07\/123.jpg\" alt=\"\" class=\"wp-image-124\" style=\"width:222px;height:236px\" srcset=\"https:\/\/sites.uel.br\/labgea\/wp-content\/uploads\/2023\/07\/123.jpg 328w, https:\/\/sites.uel.br\/labgea\/wp-content\/uploads\/2023\/07\/123-283x300.jpg 283w\" sizes=\"auto, (max-width: 328px) 100vw, 328px\" \/><\/figure>\n\n\n\n<p>Mestra pelo Programa de P\u00f3s-gradua\u00e7\u00e3o em Geografia (PPGEO) da Universidade Estadual de Londrina, especialista em Ensino de Geografia e graduada em Geografia pela mesma institui\u00e7\u00e3o. Atualmente, professora do Col\u00e9gio Estadual Dr. Nilson Ribas. Tem experi\u00eancia na \u00e1rea de Geografia Agr\u00e1ria, assentamentos rurais, movimentos sociais de luta pela terra e Geografia Agr\u00e1ria e G\u00eanero.&nbsp;<a href=\"http:\/\/lattes.cnpq.br\/1271971142386754\">[Lattes]<\/a><\/p>\n\n\n\n<div style=\"height:52px\" aria-hidden=\"true\" class=\"wp-block-spacer\"><\/div>\n\n\n\n<p><strong>Nicolas Vin\u00edcius Ces\u00e1rio de Aguiar<\/strong><\/p>\n\n\n\n<figure class=\"wp-block-image size-full is-resized is-style-rounded\"><img loading=\"lazy\" decoding=\"async\" width=\"306\" height=\"348\" src=\"https:\/\/sites.uel.br\/labgea\/wp-content\/uploads\/2023\/07\/12.jpg\" alt=\"\" class=\"wp-image-127\" style=\"aspect-ratio:0.8790697674418605;width:205px;height:auto\" srcset=\"https:\/\/sites.uel.br\/labgea\/wp-content\/uploads\/2023\/07\/12.jpg 306w, https:\/\/sites.uel.br\/labgea\/wp-content\/uploads\/2023\/07\/12-264x300.jpg 264w\" sizes=\"auto, (max-width: 306px) 100vw, 306px\" \/><\/figure>\n\n\n\n<p>Doutorando pelo Programa de P\u00f3s-gradua\u00e7\u00e3o em Geografia (PPGEO) da Universidade Estadual de Londrina (UEL), mesma institui\u00e7\u00e3o onde obteve o t\u00edtulo de mestre em Geografia. Graduado em Geografia pela Universidade Estadual do Norte do Paran\u00e1 (UENP). Pesquisa as Indica\u00e7\u00f5es Geogr\u00e1ficas e a Quest\u00e3o Agr\u00e1ria no Norte do Paran\u00e1. <a href=\"http:\/\/lattes.cnpq.br\/1869602005798344\">[Lattes]<\/a><\/p>\n\n\n\n<div style=\"height:52px\" aria-hidden=\"true\" class=\"wp-block-spacer\"><\/div>\n\n\n\n<p><strong>Gustavo Henrique Rodela<\/strong><\/p>\n\n\n\n<figure class=\"wp-block-image size-full is-resized is-style-rounded\"><img loading=\"lazy\" decoding=\"async\" width=\"286\" height=\"287\" src=\"https:\/\/sites.uel.br\/labgea\/wp-content\/uploads\/2025\/03\/Gustavo.png\" alt=\"\" class=\"wp-image-207\" style=\"width:224px;height:auto\" srcset=\"https:\/\/sites.uel.br\/labgea\/wp-content\/uploads\/2025\/03\/Gustavo.png 286w, https:\/\/sites.uel.br\/labgea\/wp-content\/uploads\/2025\/03\/Gustavo-150x150.png 150w\" sizes=\"auto, (max-width: 286px) 100vw, 286px\" \/><\/figure>\n\n\n\n<p>Mestrando pelo Programa de P\u00f3s-gradua\u00e7\u00e3o em Geografia (PPGEO) da Universidade Estadual de Londrina (UEL), mesma institui\u00e7\u00e3o onde se graduou em Geografia (licenciatura e bacharelado). Graduado em Agronomia pela Universidade Norte do Paran\u00e1 (UNOPAR). Pesquisa as rela\u00e7\u00f5es, contradi\u00e7\u00f5es e potencialidades do Turismo Rural no Norte do Paran\u00e1. <a href=\"http:\/\/lattes.cnpq.br\/8911355678673845\">[Lattes]<\/a><\/p>\n\n\n\n<div style=\"height:52px\" aria-hidden=\"true\" class=\"wp-block-spacer\"><\/div>\n\n\n\n<p><strong>Francisco Zafalon<\/strong><\/p>\n\n\n\n<figure class=\"wp-block-image size-full is-resized is-style-rounded\"><img loading=\"lazy\" decoding=\"async\" width=\"535\" height=\"525\" src=\"https:\/\/sites.uel.br\/labgea\/wp-content\/uploads\/2025\/03\/Francisco.png\" alt=\"\" class=\"wp-image-208\" style=\"width:266px;height:auto\" srcset=\"https:\/\/sites.uel.br\/labgea\/wp-content\/uploads\/2025\/03\/Francisco.png 535w, https:\/\/sites.uel.br\/labgea\/wp-content\/uploads\/2025\/03\/Francisco-300x294.png 300w\" sizes=\"auto, (max-width: 535px) 100vw, 535px\" \/><\/figure>\n\n\n\n<p>Mestrando pelo Programa de P\u00f3s-gradua\u00e7\u00e3o em Geografia (PPGEO) da Universidade Estadual de Londrina (UEL), mesma institui\u00e7\u00e3o onde se graduou em Geografia. Participa do Grupo Prosa de Quinta e pesquisa a expans\u00e3o territorial do agroneg\u00f3cio e ideologia e discurso dos ruralistas. <a href=\"http:\/\/lattes.cnpq.br\/1943040785784545\">[Lattes]<\/a><\/p>\n\n\n\n<div style=\"height:52px\" aria-hidden=\"true\" class=\"wp-block-spacer\"><\/div>\n\n\n\n<p><strong>Luiz Gustavo Pozzobom Bernardes de Souza<\/strong><\/p>\n\n\n\n<figure class=\"wp-block-image size-full is-resized is-style-rounded\"><img loading=\"lazy\" decoding=\"async\" width=\"709\" height=\"865\" src=\"https:\/\/sites.uel.br\/labgea\/wp-content\/uploads\/2023\/07\/Pozzo.jpg\" alt=\"\" class=\"wp-image-130\" style=\"aspect-ratio:0.8207171314741036;width:209px;height:auto\" srcset=\"https:\/\/sites.uel.br\/labgea\/wp-content\/uploads\/2023\/07\/Pozzo.jpg 709w, https:\/\/sites.uel.br\/labgea\/wp-content\/uploads\/2023\/07\/Pozzo-246x300.jpg 246w\" sizes=\"auto, (max-width: 709px) 100vw, 709px\" \/><\/figure>\n\n\n\n<p>Mestrando no Programa de P\u00f3s-gradua\u00e7\u00e3o em Geografia (PPGEO) da Universidade Estadual de Londrina, mesma institui\u00e7\u00e3o onde se graduou tamb\u00e9m na \u00e1rea de Geografia. Pesquisa a pesquisa a monopoliza\u00e7\u00e3o do territ\u00f3rio pelo capital industrial na avicultura do norte do Paran\u00e1 e desenvolve trabalhos com geoprocessamento. <a href=\"http:\/\/lattes.cnpq.br\/1331415397011890\">[Lattes]<\/a><\/p>\n\n\n\n<div style=\"height:52px\" aria-hidden=\"true\" class=\"wp-block-spacer\"><\/div>\n\n\n\n<p><strong>Helo\u00edsa Fernanda Muniz Silva<\/strong><\/p>\n\n\n\n<figure class=\"wp-block-image size-full is-resized is-style-rounded\"><img loading=\"lazy\" decoding=\"async\" width=\"957\" height=\"1021\" src=\"https:\/\/sites.uel.br\/labgea\/wp-content\/uploads\/2023\/07\/Heloisa-2.jpg\" alt=\"\" class=\"wp-image-134\" style=\"width:244px;height:260px\" srcset=\"https:\/\/sites.uel.br\/labgea\/wp-content\/uploads\/2023\/07\/Heloisa-2.jpg 957w, https:\/\/sites.uel.br\/labgea\/wp-content\/uploads\/2023\/07\/Heloisa-2-281x300.jpg 281w, https:\/\/sites.uel.br\/labgea\/wp-content\/uploads\/2023\/07\/Heloisa-2-768x819.jpg 768w\" sizes=\"auto, (max-width: 957px) 100vw, 957px\" \/><\/figure>\n\n\n\n<p>Graduada em Geografia pela Universidade Estadual de Londrina. Foi bolsista de inicia\u00e7\u00e3o cient\u00edfica, pesquisando a reprodu\u00e7\u00e3o camponesa e a educa\u00e7\u00e3o do campo em escolas de assentamentos rurais do norte do Paran\u00e1. <a href=\"http:\/\/lattes.cnpq.br\/9389857834983354\">[Lattes]<\/a><\/p>\n\n\n\n<div style=\"height:52px\" aria-hidden=\"true\" class=\"wp-block-spacer\"><\/div>\n\n\n\n<p><strong>Jo\u00e3o Vitor Galante Dorigo<\/strong><\/p>\n\n\n\n<figure class=\"wp-block-image size-full is-resized is-style-rounded\"><img loading=\"lazy\" decoding=\"async\" width=\"915\" height=\"867\" src=\"https:\/\/sites.uel.br\/labgea\/wp-content\/uploads\/2023\/07\/Joao.jpg\" alt=\"\" class=\"wp-image-170\" style=\"aspect-ratio:1.0555555555555556;width:247px;height:auto\" srcset=\"https:\/\/sites.uel.br\/labgea\/wp-content\/uploads\/2023\/07\/Joao.jpg 915w, https:\/\/sites.uel.br\/labgea\/wp-content\/uploads\/2023\/07\/Joao-300x284.jpg 300w, https:\/\/sites.uel.br\/labgea\/wp-content\/uploads\/2023\/07\/Joao-768x728.jpg 768w\" sizes=\"auto, (max-width: 915px) 100vw, 915px\" \/><\/figure>\n\n\n\n<p>Mestre pelo Programa de P\u00f3s-gradua\u00e7\u00e3o em Geografia (PPGEO) da Universidade Estadual de Londrina (UEL), mesma institui\u00e7\u00e3o onde se graduou em Geografia. Atualmente, desenvolve pesquisas nas \u00e1reas de Geografia do Turismo, Turismo e Territ\u00f3rio, Turismo e Modo de Vida Campon\u00eas. <a href=\"http:\/\/lattes.cnpq.br\/3820052013420273\">[Lattes]<\/a><\/p>\n\n\n\n<div style=\"height:52px\" aria-hidden=\"true\" class=\"wp-block-spacer\"><\/div>\n\n\n\n<p><strong>Thiago Henrique de Abreu Santana<\/strong><\/p>\n\n\n\n<figure class=\"wp-block-image size-full is-resized is-style-rounded\"><img loading=\"lazy\" decoding=\"async\" width=\"973\" height=\"989\" src=\"https:\/\/sites.uel.br\/labgea\/wp-content\/uploads\/2023\/07\/ti-1.jpg\" alt=\"\" class=\"wp-image-172\" style=\"width:231px;height:234px\" srcset=\"https:\/\/sites.uel.br\/labgea\/wp-content\/uploads\/2023\/07\/ti-1.jpg 973w, https:\/\/sites.uel.br\/labgea\/wp-content\/uploads\/2023\/07\/ti-1-295x300.jpg 295w, https:\/\/sites.uel.br\/labgea\/wp-content\/uploads\/2023\/07\/ti-1-768x781.jpg 768w\" sizes=\"auto, (max-width: 973px) 100vw, 973px\" \/><\/figure>\n\n\n\n<p>Mestre pelo Programa de P\u00f3s-gradua\u00e7\u00e3o em Geografia (PPGEO) da Universidade Estadual de Londrina (UEL), mesma institui\u00e7\u00e3o onde se graduou em Geografia. Desenvolve pesquisas nas \u00e1reas de Quest\u00e3o Agr\u00e1ria e Cidades Pequenas, Desenvolvimento Regional e Economia, Redes urbanas. <a href=\"http:\/\/lattes.cnpq.br\/4457018825074016\">[Lattes]<\/a><\/p>\n\n\n\n<div style=\"height:52px\" aria-hidden=\"true\" class=\"wp-block-spacer\"><\/div>\n\n\n\n<p><\/p>\n","protected":false},"excerpt":{"rendered":"<p>Sergio Aparecido Nabarro Coordenador do Laborat\u00f3rio de Geografia Agr\u00e1ria (LABGEA) e professor do programa de p\u00f3s-gradua\u00e7\u00e3o (mestrado e doutorado) em Geografia da Universidade Estadual de Londrina. Professor visitante no Institut de G\u00e9ographie da Universit\u00e9 Paris 1 (Panth\u00e9on-Sorbonne) onde desenvolveu pesquisa de p\u00f3s-doutorado sobre o modo de vida campon\u00eas e a quest\u00e3o agr\u00e1ria na obra de [&hellip;]<\/p>\n","protected":false},"author":6,"featured_media":0,"parent":0,"menu_order":0,"comment_status":"closed","ping_status":"closed","template":"","meta":{"footnotes":""},"class_list":["post-79","page","type-page","status-publish","hentry"],"acf":[],"_links":{"self":[{"href":"https:\/\/sites.uel.br\/labgea\/wp-json\/wp\/v2\/pages\/79","targetHints":{"allow":["GET"]}}],"collection":[{"href":"https:\/\/sites.uel.br\/labgea\/wp-json\/wp\/v2\/pages"}],"about":[{"href":"https:\/\/sites.uel.br\/labgea\/wp-json\/wp\/v2\/types\/page"}],"author":[{"embeddable":true,"href":"https:\/\/sites.uel.br\/labgea\/wp-json\/wp\/v2\/users\/6"}],"replies":[{"embeddable":true,"href":"https:\/\/sites.uel.br\/labgea\/wp-json\/wp\/v2\/comments?post=79"}],"version-history":[{"count":29,"href":"https:\/\/sites.uel.br\/labgea\/wp-json\/wp\/v2\/pages\/79\/revisions"}],"predecessor-version":[{"id":296,"href":"https:\/\/sites.uel.br\/labgea\/wp-json\/wp\/v2\/pages\/79\/revisions\/296"}],"wp:attachment":[{"href":"https:\/\/sites.uel.br\/labgea\/wp-json\/wp\/v2\/media?parent=79"}],"curies":[{"name":"wp","href":"https:\/\/api.w.org\/{rel}","templated":true}]}}