{"id":46,"date":"2023-10-30T15:40:22","date_gmt":"2023-10-30T18:40:22","guid":{"rendered":"https:\/\/sites.uel.br\/jornalismoeficcao\/?page_id=46"},"modified":"2023-11-30T17:39:32","modified_gmt":"2023-11-30T20:39:32","slug":"contato","status":"publish","type":"page","link":"https:\/\/sites.uel.br\/jornalismoeficcao\/contato\/","title":{"rendered":"Contato"},"content":{"rendered":"\n<p class=\"has-text-align-right\"><strong><strong> <\/strong><\/strong><\/p>\n\n\n\n<div class=\"wp-block-group\"><div class=\"wp-block-group__inner-container is-layout-constrained wp-block-group-is-layout-constrained\"><div class=\"wp-block-image\">\n<figure class=\"alignleft size-full is-resized\"><img loading=\"lazy\" decoding=\"async\" width=\"1000\" height=\"1000\" src=\"https:\/\/sites.uel.br\/jornalismoeficcao\/wp-content\/uploads\/2023\/10\/sol06.png\" alt=\"SOL\" class=\"wp-image-47\" style=\"aspect-ratio:1;width:272px;height:auto\" srcset=\"https:\/\/sites.uel.br\/jornalismoeficcao\/wp-content\/uploads\/2023\/10\/sol06.png 1000w, https:\/\/sites.uel.br\/jornalismoeficcao\/wp-content\/uploads\/2023\/10\/sol06-300x300.png 300w, https:\/\/sites.uel.br\/jornalismoeficcao\/wp-content\/uploads\/2023\/10\/sol06-150x150.png 150w, https:\/\/sites.uel.br\/jornalismoeficcao\/wp-content\/uploads\/2023\/10\/sol06-768x768.png 768w\" sizes=\"auto, (max-width: 1000px) 100vw, 1000px\" \/><\/figure>\n<\/div><\/div><\/div>\n\n\n\n<div class=\"wp-block-group alignwide\"><div class=\"wp-block-group__inner-container is-layout-constrained wp-block-group-is-layout-constrained\">\n<div class=\"wp-block-group\"><div class=\"wp-block-group__inner-container is-layout-constrained wp-block-group-is-layout-constrained\">\n<div class=\"wp-block-columns is-layout-flex wp-container-core-columns-is-layout-9d6595d7 wp-block-columns-is-layout-flex\">\n<div class=\"wp-block-column is-layout-flow wp-block-column-is-layout-flow\" style=\"flex-basis:100%\">\n<div class=\"wp-block-group alignwide is-vertical is-layout-flex wp-container-core-group-is-layout-8cf370e7 wp-block-group-is-layout-flex\"><\/div>\n<\/div>\n<\/div>\n<\/div><\/div>\n<\/div><\/div>\n\n\n\n<p><strong>Leitores, colaboradores e parceiros<\/strong><\/p>\n\n\n\n<p><a href=\"https:\/\/sites.uel.br\/jornalismoeficcao\/wp-content\/uploads\/2023\/10\/Colaboracao-externa-a-revisar-o-titulo.pdf\" target=\"_blank\" rel=\"noreferrer noopener\">Politica de contribui\u00e7\u00e3o <\/a><\/p>\n\n\n\n<p>Propostas de parceria com esse projeto pelo e-mail:   <\/p>\n\n\n\n<p>mcguirado@uel.br<\/p>\n\n\n\t<div id=\"respond\" class=\"comment-respond wp-block-post-comments-form\">\n\t\t<h3 id=\"reply-title\" class=\"comment-reply-title\">Deixe um coment\u00e1rio <small><a rel=\"nofollow\" id=\"cancel-comment-reply-link\" href=\"\/jornalismoeficcao\/wp-json\/wp\/v2\/pages\/46#respond\" style=\"display:none;\">Cancelar resposta<\/a><\/small><\/h3><form action=\"https:\/\/sites.uel.br\/jornalismoeficcao\/wp-comments-post.php\" method=\"post\" id=\"commentform\" class=\"comment-form\"><p class=\"comment-notes\"><span id=\"email-notes\">O seu endere\u00e7o de e-mail n\u00e3o ser\u00e1 publicado.<\/span> <span class=\"required-field-message\">Campos obrigat\u00f3rios s\u00e3o marcados com <span class=\"required\">*<\/span><\/span><\/p><p class=\"comment-form-comment\"><label for=\"comment\">Coment\u00e1rio <span class=\"required\">*<\/span><\/label> <textarea id=\"comment\" name=\"comment\" cols=\"45\" rows=\"8\" maxlength=\"65525\" required=\"required\"><\/textarea><\/p><p class=\"comment-form-author\"><label for=\"author\">Nome <span class=\"required\">*<\/span><\/label> <input id=\"author\" name=\"author\" type=\"text\" value=\"\" size=\"30\" maxlength=\"245\" autocomplete=\"name\" required=\"required\" \/><\/p>\n<p class=\"comment-form-email\"><label for=\"email\">E-mail <span class=\"required\">*<\/span><\/label> <input id=\"email\" name=\"email\" type=\"text\" value=\"\" size=\"30\" maxlength=\"100\" aria-describedby=\"email-notes\" autocomplete=\"email\" required=\"required\" \/><\/p>\n<p class=\"comment-form-url\"><label for=\"url\">Site<\/label> <input id=\"url\" name=\"url\" type=\"text\" value=\"\" size=\"30\" maxlength=\"200\" autocomplete=\"url\" \/><\/p>\n<p class=\"comment-form-cookies-consent\"><input id=\"wp-comment-cookies-consent\" name=\"wp-comment-cookies-consent\" type=\"checkbox\" value=\"yes\" \/> <label for=\"wp-comment-cookies-consent\">Salvar meus dados neste navegador para a pr\u00f3xima vez que eu comentar.<\/label><\/p>\n<p class=\"form-submit\"><input name=\"submit\" type=\"submit\" id=\"submit\" class=\"submit\" value=\"Publicar coment\u00e1rio\" \/> <input type='hidden' name='comment_post_ID' value='46' id='comment_post_ID' \/>\n<input type='hidden' name='comment_parent' id='comment_parent' value='0' \/>\n<\/p><\/form>\t<\/div><!-- #respond -->\n\t","protected":false},"excerpt":{"rendered":"<p>Leitores, colaboradores e parceiros Politica de contribui\u00e7\u00e3o Propostas de parceria com esse projeto pelo e-mail: mcguirado@uel.br<\/p>\n","protected":false},"author":6,"featured_media":0,"parent":0,"menu_order":0,"comment_status":"open","ping_status":"closed","template":"","meta":{"footnotes":""},"class_list":["post-46","page","type-page","status-publish","hentry"],"acf":[],"_links":{"self":[{"href":"https:\/\/sites.uel.br\/jornalismoeficcao\/wp-json\/wp\/v2\/pages\/46","targetHints":{"allow":["GET"]}}],"collection":[{"href":"https:\/\/sites.uel.br\/jornalismoeficcao\/wp-json\/wp\/v2\/pages"}],"about":[{"href":"https:\/\/sites.uel.br\/jornalismoeficcao\/wp-json\/wp\/v2\/types\/page"}],"author":[{"embeddable":true,"href":"https:\/\/sites.uel.br\/jornalismoeficcao\/wp-json\/wp\/v2\/users\/6"}],"replies":[{"embeddable":true,"href":"https:\/\/sites.uel.br\/jornalismoeficcao\/wp-json\/wp\/v2\/comments?post=46"}],"version-history":[{"count":16,"href":"https:\/\/sites.uel.br\/jornalismoeficcao\/wp-json\/wp\/v2\/pages\/46\/revisions"}],"predecessor-version":[{"id":391,"href":"https:\/\/sites.uel.br\/jornalismoeficcao\/wp-json\/wp\/v2\/pages\/46\/revisions\/391"}],"wp:attachment":[{"href":"https:\/\/sites.uel.br\/jornalismoeficcao\/wp-json\/wp\/v2\/media?parent=46"}],"curies":[{"name":"wp","href":"https:\/\/api.w.org\/{rel}","templated":true}]}}