{"id":38,"date":"2023-02-22T12:22:03","date_gmt":"2023-02-22T15:22:03","guid":{"rendered":"https:\/\/sites.uel.br\/jaec\/?page_id=38"},"modified":"2025-11-06T13:09:11","modified_gmt":"2025-11-06T16:09:11","slug":"programacao-do-evento","status":"publish","type":"page","link":"https:\/\/sites.uel.br\/jaec\/programacao-do-evento\/","title":{"rendered":"Programa\u00e7\u00e3o"},"content":{"rendered":"\n<p>Acesse o documento abaixo e conhe\u00e7a a programa\u00e7\u00e3o do evento.<\/p>\n\n\n\n<figure class=\"wp-block-image size-full is-style-rounded\"><img loading=\"lazy\" decoding=\"async\" width=\"1024\" height=\"197\" src=\"https:\/\/sites.uel.br\/jaec\/wp-content\/uploads\/2025\/09\/JAEC2025-banner-timeline.jpg\" alt=\"\" class=\"wp-image-414\" srcset=\"https:\/\/sites.uel.br\/jaec\/wp-content\/uploads\/2025\/09\/JAEC2025-banner-timeline.jpg 1024w, https:\/\/sites.uel.br\/jaec\/wp-content\/uploads\/2025\/09\/JAEC2025-banner-timeline-300x58.jpg 300w, https:\/\/sites.uel.br\/jaec\/wp-content\/uploads\/2025\/09\/JAEC2025-banner-timeline-768x148.jpg 768w\" sizes=\"auto, (max-width: 1024px) 100vw, 1024px\" \/><\/figure>\n\n\n\n<p><\/p>\n\n\n\n<p>Veja abaixo e conhe\u00e7a a programa\u00e7\u00e3o anal\u00edtica do evento para os dias do evento (em breve).<\/p>\n\n\n\n<figure class=\"wp-block-image size-large\"><img loading=\"lazy\" decoding=\"async\" width=\"722\" height=\"1024\" src=\"https:\/\/sites.uel.br\/jaec\/wp-content\/uploads\/2025\/11\/Banner-JAEC22-oficinas-722x1024.jpg\" alt=\"\" class=\"wp-image-425\" srcset=\"https:\/\/sites.uel.br\/jaec\/wp-content\/uploads\/2025\/11\/Banner-JAEC22-oficinas-722x1024.jpg 722w, https:\/\/sites.uel.br\/jaec\/wp-content\/uploads\/2025\/11\/Banner-JAEC22-oficinas-212x300.jpg 212w, https:\/\/sites.uel.br\/jaec\/wp-content\/uploads\/2025\/11\/Banner-JAEC22-oficinas-768x1089.jpg 768w, https:\/\/sites.uel.br\/jaec\/wp-content\/uploads\/2025\/11\/Banner-JAEC22-oficinas-1083x1536.jpg 1083w, https:\/\/sites.uel.br\/jaec\/wp-content\/uploads\/2025\/11\/Banner-JAEC22-oficinas.jpg 1128w\" sizes=\"auto, (max-width: 722px) 100vw, 722px\" \/><\/figure>\n\n\n\n<figure class=\"wp-block-image size-large\"><img loading=\"lazy\" decoding=\"async\" width=\"722\" height=\"1024\" src=\"https:\/\/sites.uel.br\/jaec\/wp-content\/uploads\/2025\/11\/Banner-JAEC22-722x1024.jpg\" alt=\"\" class=\"wp-image-426\" srcset=\"https:\/\/sites.uel.br\/jaec\/wp-content\/uploads\/2025\/11\/Banner-JAEC22-722x1024.jpg 722w, https:\/\/sites.uel.br\/jaec\/wp-content\/uploads\/2025\/11\/Banner-JAEC22-212x300.jpg 212w, https:\/\/sites.uel.br\/jaec\/wp-content\/uploads\/2025\/11\/Banner-JAEC22-768x1089.jpg 768w, https:\/\/sites.uel.br\/jaec\/wp-content\/uploads\/2025\/11\/Banner-JAEC22-1083x1536.jpg 1083w, https:\/\/sites.uel.br\/jaec\/wp-content\/uploads\/2025\/11\/Banner-JAEC22.jpg 1128w\" sizes=\"auto, (max-width: 722px) 100vw, 722px\" \/><\/figure>\n\n\n\n<figure class=\"wp-block-image size-large\"><img loading=\"lazy\" decoding=\"async\" width=\"722\" height=\"1024\" src=\"https:\/\/sites.uel.br\/jaec\/wp-content\/uploads\/2025\/11\/Banner-JAEC22-encerramento-722x1024.jpg\" alt=\"\" class=\"wp-image-424\" srcset=\"https:\/\/sites.uel.br\/jaec\/wp-content\/uploads\/2025\/11\/Banner-JAEC22-encerramento-722x1024.jpg 722w, https:\/\/sites.uel.br\/jaec\/wp-content\/uploads\/2025\/11\/Banner-JAEC22-encerramento-212x300.jpg 212w, https:\/\/sites.uel.br\/jaec\/wp-content\/uploads\/2025\/11\/Banner-JAEC22-encerramento-768x1089.jpg 768w, https:\/\/sites.uel.br\/jaec\/wp-content\/uploads\/2025\/11\/Banner-JAEC22-encerramento-1083x1536.jpg 1083w, https:\/\/sites.uel.br\/jaec\/wp-content\/uploads\/2025\/11\/Banner-JAEC22-encerramento.jpg 1128w\" sizes=\"auto, (max-width: 722px) 100vw, 722px\" \/><\/figure>\n\n\n\n<p><strong>PROGRAMA\u00c7\u00c3O ANAL\u00cdTICA DA JAEC <\/strong><\/p>\n\n\n\n<p>Veja a programa\u00e7\u00e3o de apresenta\u00e7\u00f5es de trabalhos e discuss\u00f5es acad\u00eamicas.<\/p>\n\n\n\n<p><a href=\"https:\/\/sites.uel.br\/jaec\/wp-content\/uploads\/2025\/11\/JAEC-2025-11-Programacao-Analitica.pdf\" data-type=\"attachment\" data-id=\"422\">Acesse aqui a programa\u00e7\u00e3o detalhada de apresenta\u00e7\u00f5es<\/a><\/p>\n\n\n\n<p><\/p>\n","protected":false},"excerpt":{"rendered":"<p>Acesse o documento abaixo e conhe\u00e7a a programa\u00e7\u00e3o do evento. Veja abaixo e conhe\u00e7a a programa\u00e7\u00e3o anal\u00edtica do evento para os dias do evento (em breve). PROGRAMA\u00c7\u00c3O ANAL\u00cdTICA DA JAEC Veja a programa\u00e7\u00e3o de apresenta\u00e7\u00f5es de trabalhos e discuss\u00f5es acad\u00eamicas. Acesse aqui a programa\u00e7\u00e3o detalhada de apresenta\u00e7\u00f5es<\/p>\n","protected":false},"author":7,"featured_media":0,"parent":0,"menu_order":0,"comment_status":"closed","ping_status":"closed","template":"","meta":{"footnotes":""},"class_list":["post-38","page","type-page","status-publish","hentry"],"acf":[],"_links":{"self":[{"href":"https:\/\/sites.uel.br\/jaec\/wp-json\/wp\/v2\/pages\/38","targetHints":{"allow":["GET"]}}],"collection":[{"href":"https:\/\/sites.uel.br\/jaec\/wp-json\/wp\/v2\/pages"}],"about":[{"href":"https:\/\/sites.uel.br\/jaec\/wp-json\/wp\/v2\/types\/page"}],"author":[{"embeddable":true,"href":"https:\/\/sites.uel.br\/jaec\/wp-json\/wp\/v2\/users\/7"}],"replies":[{"embeddable":true,"href":"https:\/\/sites.uel.br\/jaec\/wp-json\/wp\/v2\/comments?post=38"}],"version-history":[{"count":24,"href":"https:\/\/sites.uel.br\/jaec\/wp-json\/wp\/v2\/pages\/38\/revisions"}],"predecessor-version":[{"id":429,"href":"https:\/\/sites.uel.br\/jaec\/wp-json\/wp\/v2\/pages\/38\/revisions\/429"}],"wp:attachment":[{"href":"https:\/\/sites.uel.br\/jaec\/wp-json\/wp\/v2\/media?parent=38"}],"curies":[{"name":"wp","href":"https:\/\/api.w.org\/{rel}","templated":true}]}}