{"id":36,"date":"2023-02-22T12:21:14","date_gmt":"2023-02-22T15:21:14","guid":{"rendered":"https:\/\/sites.uel.br\/jaec\/?page_id=36"},"modified":"2024-05-27T15:39:22","modified_gmt":"2024-05-27T18:39:22","slug":"avaliacoes-de-trabalhos","status":"publish","type":"page","link":"https:\/\/sites.uel.br\/jaec\/avaliacoes-de-trabalhos\/","title":{"rendered":"Avalia\u00e7\u00f5es"},"content":{"rendered":"\n<p>Os trabalhos ser\u00e3o analisados preliminarmente por uma Comiss\u00e3o Cient\u00edfica, composta por professores do Departamento de Ci\u00eancias Cont\u00e1beis da UEL. \u00c0 Comiss\u00e3o Cient\u00edfica caber\u00e1, principalmente, julgar sobre a aceita\u00e7\u00e3o ou n\u00e3o dos trabalhos entregues (em rela\u00e7\u00e3o \u00e0 ader\u00eancia \u00e0s normas de evento). Os trabalhos que estiverem fora das normas t\u00e9cnicas (fonte, espa\u00e7amento, n\u00famero de p\u00e1ginas, resumo, etc.) divulgadas estar\u00e3o automaticamente eliminados.<\/p>\n\n\n\n<p>Os trabalhos aptos ser\u00e3o encaminhados a avaliadores \u201cad hoc\u201d, sendo estes professores dos cursos de Ci\u00eancias Cont\u00e1beis da UEL e de outras Institui\u00e7\u00f5es de Ensino Superior (IES). A avalia\u00e7\u00e3o ser\u00e1 pelo sistema <em>Blind Review<\/em> em que os autores n\u00e3o s\u00e3o identificados no artigo.<\/p>\n\n\n\n<p>Por isso, \u00e9 importante retirar qualquer nome do sum\u00e1rio do arquivo. Por exemplo, se estiver utilizando o <em>Word<\/em>, selecione \u201cArquivo &gt; Informa\u00e7\u00f5es\u201d e confira se, no campo \u201cautor\u201d, aparece apenas como \u201cJornada Acad\u00eamica de Estudos Cont\u00e1beis\u201d ou em branco. Se o campo \u201cautor\u201d estiver preenchido com outro nome, remova.<\/p>\n\n\n\n<p>Os avaliadores, de posse de um formul\u00e1rio padronizado pela Comiss\u00e3o Cient\u00edfica do evento, emitir\u00e3o o seguinte parecer: <strong>(a) n\u00e3o selecionado ou<\/strong>&nbsp;<strong>(b) selecionado<\/strong>. Basicamente, os crit\u00e9rios para avalia\u00e7\u00e3o do trabalho (aspecto t\u00e9cnico e formal) s\u00e3o os seguintes: linguagem cient\u00edfica; atualidade do tema; desenvolvimento do conhecimento; originalidade do trabalho; clareza na defini\u00e7\u00e3o dos objetivos; revis\u00e3o da literatura (adequa\u00e7\u00e3o bibliogr\u00e1fica); alcance dos objetivos e qualidade do texto (reda\u00e7\u00e3o, clareza, objetividade, etc.), adequa\u00e7\u00e3o \u00e0s normas da ABNT ou APA.<\/p>\n\n\n\n<p>Os trabalhos aprovados ser\u00e3o apresentados no evento pelo(s) seu(s) autor(es), necessariamente, conforme programa\u00e7\u00e3o a ser divulgada pela Comiss\u00e3o Organizadora. <strong><u>N\u00e3o ser\u00e3o concedidos certificados de apresenta\u00e7\u00e3o aos autores que n\u00e3o apresentarem o trabalho no evento.<\/u><\/strong><\/p>\n\n\n\n<p><strong>Durante o per\u00edodo de avalia\u00e7\u00e3o dos artigos submetidos, caso o trabalho seja aprovado em outro evento, o mesmo ser\u00e1 automaticamente exclu\u00eddo do processo de avalia\u00e7\u00e3o da Jornada (JAEC) em virtude do n\u00e3o ineditismo para a participa\u00e7\u00e3o.<\/strong><\/p>\n","protected":false},"excerpt":{"rendered":"<p>Os trabalhos ser\u00e3o analisados preliminarmente por uma Comiss\u00e3o Cient\u00edfica, composta por professores do Departamento de Ci\u00eancias Cont\u00e1beis da UEL. \u00c0 Comiss\u00e3o Cient\u00edfica caber\u00e1, principalmente, julgar sobre a aceita\u00e7\u00e3o ou n\u00e3o dos trabalhos entregues (em rela\u00e7\u00e3o \u00e0 ader\u00eancia \u00e0s normas de evento). Os trabalhos que estiverem fora das normas t\u00e9cnicas (fonte, espa\u00e7amento, n\u00famero de p\u00e1ginas, resumo, [&hellip;]<\/p>\n","protected":false},"author":7,"featured_media":0,"parent":0,"menu_order":0,"comment_status":"closed","ping_status":"closed","template":"","meta":{"footnotes":""},"class_list":["post-36","page","type-page","status-publish","hentry"],"acf":[],"_links":{"self":[{"href":"https:\/\/sites.uel.br\/jaec\/wp-json\/wp\/v2\/pages\/36","targetHints":{"allow":["GET"]}}],"collection":[{"href":"https:\/\/sites.uel.br\/jaec\/wp-json\/wp\/v2\/pages"}],"about":[{"href":"https:\/\/sites.uel.br\/jaec\/wp-json\/wp\/v2\/types\/page"}],"author":[{"embeddable":true,"href":"https:\/\/sites.uel.br\/jaec\/wp-json\/wp\/v2\/users\/7"}],"replies":[{"embeddable":true,"href":"https:\/\/sites.uel.br\/jaec\/wp-json\/wp\/v2\/comments?post=36"}],"version-history":[{"count":2,"href":"https:\/\/sites.uel.br\/jaec\/wp-json\/wp\/v2\/pages\/36\/revisions"}],"predecessor-version":[{"id":239,"href":"https:\/\/sites.uel.br\/jaec\/wp-json\/wp\/v2\/pages\/36\/revisions\/239"}],"wp:attachment":[{"href":"https:\/\/sites.uel.br\/jaec\/wp-json\/wp\/v2\/media?parent=36"}],"curies":[{"name":"wp","href":"https:\/\/api.w.org\/{rel}","templated":true}]}}