{"id":28,"date":"2023-02-22T12:05:40","date_gmt":"2023-02-22T15:05:40","guid":{"rendered":"https:\/\/sites.uel.br\/jaec\/?page_id=28"},"modified":"2025-11-06T13:07:23","modified_gmt":"2025-11-06T16:07:23","slug":"normas-para-submissoes","status":"publish","type":"page","link":"https:\/\/sites.uel.br\/jaec\/normas-para-submissoes\/","title":{"rendered":"Normas"},"content":{"rendered":"\n<h2 class=\"wp-block-heading\"><strong>Normas de Formata\u00e7\u00f5es e Submiss\u00f5es<\/strong><\/h2>\n\n\n\n<p><strong><u>Os trabalhos somente ser\u00e3o avaliados* se submetidos no seguinte formato:<\/u><\/strong><\/p>\n\n\n\n<ol style=\"list-style-type:1\" class=\"wp-block-list\">\n<li>Editor de Texto: MS. Word 2007 (12.0) ou superior;<\/li>\n\n\n\n<li>Formato: papel A4 (29.7cm x 21 cm);<\/li>\n\n\n\n<li>Margens: superior e esquerda: 3 cm, inferior e direita: 2,0 cm;<\/li>\n\n\n\n<li>Formato do par\u00e1grafo: recuo especial: primeira linha 1,25 cm. Espa\u00e7amento: antes 0pt, depois 6 pt;<\/li>\n\n\n\n<li>Espa\u00e7amento entre linhas: simples;<\/li>\n\n\n\n<li>Espa\u00e7amento entre os t\u00edtulos das se\u00e7\u00f5es e o texto: 12 pt;<\/li>\n\n\n\n<li>Fonte: Times New Roman, corpo 12;<\/li>\n\n\n\n<li>Para tabelas, ilustra\u00e7\u00f5es e cita\u00e7\u00f5es diretas longas, Times New Roman, corpo 10;<\/li>\n\n\n\n<li>N\u00famero de p\u00e1ginas: n\u00e3o inferior a 10 (dez) e n\u00e3o superior a 20 (vinte), incluindo a segunda p\u00e1gina, ilustra\u00e7\u00f5es, bibliografia e notas de final de texto e excluindo a primeira p\u00e1gina (folha de identifica\u00e7\u00e3o).<\/li>\n<\/ol>\n\n\n\n<p><em>*artigos submetidos fora deste padr\u00e3o n\u00e3o ser\u00e3o aceitos para a avalia\u00e7\u00e3o.<\/em><\/p>\n\n\n\n<p>Conte\u00fado da <strong><u>primeira p\u00e1gina (folha de identifica\u00e7\u00e3o)<\/u><\/strong>:<\/p>\n\n\n\n<ol style=\"list-style-type:1\" class=\"wp-block-list\">\n<li>T\u00edtulo do trabalho: primeira linha, centrado com letras mai\u00fasculas e em negrito;<\/li>\n\n\n\n<li>Nome do(s) aluno(s), institui\u00e7\u00e3o e s\u00e9rie: duas linhas ap\u00f3s o t\u00edtulo, com letras min\u00fasculas;<\/li>\n\n\n\n<li>Nome do Docente Orientador: uma linha ap\u00f3s o nome do(s) aluno(s);<\/li>\n\n\n\n<li>Endere\u00e7o, e-mail e telefone de um aluno para contato, identificando o aluno: uma linha ap\u00f3s o nome do docente orientador;<\/li>\n\n\n\n<li>Resumo obrigat\u00f3rio: M\u00ednimo de 10 e m\u00e1ximo de 15 linhas, espa\u00e7amento simples.<\/li>\n<\/ol>\n\n\n\n<p>Conte\u00fado da <strong><u>segunda p\u00e1gina<\/u><\/strong>:<\/p>\n\n\n\n<ol style=\"list-style-type:1\" class=\"wp-block-list\">\n<li>T\u00edtulo do trabalho: primeira linha, centrado com letras mai\u00fasculas e em negrito;<\/li>\n\n\n\n<li>Resumo obrigat\u00f3rio: M\u00ednimo de 10 e m\u00e1ximo de 15 linhas, espa\u00e7amento simples (repetir o resumo da primeira p\u00e1gina do trabalho);<\/li>\n\n\n\n<li>In\u00edcio do corpo do texto.<\/li>\n<\/ol>\n\n\n\n<p class=\"has-text-color has-link-color wp-elements-01e54b1d869b6a90cf09ef37a89191ce\" style=\"color:#006bff\">OBS: O trabalho dever\u00e1 ser encaminhado em um <u>\u00fanico arquivo<\/u> que conter\u00e1 a folha de identifica\u00e7\u00e3o (primeira p\u00e1gina) e o trabalho completo que se iniciar\u00e1 na segunda p\u00e1gina, conforme descrito acima.<\/p>\n\n\n\n<p><\/p>\n\n\n\n<h2 class=\"wp-block-heading\"><strong>Normas de Apresenta\u00e7\u00f5es<\/strong><\/h2>\n\n\n\n<ul class=\"wp-block-list\">\n<li>Os trabalhos (artigos cient\u00edficos)&nbsp;podem ser apresentados em grupos de, no m\u00e1ximo, tr\u00eas alunos.<\/li>\n\n\n\n<li>Cada trabalho ter\u00e1 uma participa\u00e7\u00e3o de 25 minutos, incluindo apresenta\u00e7\u00e3o e debate.<\/li>\n\n\n\n<li>O tempo de apresenta\u00e7\u00e3o \u00e9 de at\u00e9 15 minutos para cada trabalho.<\/li>\n\n\n\n<li>O tempo de debate \u00e9 de 10 minutos para cada trabalho.<\/li>\n\n\n\n<li>Se a apresenta\u00e7\u00e3o ocorrer num tempo abaixo dos 15 minutos, o tempo remanescente ser\u00e1 dedicado para debate.<\/li>\n\n\n\n<li>Recomenda-se a todos os autores que participem das apresenta\u00e7\u00f5es e debates.<\/li>\n<\/ul>\n\n\n\n<h2 class=\"wp-block-heading\"><strong>Templates para o artigo e slides<\/strong><\/h2>\n\n\n\n<p><a href=\"https:\/\/sites.uel.br\/jaec\/wp-content\/uploads\/2025\/09\/Slides-Jornada-2025-versao-B.pptx\" data-type=\"attachment\" data-id=\"407\">Modelo para Slides<\/a><a href=\"https:\/\/sites.uel.br\/jaec\/wp-content\/uploads\/2024\/12\/Slides-Jornada-2025.pptx\" data-type=\"attachment\" data-id=\"292\"><br><\/a><a href=\"https:\/\/sites.uel.br\/jaec\/wp-content\/uploads\/2025\/10\/Template_artigo_JAEC22.docx\" data-type=\"attachment\" data-id=\"409\">Modelo para Artigo<\/a><\/p>\n","protected":false},"excerpt":{"rendered":"<p>Normas de Formata\u00e7\u00f5es e Submiss\u00f5es Os trabalhos somente ser\u00e3o avaliados* se submetidos no seguinte formato: *artigos submetidos fora deste padr\u00e3o n\u00e3o ser\u00e3o aceitos para a avalia\u00e7\u00e3o. Conte\u00fado da primeira p\u00e1gina (folha de identifica\u00e7\u00e3o): Conte\u00fado da segunda p\u00e1gina: OBS: O trabalho dever\u00e1 ser encaminhado em um \u00fanico arquivo que conter\u00e1 a folha de identifica\u00e7\u00e3o (primeira p\u00e1gina) [&hellip;]<\/p>\n","protected":false},"author":7,"featured_media":0,"parent":0,"menu_order":0,"comment_status":"closed","ping_status":"closed","template":"","meta":{"footnotes":""},"class_list":["post-28","page","type-page","status-publish","hentry"],"acf":[],"_links":{"self":[{"href":"https:\/\/sites.uel.br\/jaec\/wp-json\/wp\/v2\/pages\/28","targetHints":{"allow":["GET"]}}],"collection":[{"href":"https:\/\/sites.uel.br\/jaec\/wp-json\/wp\/v2\/pages"}],"about":[{"href":"https:\/\/sites.uel.br\/jaec\/wp-json\/wp\/v2\/types\/page"}],"author":[{"embeddable":true,"href":"https:\/\/sites.uel.br\/jaec\/wp-json\/wp\/v2\/users\/7"}],"replies":[{"embeddable":true,"href":"https:\/\/sites.uel.br\/jaec\/wp-json\/wp\/v2\/comments?post=28"}],"version-history":[{"count":21,"href":"https:\/\/sites.uel.br\/jaec\/wp-json\/wp\/v2\/pages\/28\/revisions"}],"predecessor-version":[{"id":427,"href":"https:\/\/sites.uel.br\/jaec\/wp-json\/wp\/v2\/pages\/28\/revisions\/427"}],"wp:attachment":[{"href":"https:\/\/sites.uel.br\/jaec\/wp-json\/wp\/v2\/media?parent=28"}],"curies":[{"name":"wp","href":"https:\/\/api.w.org\/{rel}","templated":true}]}}