{"id":26,"date":"2023-02-22T12:02:30","date_gmt":"2023-02-22T15:02:30","guid":{"rendered":"https:\/\/sites.uel.br\/jaec\/?page_id=26"},"modified":"2024-05-27T15:39:56","modified_gmt":"2024-05-27T18:39:56","slug":"areas-tematicas","status":"publish","type":"page","link":"https:\/\/sites.uel.br\/jaec\/areas-tematicas\/","title":{"rendered":"Temas"},"content":{"rendered":"\n<p>Com o prop\u00f3sito de nortear os autores, os seguintes temas podem ser considerados:<\/p>\n\n\n\n<ol class=\"wp-block-list\">\n<li>Contabilidade Societ\u00e1ria;<\/li>\n\n\n\n<li>Controladoria e Contabilidade Gerencial;<\/li>\n\n\n\n<li>Contabilidade de Custos;<\/li>\n\n\n\n<li>Teoria da Contabilidade;<\/li>\n\n\n\n<li>Contabilidade Aplicada \u00e0 Entidades Governamentais e do Terceiro Setor;<\/li>\n\n\n\n<li>Auditoria e Per\u00edcia Cont\u00e1bil;<\/li>\n\n\n\n<li>Educa\u00e7\u00e3o e Pesquisa em Contabilidade;<\/li>\n\n\n\n<li>T\u00f3picos Contempor\u00e2neos de Contabilidade (Atu\u00e1ria, Contabilidade Ambiental, etc.);<\/li>\n\n\n\n<li>Tema Livre.<\/li>\n<\/ol>\n","protected":false},"excerpt":{"rendered":"<p>Com o prop\u00f3sito de nortear os autores, os seguintes temas podem ser considerados:<\/p>\n","protected":false},"author":7,"featured_media":0,"parent":0,"menu_order":0,"comment_status":"closed","ping_status":"closed","template":"","meta":{"footnotes":""},"class_list":["post-26","page","type-page","status-publish","hentry"],"acf":[],"_links":{"self":[{"href":"https:\/\/sites.uel.br\/jaec\/wp-json\/wp\/v2\/pages\/26","targetHints":{"allow":["GET"]}}],"collection":[{"href":"https:\/\/sites.uel.br\/jaec\/wp-json\/wp\/v2\/pages"}],"about":[{"href":"https:\/\/sites.uel.br\/jaec\/wp-json\/wp\/v2\/types\/page"}],"author":[{"embeddable":true,"href":"https:\/\/sites.uel.br\/jaec\/wp-json\/wp\/v2\/users\/7"}],"replies":[{"embeddable":true,"href":"https:\/\/sites.uel.br\/jaec\/wp-json\/wp\/v2\/comments?post=26"}],"version-history":[{"count":3,"href":"https:\/\/sites.uel.br\/jaec\/wp-json\/wp\/v2\/pages\/26\/revisions"}],"predecessor-version":[{"id":279,"href":"https:\/\/sites.uel.br\/jaec\/wp-json\/wp\/v2\/pages\/26\/revisions\/279"}],"wp:attachment":[{"href":"https:\/\/sites.uel.br\/jaec\/wp-json\/wp\/v2\/media?parent=26"}],"curies":[{"name":"wp","href":"https:\/\/api.w.org\/{rel}","templated":true}]}}