{"id":24,"date":"2023-02-22T11:59:59","date_gmt":"2023-02-22T14:59:59","guid":{"rendered":"https:\/\/sites.uel.br\/jaec\/?page_id=24"},"modified":"2025-10-02T15:04:59","modified_gmt":"2025-10-02T18:04:59","slug":"inscricoes","status":"publish","type":"page","link":"https:\/\/sites.uel.br\/jaec\/inscricoes\/","title":{"rendered":"Inscri\u00e7\u00f5es"},"content":{"rendered":"\n<blockquote class=\"wp-block-quote is-layout-flow wp-block-quote-is-layout-flow\">\n<p>As inscri\u00e7\u00f5es para o evento dever\u00e3o ser efetuadas at\u00e9: <strong>03 de novembro de 2025.<\/strong><\/p>\n\n\n\n<p>As submiss\u00f5es de trabalhos ocorrem at\u00e9:<strong> 09 de outubro de 2025.<\/strong><\/p>\n\n\n\n<p>A taxa de participa\u00e7\u00e3o no evento \u00e9 de <strong>R$ 50,00<\/strong>. <\/p>\n\n\n\n<p>Durante o processo de inscri\u00e7\u00e3o, ocorrer\u00e1 a gera\u00e7\u00e3o do boleto de pagamento.<\/p>\n<\/blockquote>\n\n\n\n<figure class=\"wp-block-table aligncenter\"><table class=\"has-text-color has-background has-link-color has-fixed-layout\" style=\"color:#ffffff;background:linear-gradient(90deg,rgb(200,130,220) 0%,rgb(152,150,240) 28%,rgb(255,255,255) 67%)\"><tbody><tr><td><strong>FA\u00c7A SUA INSCRI\u00c7\u00c3O<\/strong><\/td><td class=\"has-text-align-center\" data-align=\"center\"><a href=\"https:\/\/www.sistemasweb.uel.br\/index.php?contents=system\/insc\/index.php&amp;pagina=view\/inscricoes\/seleciona_evento.php&amp;cod_evento=11228\" data-type=\"URL\" data-id=\"http:\/\/www.uel.br\/eventos\/insc\/?id=7646\">clique aqui<\/a><\/td><\/tr><\/tbody><\/table><figcaption class=\"wp-element-caption\">Link de inscri\u00e7\u00f5es para participa\u00e7\u00f5es e submiss\u00f5es de trabalhos<\/figcaption><\/figure>\n\n\n\n<p>Antes do envio, os autores devem observar as normas t\u00e9cnicas para a submiss\u00e3o dos trabalhos.<\/p>\n\n\n\n<p>Aos participantes e autores dos trabalhos aprovados ser\u00e3o concedidos certificados expedidos pela UEL. Para fins da emiss\u00e3o dos certificados, ser\u00e1 efetuado o&nbsp;controle de frequ\u00eancia dos participantes e autores no evento.<\/p>\n\n\n\n<div class=\"wp-block-group\"><div class=\"wp-block-group__inner-container is-layout-constrained wp-block-group-is-layout-constrained\">\n<figure class=\"wp-block-table aligncenter is-style-regular\"><table class=\"has-text-color has-background has-link-color has-fixed-layout\" style=\"color:#ffffff;background:linear-gradient(90deg,rgb(139,7,227) 0%,rgb(155,81,224) 56%,rgb(255,255,255) 81%)\"><tbody><tr><td class=\"has-text-align-center\" data-align=\"center\"><strong>TUTORIAL PARA INSCRI\u00c7\u00d5ES<\/strong><\/td><td class=\"has-text-align-center\" data-align=\"center\"><a href=\"https:\/\/sites.uel.br\/jaec\/wp-content\/uploads\/2024\/11\/Tutorial-para-inscricoes.pdf\" data-type=\"attachment\" data-id=\"265\">clique aqui<\/a><\/td><\/tr><tr><td class=\"has-text-align-center\" data-align=\"center\"><strong>TUTORIAL DE SUBMISS\u00c3O DOS ARTIGOS<\/strong><\/td><td class=\"has-text-align-center\" data-align=\"center\"><a href=\"https:\/\/sites.uel.br\/jaec\/wp-content\/uploads\/2024\/11\/Tutorial-de-Submissao-1.pdf\" data-type=\"attachment\" data-id=\"258\">clique aqui<\/a><\/td><\/tr><\/tbody><\/table><\/figure>\n<\/div><\/div>\n\n\n\n<p><\/p>\n","protected":false},"excerpt":{"rendered":"<p>As inscri\u00e7\u00f5es para o evento dever\u00e3o ser efetuadas at\u00e9: 03 de novembro de 2025. As submiss\u00f5es de trabalhos ocorrem at\u00e9: 09 de outubro de 2025. A taxa de participa\u00e7\u00e3o no evento \u00e9 de R$ 50,00. Durante o processo de inscri\u00e7\u00e3o, ocorrer\u00e1 a gera\u00e7\u00e3o do boleto de pagamento. FA\u00c7A SUA INSCRI\u00c7\u00c3O clique aqui Link de inscri\u00e7\u00f5es [&hellip;]<\/p>\n","protected":false},"author":7,"featured_media":0,"parent":0,"menu_order":0,"comment_status":"closed","ping_status":"closed","template":"","meta":{"footnotes":""},"class_list":["post-24","page","type-page","status-publish","hentry"],"acf":[],"_links":{"self":[{"href":"https:\/\/sites.uel.br\/jaec\/wp-json\/wp\/v2\/pages\/24","targetHints":{"allow":["GET"]}}],"collection":[{"href":"https:\/\/sites.uel.br\/jaec\/wp-json\/wp\/v2\/pages"}],"about":[{"href":"https:\/\/sites.uel.br\/jaec\/wp-json\/wp\/v2\/types\/page"}],"author":[{"embeddable":true,"href":"https:\/\/sites.uel.br\/jaec\/wp-json\/wp\/v2\/users\/7"}],"replies":[{"embeddable":true,"href":"https:\/\/sites.uel.br\/jaec\/wp-json\/wp\/v2\/comments?post=24"}],"version-history":[{"count":29,"href":"https:\/\/sites.uel.br\/jaec\/wp-json\/wp\/v2\/pages\/24\/revisions"}],"predecessor-version":[{"id":419,"href":"https:\/\/sites.uel.br\/jaec\/wp-json\/wp\/v2\/pages\/24\/revisions\/419"}],"wp:attachment":[{"href":"https:\/\/sites.uel.br\/jaec\/wp-json\/wp\/v2\/media?parent=24"}],"curies":[{"name":"wp","href":"https:\/\/api.w.org\/{rel}","templated":true}]}}