{"id":19,"date":"2023-02-22T11:47:12","date_gmt":"2023-02-22T14:47:12","guid":{"rendered":"https:\/\/sites.uel.br\/jaec\/?page_id=19"},"modified":"2025-09-22T17:08:13","modified_gmt":"2025-09-22T20:08:13","slug":"apresentacao","status":"publish","type":"page","link":"https:\/\/sites.uel.br\/jaec\/apresentacao\/","title":{"rendered":"Apresenta\u00e7\u00e3o"},"content":{"rendered":"\n<figure class=\"wp-block-image size-full is-style-rounded\"><img loading=\"lazy\" decoding=\"async\" width=\"1024\" height=\"197\" src=\"https:\/\/sites.uel.br\/jaec\/wp-content\/uploads\/2025\/09\/JAEC2025-banner.jpg\" alt=\"\" class=\"wp-image-403\" srcset=\"https:\/\/sites.uel.br\/jaec\/wp-content\/uploads\/2025\/09\/JAEC2025-banner.jpg 1024w, https:\/\/sites.uel.br\/jaec\/wp-content\/uploads\/2025\/09\/JAEC2025-banner-300x58.jpg 300w, https:\/\/sites.uel.br\/jaec\/wp-content\/uploads\/2025\/09\/JAEC2025-banner-768x148.jpg 768w\" sizes=\"auto, (max-width: 1024px) 100vw, 1024px\" \/><\/figure>\n\n\n\n<p><strong>A Jornada Acad\u00eamica de Estudos Cont\u00e1beis \u00e9 um evento promovido pelo Departamento de Ci\u00eancias Cont\u00e1beis da UEL&nbsp;e tem por objetivos:<\/strong><\/p>\n\n\n\n<ul class=\"wp-block-list\">\n<li>Incentivar o trabalho de pesquisa e investiga\u00e7\u00e3o cient\u00edfica entre os acad\u00eamicos do curso de Ci\u00eancias Cont\u00e1beis;<\/li>\n\n\n\n<li>Desenvolver o desejo de aperfei\u00e7oamento cultural e profissional atrav\u00e9s da divulga\u00e7\u00e3o de conhecimentos cient\u00edficos e t\u00e9cnicos;<\/li>\n\n\n\n<li>Promover maior integra\u00e7\u00e3o cultural e profissional entre os acad\u00eamicos e professores dos cursos de Ci\u00eancias Cont\u00e1beis de Londrina e regi\u00e3o; e<\/li>\n\n\n\n<li>Buscar o aperfei\u00e7oamento comunicativo dos discentes atrav\u00e9s da exposi\u00e7\u00e3o em p\u00fablico das ideias inerentes \u00e0 pesquisa cient\u00edfica.<\/li>\n<\/ul>\n\n\n\n<p><strong>Participantes:<\/strong><\/p>\n\n\n\n<p>Podem participar estudantes de cursos de Gradua\u00e7\u00e3o em Ci\u00eancias Cont\u00e1beis da UEL e de outras universidades.<\/p>\n","protected":false},"excerpt":{"rendered":"<p>A Jornada Acad\u00eamica de Estudos Cont\u00e1beis \u00e9 um evento promovido pelo Departamento de Ci\u00eancias Cont\u00e1beis da UEL&nbsp;e tem por objetivos: Participantes: Podem participar estudantes de cursos de Gradua\u00e7\u00e3o em Ci\u00eancias Cont\u00e1beis da UEL e de outras universidades.<\/p>\n","protected":false},"author":7,"featured_media":0,"parent":0,"menu_order":0,"comment_status":"closed","ping_status":"closed","template":"","meta":{"footnotes":""},"class_list":["post-19","page","type-page","status-publish","hentry"],"acf":[],"_links":{"self":[{"href":"https:\/\/sites.uel.br\/jaec\/wp-json\/wp\/v2\/pages\/19","targetHints":{"allow":["GET"]}}],"collection":[{"href":"https:\/\/sites.uel.br\/jaec\/wp-json\/wp\/v2\/pages"}],"about":[{"href":"https:\/\/sites.uel.br\/jaec\/wp-json\/wp\/v2\/types\/page"}],"author":[{"embeddable":true,"href":"https:\/\/sites.uel.br\/jaec\/wp-json\/wp\/v2\/users\/7"}],"replies":[{"embeddable":true,"href":"https:\/\/sites.uel.br\/jaec\/wp-json\/wp\/v2\/comments?post=19"}],"version-history":[{"count":5,"href":"https:\/\/sites.uel.br\/jaec\/wp-json\/wp\/v2\/pages\/19\/revisions"}],"predecessor-version":[{"id":404,"href":"https:\/\/sites.uel.br\/jaec\/wp-json\/wp\/v2\/pages\/19\/revisions\/404"}],"wp:attachment":[{"href":"https:\/\/sites.uel.br\/jaec\/wp-json\/wp\/v2\/media?parent=19"}],"curies":[{"name":"wp","href":"https:\/\/api.w.org\/{rel}","templated":true}]}}