{"id":290,"date":"2023-03-07T15:58:22","date_gmt":"2023-03-07T18:58:22","guid":{"rendered":"https:\/\/sites.uel.br\/international\/?page_id=290"},"modified":"2024-09-03T17:38:13","modified_gmt":"2024-09-03T20:38:13","slug":"research-and-innovation","status":"publish","type":"page","link":"https:\/\/sites.uel.br\/international\/research-and-innovation\/","title":{"rendered":"Research"},"content":{"rendered":"\n<div style=\"height:50px\" aria-hidden=\"true\" class=\"wp-block-spacer\"><\/div>\n\n\n\n<div id=\"wp-block-themeisle-blocks-slider-802c9757\" class=\"wp-block-themeisle-blocks-slider glide\" data-per-view=\"1\" data-gap=\"0\" data-peek=\"0\" data-autoplay=\"true\" data-height=\"450px\" data-hide-arrows=\"false\"><div class=\"glide__track\" data-glide-el=\"track\"><div class=\"glide__slides\"><div class=\"wp-block-themeisle-blocks-slider-item-wrapper glide__slide\"><figure><img decoding=\"async\" class=\"wp-block-themeisle-blocks-slider-item\" src=\"https:\/\/sites.uel.br\/international\/wp-content\/uploads\/2023\/03\/7-1-2019-g-alimento-1-edited.jpg\" alt=\"\" title=\"\" data-id=\"714\" \/><\/figure><\/div><div class=\"wp-block-themeisle-blocks-slider-item-wrapper glide__slide\"><figure><img decoding=\"async\" class=\"wp-block-themeisle-blocks-slider-item\" src=\"https:\/\/sites.uel.br\/international\/wp-content\/uploads\/2023\/03\/quimica-lab.jpeg\" alt=\"\" title=\"\" data-id=\"830\" \/><\/figure><\/div><div class=\"wp-block-themeisle-blocks-slider-item-wrapper glide__slide\"><figure><img decoding=\"async\" class=\"wp-block-themeisle-blocks-slider-item\" src=\"https:\/\/sites.uel.br\/international\/wp-content\/uploads\/2024\/06\/Lab-informatica.jpeg\" alt=\"\" title=\"\" data-id=\"1553\" \/><\/figure><\/div><div class=\"wp-block-themeisle-blocks-slider-item-wrapper glide__slide\"><figure><img decoding=\"async\" class=\"wp-block-themeisle-blocks-slider-item\" src=\"https:\/\/sites.uel.br\/international\/wp-content\/uploads\/2024\/06\/Lapech.jpeg\" alt=\"\" title=\"\" data-id=\"1554\" \/><\/figure><\/div><div class=\"wp-block-themeisle-blocks-slider-item-wrapper glide__slide\"><figure><img decoding=\"async\" class=\"wp-block-themeisle-blocks-slider-item\" src=\"https:\/\/sites.uel.br\/international\/wp-content\/uploads\/2024\/06\/NDPH.jpeg\" alt=\"\" title=\"\" data-id=\"1555\" \/><\/figure><\/div><div class=\"wp-block-themeisle-blocks-slider-item-wrapper glide__slide\"><figure><img decoding=\"async\" class=\"wp-block-themeisle-blocks-slider-item\" src=\"https:\/\/sites.uel.br\/international\/wp-content\/uploads\/2024\/06\/Morangos-de-Londrina-Pesquisadores-da-UEL-desenv0306455402202103262232-1.webp\" alt=\"\" title=\"\" data-id=\"1556\" \/><\/figure><\/div><div class=\"wp-block-themeisle-blocks-slider-item-wrapper glide__slide\"><figure><img decoding=\"async\" class=\"wp-block-themeisle-blocks-slider-item\" src=\"https:\/\/sites.uel.br\/international\/wp-content\/uploads\/2024\/06\/academia-cefe.jpeg\" alt=\"\" title=\"\" data-id=\"1557\" \/><figcaption>Projeto com idosas desmitifica tabu de que exerc\u00edcio f\u00edsico tem limite de idade &#8211;<\/figcaption><\/figure><\/div><div class=\"wp-block-themeisle-blocks-slider-item-wrapper glide__slide\"><figure><img decoding=\"async\" class=\"wp-block-themeisle-blocks-slider-item\" src=\"https:\/\/sites.uel.br\/international\/wp-content\/uploads\/2024\/06\/Fungicida.jpeg\" alt=\"\" title=\"\" data-id=\"1558\" \/><\/figure><\/div><div class=\"wp-block-themeisle-blocks-slider-item-wrapper glide__slide\"><figure><img decoding=\"async\" class=\"wp-block-themeisle-blocks-slider-item\" src=\"https:\/\/sites.uel.br\/international\/wp-content\/uploads\/2024\/06\/ceramica-uel.jpeg\" alt=\"\" title=\"\" data-id=\"1559\" \/><\/figure><\/div><div class=\"wp-block-themeisle-blocks-slider-item-wrapper glide__slide\"><figure><img decoding=\"async\" class=\"wp-block-themeisle-blocks-slider-item\" src=\"https:\/\/sites.uel.br\/international\/wp-content\/uploads\/2024\/06\/Camara-Climatica.jpeg\" alt=\"\" title=\"\" data-id=\"1560\" \/><figcaption>CTU inaugura maior c\u00e2mara clim\u00e1tica do pa\u00eds para ensaios com materiais de estrutura &#8211; Com mais de 100 metros quadrados, a C\u00e2mara ser\u00e1 usada para ensaios com materiais de estrutura &#8211;<\/figcaption><\/figure><\/div><div class=\"wp-block-themeisle-blocks-slider-item-wrapper glide__slide\"><figure><img decoding=\"async\" class=\"wp-block-themeisle-blocks-slider-item\" src=\"https:\/\/sites.uel.br\/international\/wp-content\/uploads\/2024\/06\/HV-.jpeg\" alt=\"\" title=\"\" data-id=\"1561\" \/><\/figure><\/div><\/div><\/div><\/div>\n\n\n\n<div style=\"height:43px\" aria-hidden=\"true\" class=\"wp-block-spacer\"><\/div>\n\n\n\n<figure class=\"wp-block-image size-large\"><img loading=\"lazy\" decoding=\"async\" width=\"1024\" height=\"72\" src=\"https:\/\/sites.uel.br\/international\/wp-content\/uploads\/2024\/06\/itens-1024x72.png\" alt=\"\" class=\"wp-image-1570\" srcset=\"https:\/\/sites.uel.br\/international\/wp-content\/uploads\/2024\/06\/itens-1024x72.png 1024w, https:\/\/sites.uel.br\/international\/wp-content\/uploads\/2024\/06\/itens-300x21.png 300w, https:\/\/sites.uel.br\/international\/wp-content\/uploads\/2024\/06\/itens-768x54.png 768w, https:\/\/sites.uel.br\/international\/wp-content\/uploads\/2024\/06\/itens.png 1080w\" sizes=\"auto, (max-width: 1024px) 100vw, 1024px\" \/><\/figure>\n\n\n\n<div style=\"height:43px\" aria-hidden=\"true\" class=\"wp-block-spacer\"><\/div>\n\n\n\n<div class=\"wp-block-columns is-layout-flex wp-container-core-columns-is-layout-9d6595d7 wp-block-columns-is-layout-flex\">\n<div class=\"wp-block-column is-layout-flow wp-block-column-is-layout-flow\">\n<p>The Graduate Studies and Research Office (PROPPG) is responsible for the articulation and management of research and postgraduation activities at UEL. For the fulfillment of its aims, PROPPG comprises a Research Division, a Postgraduate Studies Division and a research support unit. PROPPG manages a variety of institutional programs for the development of research and graduate studies, encourages research in multiuse laboratories, guides the process of revalidating foreign diplomas and contributes to UEL\u2019s international insertion. Additionally, it also supports scientific journals such as Semina and the Committees of Ethics both for Humans and Animals Research.<\/p>\n\n\n\n<p>Undergraduate students have the opportunity to work in research projects advised by our professors and researchers. For this, there are two programs: Institutional Scientific Initiation Scholarship Program and Institutional Program for Technological Initiation and Innovation. Part of the students receive scholarships from the federal or state government or from the university financial resources.<\/p>\n<\/div>\n\n\n\n<div class=\"wp-block-column is-layout-flow wp-block-column-is-layout-flow\">\n<p>Graduate programs provided at UEL include Lato Sensu (Specializations, Residencies) and Stricto Sensu (Masters, Doctorate, Post-Doctorate). Furthermore, a wide variety of research projects are developed in all research fields, linked to UEL\u2019s professors and hundreds of research groups officially recognized by CNPq (the National Council for Scientific and Technological Development).<\/p>\n\n\n\n<p>UEL comprises more than 250 research laboratories which also host and support scientific research, post-graduation and teaching. Most of them are directly connected to the study centres and departments, while others are part of the Multiusers Central of Research Laboratories (CMLP).&nbsp; The CMLP offers a centralized infrastructure with large equipment intended for shared use.<\/p>\n<\/div>\n<\/div>\n\n\n\n<div style=\"height:50px\" aria-hidden=\"true\" class=\"wp-block-spacer\"><\/div>\n\n\n\n<div class=\"wp-block-columns is-layout-flex wp-container-core-columns-is-layout-9d6595d7 wp-block-columns-is-layout-flex\">\n<div class=\"wp-block-column is-layout-flow wp-block-column-is-layout-flow\" style=\"flex-basis:66.66%\">\n<p><strong>Contact:<\/strong><br>\u2709\ufe0f <a href=\"mailto:proppgdp@uel.br\">proppgdp@uel.br<\/a><\/p>\n<\/div>\n\n\n\n<div class=\"wp-block-column is-layout-flow wp-block-column-is-layout-flow\" style=\"flex-basis:33.33%\">\n<div class=\"wp-block-buttons is-layout-flex wp-block-buttons-is-layout-flex\"><\/div>\n<\/div>\n<\/div>\n","protected":false},"excerpt":{"rendered":"<p>The Graduate Studies and Research Office (PROPPG) is responsible for the articulation and management of research and postgraduation activities at UEL. For the fulfillment of its aims, PROPPG comprises a Research Division, a Postgraduate Studies Division and a research support unit. PROPPG manages a variety of institutional programs for the development of research and graduate [&hellip;]<\/p>\n","protected":false},"author":6,"featured_media":0,"parent":0,"menu_order":0,"comment_status":"closed","ping_status":"closed","template":"","meta":{"_themeisle_gutenberg_block_has_review":false,"footnotes":""},"class_list":["post-290","page","type-page","status-publish","hentry"],"acf":[],"_links":{"self":[{"href":"https:\/\/sites.uel.br\/international\/wp-json\/wp\/v2\/pages\/290","targetHints":{"allow":["GET"]}}],"collection":[{"href":"https:\/\/sites.uel.br\/international\/wp-json\/wp\/v2\/pages"}],"about":[{"href":"https:\/\/sites.uel.br\/international\/wp-json\/wp\/v2\/types\/page"}],"author":[{"embeddable":true,"href":"https:\/\/sites.uel.br\/international\/wp-json\/wp\/v2\/users\/6"}],"replies":[{"embeddable":true,"href":"https:\/\/sites.uel.br\/international\/wp-json\/wp\/v2\/comments?post=290"}],"version-history":[{"count":29,"href":"https:\/\/sites.uel.br\/international\/wp-json\/wp\/v2\/pages\/290\/revisions"}],"predecessor-version":[{"id":2392,"href":"https:\/\/sites.uel.br\/international\/wp-json\/wp\/v2\/pages\/290\/revisions\/2392"}],"wp:attachment":[{"href":"https:\/\/sites.uel.br\/international\/wp-json\/wp\/v2\/media?parent=290"}],"curies":[{"name":"wp","href":"https:\/\/api.w.org\/{rel}","templated":true}]}}