{"id":2559,"date":"2025-11-06T14:35:33","date_gmt":"2025-11-06T17:35:33","guid":{"rendered":"https:\/\/sites.uel.br\/international\/?page_id=2559"},"modified":"2025-11-06T14:35:33","modified_gmt":"2025-11-06T17:35:33","slug":"acerca-de-londrina","status":"publish","type":"page","link":"https:\/\/sites.uel.br\/international\/es\/acerca-de-londrina\/","title":{"rendered":"Acerca de Londrina"},"content":{"rendered":"\n<div class=\"wp-block-columns is-layout-flex wp-container-core-columns-is-layout-9d6595d7 wp-block-columns-is-layout-flex\">\n<div class=\"wp-block-column is-layout-flow wp-block-column-is-layout-flow\" style=\"flex-basis:66.66%\">\n<p><strong>Londrina <\/strong>es una ciudad brasile\u00f1a ubicada en el estado de Paran\u00e1, en la regi\u00f3n sur de Brasil, a 381 km de la capital del estado, Curitiba.<\/p>\n\n\n\n<p>Seg\u00fan el Instituto Brasile\u00f1o de Geograf\u00eda y Estad\u00edstica (IBGE), su poblaci\u00f3n en 2022 era de 588.125 habitantes, lo que la convierte en la segunda ciudad m\u00e1s poblada del estado y la cuarta de la regi\u00f3n sur, despu\u00e9s de Curitiba, Porto Alegre y Joinville.<\/p>\n\n\n\n<p>Importante centro de desarrollo estatal y regional, Londrina conecta el sur con el sudeste del pa\u00eds, siendo un destacado centro urbano, econ\u00f3mico, industrial, financiero, administrativo y cultural del norte de Paran\u00e1.<\/p>\n\n\n\n<p>Fundada el 10 de diciembre de 1934, la ciudad experiment\u00f3 un alto \u00edndice de crecimiento poblacional y econ\u00f3mico a lo largo del siglo XX, inicialmente impulsado por el cultivo y la comercializaci\u00f3n del caf\u00e9, lo que le vali\u00f3 el apodo de \u201cCapital del Caf\u00e9\u201d durante ese per\u00edodo.<\/p>\n\n\n\n<p>A partir de la d\u00e9cada de 1970, el perfil econ\u00f3mico de Londrina cambi\u00f3 gradualmente, convirti\u00e9ndose en un importante y diversificado centro industrial y econ\u00f3mico regional, hasta consolidarse como una de las principales ciudades del interior de Brasil.<\/p>\n<\/div>\n\n\n\n<div class=\"wp-block-column is-layout-flow wp-block-column-is-layout-flow\" style=\"flex-basis:33.33%\"><div style=\"height:400pxpx;\" class=\"wp-block-themeisle-blocks-leaflet-map\" id=\"wp-block-themeisle-blocks-leaflet-map-efadd924\"><\/div>\n<script type=\"text\/javascript\">\n\t\/* <![CDATA[ *\/\n\t\tif ( ! window.themeisleLeafletMaps ) window.themeisleLeafletMaps =[];\n\t\twindow.themeisleLeafletMaps.push( { container: \"wp-block-themeisle-blocks-leaflet-map-efadd924\", attributes: {\"id\":\"wp-block-themeisle-blocks-leaflet-map-efadd924\",\"location\":\"londrina, parana, brazil\",\"latitude\":\"-29.481584932255846\",\"longitude\":\"-81.33569600260019\",\"bbox\":\"-141.32812500000003,-70.61261423801925,-21.4453125,36.59788913307022\",\"zoom\":2,\"markers\":[{\"latitude\":-23.34225583513053,\"longitude\":-51.15234375,\"id\":\"f518fe37-676b-4e5d-959c-bd6e613de5e5\",\"title\":\"Londrina, Paran\\u00e1, Brasil\",\"description\":\"\"}],\"height\":\"400px\",\"zoomControl\":true,\"draggable\":true,\"hasCustomCSS\":false,\"customCSS\":\"\",\"otterConditions\":[]} } );\n\t\/* ]]> *\/\n<\/script>\n\n\n\n<div class=\"wp-block-columns is-layout-flex wp-container-core-columns-is-layout-9d6595d7 wp-block-columns-is-layout-flex\">\n<div class=\"wp-block-column is-layout-flow wp-block-column-is-layout-flow\">\n<div class=\"wp-block-buttons is-content-justification-center is-layout-flex wp-container-core-buttons-is-layout-16018d1d wp-block-buttons-is-layout-flex\"><\/div>\n\n\n\n<div class=\"wp-block-buttons is-content-justification-center is-layout-flex wp-container-core-buttons-is-layout-16018d1d wp-block-buttons-is-layout-flex\"><\/div>\n<\/div>\n\n\n\n<div class=\"wp-block-column is-layout-flow wp-block-column-is-layout-flow\" style=\"flex-basis:33.33%\">\n<div class=\"wp-block-buttons is-content-justification-center is-layout-flex wp-container-core-buttons-is-layout-16018d1d wp-block-buttons-is-layout-flex\">\n<div class=\"wp-block-button\"><a class=\"wp-block-button__link has-cinza-claro-color has-verde-escuro-background-color has-text-color has-background has-link-color has-text-align-center has-custom-font-size wp-element-button\" style=\"font-size:18px\">Noticias<\/a><\/div>\n<\/div>\n<\/div>\n\n\n\n<div class=\"wp-block-column is-layout-flow wp-block-column-is-layout-flow\" style=\"flex-basis:66.66%\">\n<div class=\"wp-block-buttons is-content-justification-center is-layout-flex wp-container-core-buttons-is-layout-16018d1d wp-block-buttons-is-layout-flex\">\n<div class=\"wp-block-button\"><a class=\"wp-block-button__link has-cinza-claro-color has-verde-escuro-background-color has-text-color has-background has-link-color has-text-align-center has-custom-font-size wp-element-button\" style=\"font-size:18px\">Lugares para visitar<\/a><\/div>\n<\/div>\n<\/div>\n<\/div>\n<\/div>\n<\/div>\n\n\n\n<div class=\"wp-block-columns is-layout-flex wp-container-core-columns-is-layout-9d6595d7 wp-block-columns-is-layout-flex\">\n<div class=\"wp-block-column is-layout-flow wp-block-column-is-layout-flow\">\n<h2 class=\"wp-block-heading\">Datos de Londrina<\/h2>\n\n\n<div class=\"wp-block-image\">\n<figure class=\"aligncenter size-full is-resized\"><img loading=\"lazy\" decoding=\"async\" width=\"1024\" height=\"286\" src=\"https:\/\/sites.uel.br\/international\/wp-content\/uploads\/2025\/11\/logos-idiomas-ARI-4.png\" alt=\"\" class=\"wp-image-2493\" style=\"width:881px;height:auto\" srcset=\"https:\/\/sites.uel.br\/international\/wp-content\/uploads\/2025\/11\/logos-idiomas-ARI-4.png 1024w, https:\/\/sites.uel.br\/international\/wp-content\/uploads\/2025\/11\/logos-idiomas-ARI-4-300x84.png 300w, https:\/\/sites.uel.br\/international\/wp-content\/uploads\/2025\/11\/logos-idiomas-ARI-4-768x215.png 768w\" sizes=\"auto, (max-width: 1024px) 100vw, 1024px\" \/><\/figure>\n<\/div><\/div>\n<\/div>\n\n\n\n<div class=\"wp-block-columns is-layout-flex wp-container-core-columns-is-layout-9d6595d7 wp-block-columns-is-layout-flex\">\n<div class=\"wp-block-column is-layout-flow wp-block-column-is-layout-flow\">\n<h3 class=\"wp-block-heading is-style-highlighted-heading\">Temperatura media<\/h3>\n\n\n\n<div style=\"height:30px\" aria-hidden=\"true\" class=\"wp-block-spacer\"><\/div>\n\n\n<div class=\"wp-block-image\">\n<figure class=\"aligncenter size-full is-resized\"><img loading=\"lazy\" decoding=\"async\" width=\"920\" height=\"135\" src=\"https:\/\/sites.uel.br\/international\/wp-content\/uploads\/2025\/11\/pins-ari-uel-banner-planilha-fran.png\" alt=\"\" class=\"wp-image-2495\" style=\"width:732px;height:auto\" srcset=\"https:\/\/sites.uel.br\/international\/wp-content\/uploads\/2025\/11\/pins-ari-uel-banner-planilha-fran.png 920w, https:\/\/sites.uel.br\/international\/wp-content\/uploads\/2025\/11\/pins-ari-uel-banner-planilha-fran-300x44.png 300w, https:\/\/sites.uel.br\/international\/wp-content\/uploads\/2025\/11\/pins-ari-uel-banner-planilha-fran-768x113.png 768w\" sizes=\"auto, (max-width: 920px) 100vw, 920px\" \/><\/figure>\n<\/div><\/div>\n<\/div>\n\n\n\n<div class=\"wp-block-columns is-layout-flex wp-container-core-columns-is-layout-9d6595d7 wp-block-columns-is-layout-flex\">\n<div class=\"wp-block-column is-layout-flow wp-block-column-is-layout-flow\">\n<h3 class=\"wp-block-heading is-style-highlighted-heading\">Costo de vida promedio<\/h3>\n\n\n\n<div class=\"wp-block-columns is-layout-flex wp-container-core-columns-is-layout-9d6595d7 wp-block-columns-is-layout-flex\">\n<div class=\"wp-block-column is-vertically-aligned-center is-layout-flow wp-block-column-is-layout-flow\"><\/div>\n<\/div>\n\n\n\n<div class=\"wp-block-columns is-layout-flex wp-container-core-columns-is-layout-9d6595d7 wp-block-columns-is-layout-flex\">\n<div class=\"wp-block-column is-layout-flow wp-block-column-is-layout-flow\"><div class=\"wp-block-image\">\n<figure class=\"alignright size-full is-resized\"><a href=\"https:\/\/www.numbeo.com\/cost-of-living\/in\/Londrina-Brazil\"><img loading=\"lazy\" decoding=\"async\" width=\"800\" height=\"800\" src=\"https:\/\/sites.uel.br\/international\/wp-content\/uploads\/2024\/08\/custo-de-vida-1.png\" alt=\"\" class=\"wp-image-1959\" style=\"width:150px;height:auto\" srcset=\"https:\/\/sites.uel.br\/international\/wp-content\/uploads\/2024\/08\/custo-de-vida-1.png 800w, https:\/\/sites.uel.br\/international\/wp-content\/uploads\/2024\/08\/custo-de-vida-1-300x300.png 300w, https:\/\/sites.uel.br\/international\/wp-content\/uploads\/2024\/08\/custo-de-vida-1-150x150.png 150w, https:\/\/sites.uel.br\/international\/wp-content\/uploads\/2024\/08\/custo-de-vida-1-768x768.png 768w\" sizes=\"auto, (max-width: 800px) 100vw, 800px\" \/><\/a><\/figure>\n<\/div><\/div>\n\n\n\n<div class=\"wp-block-column is-layout-flow wp-block-column-is-layout-flow\"><div class=\"wp-block-image\">\n<figure class=\"aligncenter size-full is-resized\"><a href=\"https:\/\/wise.com\/br\/blog\/casa-de-cambio-em-londrina\"><img loading=\"lazy\" decoding=\"async\" width=\"1080\" height=\"1080\" src=\"https:\/\/sites.uel.br\/international\/wp-content\/uploads\/2025\/11\/Channels-1-1.png\" alt=\"\" class=\"wp-image-2498\" style=\"width:185px;height:auto\" srcset=\"https:\/\/sites.uel.br\/international\/wp-content\/uploads\/2025\/11\/Channels-1-1.png 1080w, https:\/\/sites.uel.br\/international\/wp-content\/uploads\/2025\/11\/Channels-1-1-300x300.png 300w, https:\/\/sites.uel.br\/international\/wp-content\/uploads\/2025\/11\/Channels-1-1-1024x1024.png 1024w, https:\/\/sites.uel.br\/international\/wp-content\/uploads\/2025\/11\/Channels-1-1-150x150.png 150w, https:\/\/sites.uel.br\/international\/wp-content\/uploads\/2025\/11\/Channels-1-1-768x768.png 768w\" sizes=\"auto, (max-width: 1080px) 100vw, 1080px\" \/><\/a><\/figure>\n<\/div><\/div>\n\n\n\n<div class=\"wp-block-column is-layout-flow wp-block-column-is-layout-flow\"><div class=\"wp-block-image\">\n<figure class=\"alignleft size-full is-resized\"><img loading=\"lazy\" decoding=\"async\" width=\"1080\" height=\"1080\" src=\"https:\/\/sites.uel.br\/international\/wp-content\/uploads\/2025\/11\/Channels-.png\" alt=\"\" class=\"wp-image-2499\" style=\"width:180px;height:auto\" srcset=\"https:\/\/sites.uel.br\/international\/wp-content\/uploads\/2025\/11\/Channels-.png 1080w, https:\/\/sites.uel.br\/international\/wp-content\/uploads\/2025\/11\/Channels--300x300.png 300w, https:\/\/sites.uel.br\/international\/wp-content\/uploads\/2025\/11\/Channels--1024x1024.png 1024w, https:\/\/sites.uel.br\/international\/wp-content\/uploads\/2025\/11\/Channels--150x150.png 150w, https:\/\/sites.uel.br\/international\/wp-content\/uploads\/2025\/11\/Channels--768x768.png 768w\" sizes=\"auto, (max-width: 1080px) 100vw, 1080px\" \/><\/figure>\n<\/div><\/div>\n<\/div>\n<\/div>\n<\/div>\n","protected":false},"excerpt":{"rendered":"<p>Londrina es una ciudad brasile\u00f1a ubicada en el estado de Paran\u00e1, en la regi\u00f3n sur de Brasil, a 381 km de la capital del estado, Curitiba. Seg\u00fan el Instituto Brasile\u00f1o de Geograf\u00eda y Estad\u00edstica (IBGE), su poblaci\u00f3n en 2022 era de 588.125 habitantes, lo que la convierte en la segunda ciudad m\u00e1s poblada del estado [&hellip;]<\/p>\n","protected":false},"author":10,"featured_media":0,"parent":0,"menu_order":0,"comment_status":"closed","ping_status":"closed","template":"","meta":{"_themeisle_gutenberg_block_has_review":false,"footnotes":""},"class_list":["post-2559","page","type-page","status-publish","hentry"],"acf":[],"_links":{"self":[{"href":"https:\/\/sites.uel.br\/international\/wp-json\/wp\/v2\/pages\/2559","targetHints":{"allow":["GET"]}}],"collection":[{"href":"https:\/\/sites.uel.br\/international\/wp-json\/wp\/v2\/pages"}],"about":[{"href":"https:\/\/sites.uel.br\/international\/wp-json\/wp\/v2\/types\/page"}],"author":[{"embeddable":true,"href":"https:\/\/sites.uel.br\/international\/wp-json\/wp\/v2\/users\/10"}],"replies":[{"embeddable":true,"href":"https:\/\/sites.uel.br\/international\/wp-json\/wp\/v2\/comments?post=2559"}],"version-history":[{"count":1,"href":"https:\/\/sites.uel.br\/international\/wp-json\/wp\/v2\/pages\/2559\/revisions"}],"predecessor-version":[{"id":2560,"href":"https:\/\/sites.uel.br\/international\/wp-json\/wp\/v2\/pages\/2559\/revisions\/2560"}],"wp:attachment":[{"href":"https:\/\/sites.uel.br\/international\/wp-json\/wp\/v2\/media?parent=2559"}],"curies":[{"name":"wp","href":"https:\/\/api.w.org\/{rel}","templated":true}]}}