{"id":2404,"date":"2025-11-11T10:19:48","date_gmt":"2025-11-11T13:19:48","guid":{"rendered":"https:\/\/sites.uel.br\/international\/?page_id=2404"},"modified":"2025-11-11T15:42:29","modified_gmt":"2025-11-11T18:42:29","slug":"zones-thematiques","status":"publish","type":"page","link":"https:\/\/sites.uel.br\/international\/fr\/extension-universitaire\/zones-thematiques\/","title":{"rendered":"Zones Th\u00e9matiques"},"content":{"rendered":"\n<div style=\"height:20px\" aria-hidden=\"true\" class=\"wp-block-spacer\"><\/div>\n\n\n\n<div id=\"wp-block-themeisle-blocks-slider-a0f18589\" class=\"wp-block-themeisle-blocks-slider glide\" data-per-view=\"1\" data-gap=\"0\" data-peek=\"0\" data-autoplay=\"true\" data-height=\"400px\" data-hide-arrows=\"false\"><div class=\"glide__track\" data-glide-el=\"track\"><div class=\"glide__slides\"><div class=\"wp-block-themeisle-blocks-slider-item-wrapper glide__slide\"><figure><img decoding=\"async\" class=\"wp-block-themeisle-blocks-slider-item\" src=\"https:\/\/sites.uel.br\/international\/wp-content\/uploads\/2024\/06\/Horta.jpeg\" alt=\"\" title=\"\" data-id=\"1605\" \/><\/figure><\/div><div class=\"wp-block-themeisle-blocks-slider-item-wrapper glide__slide\"><figure><img decoding=\"async\" class=\"wp-block-themeisle-blocks-slider-item\" src=\"https:\/\/sites.uel.br\/international\/wp-content\/uploads\/2024\/06\/Mutirao-com-EAAJ.jpeg\" alt=\"\" title=\"\" data-id=\"1606\" \/><\/figure><\/div><div class=\"wp-block-themeisle-blocks-slider-item-wrapper glide__slide\"><figure><img decoding=\"async\" class=\"wp-block-themeisle-blocks-slider-item\" src=\"https:\/\/sites.uel.br\/international\/wp-content\/uploads\/2024\/06\/Saude-bucal.png\" alt=\"\" title=\"\" data-id=\"1607\" \/><\/figure><\/div><div class=\"wp-block-themeisle-blocks-slider-item-wrapper glide__slide\"><figure><img decoding=\"async\" class=\"wp-block-themeisle-blocks-slider-item\" src=\"https:\/\/sites.uel.br\/international\/wp-content\/uploads\/2024\/06\/Expolondrina.jpeg\" alt=\"\" title=\"\" data-id=\"1608\" \/><\/figure><\/div><div class=\"wp-block-themeisle-blocks-slider-item-wrapper glide__slide\"><figure><img decoding=\"async\" class=\"wp-block-themeisle-blocks-slider-item\" src=\"https:\/\/sites.uel.br\/international\/wp-content\/uploads\/2024\/06\/policia-militar_extensao.jpeg\" alt=\"\" title=\"\" data-id=\"1609\" \/><\/figure><\/div><\/div><div class=\"glide__bullets\" data-glide-el=\"controls[nav]\"><button class=\"glide__bullet\" data-glide-dir=\"=0\"><\/button><button class=\"glide__bullet\" data-glide-dir=\"=1\"><\/button><button class=\"glide__bullet\" data-glide-dir=\"=2\"><\/button><button class=\"glide__bullet\" data-glide-dir=\"=3\"><\/button><button class=\"glide__bullet\" data-glide-dir=\"=4\"><\/button><\/div><\/div><\/div>\n\n\n\n<div style=\"height:50px\" aria-hidden=\"true\" class=\"wp-block-spacer\"><\/div>\n\n\n\n<div class=\"wp-block-columns is-layout-flex wp-container-core-columns-is-layout-9d6595d7 wp-block-columns-is-layout-flex\">\n<div class=\"wp-block-column is-layout-flow wp-block-column-is-layout-flow\">\n<p>Les activit\u00e9s d&#8217;extension de l&#8217;UEL sont organis\u00e9es dans des <strong>cours, des \u00e9v\u00e9nements, des projets et des programmes<\/strong> dans divers domaines th\u00e9matiques qui contribuent \u00e0 l&#8217;exp\u00e9rience personnelle, et des \u00e9tudiants de premier cycle et de troisi\u00e8me cycle, au service de la communaut\u00e9, favorisant le d\u00e9veloppement humain au milieu de la construction conjointe et de la conversation de nouveaux connaissances qui transforment la r\u00e9alit\u00e9 communautaire et contribuent \u00e0 la transformation de la propre universit\u00e9.<\/p>\n\n\n\n<p><\/p>\n<\/div>\n\n\n\n<div class=\"wp-block-column is-layout-flow wp-block-column-is-layout-flow\">\n<figure class=\"wp-block-image size-large is-resized\"><img loading=\"lazy\" decoding=\"async\" width=\"1024\" height=\"475\" src=\"https:\/\/sites.uel.br\/international\/wp-content\/uploads\/2025\/11\/Zones-Thematiques-Icones-FR-1024x475.png\" alt=\"\" class=\"wp-image-2759\" style=\"width:549px;height:auto\" srcset=\"https:\/\/sites.uel.br\/international\/wp-content\/uploads\/2025\/11\/Zones-Thematiques-Icones-FR-1024x475.png 1024w, https:\/\/sites.uel.br\/international\/wp-content\/uploads\/2025\/11\/Zones-Thematiques-Icones-FR-300x139.png 300w, https:\/\/sites.uel.br\/international\/wp-content\/uploads\/2025\/11\/Zones-Thematiques-Icones-FR-768x356.png 768w, https:\/\/sites.uel.br\/international\/wp-content\/uploads\/2025\/11\/Zones-Thematiques-Icones-FR.png 1081w\" sizes=\"auto, (max-width: 1024px) 100vw, 1024px\" \/><\/figure>\n<\/div>\n<\/div>\n\n\n\n<p><\/p>\n","protected":false},"excerpt":{"rendered":"<p>Les activit\u00e9s d&#8217;extension de l&#8217;UEL sont organis\u00e9es dans des cours, des \u00e9v\u00e9nements, des projets et des programmes dans divers domaines th\u00e9matiques qui contribuent \u00e0 l&#8217;exp\u00e9rience personnelle, et des \u00e9tudiants de premier cycle et de troisi\u00e8me cycle, au service de la communaut\u00e9, favorisant le d\u00e9veloppement humain au milieu de la construction conjointe et de la conversation [&hellip;]<\/p>\n","protected":false},"author":13,"featured_media":0,"parent":2701,"menu_order":0,"comment_status":"closed","ping_status":"closed","template":"","meta":{"_themeisle_gutenberg_block_has_review":false,"footnotes":""},"class_list":["post-2404","page","type-page","status-publish","hentry"],"acf":[],"_links":{"self":[{"href":"https:\/\/sites.uel.br\/international\/wp-json\/wp\/v2\/pages\/2404","targetHints":{"allow":["GET"]}}],"collection":[{"href":"https:\/\/sites.uel.br\/international\/wp-json\/wp\/v2\/pages"}],"about":[{"href":"https:\/\/sites.uel.br\/international\/wp-json\/wp\/v2\/types\/page"}],"author":[{"embeddable":true,"href":"https:\/\/sites.uel.br\/international\/wp-json\/wp\/v2\/users\/13"}],"replies":[{"embeddable":true,"href":"https:\/\/sites.uel.br\/international\/wp-json\/wp\/v2\/comments?post=2404"}],"version-history":[{"count":3,"href":"https:\/\/sites.uel.br\/international\/wp-json\/wp\/v2\/pages\/2404\/revisions"}],"predecessor-version":[{"id":2760,"href":"https:\/\/sites.uel.br\/international\/wp-json\/wp\/v2\/pages\/2404\/revisions\/2760"}],"up":[{"embeddable":true,"href":"https:\/\/sites.uel.br\/international\/wp-json\/wp\/v2\/pages\/2701"}],"wp:attachment":[{"href":"https:\/\/sites.uel.br\/international\/wp-json\/wp\/v2\/media?parent=2404"}],"curies":[{"name":"wp","href":"https:\/\/api.w.org\/{rel}","templated":true}]}}