{"id":2402,"date":"2025-11-06T10:48:14","date_gmt":"2025-11-06T13:48:14","guid":{"rendered":"https:\/\/sites.uel.br\/international\/?page_id=2402"},"modified":"2025-11-06T10:48:14","modified_gmt":"2025-11-06T13:48:14","slug":"areas-tematicas","status":"publish","type":"page","link":"https:\/\/sites.uel.br\/international\/es\/areas-tematicas\/","title":{"rendered":"\u00c1reas tem\u00e1ticas"},"content":{"rendered":"\n<div style=\"height:50px\" aria-hidden=\"true\" class=\"wp-block-spacer\"><\/div>\n\n\n\n<div id=\"wp-block-themeisle-blocks-slider-a0f18589\" class=\"wp-block-themeisle-blocks-slider glide\" data-per-view=\"1\" data-gap=\"0\" data-peek=\"0\" data-autoplay=\"true\" data-height=\"400px\" data-hide-arrows=\"false\"><div class=\"glide__track\" data-glide-el=\"track\"><div class=\"glide__slides\"><div class=\"wp-block-themeisle-blocks-slider-item-wrapper glide__slide\"><figure><img decoding=\"async\" class=\"wp-block-themeisle-blocks-slider-item\" src=\"https:\/\/sites.uel.br\/international\/wp-content\/uploads\/2024\/06\/Horta.jpeg\" alt=\"\" title=\"\" data-id=\"1605\" \/><\/figure><\/div><div class=\"wp-block-themeisle-blocks-slider-item-wrapper glide__slide\"><figure><img decoding=\"async\" class=\"wp-block-themeisle-blocks-slider-item\" src=\"https:\/\/sites.uel.br\/international\/wp-content\/uploads\/2024\/06\/Mutirao-com-EAAJ.jpeg\" alt=\"\" title=\"\" data-id=\"1606\" \/><\/figure><\/div><div class=\"wp-block-themeisle-blocks-slider-item-wrapper glide__slide\"><figure><img decoding=\"async\" class=\"wp-block-themeisle-blocks-slider-item\" src=\"https:\/\/sites.uel.br\/international\/wp-content\/uploads\/2024\/06\/Saude-bucal.png\" alt=\"\" title=\"\" data-id=\"1607\" \/><\/figure><\/div><div class=\"wp-block-themeisle-blocks-slider-item-wrapper glide__slide\"><figure><img decoding=\"async\" class=\"wp-block-themeisle-blocks-slider-item\" src=\"https:\/\/sites.uel.br\/international\/wp-content\/uploads\/2024\/06\/Expolondrina.jpeg\" alt=\"\" title=\"\" data-id=\"1608\" \/><\/figure><\/div><div class=\"wp-block-themeisle-blocks-slider-item-wrapper glide__slide\"><figure><img decoding=\"async\" class=\"wp-block-themeisle-blocks-slider-item\" src=\"https:\/\/sites.uel.br\/international\/wp-content\/uploads\/2024\/06\/policia-militar_extensao.jpeg\" alt=\"\" title=\"\" data-id=\"1609\" \/><\/figure><\/div><\/div><div class=\"glide__bullets\" data-glide-el=\"controls[nav]\"><button class=\"glide__bullet\" data-glide-dir=\"=0\"><\/button><button class=\"glide__bullet\" data-glide-dir=\"=1\"><\/button><button class=\"glide__bullet\" data-glide-dir=\"=2\"><\/button><button class=\"glide__bullet\" data-glide-dir=\"=3\"><\/button><button class=\"glide__bullet\" data-glide-dir=\"=4\"><\/button><\/div><\/div><\/div>\n\n\n\n<div style=\"height:50px\" aria-hidden=\"true\" class=\"wp-block-spacer\"><\/div>\n\n\n\n<div class=\"wp-block-columns is-layout-flex wp-container-core-columns-is-layout-9d6595d7 wp-block-columns-is-layout-flex\">\n<div class=\"wp-block-column is-layout-flow wp-block-column-is-layout-flow\">\n<p><\/p>\n\n\n\n<p>Las actividades de extensi\u00f3n de la UEL se organizan en Cursos, Eventos, Proyectos y Programas en diversas \u00e1reas tem\u00e1ticas que ponen la experiencia del personal, y de los estudiantes de pregrado y posgrado, al servicio de la comunidad, fomentando el desarrollo humano mediante la construcci\u00f3n conjunta y dial\u00f3gica de nuevos conocimientos que transforman la realidad comunitaria y contribuyen a la transformaci\u00f3n de la propia Universidad.<br><\/p>\n\n\n\n<p><\/p>\n<\/div>\n\n\n\n<div class=\"wp-block-column is-layout-flow wp-block-column-is-layout-flow\">\n<figure class=\"wp-block-image size-large is-resized\"><img loading=\"lazy\" decoding=\"async\" width=\"1024\" height=\"1024\" src=\"https:\/\/sites.uel.br\/international\/wp-content\/uploads\/2025\/11\/sem-fundo-1-1-1024x1024.png\" alt=\"\" class=\"wp-image-2474\" style=\"width:549px;height:auto\" srcset=\"https:\/\/sites.uel.br\/international\/wp-content\/uploads\/2025\/11\/sem-fundo-1-1-1024x1024.png 1024w, https:\/\/sites.uel.br\/international\/wp-content\/uploads\/2025\/11\/sem-fundo-1-1-300x300.png 300w, https:\/\/sites.uel.br\/international\/wp-content\/uploads\/2025\/11\/sem-fundo-1-1-150x150.png 150w, https:\/\/sites.uel.br\/international\/wp-content\/uploads\/2025\/11\/sem-fundo-1-1-768x768.png 768w, https:\/\/sites.uel.br\/international\/wp-content\/uploads\/2025\/11\/sem-fundo-1-1.png 1080w\" sizes=\"auto, (max-width: 1024px) 100vw, 1024px\" \/><\/figure>\n<\/div>\n<\/div>\n\n\n\n<p><\/p>\n","protected":false},"excerpt":{"rendered":"<p>Las actividades de extensi\u00f3n de la UEL se organizan en Cursos, Eventos, Proyectos y Programas en diversas \u00e1reas tem\u00e1ticas que ponen la experiencia del personal, y de los estudiantes de pregrado y posgrado, al servicio de la comunidad, fomentando el desarrollo humano mediante la construcci\u00f3n conjunta y dial\u00f3gica de nuevos conocimientos que transforman la realidad [&hellip;]<\/p>\n","protected":false},"author":13,"featured_media":0,"parent":0,"menu_order":0,"comment_status":"closed","ping_status":"closed","template":"","meta":{"_themeisle_gutenberg_block_has_review":false,"footnotes":""},"class_list":["post-2402","page","type-page","status-publish","hentry"],"acf":[],"_links":{"self":[{"href":"https:\/\/sites.uel.br\/international\/wp-json\/wp\/v2\/pages\/2402","targetHints":{"allow":["GET"]}}],"collection":[{"href":"https:\/\/sites.uel.br\/international\/wp-json\/wp\/v2\/pages"}],"about":[{"href":"https:\/\/sites.uel.br\/international\/wp-json\/wp\/v2\/types\/page"}],"author":[{"embeddable":true,"href":"https:\/\/sites.uel.br\/international\/wp-json\/wp\/v2\/users\/13"}],"replies":[{"embeddable":true,"href":"https:\/\/sites.uel.br\/international\/wp-json\/wp\/v2\/comments?post=2402"}],"version-history":[{"count":2,"href":"https:\/\/sites.uel.br\/international\/wp-json\/wp\/v2\/pages\/2402\/revisions"}],"predecessor-version":[{"id":2475,"href":"https:\/\/sites.uel.br\/international\/wp-json\/wp\/v2\/pages\/2402\/revisions\/2475"}],"wp:attachment":[{"href":"https:\/\/sites.uel.br\/international\/wp-json\/wp\/v2\/media?parent=2402"}],"curies":[{"name":"wp","href":"https:\/\/api.w.org\/{rel}","templated":true}]}}