{"id":2390,"date":"2025-11-11T10:11:55","date_gmt":"2025-11-11T13:11:55","guid":{"rendered":"https:\/\/sites.uel.br\/international\/?page_id=2390"},"modified":"2025-11-11T15:41:00","modified_gmt":"2025-11-11T18:41:00","slug":"recherche","status":"publish","type":"page","link":"https:\/\/sites.uel.br\/international\/fr\/recherche-et-innovation\/recherche\/","title":{"rendered":"Recherche"},"content":{"rendered":"\n<div style=\"height:20px\" aria-hidden=\"true\" class=\"wp-block-spacer\"><\/div>\n\n\n\n<div id=\"wp-block-themeisle-blocks-slider-802c9757\" class=\"wp-block-themeisle-blocks-slider glide\" data-per-view=\"1\" data-gap=\"0\" data-peek=\"0\" data-autoplay=\"true\" data-height=\"450px\" data-hide-arrows=\"false\"><div class=\"glide__track\" data-glide-el=\"track\"><div class=\"glide__slides\"><div class=\"wp-block-themeisle-blocks-slider-item-wrapper glide__slide\"><figure><img decoding=\"async\" class=\"wp-block-themeisle-blocks-slider-item\" src=\"https:\/\/sites.uel.br\/international\/wp-content\/uploads\/2023\/03\/7-1-2019-g-alimento-1-edited.jpg\" alt=\"\" title=\"\" data-id=\"714\" \/><\/figure><\/div><div class=\"wp-block-themeisle-blocks-slider-item-wrapper glide__slide\"><figure><img decoding=\"async\" class=\"wp-block-themeisle-blocks-slider-item\" src=\"https:\/\/sites.uel.br\/international\/wp-content\/uploads\/2023\/03\/quimica-lab.jpeg\" alt=\"\" title=\"\" data-id=\"830\" \/><\/figure><\/div><div class=\"wp-block-themeisle-blocks-slider-item-wrapper glide__slide\"><figure><img decoding=\"async\" class=\"wp-block-themeisle-blocks-slider-item\" src=\"https:\/\/sites.uel.br\/international\/wp-content\/uploads\/2024\/06\/Lab-informatica.jpeg\" alt=\"\" title=\"\" data-id=\"1553\" \/><\/figure><\/div><div class=\"wp-block-themeisle-blocks-slider-item-wrapper glide__slide\"><figure><img decoding=\"async\" class=\"wp-block-themeisle-blocks-slider-item\" src=\"https:\/\/sites.uel.br\/international\/wp-content\/uploads\/2024\/06\/Lapech.jpeg\" alt=\"\" title=\"\" data-id=\"1554\" \/><\/figure><\/div><div class=\"wp-block-themeisle-blocks-slider-item-wrapper glide__slide\"><figure><img decoding=\"async\" class=\"wp-block-themeisle-blocks-slider-item\" src=\"https:\/\/sites.uel.br\/international\/wp-content\/uploads\/2024\/06\/NDPH.jpeg\" alt=\"\" title=\"\" data-id=\"1555\" \/><\/figure><\/div><div class=\"wp-block-themeisle-blocks-slider-item-wrapper glide__slide\"><figure><img decoding=\"async\" class=\"wp-block-themeisle-blocks-slider-item\" src=\"https:\/\/sites.uel.br\/international\/wp-content\/uploads\/2024\/06\/Morangos-de-Londrina-Pesquisadores-da-UEL-desenv0306455402202103262232-1.webp\" alt=\"\" title=\"\" data-id=\"1556\" \/><\/figure><\/div><div class=\"wp-block-themeisle-blocks-slider-item-wrapper glide__slide\"><figure><img decoding=\"async\" class=\"wp-block-themeisle-blocks-slider-item\" src=\"https:\/\/sites.uel.br\/international\/wp-content\/uploads\/2024\/06\/academia-cefe.jpeg\" alt=\"\" title=\"\" data-id=\"1557\" \/><figcaption>Projeto com idosas desmitifica tabu de que exerc\u00edcio f\u00edsico tem limite de idade &#8211;<\/figcaption><\/figure><\/div><div class=\"wp-block-themeisle-blocks-slider-item-wrapper glide__slide\"><figure><img decoding=\"async\" class=\"wp-block-themeisle-blocks-slider-item\" src=\"https:\/\/sites.uel.br\/international\/wp-content\/uploads\/2024\/06\/Fungicida.jpeg\" alt=\"\" title=\"\" data-id=\"1558\" \/><\/figure><\/div><div class=\"wp-block-themeisle-blocks-slider-item-wrapper glide__slide\"><figure><img decoding=\"async\" class=\"wp-block-themeisle-blocks-slider-item\" src=\"https:\/\/sites.uel.br\/international\/wp-content\/uploads\/2024\/06\/ceramica-uel.jpeg\" alt=\"\" title=\"\" data-id=\"1559\" \/><\/figure><\/div><div class=\"wp-block-themeisle-blocks-slider-item-wrapper glide__slide\"><figure><img decoding=\"async\" class=\"wp-block-themeisle-blocks-slider-item\" src=\"https:\/\/sites.uel.br\/international\/wp-content\/uploads\/2024\/06\/Camara-Climatica.jpeg\" alt=\"\" title=\"\" data-id=\"1560\" \/><figcaption>CTU inaugura maior c\u00e2mara clim\u00e1tica do pa\u00eds para ensaios com materiais de estrutura &#8211; Com mais de 100 metros quadrados, a C\u00e2mara ser\u00e1 usada para ensaios com materiais de estrutura &#8211;<\/figcaption><\/figure><\/div><div class=\"wp-block-themeisle-blocks-slider-item-wrapper glide__slide\"><figure><img decoding=\"async\" class=\"wp-block-themeisle-blocks-slider-item\" src=\"https:\/\/sites.uel.br\/international\/wp-content\/uploads\/2024\/06\/HV-.jpeg\" alt=\"\" title=\"\" data-id=\"1561\" \/><\/figure><\/div><\/div><\/div><\/div>\n\n\n\n<div style=\"height:43px\" aria-hidden=\"true\" class=\"wp-block-spacer\"><\/div>\n\n\n\n<figure class=\"wp-block-image size-full is-resized\"><img loading=\"lazy\" decoding=\"async\" width=\"811\" height=\"73\" src=\"https:\/\/sites.uel.br\/international\/wp-content\/uploads\/2025\/11\/Recherche-Icones-FR.png\" alt=\"\" class=\"wp-image-2757\" style=\"width:1062px;height:auto\" srcset=\"https:\/\/sites.uel.br\/international\/wp-content\/uploads\/2025\/11\/Recherche-Icones-FR.png 811w, https:\/\/sites.uel.br\/international\/wp-content\/uploads\/2025\/11\/Recherche-Icones-FR-300x27.png 300w, https:\/\/sites.uel.br\/international\/wp-content\/uploads\/2025\/11\/Recherche-Icones-FR-768x69.png 768w\" sizes=\"auto, (max-width: 811px) 100vw, 811px\" \/><\/figure>\n\n\n\n<div style=\"height:43px\" aria-hidden=\"true\" class=\"wp-block-spacer\"><\/div>\n\n\n\n<div class=\"wp-block-columns is-layout-flex wp-container-core-columns-is-layout-9d6595d7 wp-block-columns-is-layout-flex\">\n<div class=\"wp-block-column is-layout-flow wp-block-column-is-layout-flow\">\n<p>Le Bureau des \u00e9tudes sup\u00e9rieures et de la recherche (PROPPG) est responsable de l&#8217;articulation et de la gestion des activit\u00e9s d&#8217;investigation et de recherche \u00e0 l&#8217;Universit\u00e9 d&#8217;\u00c9tat de Londrina (UEL). Pour l&#8217;ensemble de vos objectifs, le PROPPG est constitu\u00e9 d&#8217;une division d&#8217;investigation, d&#8217;une division d&#8217;\u00e9tudes sup\u00e9rieures et d&#8217;une unit\u00e9 d&#8217;appui \u00e0 l&#8217;investigation. Le PROPPG g\u00e8re une vari\u00e9t\u00e9 de programmes institutionnels pour le d\u00e9veloppement de la recherche et les \u00e9tudes sup\u00e9rieures, d\u00e9veloppe la recherche dans des laboratoires \u00e0 usage partag\u00e9, oriente le processus de revalidation des titres \u00e9trangers et contribue \u00e0 l&#8217;insertion internationale de l&#8217;UEL. En outre, ils ont examin\u00e9 les scientifiques comme les s\u00e9minaires et les comit\u00e9s d&#8217;\u00e9thique en mati\u00e8re d&#8217;investigation tant pour les \u00eatres humains que pour les animaux.<\/p>\n\n\n\n<p>Les \u00e9tudiants de premier cycle ont la possibilit\u00e9 de participer \u00e0 des projets d\u2019investigation en bas de l\u2019orientation de nos professeurs et enqu\u00eateurs. <\/p>\n\n\n\n<p>Pour cela, il existe deux programmes principaux: Programme institutionnel de recherche scientifique et Programme institutionnel de d\u00e9marrage technologique et d&#8217;innovation. Une partie des \u00e9tudiants re\u00e7oit des otorgadas du gouvernement f\u00e9d\u00e9ral ou de l&#8217;\u00c9tat, ou des ressources financi\u00e8res propres \u00e0 l&#8217;universit\u00e9.<\/p>\n<\/div>\n\n\n\n<div class=\"wp-block-column is-layout-flow wp-block-column-is-layout-flow\">\n<p>Les programmes de troisi\u00e8me cycle ofrecidos en UEL incluent: Lato Sensu (Sp\u00e9cialisations, R\u00e9sidences) et Stricto Sensu (Master, Doctorat, Post-doctorat). De plus, il d\u00e9veloppe une vaste gamme de projets de recherche vari\u00e9s dans tous les domaines de la connaissance, confirm\u00e9s par les professeurs de l&#8217;UEL et les centres de recherche officiellement reconnus par le CNPq (Conseil national pour le d\u00e9veloppement scientifique et technologique).<\/p>\n\n\n\n<p>L&#8217;UEL compte plus de 250 laboratoires de recherche, qui ont \u00e9galement des activit\u00e9s scientifiques, de formation et de formation avanc\u00e9es.<\/p>\n\n\n\n<p>La majorit\u00e9 de ces laboratoires est directement vincul\u00e9e aux centres d&#8217;\u00e9tudes et de d\u00e9partements, tandis que d&#8217;autres forment partie de la Centre multi-utilisateurs des laboratoires de recherche (CMLP). La CMLP offre une infrastructure centralis\u00e9e avec des \u00e9quipements de grande porte destin\u00e9s \u00e0 l&#8217;utilisation partag\u00e9e.<\/p>\n<\/div>\n<\/div>\n\n\n\n<div style=\"height:50px\" aria-hidden=\"true\" class=\"wp-block-spacer\"><\/div>\n\n\n\n<div class=\"wp-block-columns is-layout-flex wp-container-core-columns-is-layout-9d6595d7 wp-block-columns-is-layout-flex\">\n<div class=\"wp-block-column is-layout-flow wp-block-column-is-layout-flow\" style=\"flex-basis:66.66%\">\n<p><strong>Contact:<\/strong><br>\u2709\ufe0f <a href=\"mailto:proppgdp@uel.br\">proppgdp@uel.br<\/a><\/p>\n<\/div>\n\n\n\n<div class=\"wp-block-column is-layout-flow wp-block-column-is-layout-flow\" style=\"flex-basis:33.33%\">\n<div class=\"wp-block-buttons is-layout-flex wp-block-buttons-is-layout-flex\"><\/div>\n<\/div>\n<\/div>\n\n\n\n<p><\/p>\n","protected":false},"excerpt":{"rendered":"<p>Le Bureau des \u00e9tudes sup\u00e9rieures et de la recherche (PROPPG) est responsable de l&#8217;articulation et de la gestion des activit\u00e9s d&#8217;investigation et de recherche \u00e0 l&#8217;Universit\u00e9 d&#8217;\u00c9tat de Londrina (UEL). Pour l&#8217;ensemble de vos objectifs, le PROPPG est constitu\u00e9 d&#8217;une division d&#8217;investigation, d&#8217;une division d&#8217;\u00e9tudes sup\u00e9rieures et d&#8217;une unit\u00e9 d&#8217;appui \u00e0 l&#8217;investigation. Le PROPPG g\u00e8re [&hellip;]<\/p>\n","protected":false},"author":13,"featured_media":0,"parent":2699,"menu_order":0,"comment_status":"closed","ping_status":"closed","template":"","meta":{"_themeisle_gutenberg_block_has_review":false,"footnotes":""},"class_list":["post-2390","page","type-page","status-publish","hentry"],"acf":[],"_links":{"self":[{"href":"https:\/\/sites.uel.br\/international\/wp-json\/wp\/v2\/pages\/2390","targetHints":{"allow":["GET"]}}],"collection":[{"href":"https:\/\/sites.uel.br\/international\/wp-json\/wp\/v2\/pages"}],"about":[{"href":"https:\/\/sites.uel.br\/international\/wp-json\/wp\/v2\/types\/page"}],"author":[{"embeddable":true,"href":"https:\/\/sites.uel.br\/international\/wp-json\/wp\/v2\/users\/13"}],"replies":[{"embeddable":true,"href":"https:\/\/sites.uel.br\/international\/wp-json\/wp\/v2\/comments?post=2390"}],"version-history":[{"count":6,"href":"https:\/\/sites.uel.br\/international\/wp-json\/wp\/v2\/pages\/2390\/revisions"}],"predecessor-version":[{"id":2758,"href":"https:\/\/sites.uel.br\/international\/wp-json\/wp\/v2\/pages\/2390\/revisions\/2758"}],"up":[{"embeddable":true,"href":"https:\/\/sites.uel.br\/international\/wp-json\/wp\/v2\/pages\/2699"}],"wp:attachment":[{"href":"https:\/\/sites.uel.br\/international\/wp-json\/wp\/v2\/media?parent=2390"}],"curies":[{"name":"wp","href":"https:\/\/api.w.org\/{rel}","templated":true}]}}