{"id":2388,"date":"2025-11-06T10:30:53","date_gmt":"2025-11-06T13:30:53","guid":{"rendered":"https:\/\/sites.uel.br\/international\/?page_id=2388"},"modified":"2025-11-06T10:30:54","modified_gmt":"2025-11-06T13:30:54","slug":"research","status":"publish","type":"page","link":"https:\/\/sites.uel.br\/international\/es\/research\/","title":{"rendered":"Research"},"content":{"rendered":"\n<div style=\"height:50px\" aria-hidden=\"true\" class=\"wp-block-spacer\"><\/div>\n\n\n\n<div id=\"wp-block-themeisle-blocks-slider-802c9757\" class=\"wp-block-themeisle-blocks-slider glide\" data-per-view=\"1\" data-gap=\"0\" data-peek=\"0\" data-autoplay=\"true\" data-height=\"450px\" data-hide-arrows=\"false\"><div class=\"glide__track\" data-glide-el=\"track\"><div class=\"glide__slides\"><div class=\"wp-block-themeisle-blocks-slider-item-wrapper glide__slide\"><figure><img decoding=\"async\" class=\"wp-block-themeisle-blocks-slider-item\" src=\"https:\/\/sites.uel.br\/international\/wp-content\/uploads\/2023\/03\/7-1-2019-g-alimento-1-edited.jpg\" alt=\"\" title=\"\" data-id=\"714\" \/><\/figure><\/div><div class=\"wp-block-themeisle-blocks-slider-item-wrapper glide__slide\"><figure><img decoding=\"async\" class=\"wp-block-themeisle-blocks-slider-item\" src=\"https:\/\/sites.uel.br\/international\/wp-content\/uploads\/2023\/03\/quimica-lab.jpeg\" alt=\"\" title=\"\" data-id=\"830\" \/><\/figure><\/div><div class=\"wp-block-themeisle-blocks-slider-item-wrapper glide__slide\"><figure><img decoding=\"async\" class=\"wp-block-themeisle-blocks-slider-item\" src=\"https:\/\/sites.uel.br\/international\/wp-content\/uploads\/2024\/06\/Lab-informatica.jpeg\" alt=\"\" title=\"\" data-id=\"1553\" \/><\/figure><\/div><div class=\"wp-block-themeisle-blocks-slider-item-wrapper glide__slide\"><figure><img decoding=\"async\" class=\"wp-block-themeisle-blocks-slider-item\" src=\"https:\/\/sites.uel.br\/international\/wp-content\/uploads\/2024\/06\/Lapech.jpeg\" alt=\"\" title=\"\" data-id=\"1554\" \/><\/figure><\/div><div class=\"wp-block-themeisle-blocks-slider-item-wrapper glide__slide\"><figure><img decoding=\"async\" class=\"wp-block-themeisle-blocks-slider-item\" src=\"https:\/\/sites.uel.br\/international\/wp-content\/uploads\/2024\/06\/NDPH.jpeg\" alt=\"\" title=\"\" data-id=\"1555\" \/><\/figure><\/div><div class=\"wp-block-themeisle-blocks-slider-item-wrapper glide__slide\"><figure><img decoding=\"async\" class=\"wp-block-themeisle-blocks-slider-item\" src=\"https:\/\/sites.uel.br\/international\/wp-content\/uploads\/2024\/06\/Morangos-de-Londrina-Pesquisadores-da-UEL-desenv0306455402202103262232-1.webp\" alt=\"\" title=\"\" data-id=\"1556\" \/><\/figure><\/div><div class=\"wp-block-themeisle-blocks-slider-item-wrapper glide__slide\"><figure><img decoding=\"async\" class=\"wp-block-themeisle-blocks-slider-item\" src=\"https:\/\/sites.uel.br\/international\/wp-content\/uploads\/2024\/06\/academia-cefe.jpeg\" alt=\"\" title=\"\" data-id=\"1557\" \/><figcaption>Projeto com idosas desmitifica tabu de que exerc\u00edcio f\u00edsico tem limite de idade &#8211;<\/figcaption><\/figure><\/div><div class=\"wp-block-themeisle-blocks-slider-item-wrapper glide__slide\"><figure><img decoding=\"async\" class=\"wp-block-themeisle-blocks-slider-item\" src=\"https:\/\/sites.uel.br\/international\/wp-content\/uploads\/2024\/06\/Fungicida.jpeg\" alt=\"\" title=\"\" data-id=\"1558\" \/><\/figure><\/div><div class=\"wp-block-themeisle-blocks-slider-item-wrapper glide__slide\"><figure><img decoding=\"async\" class=\"wp-block-themeisle-blocks-slider-item\" src=\"https:\/\/sites.uel.br\/international\/wp-content\/uploads\/2024\/06\/ceramica-uel.jpeg\" alt=\"\" title=\"\" data-id=\"1559\" \/><\/figure><\/div><div class=\"wp-block-themeisle-blocks-slider-item-wrapper glide__slide\"><figure><img decoding=\"async\" class=\"wp-block-themeisle-blocks-slider-item\" src=\"https:\/\/sites.uel.br\/international\/wp-content\/uploads\/2024\/06\/Camara-Climatica.jpeg\" alt=\"\" title=\"\" data-id=\"1560\" \/><figcaption>CTU inaugura maior c\u00e2mara clim\u00e1tica do pa\u00eds para ensaios com materiais de estrutura &#8211; Com mais de 100 metros quadrados, a C\u00e2mara ser\u00e1 usada para ensaios com materiais de estrutura &#8211;<\/figcaption><\/figure><\/div><div class=\"wp-block-themeisle-blocks-slider-item-wrapper glide__slide\"><figure><img decoding=\"async\" class=\"wp-block-themeisle-blocks-slider-item\" src=\"https:\/\/sites.uel.br\/international\/wp-content\/uploads\/2024\/06\/HV-.jpeg\" alt=\"\" title=\"\" data-id=\"1561\" \/><\/figure><\/div><\/div><\/div><\/div>\n\n\n\n<div style=\"height:43px\" aria-hidden=\"true\" class=\"wp-block-spacer\"><\/div>\n\n\n\n<figure class=\"wp-block-image size-large\"><img loading=\"lazy\" decoding=\"async\" width=\"1024\" height=\"72\" src=\"https:\/\/sites.uel.br\/international\/wp-content\/uploads\/2024\/06\/itens-1024x72.png\" alt=\"\" class=\"wp-image-1570\" srcset=\"https:\/\/sites.uel.br\/international\/wp-content\/uploads\/2024\/06\/itens-1024x72.png 1024w, https:\/\/sites.uel.br\/international\/wp-content\/uploads\/2024\/06\/itens-300x21.png 300w, https:\/\/sites.uel.br\/international\/wp-content\/uploads\/2024\/06\/itens-768x54.png 768w, https:\/\/sites.uel.br\/international\/wp-content\/uploads\/2024\/06\/itens.png 1080w\" sizes=\"auto, (max-width: 1024px) 100vw, 1024px\" \/><\/figure>\n\n\n\n<div style=\"height:43px\" aria-hidden=\"true\" class=\"wp-block-spacer\"><\/div>\n\n\n\n<div class=\"wp-block-columns is-layout-flex wp-container-core-columns-is-layout-9d6595d7 wp-block-columns-is-layout-flex\">\n<div class=\"wp-block-column is-layout-flow wp-block-column-is-layout-flow\">\n<p>La Oficina de Estudios de Posgrado e Investigaci\u00f3n (PROPPG) es responsable de la articulaci\u00f3n y gesti\u00f3n de las actividades de investigaci\u00f3n y posgrado en la Universidad Estatal de Londrina (UEL). Para el cumplimiento de sus objetivos, la PROPPG est\u00e1 compuesta por una Divisi\u00f3n de Investigaci\u00f3n, una Divisi\u00f3n de Estudios de Posgrado y una unidad de apoyo a la investigaci\u00f3n. La PROPPG gestiona una variedad de programas institucionales para el desarrollo de la investigaci\u00f3n y los estudios de posgrado, fomenta la investigaci\u00f3n en laboratorios de uso compartido, orienta el proceso de revalidaci\u00f3n de t\u00edtulos extranjeros y contribuye a la inserci\u00f3n internacional de la UEL. Adem\u00e1s, apoya revistas cient\u00edficas como Semina y los Comit\u00e9s de \u00c9tica en investigaci\u00f3n tanto con seres humanos como con animales.<\/p>\n\n\n\n<p>Los estudiantes de pregrado tienen la oportunidad de participar en proyectos de investigaci\u00f3n bajo la orientaci\u00f3n de nuestros profesores e investigadores.<\/p>\n\n\n\n<p>Para ello, existen dos programas principales: Programa Institucional de Becas de Iniciaci\u00f3n Cient\u00edfica y Programa Institucional de Iniciaci\u00f3n Tecnol\u00f3gica e Innovaci\u00f3n. Parte de los estudiantes recibe becas otorgadas por el gobierno federal o estatal, o con recursos financieros propios de la universidad.<\/p>\n<\/div>\n\n\n\n<div class=\"wp-block-column is-layout-flow wp-block-column-is-layout-flow\">\n<p>Los programas de posgrado ofrecidos en la UEL incluyen: Lato Sensu (Especializaciones, Residencias) y Stricto Sensu (Maestr\u00edas, Doctorados y Posdoctorados). Adem\u00e1s, se desarrollan una amplia variedad de proyectos de investigaci\u00f3n en todas las \u00e1reas del conocimiento, vinculados a los profesores de la UEL y a cientos de grupos de investigaci\u00f3n oficialmente reconocidos por el CNPq (Consejo Nacional de Desarrollo Cient\u00edfico y Tecnol\u00f3gico).<\/p>\n\n\n\n<p>La UEL cuenta con m\u00e1s de 250 laboratorios de investigaci\u00f3n, que tambi\u00e9n albergan y apoyan actividades cient\u00edficas, de posgrado y de docencia.<\/p>\n\n\n\n<p>La mayor\u00eda de estos laboratorios est\u00e1 directamente vinculada a los centros de estudio y departamentos, mientras que otros forman parte de la Central Multiusuario de Laboratorios de Investigaci\u00f3n (CMLP). La CMLP ofrece una infraestructura centralizada con equipos de gran porte destinados al uso compartido.<\/p>\n<\/div>\n<\/div>\n\n\n\n<div style=\"height:50px\" aria-hidden=\"true\" class=\"wp-block-spacer\"><\/div>\n\n\n\n<div class=\"wp-block-columns is-layout-flex wp-container-core-columns-is-layout-9d6595d7 wp-block-columns-is-layout-flex\">\n<div class=\"wp-block-column is-layout-flow wp-block-column-is-layout-flow\" style=\"flex-basis:66.66%\">\n<p><strong>Contact:<\/strong><br>\u2709\ufe0f <a href=\"mailto:proppgdp@uel.br\">proppgdp@uel.br<\/a><\/p>\n<\/div>\n\n\n\n<div class=\"wp-block-column is-layout-flow wp-block-column-is-layout-flow\" style=\"flex-basis:33.33%\">\n<div class=\"wp-block-buttons is-layout-flex wp-block-buttons-is-layout-flex\"><\/div>\n<\/div>\n<\/div>\n\n\n\n<p><\/p>\n","protected":false},"excerpt":{"rendered":"<p>La Oficina de Estudios de Posgrado e Investigaci\u00f3n (PROPPG) es responsable de la articulaci\u00f3n y gesti\u00f3n de las actividades de investigaci\u00f3n y posgrado en la Universidad Estatal de Londrina (UEL). Para el cumplimiento de sus objetivos, la PROPPG est\u00e1 compuesta por una Divisi\u00f3n de Investigaci\u00f3n, una Divisi\u00f3n de Estudios de Posgrado y una unidad de [&hellip;]<\/p>\n","protected":false},"author":13,"featured_media":0,"parent":0,"menu_order":0,"comment_status":"closed","ping_status":"closed","template":"","meta":{"_themeisle_gutenberg_block_has_review":false,"footnotes":""},"class_list":["post-2388","page","type-page","status-publish","hentry"],"acf":[],"_links":{"self":[{"href":"https:\/\/sites.uel.br\/international\/wp-json\/wp\/v2\/pages\/2388","targetHints":{"allow":["GET"]}}],"collection":[{"href":"https:\/\/sites.uel.br\/international\/wp-json\/wp\/v2\/pages"}],"about":[{"href":"https:\/\/sites.uel.br\/international\/wp-json\/wp\/v2\/types\/page"}],"author":[{"embeddable":true,"href":"https:\/\/sites.uel.br\/international\/wp-json\/wp\/v2\/users\/13"}],"replies":[{"embeddable":true,"href":"https:\/\/sites.uel.br\/international\/wp-json\/wp\/v2\/comments?post=2388"}],"version-history":[{"count":2,"href":"https:\/\/sites.uel.br\/international\/wp-json\/wp\/v2\/pages\/2388\/revisions"}],"predecessor-version":[{"id":2465,"href":"https:\/\/sites.uel.br\/international\/wp-json\/wp\/v2\/pages\/2388\/revisions\/2465"}],"wp:attachment":[{"href":"https:\/\/sites.uel.br\/international\/wp-json\/wp\/v2\/media?parent=2388"}],"curies":[{"name":"wp","href":"https:\/\/api.w.org\/{rel}","templated":true}]}}