{"id":2386,"date":"2025-11-10T11:17:35","date_gmt":"2025-11-10T14:17:35","guid":{"rendered":"https:\/\/sites.uel.br\/international\/?page_id=2386"},"modified":"2025-11-11T15:43:19","modified_gmt":"2025-11-11T18:43:19","slug":"classements","status":"publish","type":"page","link":"https:\/\/sites.uel.br\/international\/fr\/a-propos-de-luel\/classements\/","title":{"rendered":"Classements"},"content":{"rendered":"\n<div style=\"height:49px\" aria-hidden=\"true\" class=\"wp-block-spacer\"><\/div>\n\n\n\n<div class=\"wp-block-columns is-layout-flex wp-container-core-columns-is-layout-9d6595d7 wp-block-columns-is-layout-flex\">\n<div class=\"wp-block-column is-layout-flow wp-block-column-is-layout-flow\">\n<div id=\"wp-block-themeisle-blocks-accordion-d1f5cbe9\" data-has-schema=\"false\" class=\"wp-block-themeisle-blocks-accordion exclusive  is-style-default\">\n<details class=\"wp-block-themeisle-blocks-accordion-item\"><summary class=\"wp-block-themeisle-blocks-accordion-item__title\"><div><img loading=\"lazy\" decoding=\"async\" width=\"882\" height=\"463\" class=\"wp-image-377\" style=\"width: 350px\" src=\"https:\/\/sites.uel.br\/international\/wp-content\/uploads\/2023\/03\/QS_World_University_Rankings_Logo.jpeg\" alt=\"\" srcset=\"https:\/\/sites.uel.br\/international\/wp-content\/uploads\/2023\/03\/QS_World_University_Rankings_Logo.jpeg 882w, https:\/\/sites.uel.br\/international\/wp-content\/uploads\/2023\/03\/QS_World_University_Rankings_Logo-300x157.jpeg 300w, https:\/\/sites.uel.br\/international\/wp-content\/uploads\/2023\/03\/QS_World_University_Rankings_Logo-768x403.jpeg 768w\" sizes=\"auto, (max-width: 882px) 100vw, 882px\" \/><\/div><\/summary><div class=\"wp-block-themeisle-blocks-accordion-item__content\">\n<h3 class=\"wp-block-heading\">Classements QS des universit\u00e9s mondiales<\/h3>\n\n\n\n<p>L&#8217;UEL est consid\u00e9r\u00e9e comme la meilleure universit\u00e9 publique du Paran\u00e1 et la quatri\u00e8me meilleure universit\u00e9 publique du Br\u00e9sil, selon le classement QS des universit\u00e9s mondiales. Ce classement est publi\u00e9 par Quacquarelli Symonds, un cabinet de conseil britannique sp\u00e9cialis\u00e9 dans l&#8217;enseignement sup\u00e9rieur. Avec neuf autres \u00e9tablissements, l&#8217;UEL se classe dixi\u00e8me parmi les universit\u00e9s br\u00e9siliennes. L&#8217;Universit\u00e9 f\u00e9d\u00e9rale du Paran\u00e1 occupe la m\u00eame position; ces deux \u00e9tablissements sont les seuls de l&#8217;\u00c9tat du Paran\u00e1 \u00e0 figurer dans ce classement.<\/p>\n\n\n\n<p><\/p>\n<\/div><\/details>\n\n\n\n<details class=\"wp-block-themeisle-blocks-accordion-item\"><summary class=\"wp-block-themeisle-blocks-accordion-item__title\"><div><img loading=\"lazy\" decoding=\"async\" width=\"500\" height=\"250\" class=\"wp-image-388\" style=\"width: 350px\" src=\"https:\/\/sites.uel.br\/international\/wp-content\/uploads\/2023\/03\/ranking_folha_uniuv-small500.png\" alt=\"\" srcset=\"https:\/\/sites.uel.br\/international\/wp-content\/uploads\/2023\/03\/ranking_folha_uniuv-small500.png 500w, https:\/\/sites.uel.br\/international\/wp-content\/uploads\/2023\/03\/ranking_folha_uniuv-small500-300x150.png 300w\" sizes=\"auto, (max-width: 500px) 100vw, 500px\" \/><\/div><\/summary><div class=\"wp-block-themeisle-blocks-accordion-item__content\">\n<h3 class=\"wp-block-heading\">RUF<\/h3>\n\n\n\n<p>L&#8217;UEL \u00e9tait consid\u00e9r\u00e9e comme la 24e meilleure universit\u00e9 du Br\u00e9sil et la deuxi\u00e8me meilleure de l&#8217;\u00c9tat du Paran\u00e1 (juste derri\u00e8re l&#8217;Universit\u00e9 f\u00e9d\u00e9rale du Paran\u00e1), selon le classement RUF (Ranking Universit\u00e1rio Folha) publi\u00e9 par le journal Folha de S\u00e3o Paulo. L&#8217;UEL a gagn\u00e9 une place, puisqu&#8217;elle occupait la 25e position dans le classement pr\u00e9c\u00e9dent.<\/p>\n\n\n\n<p><\/p>\n<\/div><\/details>\n\n\n\n<details class=\"wp-block-themeisle-blocks-accordion-item\"><summary class=\"wp-block-themeisle-blocks-accordion-item__title\"><div><img loading=\"lazy\" decoding=\"async\" width=\"850\" height=\"410\" class=\"wp-image-383\" style=\"width: 350px\" src=\"https:\/\/sites.uel.br\/international\/wp-content\/uploads\/2023\/03\/the-impact-ranking-2020.png\" alt=\"\" srcset=\"https:\/\/sites.uel.br\/international\/wp-content\/uploads\/2023\/03\/the-impact-ranking-2020.png 850w, https:\/\/sites.uel.br\/international\/wp-content\/uploads\/2023\/03\/the-impact-ranking-2020-300x145.png 300w, https:\/\/sites.uel.br\/international\/wp-content\/uploads\/2023\/03\/the-impact-ranking-2020-768x370.png 768w\" sizes=\"auto, (max-width: 850px) 100vw, 850px\" \/><\/div><\/summary><div class=\"wp-block-themeisle-blocks-accordion-item__content\">\n<h3 class=\"wp-block-heading\">University Impact Rankings<\/h3>\n\n\n\n<p>L&#8217;Universit\u00e9 d&#8217;\u00c9tat de Londrina (UEL) a \u00e9t\u00e9 class\u00e9e dans le groupe 301-400 parmi les universit\u00e9s les plus durables au monde, selon le classement University Impact Ranking de 2024. Ce classement a \u00e9valu\u00e9 plus de 2 100 institutions dans le monde, dont 55 \u00e9taient br\u00e9siliennes.<\/p>\n\n\n\n<p>Ce classement distingue les \u00e9tablissements du monde entier en fonction de leur impact socio-\u00e9conomique, selon les Objectifs de d\u00e9veloppement durable (ODD) propos\u00e9s par les Nations Unies. Le recteur de l&#8217;universit\u00e9 a r\u00e9affirm\u00e9 l&#8217;engagement de l&#8217;UEL envers le Programme de d\u00e9veloppement durable \u00e0 l&#8217;horizon 2030.<\/p>\n\n\n\n<figure class=\"wp-block-image size-full\"><img loading=\"lazy\" decoding=\"async\" width=\"960\" height=\"768\" src=\"https:\/\/sites.uel.br\/international\/wp-content\/uploads\/2025\/11\/Classements-Icones-FR.png\" alt=\"\" class=\"wp-image-2761\" srcset=\"https:\/\/sites.uel.br\/international\/wp-content\/uploads\/2025\/11\/Classements-Icones-FR.png 960w, https:\/\/sites.uel.br\/international\/wp-content\/uploads\/2025\/11\/Classements-Icones-FR-300x240.png 300w, https:\/\/sites.uel.br\/international\/wp-content\/uploads\/2025\/11\/Classements-Icones-FR-768x614.png 768w\" sizes=\"auto, (max-width: 960px) 100vw, 960px\" \/><\/figure>\n<\/div><\/details>\n<\/div>\n<\/div>\n\n\n\n<div class=\"wp-block-column is-layout-flow wp-block-column-is-layout-flow\">\n<div id=\"wp-block-themeisle-blocks-accordion-886a4c3e\" class=\"wp-block-themeisle-blocks-accordion exclusive is-style-default\">\n<details class=\"wp-block-themeisle-blocks-accordion-item\"><summary class=\"wp-block-themeisle-blocks-accordion-item__title\"><div><img loading=\"lazy\" decoding=\"async\" width=\"1200\" height=\"630\" class=\"wp-image-381\" style=\"width: 350px\" src=\"https:\/\/sites.uel.br\/international\/wp-content\/uploads\/2023\/03\/ranking_the.jpeg\" alt=\"\" srcset=\"https:\/\/sites.uel.br\/international\/wp-content\/uploads\/2023\/03\/ranking_the.jpeg 1200w, https:\/\/sites.uel.br\/international\/wp-content\/uploads\/2023\/03\/ranking_the-300x158.jpeg 300w, https:\/\/sites.uel.br\/international\/wp-content\/uploads\/2023\/03\/ranking_the-1024x538.jpeg 1024w, https:\/\/sites.uel.br\/international\/wp-content\/uploads\/2023\/03\/ranking_the-768x403.jpeg 768w\" sizes=\"auto, (max-width: 1200px) 100vw, 1200px\" \/><\/div><\/summary><div class=\"wp-block-themeisle-blocks-accordion-item__content\">\n<h3 class=\"wp-block-heading\">Classement mondial des universit\u00e9s<\/h3>\n\n\n\n<p>L&#8217;UEL figure parmi les meilleures universit\u00e9s du Br\u00e9sil selon le classement mondial des universit\u00e9s publi\u00e9 par le magazine britannique THE (Times Higher Education). Parmi les 36 \u00e9tablissements br\u00e9siliens pr\u00e9sents dans ce classement, l&#8217;UEL se classe 5e meilleure universit\u00e9 publique et excelle dans la recherche et l&#8217;enseignement.<\/p>\n<\/div><\/details>\n\n\n\n<details class=\"wp-block-themeisle-blocks-accordion-item\"><summary class=\"wp-block-themeisle-blocks-accordion-item__title\"><div><img loading=\"lazy\" decoding=\"async\" width=\"3500\" height=\"1723\" class=\"wp-image-385\" style=\"width: 350px\" src=\"https:\/\/sites.uel.br\/international\/wp-content\/uploads\/2023\/03\/inep-logo-1.png\" alt=\"\" srcset=\"https:\/\/sites.uel.br\/international\/wp-content\/uploads\/2023\/03\/inep-logo-1.png 3500w, https:\/\/sites.uel.br\/international\/wp-content\/uploads\/2023\/03\/inep-logo-1-300x148.png 300w, https:\/\/sites.uel.br\/international\/wp-content\/uploads\/2023\/03\/inep-logo-1-1024x504.png 1024w, https:\/\/sites.uel.br\/international\/wp-content\/uploads\/2023\/03\/inep-logo-1-768x378.png 768w, https:\/\/sites.uel.br\/international\/wp-content\/uploads\/2023\/03\/inep-logo-1-1536x756.png 1536w, https:\/\/sites.uel.br\/international\/wp-content\/uploads\/2023\/03\/inep-logo-1-2048x1008.png 2048w\" sizes=\"auto, (max-width: 3500px) 100vw, 3500px\" \/><\/div><\/summary><div class=\"wp-block-themeisle-blocks-accordion-item__content\">\n<h3 class=\"wp-block-heading\">IGC<\/h3>\n\n\n\n<p>L&#8217;UEL est la premi\u00e8re universit\u00e9 d&#8217;\u00c9tat du Sud du Br\u00e9sil au classement de l&#8217;\u00cdndice Geral de Cursos (IGC), selon les r\u00e9sultats publi\u00e9s par l&#8217;Instituto Nacional de Estudos e Pesquisas Educacionais An\u00edsio Teixeira (INEP), relevant du minist\u00e8re de l&#8217;\u00c9ducation (MEC). \u00c0 l&#8217;\u00e9chelle nationale, l&#8217;UEL occupe la 23e place parmi les universit\u00e9s br\u00e9siliennes et la 21e parmi les universit\u00e9s publiques, se hissant ainsi parmi les quatre meilleures universit\u00e9s d&#8217;\u00c9tat du Br\u00e9sil.<\/p>\n<\/div><\/details>\n<\/div>\n<\/div>\n<\/div>\n\n\n\n<p><\/p>\n","protected":false},"excerpt":{"rendered":"","protected":false},"author":13,"featured_media":0,"parent":2690,"menu_order":0,"comment_status":"closed","ping_status":"closed","template":"","meta":{"_themeisle_gutenberg_block_has_review":false,"footnotes":""},"class_list":["post-2386","page","type-page","status-publish","hentry"],"acf":[],"_links":{"self":[{"href":"https:\/\/sites.uel.br\/international\/wp-json\/wp\/v2\/pages\/2386","targetHints":{"allow":["GET"]}}],"collection":[{"href":"https:\/\/sites.uel.br\/international\/wp-json\/wp\/v2\/pages"}],"about":[{"href":"https:\/\/sites.uel.br\/international\/wp-json\/wp\/v2\/types\/page"}],"author":[{"embeddable":true,"href":"https:\/\/sites.uel.br\/international\/wp-json\/wp\/v2\/users\/13"}],"replies":[{"embeddable":true,"href":"https:\/\/sites.uel.br\/international\/wp-json\/wp\/v2\/comments?post=2386"}],"version-history":[{"count":3,"href":"https:\/\/sites.uel.br\/international\/wp-json\/wp\/v2\/pages\/2386\/revisions"}],"predecessor-version":[{"id":2762,"href":"https:\/\/sites.uel.br\/international\/wp-json\/wp\/v2\/pages\/2386\/revisions\/2762"}],"up":[{"embeddable":true,"href":"https:\/\/sites.uel.br\/international\/wp-json\/wp\/v2\/pages\/2690"}],"wp:attachment":[{"href":"https:\/\/sites.uel.br\/international\/wp-json\/wp\/v2\/media?parent=2386"}],"curies":[{"name":"wp","href":"https:\/\/api.w.org\/{rel}","templated":true}]}}