{"id":2383,"date":"2025-11-11T09:23:08","date_gmt":"2025-11-11T12:23:08","guid":{"rendered":"https:\/\/sites.uel.br\/international\/?page_id=2383"},"modified":"2025-11-11T11:56:45","modified_gmt":"2025-11-11T14:56:45","slug":"portugais-comme-langue-etrangere","status":"publish","type":"page","link":"https:\/\/sites.uel.br\/international\/fr\/etudier-a-luel\/portugais-comme-langue-etrangere\/","title":{"rendered":"Portugais comme langue \u00e9trang\u00e8re"},"content":{"rendered":"\n<div style=\"height:20px\" aria-hidden=\"true\" class=\"wp-block-spacer\"><\/div>\n\n\n\n<div class=\"wp-block-columns is-layout-flex wp-container-core-columns-is-layout-9d6595d7 wp-block-columns-is-layout-flex\">\n<div class=\"wp-block-column is-layout-flow wp-block-column-is-layout-flow\">\n<p>Les cours \u00e0 l&#8217;UEL sont dispens\u00e9s principalement en portugais; il est donc recommand\u00e9 aux \u00e9tudiants d&#8217;avoir au moins un niveau de base en portugais. Les \u00e9tudiants en \u00e9change n&#8217;ont pas besoin de pr\u00e9senter de certificat de comp\u00e9tence linguistique.<\/p>\n<\/div>\n\n\n\n<div class=\"wp-block-column is-layout-flow wp-block-column-is-layout-flow\">\n<p>Pour faciliter votre pr\u00e9paration, votre arriv\u00e9e et votre s\u00e9jour \u00e0 l&#8217;UEL, des cours de portugais langue \u00e9trang\u00e8re sont propos\u00e9s. Leur contenu et leurs modalit\u00e9s d&#8217;enseignement varient. Les \u00e9tudiants des universit\u00e9s partenaires ont la possibilit\u00e9 de suivre le cours de portugais en ligne depuis leur pays d&#8217;origine s&#8217;ils souhaitent am\u00e9liorer leur niveau avant le d\u00e9but de leurs \u00e9tudes. Pour plus d&#8217;informations sur les cours de portugais destin\u00e9s aux \u00e9tudiants des universit\u00e9s partenaires, veuillez contacter mobilidade@uel.br.<\/p>\n<\/div>\n<\/div>\n\n\n\n<div class=\"wp-block-columns is-layout-flex wp-container-core-columns-is-layout-9d6595d7 wp-block-columns-is-layout-flex\">\n<div class=\"wp-block-column is-layout-flow wp-block-column-is-layout-flow\">\n<div style=\"height:56px\" aria-hidden=\"true\" class=\"wp-block-spacer\"><\/div>\n\n\n\n<h3 class=\"wp-block-heading\">Cours de langue portugaise pour \u00e9tudiants internationaux<\/h3>\n\n\n\n<div class=\"wp-block-columns is-layout-flex wp-container-core-columns-is-layout-9d6595d7 wp-block-columns-is-layout-flex\">\n<div class=\"wp-block-column is-layout-flow wp-block-column-is-layout-flow\">\n<figure class=\"wp-block-image size-full\"><img loading=\"lazy\" decoding=\"async\" width=\"800\" height=\"800\" src=\"https:\/\/sites.uel.br\/international\/wp-content\/uploads\/2025\/11\/idiomas.gif\" alt=\"\" class=\"wp-image-2664\" \/><figcaption class=\"wp-element-caption\">Langues Sans Fronti\u00e8res <br>(cours en ligne et en pr\u00e9sentiel)<\/figcaption><\/figure>\n<\/div>\n\n\n\n<div class=\"wp-block-column is-layout-flow wp-block-column-is-layout-flow\"><div class=\"wp-block-image\">\n<figure class=\"aligncenter size-full\"><img loading=\"lazy\" decoding=\"async\" width=\"800\" height=\"800\" src=\"https:\/\/sites.uel.br\/international\/wp-content\/uploads\/2025\/11\/pfi_idiomas-4.gif\" alt=\"\" class=\"wp-image-2662\" \/><figcaption class=\"wp-element-caption\">Paran\u00e1 Parle Langues <br>(cours en ligne)<\/figcaption><\/figure>\n<\/div><\/div>\n\n\n\n<div class=\"wp-block-column is-layout-flow wp-block-column-is-layout-flow\">\n<figure class=\"wp-block-image size-full\"><img loading=\"lazy\" decoding=\"async\" width=\"800\" height=\"800\" src=\"https:\/\/sites.uel.br\/international\/wp-content\/uploads\/2025\/11\/lab_linguas.gif\" alt=\"\" class=\"wp-image-2663\" \/><figcaption class=\"wp-element-caption\">Centre de Langues Universitaires <br>(cours en ligne et en pr\u00e9sentiel)<\/figcaption><\/figure>\n<\/div>\n<\/div>\n<\/div>\n<\/div>\n\n\n\n<div class=\"wp-block-columns is-layout-flex wp-container-core-columns-is-layout-9d6595d7 wp-block-columns-is-layout-flex\">\n<div class=\"wp-block-column is-layout-flow wp-block-column-is-layout-flow\" style=\"flex-basis:66.66%\">\n<h3 class=\"wp-block-heading\">Celpe-Bras<\/h3>\n\n\n\n<p>Le Certificat de comp\u00e9tence en langue portugaise pour \u00e9trangers (Celpe-Bras) est l&#8217;examen officiel br\u00e9silien attestant du niveau de comp\u00e9tence en portugais langue \u00e9trang\u00e8re. L&#8217;UEL est un centre d&#8217;examen Celpe-Bras depuis 2008 et dispose d&#8217;une \u00e9quipe d\u00e9di\u00e9e pour accompagner les candidats et r\u00e9pondre \u00e0 leurs questions. L&#8217;examen a g\u00e9n\u00e9ralement lieu deux fois par an, en avril et en octobre. La premi\u00e8re \u00e9tape consiste \u00e0 s&#8217;inscrire sur le site web de l&#8217;<a href=\"http:\/\/celpebras.inep.gov.br\/celpebras\/\">INEP<\/a>.<\/p>\n\n\n\n<p>Pour plus d&#8217;informations: <a href=\"mailto:celpebras.uel@gmail.com\">celpebras.uel@gmail.com<\/a><\/p>\n<\/div>\n\n\n\n<div class=\"wp-block-column is-layout-flow wp-block-column-is-layout-flow\" style=\"flex-basis:33.33%\">\n<div style=\"height:80px\" aria-hidden=\"true\" class=\"wp-block-spacer\"><\/div>\n\n\n<div class=\"wp-block-image\">\n<figure class=\"aligncenter size-large is-resized\"><img loading=\"lazy\" decoding=\"async\" width=\"1024\" height=\"358\" src=\"https:\/\/sites.uel.br\/international\/wp-content\/uploads\/2024\/06\/celpe-1024x358.png\" alt=\"\" class=\"wp-image-1545\" style=\"width:260px;height:auto\" srcset=\"https:\/\/sites.uel.br\/international\/wp-content\/uploads\/2024\/06\/celpe-1024x358.png 1024w, https:\/\/sites.uel.br\/international\/wp-content\/uploads\/2024\/06\/celpe-300x105.png 300w, https:\/\/sites.uel.br\/international\/wp-content\/uploads\/2024\/06\/celpe-768x269.png 768w, https:\/\/sites.uel.br\/international\/wp-content\/uploads\/2024\/06\/celpe.png 1080w\" sizes=\"auto, (max-width: 1024px) 100vw, 1024px\" \/><\/figure>\n<\/div><\/div>\n<\/div>\n\n\n\n<p><\/p>\n\n\n\n<p><\/p>\n","protected":false},"excerpt":{"rendered":"<p>Les cours \u00e0 l&#8217;UEL sont dispens\u00e9s principalement en portugais; il est donc recommand\u00e9 aux \u00e9tudiants d&#8217;avoir au moins un niveau de base en portugais. Les \u00e9tudiants en \u00e9change n&#8217;ont pas besoin de pr\u00e9senter de certificat de comp\u00e9tence linguistique. Pour faciliter votre pr\u00e9paration, votre arriv\u00e9e et votre s\u00e9jour \u00e0 l&#8217;UEL, des cours de portugais langue \u00e9trang\u00e8re [&hellip;]<\/p>\n","protected":false},"author":13,"featured_media":0,"parent":2696,"menu_order":0,"comment_status":"closed","ping_status":"closed","template":"","meta":{"_themeisle_gutenberg_block_has_review":false,"footnotes":""},"class_list":["post-2383","page","type-page","status-publish","hentry"],"acf":[],"_links":{"self":[{"href":"https:\/\/sites.uel.br\/international\/wp-json\/wp\/v2\/pages\/2383","targetHints":{"allow":["GET"]}}],"collection":[{"href":"https:\/\/sites.uel.br\/international\/wp-json\/wp\/v2\/pages"}],"about":[{"href":"https:\/\/sites.uel.br\/international\/wp-json\/wp\/v2\/types\/page"}],"author":[{"embeddable":true,"href":"https:\/\/sites.uel.br\/international\/wp-json\/wp\/v2\/users\/13"}],"replies":[{"embeddable":true,"href":"https:\/\/sites.uel.br\/international\/wp-json\/wp\/v2\/comments?post=2383"}],"version-history":[{"count":4,"href":"https:\/\/sites.uel.br\/international\/wp-json\/wp\/v2\/pages\/2383\/revisions"}],"predecessor-version":[{"id":2667,"href":"https:\/\/sites.uel.br\/international\/wp-json\/wp\/v2\/pages\/2383\/revisions\/2667"}],"up":[{"embeddable":true,"href":"https:\/\/sites.uel.br\/international\/wp-json\/wp\/v2\/pages\/2696"}],"wp:attachment":[{"href":"https:\/\/sites.uel.br\/international\/wp-json\/wp\/v2\/media?parent=2383"}],"curies":[{"name":"wp","href":"https:\/\/api.w.org\/{rel}","templated":true}]}}