{"id":2381,"date":"2025-11-06T10:28:29","date_gmt":"2025-11-06T13:28:29","guid":{"rendered":"https:\/\/sites.uel.br\/international\/?page_id=2381"},"modified":"2025-11-06T10:28:59","modified_gmt":"2025-11-06T13:28:59","slug":"portugues-como-lengua-extranjera","status":"publish","type":"page","link":"https:\/\/sites.uel.br\/international\/es\/portugues-como-lengua-extranjera\/","title":{"rendered":"Portugu\u00e9s como Lengua Extranjera"},"content":{"rendered":"\n<div style=\"height:50px\" aria-hidden=\"true\" class=\"wp-block-spacer\"><\/div>\n\n\n\n<div class=\"wp-block-columns is-layout-flex wp-container-core-columns-is-layout-9d6595d7 wp-block-columns-is-layout-flex\">\n<div class=\"wp-block-column is-layout-flow wp-block-column-is-layout-flow\">\n<p>Las clases en la UEL se imparten principalmente en portugu\u00e9s, por lo que se recomienda que los estudiantes tengan al menos un nivel b\u00e1sico del idioma.<\/p>\n\n\n\n<p>Los estudiantes de intercambio no necesitan presentar un certificado de competencia ling\u00fc\u00edstica.<\/p>\n<\/div>\n\n\n\n<div class=\"wp-block-column is-layout-flow wp-block-column-is-layout-flow\">\n<p>Para apoyar la preparaci\u00f3n, la llegada y la estancia en la UEL, se ofrecen cursos de portugu\u00e9s como lengua extranjera.<\/p>\n\n\n\n<p>Estos var\u00edan en contenido y modalidad de ense\u00f1anza.<\/p>\n\n\n\n<p>Los estudiantes de universidades asociadas tienen la opci\u00f3n de realizar el curso de portugu\u00e9s en l\u00ednea desde su pa\u00eds de origen, si desean mejorar el idioma antes de comenzar sus estudios. Para m\u00e1s informaci\u00f3n sobre los cursos de portugu\u00e9s para estudiantes de universidades asociadas, contacte: <a href=\"mailto:mobilidade@uel.br\">mobilidade@uel.br<\/a><\/p>\n<\/div>\n<\/div>\n\n\n\n<div class=\"wp-block-columns is-layout-flex wp-container-core-columns-is-layout-9d6595d7 wp-block-columns-is-layout-flex\">\n<div class=\"wp-block-column is-layout-flow wp-block-column-is-layout-flow\">\n<div style=\"height:56px\" aria-hidden=\"true\" class=\"wp-block-spacer\"><\/div>\n\n\n\n<h3 class=\"wp-block-heading\">Cursos de Lengua Portuguesa para Estudiantes Internacionales<\/h3>\n\n\n<div class=\"wp-block-image\">\n<figure class=\"aligncenter size-full is-resized\"><img loading=\"lazy\" decoding=\"async\" width=\"1024\" height=\"286\" src=\"https:\/\/sites.uel.br\/international\/wp-content\/uploads\/2025\/11\/logos-idiomas-ARI-1.png\" alt=\"\" class=\"wp-image-2461\" style=\"width:998px;height:auto\" srcset=\"https:\/\/sites.uel.br\/international\/wp-content\/uploads\/2025\/11\/logos-idiomas-ARI-1.png 1024w, https:\/\/sites.uel.br\/international\/wp-content\/uploads\/2025\/11\/logos-idiomas-ARI-1-300x84.png 300w, https:\/\/sites.uel.br\/international\/wp-content\/uploads\/2025\/11\/logos-idiomas-ARI-1-768x215.png 768w\" sizes=\"auto, (max-width: 1024px) 100vw, 1024px\" \/><\/figure>\n<\/div><\/div>\n<\/div>\n\n\n\n<div class=\"wp-block-columns is-layout-flex wp-container-core-columns-is-layout-9d6595d7 wp-block-columns-is-layout-flex\">\n<div class=\"wp-block-column is-layout-flow wp-block-column-is-layout-flow\" style=\"flex-basis:66.66%\">\n<h3 class=\"wp-block-heading\">Celpe-Bras<\/h3>\n\n\n\n<p>El Certificado de Dominio de la Lengua Portuguesa para Extranjeros (Celpe-Bras) es el examen oficial brasile\u00f1o que certifica la competencia en portugu\u00e9s como lengua extranjera.<\/p>\n\n\n\n<p>La UEL es Centro Aplicador del Examen Celpe-Bras desde 2008 y cuenta con un equipo especializado disponible para orientar y aclarar dudas a los interesados. El examen se realiza normalmente dos veces al a\u00f1o, en abril y octubre. El primer paso es registrarse en el sitio web del Inep: <a href=\"http:\/\/celpebras.inep.gov.br\/celpebras\/\">http:\/\/celpebras.inep.gov.br\/celpebras\/<\/a><\/p>\n\n\n\n<p>M\u00e1s informaci\u00f3n: <a href=\"mailto:celpebras.uel@gmail.com\">celpebras.uel@gmail.com<\/a><\/p>\n<\/div>\n\n\n\n<div class=\"wp-block-column is-layout-flow wp-block-column-is-layout-flow\" style=\"flex-basis:33.33%\">\n<div style=\"height:100px\" aria-hidden=\"true\" class=\"wp-block-spacer\"><\/div>\n\n\n<div class=\"wp-block-image\">\n<figure class=\"alignleft size-large is-resized\"><img loading=\"lazy\" decoding=\"async\" width=\"1024\" height=\"358\" src=\"https:\/\/sites.uel.br\/international\/wp-content\/uploads\/2024\/06\/celpe-1024x358.png\" alt=\"\" class=\"wp-image-1545\" style=\"width:260px;height:auto\" srcset=\"https:\/\/sites.uel.br\/international\/wp-content\/uploads\/2024\/06\/celpe-1024x358.png 1024w, https:\/\/sites.uel.br\/international\/wp-content\/uploads\/2024\/06\/celpe-300x105.png 300w, https:\/\/sites.uel.br\/international\/wp-content\/uploads\/2024\/06\/celpe-768x269.png 768w, https:\/\/sites.uel.br\/international\/wp-content\/uploads\/2024\/06\/celpe.png 1080w\" sizes=\"auto, (max-width: 1024px) 100vw, 1024px\" \/><\/figure>\n<\/div><\/div>\n<\/div>\n\n\n\n<p><\/p>\n","protected":false},"excerpt":{"rendered":"<p>Las clases en la UEL se imparten principalmente en portugu\u00e9s, por lo que se recomienda que los estudiantes tengan al menos un nivel b\u00e1sico del idioma. Los estudiantes de intercambio no necesitan presentar un certificado de competencia ling\u00fc\u00edstica. Para apoyar la preparaci\u00f3n, la llegada y la estancia en la UEL, se ofrecen cursos de portugu\u00e9s [&hellip;]<\/p>\n","protected":false},"author":13,"featured_media":0,"parent":0,"menu_order":0,"comment_status":"closed","ping_status":"closed","template":"","meta":{"_themeisle_gutenberg_block_has_review":false,"footnotes":""},"class_list":["post-2381","page","type-page","status-publish","hentry"],"acf":[],"_links":{"self":[{"href":"https:\/\/sites.uel.br\/international\/wp-json\/wp\/v2\/pages\/2381","targetHints":{"allow":["GET"]}}],"collection":[{"href":"https:\/\/sites.uel.br\/international\/wp-json\/wp\/v2\/pages"}],"about":[{"href":"https:\/\/sites.uel.br\/international\/wp-json\/wp\/v2\/types\/page"}],"author":[{"embeddable":true,"href":"https:\/\/sites.uel.br\/international\/wp-json\/wp\/v2\/users\/13"}],"replies":[{"embeddable":true,"href":"https:\/\/sites.uel.br\/international\/wp-json\/wp\/v2\/comments?post=2381"}],"version-history":[{"count":3,"href":"https:\/\/sites.uel.br\/international\/wp-json\/wp\/v2\/pages\/2381\/revisions"}],"predecessor-version":[{"id":2463,"href":"https:\/\/sites.uel.br\/international\/wp-json\/wp\/v2\/pages\/2381\/revisions\/2463"}],"wp:attachment":[{"href":"https:\/\/sites.uel.br\/international\/wp-json\/wp\/v2\/media?parent=2381"}],"curies":[{"name":"wp","href":"https:\/\/api.w.org\/{rel}","templated":true}]}}