{"id":2378,"date":"2025-11-10T10:44:29","date_gmt":"2025-11-10T13:44:29","guid":{"rendered":"https:\/\/sites.uel.br\/international\/?page_id=2378"},"modified":"2025-11-11T13:37:54","modified_gmt":"2025-11-11T16:37:54","slug":"presentation-2","status":"publish","type":"page","link":"https:\/\/sites.uel.br\/international\/fr\/a-propos-de-luel\/presentation-2\/","title":{"rendered":"Pr\u00e9sentation"},"content":{"rendered":"\n<div style=\"height:20px\" aria-hidden=\"true\" class=\"wp-block-spacer\"><\/div>\n\n\n\n<div class=\"wp-block-cover alignfull\" style=\"margin-top:0;padding-top:4vw;padding-right:4vw;padding-bottom:4vw;padding-left:4vw;min-height:314px;aspect-ratio:unset;\"><img loading=\"lazy\" decoding=\"async\" width=\"1080\" height=\"810\" class=\"wp-block-cover__image-background wp-image-903\" alt=\"\" src=\"https:\/\/sites.uel.br\/international\/wp-content\/uploads\/2024\/01\/262378479_6487804604624267_8814999289855776233_n.jpg\" style=\"object-position:49% 100%\" data-object-fit=\"cover\" data-object-position=\"49% 100%\" srcset=\"https:\/\/sites.uel.br\/international\/wp-content\/uploads\/2024\/01\/262378479_6487804604624267_8814999289855776233_n.jpg 1080w, https:\/\/sites.uel.br\/international\/wp-content\/uploads\/2024\/01\/262378479_6487804604624267_8814999289855776233_n-300x225.jpg 300w, https:\/\/sites.uel.br\/international\/wp-content\/uploads\/2024\/01\/262378479_6487804604624267_8814999289855776233_n-1024x768.jpg 1024w, https:\/\/sites.uel.br\/international\/wp-content\/uploads\/2024\/01\/262378479_6487804604624267_8814999289855776233_n-768x576.jpg 768w\" sizes=\"auto, (max-width: 1080px) 100vw, 1080px\" \/><span aria-hidden=\"true\" class=\"wp-block-cover__background has-background-dim-0 has-background-dim\" style=\"background-color:#2c3066\"><\/span><div class=\"wp-block-cover__inner-container is-layout-flow wp-block-cover-is-layout-flow\">\n<div class=\"wp-block-group\"><div class=\"wp-block-group__inner-container is-layout-flow wp-block-group-is-layout-flow\">\n<p class=\"has-text-align-center has-cinza-claro-color has-text-color\" style=\"font-size:59px;font-style:normal;font-weight:800;letter-spacing:10px;line-height:0.9;text-transform:capitalize\"><\/p>\n<\/div><\/div>\n<\/div><\/div>\n\n\n\n<div style=\"height:60px\" aria-hidden=\"true\" class=\"wp-block-spacer\"><\/div>\n\n\n\n<div class=\"wp-block-columns is-layout-flex wp-container-core-columns-is-layout-9d6595d7 wp-block-columns-is-layout-flex\">\n<div class=\"wp-block-column is-layout-flow wp-block-column-is-layout-flow\" style=\"flex-basis:66.66%\">\n<p>L&#8217;<strong>Universit\u00e9 d&#8217;\u00c9tat de Londrina<\/strong> (UEL) est situ\u00e9e sur un <strong>charmant campus<\/strong>, dans la ville de Londrina, compos\u00e9 de 235 hectares, entour\u00e9 d&#8217;<strong>espaces verts<\/strong>, o\u00f9 l&#8217;objectif est une combinaison d&#8217;excellence et de qualit\u00e9 de vie.<\/p>\n\n\n\n<p>En adoptant des pratiques administratives <strong>d\u00e9mocratiques <\/strong>et en garantissant une pleine autonomie acad\u00e9mique et scientifique, l&#8217;<strong>UEL est une universit\u00e9 publique et gratuite<\/strong>, dont la mission est de g\u00e9rer sa structure selon une perspective d\u00e9mocratique, en toute <strong>autonomie didactique et scientifique<\/strong>. Elle est engag\u00e9e dans le d\u00e9veloppement social et \u00e9conomique ainsi que dans la transformation politique et culturelle de l&#8217;<strong>\u00c9tat du Paran\u00e1 et du Br\u00e9sil<\/strong>.<\/p>\n\n\n\n<p>L&#8217;Universit\u00e9 d&#8217;\u00c9tat de Londrina, qui existe depuis plus de 50 ans, rassemble une communaut\u00e9 d&#8217;environ 24 000 personnes (pr\u00e8s de 5 000 enseignants et membres du personnel et 19 000 \u00e9tudiants de premier et deuxi\u00e8me cycles). Si l&#8217;UEL \u00e9tait l&#8217;une des 399 municipalit\u00e9s de l&#8217;\u00c9tat du Paran\u00e1, elle serait plus peupl\u00e9e que 321 d&#8217;entre elles.<\/p>\n\n\n\n<p>Une institution de cette envergure offre une gamme de services visant \u00e0 assurer confort, s\u00e9curit\u00e9, tranquillit\u00e9 et les ressources n\u00e9cessaires \u00e0 l&#8217;accomplissement de sa mission et \u00e0 permettre aux \u00e9tudiants, aux professeurs et au personnel de vivre dans un <strong>espace d\u00e9mocratique, organis\u00e9 et fonctionnel<\/strong>, et de mener leurs activit\u00e9s acad\u00e9miques et administratives dans un environnement soucieux du <strong>plein exercice de la citoyennet\u00e9<\/strong>.<\/p>\n\n\n\n<p>Parmi les services disponibles, beaucoup sont \u00e9galement ouverts \u00e0 la communaut\u00e9 ext\u00e9rieure, tels que les agences bancaires, le restaurant universitaire, les caf\u00e9t\u00e9rias, les biblioth\u00e8ques, les librairies, les laboratoires, les mus\u00e9es, les services de x\u00e9rographie, les programmes de radio et de t\u00e9l\u00e9vision, les cliniques et les espaces culturels.<\/p>\n\n\n\n<p>Plus sp\u00e9cifiquement pour la communaut\u00e9 interne, l&#8217;UEL propose des logements \u00e9tudiants, des accords avec des professionnels de la sant\u00e9 et des laboratoires, des soins ambulatoires, des programmes de soutien social et familial et des services de sant\u00e9, d&#8217;\u00e9ducation et de pr\u00e9vention, de m\u00e9decine du travail et de pr\u00e9vention de la toxicomanie, entre autres.<\/p>\n\n\n\n<p>Sur le plan politique, les \u00e9tudiants comptent sur les centres acad\u00e9miques des cursus de premier cycle, le r\u00e9pertoire central des \u00e9tudiants et une repr\u00e9sentation au sein des trois conseils sup\u00e9rieurs, les plus hauts organes de l&#8217;institution.<\/p>\n\n\n\n<p>\u00ab UEL \u00bb signifie Universidade Estadual de Londrina (Universit\u00e9 d&#8217;\u00c9tat de Londrina), situ\u00e9e dans la ville de Londrina, au sud du Br\u00e9sil.<\/p>\n\n\n\n<div id=\"wp-block-themeisle-blocks-accordion-735b1efa\" class=\"wp-block-themeisle-blocks-accordion exclusive\">\n<details class=\"wp-block-themeisle-blocks-accordion-item\"><summary class=\"wp-block-themeisle-blocks-accordion-item__title\"><div><strong>L&#8217;Universit\u00e9<\/strong><\/div><\/summary><div class=\"wp-block-themeisle-blocks-accordion-item__content\">\n<p><a href=\"https:\/\/sites.uel.br\/international\/fr\/etudier-a-luel\/premier-cycle\/\" target=\"_blank\" rel=\"noreferrer noopener\">53 cours de premier cycle<\/a><\/p>\n\n\n\n<p>49 programmes de master et de doctorat<br>59 cours de sp\u00e9cialisation<br>69 r\u00e9sidences<\/p>\n<\/div><\/details>\n\n\n\n<details class=\"wp-block-themeisle-blocks-accordion-item\"><summary class=\"wp-block-themeisle-blocks-accordion-item__title\"><div><strong>\u00c9tudiants<\/strong><\/div><\/summary><div class=\"wp-block-themeisle-blocks-accordion-item__content\">\n<p>+12 000 \u00e9tudiants de premier cycle<\/p>\n\n\n\n<p>+5 000 dipl\u00f4m\u00e9s<\/p>\n<\/div><\/details>\n\n\n\n<details class=\"wp-block-themeisle-blocks-accordion-item\"><summary class=\"wp-block-themeisle-blocks-accordion-item__title\"><div><strong>Recherche<\/strong><\/div><\/summary><div class=\"wp-block-themeisle-blocks-accordion-item__content\">\n<p>+250 laboratoires apportent leur soutien \u00e0 des projets de recherche scientifique et \u00e0 des activit\u00e9s p\u00e9dagogiques.<\/p>\n\n\n\n<p>+1 300 projets de recherche en cours<\/p>\n\n\n\n<p>Principaux domaines de recherche : agronomie, sciences animales, \u00e9ducation, pathologie exp\u00e9rimentale, sciences de l\u2019alimentation, sant\u00e9 et r\u00e9adaptation, enseignement des langues, \u00e9tudes linguistiques, math\u00e9matiques, microbiologie, g\u00e9n\u00e9tique et biologie mol\u00e9culaires, enseignement des sciences, technologies, ing\u00e9nierie et math\u00e9matiques (STEM).<\/p>\n<\/div><\/details>\n\n\n\n<details class=\"wp-block-themeisle-blocks-accordion-item\"><summary class=\"wp-block-themeisle-blocks-accordion-item__title\"><div><strong>Facult\u00e9<\/strong><\/div><\/summary><div class=\"wp-block-themeisle-blocks-accordion-item__content\">\n<p>+1 500 membres du corps professoral<\/p>\n\n\n\n<p>+90% des professeurs sont titulaires d&#8217;un doctorat ou ont effectu\u00e9 des \u00e9tudes postdoctorales.<\/p>\n<\/div><\/details>\n<\/div>\n\n\n\n<div style=\"height:41px\" aria-hidden=\"true\" class=\"wp-block-spacer\"><\/div>\n\n\n\n<h3 class=\"wp-block-heading\"><strong>Mission<\/strong><\/h3>\n\n\n\n<p>La mission de l&#8217;UEL est de produire et de diffuser le savoir en formant citoyens et professionnels dans divers domaines universitaires, dans le respect des valeurs \u00e9thiques de libert\u00e9, d&#8217;\u00e9galit\u00e9 et de justice sociale. L&#8217;universit\u00e9 a connu une croissance consid\u00e9rable et figure actuellement <a href=\"http:\/\/www.uel.br\/portal\/english\/index.php\/about-uel\/ranking\/\"><strong>parmi les cinq meilleures universit\u00e9s publiques du pays<\/strong><\/a>.<\/p>\n\n\n\n<p>Forte de plus de 50 ans d&#8217;exp\u00e9rience dans l&#8217;enseignement, la recherche et le rayonnement, l&#8217;UEL s&#8217;efforce de remplir son r\u00f4le qui consiste \u00e0 cr\u00e9er des opportunit\u00e9s et \u00e0 fournir des ressources humaines de haut niveau \u00e0 de nombreux domaines diff\u00e9rents.<\/p>\n\n\n\n<figure class=\"wp-block-embed is-type-video is-provider-youtube wp-block-embed-youtube wp-embed-aspect-16-9 wp-has-aspect-ratio\"><div class=\"wp-block-embed__wrapper\">\n<iframe loading=\"lazy\" title=\"V\u00eddeo Institucional - UEL - Franc\u00eas\" width=\"500\" height=\"281\" src=\"https:\/\/www.youtube.com\/embed\/zb9AnFEzeJA?feature=oembed\" frameborder=\"0\" allow=\"accelerometer; autoplay; clipboard-write; encrypted-media; gyroscope; picture-in-picture; web-share\" referrerpolicy=\"strict-origin-when-cross-origin\" allowfullscreen><\/iframe>\n<\/div><\/figure>\n\n\n\n<p><strong>Rectrice<\/strong>: Marta Regina Gimenez Favaro<\/p>\n\n\n\n<p id=\"wp-block-themeisle-blocks-advanced-heading-7b91dd90\" class=\"wp-block-themeisle-blocks-advanced-heading wp-block-themeisle-blocks-advanced-heading-7b91dd90\"><strong>E-mail:<\/strong> reitoria@uel.br<\/p>\n\n\n\n<p><strong>Vice-Recteur<\/strong>: Airton Jos\u00e9 Petris<\/p>\n\n\n\n<p><strong>E-mail:<\/strong> vicereitoria@uel.br<\/p>\n\n\n\n<p><strong>Directrice des Relations Internationales<\/strong>: Viviane Bagio Furtoso<\/p>\n\n\n\n<p><strong>E-mail:<\/strong> ari@uel.br<\/p>\n<\/div>\n\n\n\n<div class=\"wp-block-column is-layout-flow wp-block-column-is-layout-flow\" style=\"flex-basis:33.33%\">\n<div data-wp-interactive=\"core\/file\" class=\"wp-block-file\"><object data-wp-bind--hidden=\"!state.hasPdfPreview\" hidden class=\"wp-block-file__embed\" data=\"https:\/\/sites.uel.br\/international\/wp-content\/uploads\/2024\/04\/uel_em_dados_2023.pdf\" type=\"application\/pdf\" style=\"width:100%;height:346px\" aria-label=\"Incorporar PDF\"><\/object><a href=\"https:\/\/sites.uel.br\/international\/wp-content\/uploads\/2024\/04\/uel_em_dados_2023.pdf\" class=\"wp-block-file__button wp-element-button\" download>Download<\/a><\/div>\n\n\n<div style=\"height:400pxpx;\" class=\"wp-block-themeisle-blocks-leaflet-map\" id=\"wp-block-themeisle-blocks-leaflet-map-623f3c75\"><\/div>\n<script type=\"text\/javascript\">\n\t\/* <![CDATA[ *\/\n\t\tif ( ! window.themeisleLeafletMaps ) window.themeisleLeafletMaps =[];\n\t\twindow.themeisleLeafletMaps.push( { container: \"wp-block-themeisle-blocks-leaflet-map-623f3c75\", attributes: {\"id\":\"wp-block-themeisle-blocks-leaflet-map-623f3c75\",\"location\":\"Londrina, Paran\\u00e1, Brasil\",\"latitude\":\"-23.325740062383666\",\"longitude\":\"-51.197686493396766\",\"bbox\":\"-51.19860112667084,-23.326725254047698,-51.19677186012269,-23.324754863414956\",\"zoom\":18,\"markers\":[{\"latitude\":-23.32518219436467,\"longitude\":-51.201645938273636,\"id\":\"54fd1cc5-b25c-4422-8033-d9144d1a6b64\",\"title\":\"Add a title\",\"description\":\"\"}],\"height\":\"400px\",\"zoomControl\":true,\"draggable\":true,\"hasCustomCSS\":false,\"customCSS\":\"\",\"otterConditions\":[]} } );\n\t\/* ]]> *\/\n<\/script>\n<\/div>\n<\/div>\n\n\n\n<p><\/p>\n","protected":false},"excerpt":{"rendered":"<p>L&#8217;Universit\u00e9 d&#8217;\u00c9tat de Londrina (UEL) est situ\u00e9e sur un charmant campus, dans la ville de Londrina, compos\u00e9 de 235 hectares, entour\u00e9 d&#8217;espaces verts, o\u00f9 l&#8217;objectif est une combinaison d&#8217;excellence et de qualit\u00e9 de vie. En adoptant des pratiques administratives d\u00e9mocratiques et en garantissant une pleine autonomie acad\u00e9mique et scientifique, l&#8217;UEL est une universit\u00e9 publique et [&hellip;]<\/p>\n","protected":false},"author":13,"featured_media":0,"parent":2690,"menu_order":0,"comment_status":"closed","ping_status":"closed","template":"","meta":{"_themeisle_gutenberg_block_has_review":false,"footnotes":""},"class_list":["post-2378","page","type-page","status-publish","hentry"],"acf":[],"_links":{"self":[{"href":"https:\/\/sites.uel.br\/international\/wp-json\/wp\/v2\/pages\/2378","targetHints":{"allow":["GET"]}}],"collection":[{"href":"https:\/\/sites.uel.br\/international\/wp-json\/wp\/v2\/pages"}],"about":[{"href":"https:\/\/sites.uel.br\/international\/wp-json\/wp\/v2\/types\/page"}],"author":[{"embeddable":true,"href":"https:\/\/sites.uel.br\/international\/wp-json\/wp\/v2\/users\/13"}],"replies":[{"embeddable":true,"href":"https:\/\/sites.uel.br\/international\/wp-json\/wp\/v2\/comments?post=2378"}],"version-history":[{"count":10,"href":"https:\/\/sites.uel.br\/international\/wp-json\/wp\/v2\/pages\/2378\/revisions"}],"predecessor-version":[{"id":2708,"href":"https:\/\/sites.uel.br\/international\/wp-json\/wp\/v2\/pages\/2378\/revisions\/2708"}],"up":[{"embeddable":true,"href":"https:\/\/sites.uel.br\/international\/wp-json\/wp\/v2\/pages\/2690"}],"wp:attachment":[{"href":"https:\/\/sites.uel.br\/international\/wp-json\/wp\/v2\/media?parent=2378"}],"curies":[{"name":"wp","href":"https:\/\/api.w.org\/{rel}","templated":true}]}}