{"id":2375,"date":"2025-11-11T11:31:57","date_gmt":"2025-11-11T14:31:57","guid":{"rendered":"https:\/\/sites.uel.br\/international\/?page_id=2375"},"modified":"2025-11-11T13:34:28","modified_gmt":"2025-11-11T16:34:28","slug":"alliances-internationales","status":"publish","type":"page","link":"https:\/\/sites.uel.br\/international\/fr\/cooperation-internationale\/alliances-internationales\/","title":{"rendered":"Alliances internationales"},"content":{"rendered":"\n<div class=\"wp-block-columns is-layout-flex wp-container-core-columns-is-layout-9d6595d7 wp-block-columns-is-layout-flex\">\n<div class=\"wp-block-column is-layout-flow wp-block-column-is-layout-flow\" style=\"flex-basis:100%\">\n<div style=\"height:35px\" aria-hidden=\"true\" class=\"wp-block-spacer\"><\/div>\n\n\n<div style=\"height:500pxpx;\" class=\"wp-block-themeisle-blocks-leaflet-map\" id=\"wp-block-themeisle-blocks-leaflet-map-d05b9f10\"><\/div>\n<script type=\"text\/javascript\">\n\t\/* <![CDATA[ *\/\n\t\tif ( ! window.themeisleLeafletMaps ) window.themeisleLeafletMaps =[];\n\t\twindow.themeisleLeafletMaps.push( { container: \"wp-block-themeisle-blocks-leaflet-map-d05b9f10\", attributes: {\"id\":\"wp-block-themeisle-blocks-leaflet-map-d05b9f10\",\"location\":\"united states\",\"latitude\":\"-8.113615081493329\",\"longitude\":\"231.85546875000003\",\"bbox\":\"-514.6875000000001,-89.7860070747368,978.7500000000001,89.71271741914602\",\"zoom\":0,\"height\":\"500px\",\"markers\":[{\"latitude\":4.701156136552793,\"longitude\":-74.06430960954405,\"id\":\"65fabcef-a8ea-4343-9cb4-d31ce6bd3da9\",\"title\":\"Colombia\",\"description\":\"\"},{\"latitude\":-37.99616267972813,\"longitude\":-64.85958639642747,\"id\":\"10ecb147-f2bc-47fd-8fea-636f92ebf317\",\"title\":\"Argentina\",\"description\":\"\"},{\"latitude\":59.085738569819505,\"longitude\":51.15234375,\"id\":\"1bf0084b-bbb2-485c-90cc-37b35c7d66b1\",\"title\":\"Russia\",\"description\":\"\"},{\"id\":\"2369127d-504f-4fbb-a21f-3c4256897b2d\",\"latitude\":-11.60919340793894,\"longitude\":18.544921875000004,\"title\":\"Angola\",\"description\":\"\"},{\"latitude\":-18.312810846425442,\"longitude\":34.80468750000001,\"id\":\"d4ab6f5b-90ab-4f85-a455-19ac1f15cdad\",\"title\":\"Mo\\u00e7ambique\",\"description\":\"\"},{\"latitude\":-15.604520240514239,\"longitude\":-64.29199218750001,\"id\":\"1ed659eb-7dbd-4e4f-9e95-11403389fe1a\",\"title\":\"Bolivia\",\"description\":\"\"},{\"latitude\":-36.370433479899695,\"longitude\":-72.29003906250001,\"id\":\"1b87d46b-91be-4110-a996-6eaebc08dac9\",\"title\":\"Chile\",\"description\":\"\"},{\"latitude\":62.803723277703774,\"longitude\":-102.08496093750001,\"id\":\"3d58188b-5026-40e4-b239-994139272487\",\"title\":\"Canad\\u00e1\",\"description\":\"\"},{\"latitude\":23.805449612314625,\"longitude\":-102.216796875,\"id\":\"6c7acf74-fb2e-4175-b1c3-08e2de7c1cb3\",\"title\":\"M\\u00e9xico\",\"description\":\"\"},{\"latitude\":21.78436868316746,\"longitude\":-80.10131835937501,\"id\":\"10cff760-4929-404f-b998-835bfa2395bb\",\"title\":\"Cuba\",\"description\":\"\"},{\"latitude\":37.020098201368114,\"longitude\":-98.87695312500001,\"id\":\"46962c18-1ce1-4a7e-9d8a-1256c8f3d49b\",\"title\":\"Estados Unidos\",\"description\":\"\"},{\"latitude\":-22.67484735118852,\"longitude\":-58.53515625000001,\"id\":\"d4b55ed9-97fb-47c0-adbb-21c8a0caa001\",\"title\":\"Paraguai\",\"description\":\"\"},{\"latitude\":-9.96885060854611,\"longitude\":-76.11328125000001,\"id\":\"214df74c-56ab-4035-a761-ac29c50f2a1b\",\"title\":\"Per\\u00fa\",\"description\":\"\"},{\"latitude\":-32.53060504985311,\"longitude\":-55.59082031250001,\"id\":\"93941fe8-9362-4897-8904-0777a1f43061\",\"title\":\"Uruguai\",\"description\":\"\"},{\"latitude\":6.664607562172573,\"longitude\":-65.39062500000001,\"id\":\"b002f3dc-e18d-4cae-ad8b-6a9488c1a527\",\"title\":\"Venezuela\",\"description\":\"\"},{\"latitude\":51.34433866059924,\"longitude\":10.72265625,\"id\":\"b35e33b8-b5f9-4ff0-884e-4ada0d16152b\",\"title\":\"Alemanha\",\"description\":\"\"},{\"latitude\":22.105998799750566,\"longitude\":78.39843750000001,\"id\":\"b965dd2b-28d4-4ad6-aaa0-de68b1e48972\",\"title\":\"India\",\"description\":\"\"},{\"latitude\":36.1733569352216,\"longitude\":98.43750000000001,\"id\":\"3cda7217-c223-4150-b1a4-eaa7ad000c0f\",\"title\":\"China\",\"description\":\"\"},{\"latitude\":36.59788913307022,\"longitude\":137.81250000000003,\"id\":\"ed874abe-b4fd-4f7f-ae01-327848570519\",\"title\":\"Jap\\u00e3o\",\"description\":\"\"},{\"latitude\":32.54681317351517,\"longitude\":54.31640625000001,\"id\":\"97b308f6-1ac4-403b-8c8e-906e0842aa97\",\"title\":\"Ir\\u00e3\",\"description\":\"\"},{\"latitude\":-0.9351696572152137,\"longitude\":-77.36572265625001,\"id\":\"b3223e15-d620-414c-aff8-dd8a867835bd\",\"title\":\"Ecuador\",\"description\":\"\"},{\"latitude\":39.842286020743394,\"longitude\":-8.261718750000002,\"id\":\"4306af7e-e4aa-4413-854b-5bf5b3d61f0f\",\"title\":\"Portugal\",\"description\":\"\"},{\"latitude\":40.337123670420354,\"longitude\":-2.1313476562500004,\"id\":\"b8ae6e75-871d-41bc-bd51-deb1f626aaf3\",\"title\":\"Espanha\",\"description\":\"\"},{\"latitude\":47.09163058564968,\"longitude\":3.40576171875,\"id\":\"09e405dc-4e5b-4453-91a7-4c4acc215ac2\",\"title\":\"Fran\\u00e7a\",\"description\":\"\"},{\"latitude\":42.414332240033474,\"longitude\":13.601074218750002,\"id\":\"5d8d14dc-7503-438f-a16b-84187997ca66\",\"title\":\"Italia\",\"description\":\"\"},{\"latitude\":52.50201169900509,\"longitude\":6.130371093750001,\"id\":\"b6187f12-c732-4380-a752-98b0e1ffd7a8\",\"title\":\"Holanda\",\"description\":\"\"}],\"zoomControl\":true,\"draggable\":true,\"hasCustomCSS\":false,\"customCSS\":\"\",\"otterConditions\":[]} } );\n\t\/* ]]> *\/\n<\/script>\n\n\n<div class=\"wp-block-image\">\n<figure class=\"aligncenter size-full is-resized\"><img loading=\"lazy\" decoding=\"async\" width=\"699\" height=\"114\" src=\"https:\/\/sites.uel.br\/international\/wp-content\/uploads\/2024\/09\/pins.png\" alt=\"\" class=\"wp-image-2062\" style=\"width:586px;height:auto\" srcset=\"https:\/\/sites.uel.br\/international\/wp-content\/uploads\/2024\/09\/pins.png 699w, https:\/\/sites.uel.br\/international\/wp-content\/uploads\/2024\/09\/pins-300x49.png 300w\" sizes=\"auto, (max-width: 699px) 100vw, 699px\" \/><\/figure>\n<\/div>\n\n\n<div style=\"height:35px\" aria-hidden=\"true\" class=\"wp-block-spacer\"><\/div>\n\n\n\n<div class=\"wp-block-columns is-layout-flex wp-container-core-columns-is-layout-9d6595d7 wp-block-columns-is-layout-flex\">\n<div class=\"wp-block-column is-layout-flow wp-block-column-is-layout-flow\" style=\"flex-basis:66.66%\">\n<h3 class=\"wp-block-heading\">Alliances internationales<\/h3>\n\n\n\n<p>Si vous \u00eates int\u00e9ress\u00e9s \u00e0 coop\u00e9rer avec l&#8217;Universit\u00e9 d&#8217;\u00c9tat de Londrina, vous devez envoyer une sollicitude par courrier \u00e9lectronique au Bureau des relations internationales: cooperacao@uel.br.<\/p>\n\n\n\n<p>En g\u00e9n\u00e9ral, la coop\u00e9ration commence par un m\u00e9morando d&#8217;engagement, qui est un document \u00e0 caract\u00e8re g\u00e9n\u00e9ral. Ceci repr\u00e9sente le point de d\u00e9part de l&#8217;alliance et, en g\u00e9n\u00e9ral, il s&#8217;approche de l&#8217;universit\u00e9 enti\u00e8re. Les Acuerdos Espec\u00edficos se fondent sur le M\u00e9morando de Entendimiento et peuvent aborder tant l&#8217;\u00e9change acad\u00e9mique (pour les \u00e9tudiants, les professeurs et\/ou l&#8217;administrateur personnel) que la coop\u00e9ration scientifique. Ces faits peuvent \u00eatre appliqu\u00e9s \u00e0 l\u2019ensemble de l\u2019universit\u00e9 ou du centre dans un domaine d\u2019\u00e9tude sp\u00e9cifique.<\/p>\n\n\n\n<p>Nos mod\u00e8les d\u2019affaires bilat\u00e9rales peuvent \u00eatre consult\u00e9s <a href=\"https:\/\/drive.google.com\/drive\/folders\/1VomHfN6QjvjCinDlrowP4rxstMFa7j_q?usp=sharing\">ici<\/a>. Il suffit de t\u00e9l\u00e9charger et de compl\u00e9ter les espaces avec les informations n\u00e9cessaires!<\/p>\n\n\n\n<p>Si vous avez une question, communiquez avec notre Division de Coop\u00e9ration Internationale au courrier cooperacao@uel.br ou au t\u00e9l\u00e9phone +55 (43) 3371-5897.<\/p>\n<\/div>\n\n\n\n<div class=\"wp-block-column is-layout-flow wp-block-column-is-layout-flow\" style=\"flex-basis:33.33%\">\n<div class=\"wp-block-buttons is-layout-flex wp-block-buttons-is-layout-flex\">\n<div class=\"wp-block-button\"><a class=\"wp-block-button__link has-verde-background-color has-text-color has-background has-medium-font-size has-custom-font-size wp-element-button\" href=\"https:\/\/linktr.ee\/ari_uel\" style=\"border-radius:0px;color:#fefefe\">Universit\u00e9s sociales<\/a><\/div>\n<\/div>\n<\/div>\n<\/div>\n\n\n\n<div class=\"wp-block-columns is-layout-flex wp-container-core-columns-is-layout-9d6595d7 wp-block-columns-is-layout-flex\">\n<div class=\"wp-block-column is-layout-flow wp-block-column-is-layout-flow\"><\/div>\n\n\n\n<div class=\"wp-block-column is-layout-flow wp-block-column-is-layout-flow\"><\/div>\n<\/div>\n<\/div>\n<\/div>\n\n\n\n<p><\/p>\n","protected":false},"excerpt":{"rendered":"<p>Alliances internationales Si vous \u00eates int\u00e9ress\u00e9s \u00e0 coop\u00e9rer avec l&#8217;Universit\u00e9 d&#8217;\u00c9tat de Londrina, vous devez envoyer une sollicitude par courrier \u00e9lectronique au Bureau des relations internationales: cooperacao@uel.br. En g\u00e9n\u00e9ral, la coop\u00e9ration commence par un m\u00e9morando d&#8217;engagement, qui est un document \u00e0 caract\u00e8re g\u00e9n\u00e9ral. Ceci repr\u00e9sente le point de d\u00e9part de l&#8217;alliance et, en g\u00e9n\u00e9ral, il [&hellip;]<\/p>\n","protected":false},"author":13,"featured_media":0,"parent":2706,"menu_order":0,"comment_status":"closed","ping_status":"closed","template":"","meta":{"_themeisle_gutenberg_block_has_review":false,"footnotes":""},"class_list":["post-2375","page","type-page","status-publish","hentry"],"acf":[],"_links":{"self":[{"href":"https:\/\/sites.uel.br\/international\/wp-json\/wp\/v2\/pages\/2375","targetHints":{"allow":["GET"]}}],"collection":[{"href":"https:\/\/sites.uel.br\/international\/wp-json\/wp\/v2\/pages"}],"about":[{"href":"https:\/\/sites.uel.br\/international\/wp-json\/wp\/v2\/types\/page"}],"author":[{"embeddable":true,"href":"https:\/\/sites.uel.br\/international\/wp-json\/wp\/v2\/users\/13"}],"replies":[{"embeddable":true,"href":"https:\/\/sites.uel.br\/international\/wp-json\/wp\/v2\/comments?post=2375"}],"version-history":[{"count":2,"href":"https:\/\/sites.uel.br\/international\/wp-json\/wp\/v2\/pages\/2375\/revisions"}],"predecessor-version":[{"id":2683,"href":"https:\/\/sites.uel.br\/international\/wp-json\/wp\/v2\/pages\/2375\/revisions\/2683"}],"up":[{"embeddable":true,"href":"https:\/\/sites.uel.br\/international\/wp-json\/wp\/v2\/pages\/2706"}],"wp:attachment":[{"href":"https:\/\/sites.uel.br\/international\/wp-json\/wp\/v2\/media?parent=2375"}],"curies":[{"name":"wp","href":"https:\/\/api.w.org\/{rel}","templated":true}]}}