{"id":2363,"date":"2025-11-11T11:35:37","date_gmt":"2025-11-11T14:35:37","guid":{"rendered":"https:\/\/sites.uel.br\/international\/?page_id=2363"},"modified":"2025-11-11T13:35:50","modified_gmt":"2025-11-11T16:35:50","slug":"redes-2","status":"publish","type":"page","link":"https:\/\/sites.uel.br\/international\/fr\/cooperation-internationale\/redes-2\/","title":{"rendered":"Redes"},"content":{"rendered":"\n<div style=\"height:50px\" aria-hidden=\"true\" class=\"wp-block-spacer\"><\/div>\n\n\n\n<div class=\"wp-block-columns is-layout-flex wp-container-core-columns-is-layout-9d6595d7 wp-block-columns-is-layout-flex\">\n<div class=\"wp-block-column is-layout-flow wp-block-column-is-layout-flow\"><div class=\"wp-block-image\">\n<figure class=\"aligncenter size-full is-resized\"><img loading=\"lazy\" decoding=\"async\" width=\"1003\" height=\"408\" src=\"https:\/\/sites.uel.br\/international\/wp-content\/uploads\/2023\/03\/logo-zicosur.png\" alt=\"\" class=\"wp-image-587\" style=\"width:256px;height:auto\" srcset=\"https:\/\/sites.uel.br\/international\/wp-content\/uploads\/2023\/03\/logo-zicosur.png 1003w, https:\/\/sites.uel.br\/international\/wp-content\/uploads\/2023\/03\/logo-zicosur-300x122.png 300w, https:\/\/sites.uel.br\/international\/wp-content\/uploads\/2023\/03\/logo-zicosur-768x312.png 768w\" sizes=\"auto, (max-width: 1003px) 100vw, 1003px\" \/><figcaption class=\"wp-element-caption\"><a href=\"https:\/\/zicosuruniversitario.com\"><br><br>ZICOSUR &#8211; Zone d\u2019int\u00e9gration du centre-ouest de l\u2019Am\u00e9rique du Sud<br><\/a><br><\/figcaption><\/figure>\n<\/div><\/div>\n\n\n\n<div class=\"wp-block-column is-layout-flow wp-block-column-is-layout-flow\"><div class=\"wp-block-image\">\n<figure class=\"aligncenter size-full is-resized\"><img loading=\"lazy\" decoding=\"async\" width=\"800\" height=\"312\" src=\"https:\/\/sites.uel.br\/international\/wp-content\/uploads\/2023\/03\/IFMSA_Brazil.png\" alt=\"\" class=\"wp-image-589\" style=\"width:256px;height:auto\" srcset=\"https:\/\/sites.uel.br\/international\/wp-content\/uploads\/2023\/03\/IFMSA_Brazil.png 800w, https:\/\/sites.uel.br\/international\/wp-content\/uploads\/2023\/03\/IFMSA_Brazil-300x117.png 300w, https:\/\/sites.uel.br\/international\/wp-content\/uploads\/2023\/03\/IFMSA_Brazil-768x300.png 768w\" sizes=\"auto, (max-width: 800px) 100vw, 800px\" \/><figcaption class=\"wp-element-caption\"><a href=\"https:\/\/ifmsabrazil.org\"><br><br>IFMSA &#8211; F\u00e9d\u00e9ration internationale des associations d\u2019\u00e9tudiants en m\u00e9decine<br><\/a><br><\/figcaption><\/figure>\n<\/div><\/div>\n\n\n\n<div class=\"wp-block-column is-layout-flow wp-block-column-is-layout-flow\"><div class=\"wp-block-image\">\n<figure class=\"aligncenter size-full is-resized\"><img loading=\"lazy\" decoding=\"async\" width=\"409\" height=\"123\" src=\"https:\/\/sites.uel.br\/international\/wp-content\/uploads\/2023\/03\/faubai.png\" alt=\"\" class=\"wp-image-590\" style=\"width:303px;height:auto\" srcset=\"https:\/\/sites.uel.br\/international\/wp-content\/uploads\/2023\/03\/faubai.png 409w, https:\/\/sites.uel.br\/international\/wp-content\/uploads\/2023\/03\/faubai-300x90.png 300w\" sizes=\"auto, (max-width: 409px) 100vw, 409px\" \/><figcaption class=\"wp-element-caption\"><a href=\"https:\/\/faubai.org.br\"><br><br>FAUBAI \u2013 Asociaci\u00f3n Brasile\u00f1a de Educaci\u00f3n Internacional<span lang=\"EN-US\" style=\",sans-serif;letter-spacing:-.4pt;background:white\"><\/span><br><\/a><br><\/figcaption><\/figure>\n<\/div><\/div>\n<\/div>\n\n\n\n<div class=\"wp-block-columns is-layout-flex wp-container-core-columns-is-layout-9d6595d7 wp-block-columns-is-layout-flex\">\n<div class=\"wp-block-column is-layout-flow wp-block-column-is-layout-flow\"><div class=\"wp-block-image\">\n<figure class=\"aligncenter size-full is-resized\"><img loading=\"lazy\" decoding=\"async\" width=\"225\" height=\"225\" src=\"https:\/\/sites.uel.br\/international\/wp-content\/uploads\/2023\/03\/ibs.png\" alt=\"\" class=\"wp-image-633\" style=\"width:166px;height:auto\" srcset=\"https:\/\/sites.uel.br\/international\/wp-content\/uploads\/2023\/03\/ibs.png 225w, https:\/\/sites.uel.br\/international\/wp-content\/uploads\/2023\/03\/ibs-150x150.png 150w\" sizes=\"auto, (max-width: 225px) 100vw, 225px\" \/><figcaption class=\"wp-element-caption\"><a href=\"https:\/\/ibs-americas.com\"><br><br>IBS AMERICAS \u2013 Escuela Internacional de Negocios Am\u00e9ricas<span lang=\"EN-US\" style=\",sans-serif;letter-spacing:-.4pt;background:white\"><\/span><br><\/a><br><\/figcaption><\/figure>\n<\/div><\/div>\n\n\n\n<div class=\"wp-block-column is-layout-flow wp-block-column-is-layout-flow\"><div class=\"wp-block-image\">\n<figure class=\"aligncenter size-full is-resized\"><img loading=\"lazy\" decoding=\"async\" width=\"768\" height=\"768\" src=\"https:\/\/sites.uel.br\/international\/wp-content\/uploads\/2023\/03\/gcub.png\" alt=\"\" class=\"wp-image-591\" style=\"width:147px;height:auto\" srcset=\"https:\/\/sites.uel.br\/international\/wp-content\/uploads\/2023\/03\/gcub.png 768w, https:\/\/sites.uel.br\/international\/wp-content\/uploads\/2023\/03\/gcub-300x300.png 300w, https:\/\/sites.uel.br\/international\/wp-content\/uploads\/2023\/03\/gcub-150x150.png 150w\" sizes=\"auto, (max-width: 768px) 100vw, 768px\" \/><figcaption class=\"wp-element-caption\"><a href=\"https:\/\/www.gcub.org.br\"><br><br>GCUB &#8211; Grupo de Cooperaci\u00f3n Internacional de Universidades Brasile\u00f1as<span lang=\"EN-US\" style=\",sans-serif;letter-spacing:-.4pt;background:white\"><\/span><br><\/a><br><\/figcaption><\/figure>\n<\/div><\/div>\n\n\n\n<div class=\"wp-block-column is-layout-flow wp-block-column-is-layout-flow\"><div class=\"wp-block-image\">\n<figure class=\"aligncenter size-full is-resized\"><img loading=\"lazy\" decoding=\"async\" width=\"124\" height=\"124\" src=\"https:\/\/sites.uel.br\/international\/wp-content\/uploads\/2024\/07\/marca_padrao-01.png\" alt=\"\" class=\"wp-image-1903\" style=\"width:143px;height:auto\" \/><figcaption class=\"wp-element-caption\"><a href=\"http:\/\/www.abruem.org.br\/index.php\">ABRUEM &#8211; Asociaci\u00f3n Brasile\u00f1a de Rectores de Universidades Estatales y Municipales<\/a><\/figcaption><\/figure>\n<\/div><\/div>\n<\/div>\n\n\n\n<p><\/p>\n","protected":false},"excerpt":{"rendered":"","protected":false},"author":13,"featured_media":0,"parent":2706,"menu_order":0,"comment_status":"closed","ping_status":"closed","template":"","meta":{"_themeisle_gutenberg_block_has_review":false,"footnotes":""},"class_list":["post-2363","page","type-page","status-publish","hentry"],"acf":[],"_links":{"self":[{"href":"https:\/\/sites.uel.br\/international\/wp-json\/wp\/v2\/pages\/2363","targetHints":{"allow":["GET"]}}],"collection":[{"href":"https:\/\/sites.uel.br\/international\/wp-json\/wp\/v2\/pages"}],"about":[{"href":"https:\/\/sites.uel.br\/international\/wp-json\/wp\/v2\/types\/page"}],"author":[{"embeddable":true,"href":"https:\/\/sites.uel.br\/international\/wp-json\/wp\/v2\/users\/13"}],"replies":[{"embeddable":true,"href":"https:\/\/sites.uel.br\/international\/wp-json\/wp\/v2\/comments?post=2363"}],"version-history":[{"count":2,"href":"https:\/\/sites.uel.br\/international\/wp-json\/wp\/v2\/pages\/2363\/revisions"}],"predecessor-version":[{"id":2684,"href":"https:\/\/sites.uel.br\/international\/wp-json\/wp\/v2\/pages\/2363\/revisions\/2684"}],"up":[{"embeddable":true,"href":"https:\/\/sites.uel.br\/international\/wp-json\/wp\/v2\/pages\/2706"}],"wp:attachment":[{"href":"https:\/\/sites.uel.br\/international\/wp-json\/wp\/v2\/media?parent=2363"}],"curies":[{"name":"wp","href":"https:\/\/api.w.org\/{rel}","templated":true}]}}