{"id":2358,"date":"2025-11-11T10:17:23","date_gmt":"2025-11-11T13:17:23","guid":{"rendered":"https:\/\/sites.uel.br\/international\/?page_id=2358"},"modified":"2025-11-11T12:01:38","modified_gmt":"2025-11-11T15:01:38","slug":"mission-2","status":"publish","type":"page","link":"https:\/\/sites.uel.br\/international\/fr\/extension-universitaire\/mission-2\/","title":{"rendered":"Mission"},"content":{"rendered":"\n<div style=\"height:50px\" aria-hidden=\"true\" class=\"wp-block-spacer\"><\/div>\n\n\n\n<div id=\"wp-block-themeisle-blocks-slider-fe325d36\" class=\"wp-block-themeisle-blocks-slider glide\" data-per-view=\"1\" data-gap=\"0\" data-peek=\"0\" data-autoplay=\"true\" data-height=\"450px\" data-hide-arrows=\"false\"><div class=\"glide__track\" data-glide-el=\"track\"><div class=\"glide__slides\"><div class=\"wp-block-themeisle-blocks-slider-item-wrapper glide__slide\"><figure><img decoding=\"async\" class=\"wp-block-themeisle-blocks-slider-item\" src=\"https:\/\/sites.uel.br\/international\/wp-content\/uploads\/2023\/03\/Semana-da-Favela-3.jpg\" alt=\"\" title=\"\" data-id=\"721\" \/><\/figure><\/div><div class=\"wp-block-themeisle-blocks-slider-item-wrapper glide__slide\"><figure><img decoding=\"async\" class=\"wp-block-themeisle-blocks-slider-item\" src=\"https:\/\/sites.uel.br\/international\/wp-content\/uploads\/2023\/03\/Dia-da-Sergipe-1.jpg\" alt=\"\" title=\"\" data-id=\"720\" \/><\/figure><\/div><div class=\"wp-block-themeisle-blocks-slider-item-wrapper glide__slide\"><figure><img decoding=\"async\" class=\"wp-block-themeisle-blocks-slider-item\" src=\"https:\/\/sites.uel.br\/international\/wp-content\/uploads\/2023\/03\/Feirinha-da-Cidadania-1.jpg\" alt=\"\" title=\"\" data-id=\"719\" \/><\/figure><\/div><div class=\"wp-block-themeisle-blocks-slider-item-wrapper glide__slide\"><figure><img decoding=\"async\" class=\"wp-block-themeisle-blocks-slider-item\" src=\"https:\/\/sites.uel.br\/international\/wp-content\/uploads\/2024\/06\/Feirinha-da-Cidadania.jpeg\" alt=\"\" title=\"\" data-id=\"1581\" \/><\/figure><\/div><div class=\"wp-block-themeisle-blocks-slider-item-wrapper glide__slide\"><figure><img decoding=\"async\" class=\"wp-block-themeisle-blocks-slider-item\" src=\"https:\/\/sites.uel.br\/international\/wp-content\/uploads\/2024\/06\/Rondon.jpeg\" alt=\"\" title=\"\" data-id=\"1582\" \/><\/figure><\/div><div class=\"wp-block-themeisle-blocks-slider-item-wrapper glide__slide\"><figure><img decoding=\"async\" class=\"wp-block-themeisle-blocks-slider-item\" src=\"https:\/\/sites.uel.br\/international\/wp-content\/uploads\/2024\/06\/Por-Extenso-scaled.jpeg\" alt=\"\" title=\"\" data-id=\"1583\" \/><\/figure><\/div><div class=\"wp-block-themeisle-blocks-slider-item-wrapper glide__slide\"><figure><img decoding=\"async\" class=\"wp-block-themeisle-blocks-slider-item\" src=\"https:\/\/sites.uel.br\/international\/wp-content\/uploads\/2024\/06\/Smart-Farm-Expolondrina.jpeg\" alt=\"\" title=\"\" data-id=\"1584\" \/><\/figure><\/div><div class=\"wp-block-themeisle-blocks-slider-item-wrapper glide__slide\"><figure><img decoding=\"async\" class=\"wp-block-themeisle-blocks-slider-item\" src=\"https:\/\/sites.uel.br\/international\/wp-content\/uploads\/2024\/06\/Calcadao-com-LAbLinguas.jpeg\" alt=\"\" title=\"\" data-id=\"1585\" \/><figcaption>E-mail: gilbertoabelha@yahoo.com<\/figcaption><\/figure><\/div><\/div><div class=\"glide__bullets\" data-glide-el=\"controls[nav]\"><button class=\"glide__bullet\" data-glide-dir=\"=0\"><\/button><button class=\"glide__bullet\" data-glide-dir=\"=1\"><\/button><button class=\"glide__bullet\" data-glide-dir=\"=2\"><\/button><button class=\"glide__bullet\" data-glide-dir=\"=3\"><\/button><button class=\"glide__bullet\" data-glide-dir=\"=4\"><\/button><button class=\"glide__bullet\" data-glide-dir=\"=5\"><\/button><button class=\"glide__bullet\" data-glide-dir=\"=6\"><\/button><button class=\"glide__bullet\" data-glide-dir=\"=7\"><\/button><\/div><\/div><\/div>\n\n\n\n<div style=\"height:50px\" aria-hidden=\"true\" class=\"wp-block-spacer\"><\/div>\n\n\n\n<h1 class=\"wp-block-heading\"><strong>Quelques \u00c9v\u00e9nements Institutionnels<\/strong><\/h1>\n\n\n\n<div style=\"height:33px\" aria-hidden=\"true\" class=\"wp-block-spacer\"><\/div>\n\n\n\n<div class=\"wp-block-columns is-layout-flex wp-container-core-columns-is-layout-9d6595d7 wp-block-columns-is-layout-flex\">\n<div class=\"wp-block-column is-layout-flow wp-block-column-is-layout-flow\"><div class=\"wp-block-image\">\n<figure class=\"aligncenter size-full is-resized\"><img loading=\"lazy\" decoding=\"async\" width=\"509\" height=\"289\" src=\"https:\/\/sites.uel.br\/international\/wp-content\/uploads\/2024\/07\/Calcadao-da-Extensao.png\" alt=\"\" class=\"wp-image-1907\" style=\"width:366px;height:auto\" srcset=\"https:\/\/sites.uel.br\/international\/wp-content\/uploads\/2024\/07\/Calcadao-da-Extensao.png 509w, https:\/\/sites.uel.br\/international\/wp-content\/uploads\/2024\/07\/Calcadao-da-Extensao-300x170.png 300w\" sizes=\"auto, (max-width: 509px) 100vw, 509px\" \/><figcaption class=\"wp-element-caption\">Promenade de Extension<\/figcaption><\/figure>\n<\/div><\/div>\n\n\n\n<div class=\"wp-block-column is-layout-flow wp-block-column-is-layout-flow\"><div class=\"wp-block-image\">\n<figure class=\"aligncenter size-full is-resized\"><img loading=\"lazy\" decoding=\"async\" width=\"509\" height=\"289\" src=\"https:\/\/sites.uel.br\/international\/wp-content\/uploads\/2024\/07\/Via-Rural-Smart-Farm-ExpoLondrina.png\" alt=\"\" class=\"wp-image-1908\" style=\"width:372px;height:auto\" srcset=\"https:\/\/sites.uel.br\/international\/wp-content\/uploads\/2024\/07\/Via-Rural-Smart-Farm-ExpoLondrina.png 509w, https:\/\/sites.uel.br\/international\/wp-content\/uploads\/2024\/07\/Via-Rural-Smart-Farm-ExpoLondrina-300x170.png 300w\" sizes=\"auto, (max-width: 509px) 100vw, 509px\" \/><figcaption class=\"wp-element-caption\">Via Rural Smart Farm &#8211; ExpoLondrina<br><\/figcaption><\/figure>\n<\/div><\/div>\n<\/div>\n\n\n\n<div class=\"wp-block-columns is-layout-flex wp-container-core-columns-is-layout-9d6595d7 wp-block-columns-is-layout-flex\">\n<div class=\"wp-block-column is-layout-flow wp-block-column-is-layout-flow\"><div class=\"wp-block-image\">\n<figure class=\"aligncenter size-full is-resized\"><img loading=\"lazy\" decoding=\"async\" width=\"509\" height=\"289\" src=\"https:\/\/sites.uel.br\/international\/wp-content\/uploads\/2024\/07\/Feirinha-da-Cidadania.png\" alt=\"\" class=\"wp-image-1909\" style=\"width:403px;height:auto\" srcset=\"https:\/\/sites.uel.br\/international\/wp-content\/uploads\/2024\/07\/Feirinha-da-Cidadania.png 509w, https:\/\/sites.uel.br\/international\/wp-content\/uploads\/2024\/07\/Feirinha-da-Cidadania-300x170.png 300w\" sizes=\"auto, (max-width: 509px) 100vw, 509px\" \/><figcaption class=\"wp-element-caption\">Foire de la citoyennet\u00e9<\/figcaption><\/figure>\n<\/div><\/div>\n\n\n\n<div class=\"wp-block-column is-layout-flow wp-block-column-is-layout-flow\"><div class=\"wp-block-image\">\n<figure class=\"aligncenter size-full is-resized\"><img loading=\"lazy\" decoding=\"async\" width=\"509\" height=\"289\" src=\"https:\/\/sites.uel.br\/international\/wp-content\/uploads\/2024\/07\/Rondon-Parana.png\" alt=\"\" class=\"wp-image-1910\" style=\"width:402px;height:auto\" srcset=\"https:\/\/sites.uel.br\/international\/wp-content\/uploads\/2024\/07\/Rondon-Parana.png 509w, https:\/\/sites.uel.br\/international\/wp-content\/uploads\/2024\/07\/Rondon-Parana-300x170.png 300w\" sizes=\"auto, (max-width: 509px) 100vw, 509px\" \/><figcaption class=\"wp-element-caption\">Rondon Paran\u00e1<\/figcaption><\/figure>\n<\/div><\/div>\n<\/div>\n\n\n\n<div class=\"wp-block-columns is-layout-flex wp-container-core-columns-is-layout-9d6595d7 wp-block-columns-is-layout-flex\">\n<div class=\"wp-block-column is-layout-flow wp-block-column-is-layout-flow\"><div class=\"wp-block-image\">\n<figure class=\"aligncenter size-full is-resized\"><img loading=\"lazy\" decoding=\"async\" width=\"509\" height=\"289\" src=\"https:\/\/sites.uel.br\/international\/wp-content\/uploads\/2024\/07\/Por-Extenso-4.png\" alt=\"\" class=\"wp-image-1922\" style=\"width:403px;height:auto\" srcset=\"https:\/\/sites.uel.br\/international\/wp-content\/uploads\/2024\/07\/Por-Extenso-4.png 509w, https:\/\/sites.uel.br\/international\/wp-content\/uploads\/2024\/07\/Por-Extenso-4-300x170.png 300w\" sizes=\"auto, (max-width: 509px) 100vw, 509px\" \/><figcaption class=\"wp-element-caption\">Por Extenso<br><\/figcaption><\/figure>\n<\/div><\/div>\n\n\n\n<div class=\"wp-block-column is-layout-flow wp-block-column-is-layout-flow\"><\/div>\n<\/div>\n\n\n\n<div class=\"wp-block-columns is-layout-flex wp-container-core-columns-is-layout-9d6595d7 wp-block-columns-is-layout-flex\">\n<div class=\"wp-block-column is-layout-flow wp-block-column-is-layout-flow\">\n<p>L&#8217;Extension Universitaire (en portugais, Extens\u00e3o) comprend des dimensions interdisciplinaires, politiques-\u00e9ducatives, sociales, culturelles, scientifiques, technologiques et innovantes, promouvant une interaction transformatrice entre l&#8217;UEL et les divers secteurs de la soci\u00e9t\u00e9. Ceci constitue un processus p\u00e9dagogique participatif et une application pratique de la connaissance.<\/p>\n\n\n\n<p>Les activit\u00e9s d&#8217;extension sont des interventions qui impliquent et impactent directement les communaut\u00e9s ext\u00e9rieures \u00e0 l&#8217;Universit\u00e9, \u00e9tant ins\u00e9parables des activit\u00e9s d&#8217;enseignement et de recherche.<\/p>\n\n\n\n<p>Le Bureau de l\u2019extension, de la culture et de la soci\u00e9t\u00e9 (<a href=\"http:\/\/www.uel.br\/proex\/?novo-portal=true\">PROEX<\/a>) g\u00e8re et\/ou coordonne actuellement plus de 300 programmes d&#8217;extension, qui impliquent des centres de professeurs et des kilom\u00e8tres d&#8217;\u00e9tudiants.<\/p>\n\n\n\n<p>Les Objectifs de d\u00e9veloppement durable (ODD) sont un appel mondial \u00e0 l&#8217;action pour contribuer \u00e0 la fin de la pauvret\u00e9, prot\u00e9ger le milieu ambiant et le climat, et garantir que toutes les personnes profitent de la paix et de la prosp\u00e9rit\u00e9. Ceci fait partie des actions du PROEX pour contribuer \u00e0 l\u2019ach\u00e8vement de l\u2019Agenda 2030 au Br\u00e9sil.<\/p>\n<\/div>\n<\/div>\n\n\n\n<p><\/p>\n","protected":false},"excerpt":{"rendered":"<p>Quelques \u00c9v\u00e9nements Institutionnels L&#8217;Extension Universitaire (en portugais, Extens\u00e3o) comprend des dimensions interdisciplinaires, politiques-\u00e9ducatives, sociales, culturelles, scientifiques, technologiques et innovantes, promouvant une interaction transformatrice entre l&#8217;UEL et les divers secteurs de la soci\u00e9t\u00e9. Ceci constitue un processus p\u00e9dagogique participatif et une application pratique de la connaissance. Les activit\u00e9s d&#8217;extension sont des interventions qui impliquent et impactent [&hellip;]<\/p>\n","protected":false},"author":13,"featured_media":0,"parent":2701,"menu_order":0,"comment_status":"closed","ping_status":"closed","template":"","meta":{"_themeisle_gutenberg_block_has_review":false,"footnotes":""},"class_list":["post-2358","page","type-page","status-publish","hentry"],"acf":[],"_links":{"self":[{"href":"https:\/\/sites.uel.br\/international\/wp-json\/wp\/v2\/pages\/2358","targetHints":{"allow":["GET"]}}],"collection":[{"href":"https:\/\/sites.uel.br\/international\/wp-json\/wp\/v2\/pages"}],"about":[{"href":"https:\/\/sites.uel.br\/international\/wp-json\/wp\/v2\/types\/page"}],"author":[{"embeddable":true,"href":"https:\/\/sites.uel.br\/international\/wp-json\/wp\/v2\/users\/13"}],"replies":[{"embeddable":true,"href":"https:\/\/sites.uel.br\/international\/wp-json\/wp\/v2\/comments?post=2358"}],"version-history":[{"count":2,"href":"https:\/\/sites.uel.br\/international\/wp-json\/wp\/v2\/pages\/2358\/revisions"}],"predecessor-version":[{"id":2670,"href":"https:\/\/sites.uel.br\/international\/wp-json\/wp\/v2\/pages\/2358\/revisions\/2670"}],"up":[{"embeddable":true,"href":"https:\/\/sites.uel.br\/international\/wp-json\/wp\/v2\/pages\/2701"}],"wp:attachment":[{"href":"https:\/\/sites.uel.br\/international\/wp-json\/wp\/v2\/media?parent=2358"}],"curies":[{"name":"wp","href":"https:\/\/api.w.org\/{rel}","templated":true}]}}