{"id":2354,"date":"2025-11-10T11:26:07","date_gmt":"2025-11-10T14:26:07","guid":{"rendered":"https:\/\/sites.uel.br\/international\/?page_id=2354"},"modified":"2025-11-11T13:49:55","modified_gmt":"2025-11-11T16:49:55","slug":"installations-universitaires","status":"publish","type":"page","link":"https:\/\/sites.uel.br\/international\/fr\/a-propos-de-luel\/installations-universitaires\/","title":{"rendered":"Installations universitaires"},"content":{"rendered":"\n<div style=\"height:20px\" aria-hidden=\"true\" class=\"wp-block-spacer\"><\/div>\n\n\n\n<div class=\"wp-block-cover alignfull is-light\" style=\"margin-top:0;padding-top:4vw;padding-right:4vw;padding-bottom:4vw;padding-left:4vw;min-height:314px;aspect-ratio:unset;\"><img loading=\"lazy\" decoding=\"async\" width=\"1062\" height=\"415\" class=\"wp-block-cover__image-background wp-image-1298\" alt=\"\" src=\"https:\/\/sites.uel.br\/international\/wp-content\/uploads\/2024\/06\/BANNER02.jpg\" data-object-fit=\"cover\" srcset=\"https:\/\/sites.uel.br\/international\/wp-content\/uploads\/2024\/06\/BANNER02.jpg 1062w, https:\/\/sites.uel.br\/international\/wp-content\/uploads\/2024\/06\/BANNER02-300x117.jpg 300w, https:\/\/sites.uel.br\/international\/wp-content\/uploads\/2024\/06\/BANNER02-1024x400.jpg 1024w, https:\/\/sites.uel.br\/international\/wp-content\/uploads\/2024\/06\/BANNER02-768x300.jpg 768w\" sizes=\"auto, (max-width: 1062px) 100vw, 1062px\" \/><span aria-hidden=\"true\" class=\"wp-block-cover__background has-background-dim-0 has-background-dim\" style=\"background-color:#2c3066\"><\/span><div class=\"wp-block-cover__inner-container is-layout-flow wp-block-cover-is-layout-flow\">\n<div class=\"wp-block-group\"><div class=\"wp-block-group__inner-container is-layout-flow wp-block-group-is-layout-flow\">\n<p class=\"has-text-align-center has-cinza-claro-color has-text-color\" style=\"font-size:59px;font-style:normal;font-weight:800;letter-spacing:10px;line-height:0.9;text-transform:capitalize\"><\/p>\n<\/div><\/div>\n<\/div><\/div>\n\n\n\n<div class=\"wp-block-columns is-layout-flex wp-container-core-columns-is-layout-9d6595d7 wp-block-columns-is-layout-flex\">\n<div class=\"wp-block-column is-layout-flow wp-block-column-is-layout-flow\">\n<figure class=\"wp-block-gallery has-nested-images columns-default is-cropped wp-block-gallery-2 is-layout-flex wp-block-gallery-is-layout-flex\">\n<figure class=\"wp-block-image size-medium is-style-default wp-duotone-unset-1\"><img loading=\"lazy\" decoding=\"async\" width=\"300\" height=\"166\" data-id=\"1296\" src=\"https:\/\/sites.uel.br\/international\/wp-content\/uploads\/2024\/06\/1605534196167blob-300x166.png\" alt=\"\" class=\"wp-image-1296\" srcset=\"https:\/\/sites.uel.br\/international\/wp-content\/uploads\/2024\/06\/1605534196167blob-300x166.png 300w, https:\/\/sites.uel.br\/international\/wp-content\/uploads\/2024\/06\/1605534196167blob.png 566w\" sizes=\"auto, (max-width: 300px) 100vw, 300px\" \/><\/figure>\n<figcaption class=\"blocks-gallery-caption wp-element-caption\"><a href=\"https:\/\/sites.uel.br\/international\/wp-content\/uploads\/2023\/03\/his3.jpg\" target=\"_blank\" rel=\"noreferrer noopener\"><\/a>RU \u2013 Restaurant universitaire<\/figcaption><\/figure>\n<\/div>\n\n\n\n<div class=\"wp-block-column is-layout-flow wp-block-column-is-layout-flow\">\n<figure class=\"wp-block-gallery has-nested-images columns-default is-cropped wp-block-gallery-4 is-layout-flex wp-block-gallery-is-layout-flex\">\n<figure class=\"wp-block-image size-medium is-style-default wp-duotone-unset-3\"><img loading=\"lazy\" decoding=\"async\" width=\"300\" height=\"166\" data-id=\"1301\" src=\"https:\/\/sites.uel.br\/international\/wp-content\/uploads\/2024\/06\/hv-1-300x166.png\" alt=\"\" class=\"wp-image-1301\" srcset=\"https:\/\/sites.uel.br\/international\/wp-content\/uploads\/2024\/06\/hv-1-300x166.png 300w, https:\/\/sites.uel.br\/international\/wp-content\/uploads\/2024\/06\/hv-1.png 566w\" sizes=\"auto, (max-width: 300px) 100vw, 300px\" \/><\/figure>\n<figcaption class=\"blocks-gallery-caption wp-element-caption\"><a href=\"https:\/\/sites.uel.br\/international\/wp-content\/uploads\/2023\/03\/his3.jpg\" target=\"_blank\" rel=\"noreferrer noopener\"><\/a>HV \u2013 H\u00f4pital v\u00e9t\u00e9rinaire<\/figcaption><\/figure>\n<\/div>\n\n\n\n<div class=\"wp-block-column is-layout-flow wp-block-column-is-layout-flow\">\n<figure class=\"wp-block-gallery has-nested-images columns-default is-cropped wp-block-gallery-6 is-layout-flex wp-block-gallery-is-layout-flex\">\n<figure class=\"wp-block-image size-medium is-style-default wp-duotone-unset-5\"><img loading=\"lazy\" decoding=\"async\" width=\"300\" height=\"166\" data-id=\"1302\" src=\"https:\/\/sites.uel.br\/international\/wp-content\/uploads\/2024\/06\/20210513_AGB_UEL12-300x166.png\" alt=\"\" class=\"wp-image-1302\" srcset=\"https:\/\/sites.uel.br\/international\/wp-content\/uploads\/2024\/06\/20210513_AGB_UEL12-300x166.png 300w, https:\/\/sites.uel.br\/international\/wp-content\/uploads\/2024\/06\/20210513_AGB_UEL12.png 566w\" sizes=\"auto, (max-width: 300px) 100vw, 300px\" \/><\/figure>\n<figcaption class=\"blocks-gallery-caption wp-element-caption\"><a href=\"https:\/\/sites.uel.br\/international\/wp-content\/uploads\/2023\/03\/his3.jpg\" target=\"_blank\" rel=\"noreferrer noopener\"><\/a>Centre de langues<\/figcaption><\/figure>\n<\/div>\n<\/div>\n\n\n\n<div class=\"wp-block-columns is-layout-flex wp-container-core-columns-is-layout-9d6595d7 wp-block-columns-is-layout-flex\">\n<div class=\"wp-block-column is-layout-flow wp-block-column-is-layout-flow\">\n<figure class=\"wp-block-gallery has-nested-images columns-default is-cropped wp-block-gallery-8 is-layout-flex wp-block-gallery-is-layout-flex\">\n<figure class=\"wp-block-image size-medium is-style-default wp-duotone-unset-7\"><img loading=\"lazy\" decoding=\"async\" width=\"300\" height=\"166\" data-id=\"1303\" src=\"https:\/\/sites.uel.br\/international\/wp-content\/uploads\/2024\/06\/26-10-2010-p-portal-300x166.png\" alt=\"\" class=\"wp-image-1303\" srcset=\"https:\/\/sites.uel.br\/international\/wp-content\/uploads\/2024\/06\/26-10-2010-p-portal-300x166.png 300w, https:\/\/sites.uel.br\/international\/wp-content\/uploads\/2024\/06\/26-10-2010-p-portal.png 566w\" sizes=\"auto, (max-width: 300px) 100vw, 300px\" \/><\/figure>\n<figcaption class=\"blocks-gallery-caption wp-element-caption\"><a href=\"https:\/\/sites.uel.br\/international\/wp-content\/uploads\/2023\/03\/his3.jpg\" target=\"_blank\" rel=\"noreferrer noopener\"><\/a>Ferme universitaire<\/figcaption><\/figure>\n<\/div>\n\n\n\n<div class=\"wp-block-column is-layout-flow wp-block-column-is-layout-flow\">\n<figure class=\"wp-block-gallery has-nested-images columns-default is-cropped wp-block-gallery-10 is-layout-flex wp-block-gallery-is-layout-flex\">\n<figure class=\"wp-block-image size-medium is-style-default wp-duotone-unset-9\"><img loading=\"lazy\" decoding=\"async\" width=\"300\" height=\"166\" data-id=\"1304\" src=\"https:\/\/sites.uel.br\/international\/wp-content\/uploads\/2024\/06\/museu_historico-300x166.png\" alt=\"\" class=\"wp-image-1304\" srcset=\"https:\/\/sites.uel.br\/international\/wp-content\/uploads\/2024\/06\/museu_historico-300x166.png 300w, https:\/\/sites.uel.br\/international\/wp-content\/uploads\/2024\/06\/museu_historico.png 566w\" sizes=\"auto, (max-width: 300px) 100vw, 300px\" \/><\/figure>\n<figcaption class=\"blocks-gallery-caption wp-element-caption\"><a href=\"https:\/\/sites.uel.br\/international\/wp-content\/uploads\/2023\/03\/his3.jpg\" target=\"_blank\" rel=\"noreferrer noopener\"><\/a>Mus\u00e9e d&#8217;histoire locale<\/figcaption><\/figure>\n<\/div>\n\n\n\n<div class=\"wp-block-column is-layout-flow wp-block-column-is-layout-flow\">\n<figure class=\"wp-block-gallery has-nested-images columns-default is-cropped wp-block-gallery-12 is-layout-flex wp-block-gallery-is-layout-flex\">\n<figure class=\"wp-block-image size-medium is-style-default wp-duotone-unset-11\"><img loading=\"lazy\" decoding=\"async\" width=\"300\" height=\"166\" data-id=\"1305\" src=\"https:\/\/sites.uel.br\/international\/wp-content\/uploads\/2024\/06\/310910140_871502227559296_586152193402806584_n-300x166.png\" alt=\"\" class=\"wp-image-1305\" srcset=\"https:\/\/sites.uel.br\/international\/wp-content\/uploads\/2024\/06\/310910140_871502227559296_586152193402806584_n-300x166.png 300w, https:\/\/sites.uel.br\/international\/wp-content\/uploads\/2024\/06\/310910140_871502227559296_586152193402806584_n.png 566w\" sizes=\"auto, (max-width: 300px) 100vw, 300px\" \/><\/figure>\n<figcaption class=\"blocks-gallery-caption wp-element-caption\"><a href=\"https:\/\/sites.uel.br\/international\/wp-content\/uploads\/2023\/03\/his3.jpg\" target=\"_blank\" rel=\"noreferrer noopener\"><\/a>HU \u2013 H\u00f4pital universitaire<\/figcaption><\/figure>\n<\/div>\n<\/div>\n\n\n\n<div class=\"wp-block-columns is-layout-flex wp-container-core-columns-is-layout-9d6595d7 wp-block-columns-is-layout-flex\">\n<div class=\"wp-block-column is-layout-flow wp-block-column-is-layout-flow\">\n<figure class=\"wp-block-gallery has-nested-images columns-default is-cropped wp-block-gallery-14 is-layout-flex wp-block-gallery-is-layout-flex\">\n<figure class=\"wp-block-image size-medium is-style-default wp-duotone-unset-13\"><img loading=\"lazy\" decoding=\"async\" width=\"300\" height=\"166\" data-id=\"1306\" src=\"https:\/\/sites.uel.br\/international\/wp-content\/uploads\/2024\/06\/277790096_485765693184138_4228604375833907305_n-300x166.png\" alt=\"\" class=\"wp-image-1306\" srcset=\"https:\/\/sites.uel.br\/international\/wp-content\/uploads\/2024\/06\/277790096_485765693184138_4228604375833907305_n-300x166.png 300w, https:\/\/sites.uel.br\/international\/wp-content\/uploads\/2024\/06\/277790096_485765693184138_4228604375833907305_n.png 566w\" sizes=\"auto, (max-width: 300px) 100vw, 300px\" \/><\/figure>\n<figcaption class=\"blocks-gallery-caption wp-element-caption\"><a href=\"https:\/\/sites.uel.br\/international\/wp-content\/uploads\/2023\/03\/his3.jpg\" target=\"_blank\" rel=\"noreferrer noopener\"><\/a>L&#8217;orchestre symphonique de l&#8217;UEL<\/figcaption><\/figure>\n<\/div>\n\n\n\n<div class=\"wp-block-column is-layout-flow wp-block-column-is-layout-flow\">\n<figure class=\"wp-block-gallery has-nested-images columns-default is-cropped wp-block-gallery-16 is-layout-flex wp-block-gallery-is-layout-flex\">\n<figure class=\"wp-block-image size-medium is-style-default wp-duotone-unset-15\"><img loading=\"lazy\" decoding=\"async\" width=\"300\" height=\"166\" data-id=\"1307\" src=\"https:\/\/sites.uel.br\/international\/wp-content\/uploads\/2024\/06\/Filo-2017-com-Fernanda-Montenegro-Ouro-Verde-foto-Milton-Doria-div-300x166.png\" alt=\"\" class=\"wp-image-1307\" srcset=\"https:\/\/sites.uel.br\/international\/wp-content\/uploads\/2024\/06\/Filo-2017-com-Fernanda-Montenegro-Ouro-Verde-foto-Milton-Doria-div-300x166.png 300w, https:\/\/sites.uel.br\/international\/wp-content\/uploads\/2024\/06\/Filo-2017-com-Fernanda-Montenegro-Ouro-Verde-foto-Milton-Doria-div.png 566w\" sizes=\"auto, (max-width: 300px) 100vw, 300px\" \/><\/figure>\n<figcaption class=\"blocks-gallery-caption wp-element-caption\"><a href=\"https:\/\/sites.uel.br\/international\/wp-content\/uploads\/2023\/03\/his3.jpg\" target=\"_blank\" rel=\"noreferrer noopener\"><\/a>Festival international de th\u00e9\u00e2tre<\/figcaption><\/figure>\n<\/div>\n\n\n\n<div class=\"wp-block-column is-layout-flow wp-block-column-is-layout-flow\">\n<figure class=\"wp-block-gallery has-nested-images columns-default is-cropped wp-block-gallery-18 is-layout-flex wp-block-gallery-is-layout-flex\">\n<figure class=\"wp-block-image size-medium is-style-default wp-duotone-unset-17\"><img loading=\"lazy\" decoding=\"async\" width=\"300\" height=\"166\" data-id=\"1308\" src=\"https:\/\/sites.uel.br\/international\/wp-content\/uploads\/2024\/06\/planetario-de-londrina-300x166.png\" alt=\"\" class=\"wp-image-1308\" srcset=\"https:\/\/sites.uel.br\/international\/wp-content\/uploads\/2024\/06\/planetario-de-londrina-300x166.png 300w, https:\/\/sites.uel.br\/international\/wp-content\/uploads\/2024\/06\/planetario-de-londrina.png 566w\" sizes=\"auto, (max-width: 300px) 100vw, 300px\" \/><\/figure>\n<figcaption class=\"blocks-gallery-caption wp-element-caption\"><a href=\"https:\/\/sites.uel.br\/international\/wp-content\/uploads\/2023\/03\/his3.jpg\" target=\"_blank\" rel=\"noreferrer noopener\"><\/a>Plan\u00e9tarium de Londrina<\/figcaption><\/figure>\n<\/div>\n<\/div>\n\n\n\n<div class=\"wp-block-columns is-layout-flex wp-container-core-columns-is-layout-9d6595d7 wp-block-columns-is-layout-flex\">\n<div class=\"wp-block-column is-layout-flow wp-block-column-is-layout-flow\">\n<figure class=\"wp-block-gallery has-nested-images columns-default is-cropped wp-block-gallery-20 is-layout-flex wp-block-gallery-is-layout-flex\">\n<figure class=\"wp-block-image size-medium is-style-default wp-duotone-unset-19\"><img loading=\"lazy\" decoding=\"async\" width=\"300\" height=\"166\" data-id=\"1309\" src=\"https:\/\/sites.uel.br\/international\/wp-content\/uploads\/2024\/06\/351141598_979593146811282_8061216371867944435_n-300x166.png\" alt=\"\" class=\"wp-image-1309\" srcset=\"https:\/\/sites.uel.br\/international\/wp-content\/uploads\/2024\/06\/351141598_979593146811282_8061216371867944435_n-300x166.png 300w, https:\/\/sites.uel.br\/international\/wp-content\/uploads\/2024\/06\/351141598_979593146811282_8061216371867944435_n.png 566w\" sizes=\"auto, (max-width: 300px) 100vw, 300px\" \/><\/figure>\n<figcaption class=\"blocks-gallery-caption wp-element-caption\"><a href=\"https:\/\/sites.uel.br\/international\/wp-content\/uploads\/2023\/03\/his3.jpg\" target=\"_blank\" rel=\"noreferrer noopener\"><\/a>Station de radio UEL FM<\/figcaption><\/figure>\n<\/div>\n\n\n\n<div class=\"wp-block-column is-layout-flow wp-block-column-is-layout-flow\">\n<figure class=\"wp-block-gallery has-nested-images columns-default is-cropped wp-block-gallery-22 is-layout-flex wp-block-gallery-is-layout-flex\">\n<figure class=\"wp-block-image size-medium is-style-default wp-duotone-unset-21\"><img loading=\"lazy\" decoding=\"async\" width=\"300\" height=\"166\" data-id=\"1311\" src=\"https:\/\/sites.uel.br\/international\/wp-content\/uploads\/2024\/06\/outo-300x166.png\" alt=\"\" class=\"wp-image-1311\" srcset=\"https:\/\/sites.uel.br\/international\/wp-content\/uploads\/2024\/06\/outo-300x166.png 300w, https:\/\/sites.uel.br\/international\/wp-content\/uploads\/2024\/06\/outo.png 566w\" sizes=\"auto, (max-width: 300px) 100vw, 300px\" \/><\/figure>\n<figcaption class=\"blocks-gallery-caption wp-element-caption\"><a href=\"https:\/\/sites.uel.br\/international\/wp-content\/uploads\/2023\/03\/his3.jpg\" target=\"_blank\" rel=\"noreferrer noopener\"><\/a>Th\u00e9\u00e2tre Ouro Verde<\/figcaption><\/figure>\n<\/div>\n<\/div>\n\n\n\n<p><\/p>\n","protected":false},"excerpt":{"rendered":"","protected":false},"author":13,"featured_media":0,"parent":2690,"menu_order":0,"comment_status":"closed","ping_status":"closed","template":"","meta":{"_themeisle_gutenberg_block_has_review":false,"footnotes":""},"class_list":["post-2354","page","type-page","status-publish","hentry"],"acf":[],"_links":{"self":[{"href":"https:\/\/sites.uel.br\/international\/wp-json\/wp\/v2\/pages\/2354","targetHints":{"allow":["GET"]}}],"collection":[{"href":"https:\/\/sites.uel.br\/international\/wp-json\/wp\/v2\/pages"}],"about":[{"href":"https:\/\/sites.uel.br\/international\/wp-json\/wp\/v2\/types\/page"}],"author":[{"embeddable":true,"href":"https:\/\/sites.uel.br\/international\/wp-json\/wp\/v2\/users\/13"}],"replies":[{"embeddable":true,"href":"https:\/\/sites.uel.br\/international\/wp-json\/wp\/v2\/comments?post=2354"}],"version-history":[{"count":4,"href":"https:\/\/sites.uel.br\/international\/wp-json\/wp\/v2\/pages\/2354\/revisions"}],"predecessor-version":[{"id":2718,"href":"https:\/\/sites.uel.br\/international\/wp-json\/wp\/v2\/pages\/2354\/revisions\/2718"}],"up":[{"embeddable":true,"href":"https:\/\/sites.uel.br\/international\/wp-json\/wp\/v2\/pages\/2690"}],"wp:attachment":[{"href":"https:\/\/sites.uel.br\/international\/wp-json\/wp\/v2\/media?parent=2354"}],"curies":[{"name":"wp","href":"https:\/\/api.w.org\/{rel}","templated":true}]}}