{"id":2352,"date":"2025-11-11T10:14:29","date_gmt":"2025-11-11T13:14:29","guid":{"rendered":"https:\/\/sites.uel.br\/international\/?page_id=2352"},"modified":"2025-11-11T11:58:42","modified_gmt":"2025-11-11T14:58:42","slug":"innovation-2","status":"publish","type":"page","link":"https:\/\/sites.uel.br\/international\/fr\/recherche-et-innovation\/innovation-2\/","title":{"rendered":"Innovation"},"content":{"rendered":"\n<div style=\"height:50px\" aria-hidden=\"true\" class=\"wp-block-spacer\"><\/div>\n\n\n\n<figure class=\"wp-block-image size-large\"><img decoding=\"async\" src=\"https:\/\/sites.uel.br\/aintec\/wp-content\/uploads\/2022\/08\/AINTEC-Banner-final-site-1-1.png\" alt=\"\" \/><\/figure>\n\n\n\n<div style=\"height:37px\" aria-hidden=\"true\" class=\"wp-block-spacer\"><\/div>\n\n\n\n<div class=\"wp-block-columns is-layout-flex wp-container-core-columns-is-layout-9d6595d7 wp-block-columns-is-layout-flex\">\n<div class=\"wp-block-column is-layout-flow wp-block-column-is-layout-flow\">\n<h3 class=\"wp-block-heading\"><strong><strong>Agence d&#8217;Innovation Technologique<\/strong><\/strong><\/h3>\n\n\n\n<p>L&#8217;Agence d&#8217;Innovation Technologique de l&#8217;Universit\u00e9 d&#8217;\u00c9tat de Londrina (AINTEC) a \u00e9t\u00e9 cr\u00e9\u00e9e le 17 avril 2008, par la R\u00e9solution N\u00ba 065\/2008 du Conseil Universitaire, en compl\u00e9ment de la Loi d&#8217;Innovation (Ley N\u00ba 10.973\/2004).<\/p>\n<\/div>\n\n\n\n<div class=\"wp-block-column is-layout-flow wp-block-column-is-layout-flow\">\n<p>En 2008, l&#8217;AINTEC a incorpor\u00e9 l&#8217;Incubateur international d&#8217;entreprises de base technologique de l&#8217;UEL (INTUEL), cr\u00e9\u00e9e en l&#8217;ann\u00e9e 2000; l&#8217;Oficina de Propiedad Intelectual (EPI), cr\u00e9\u00e9e en 2003; et\u00a0 le Bureau de la propri\u00e9t\u00e9 intellectuelle (ETT), \u00e9galement cr\u00e9\u00e9e en 2003 par le Bureau des \u00e9tudes sup\u00e9rieures et de la recherche (PROPPG).<\/p>\n<\/div>\n<\/div>\n\n\n\n<div style=\"height:37px\" aria-hidden=\"true\" class=\"wp-block-spacer\"><\/div>\n\n\n\n<div class=\"wp-block-columns is-layout-flex wp-container-core-columns-is-layout-9d6595d7 wp-block-columns-is-layout-flex\">\n<div class=\"wp-block-column is-layout-flow wp-block-column-is-layout-flow\">\n<figure class=\"wp-block-embed is-type-video is-provider-youtube wp-block-embed-youtube wp-embed-aspect-16-9 wp-has-aspect-ratio\"><div class=\"wp-block-embed__wrapper\">\n<iframe loading=\"lazy\" title=\"V\u00eddeo Institucional INTUEL - Vers\u00e3o Completa\" width=\"500\" height=\"281\" src=\"https:\/\/www.youtube.com\/embed\/jcdqFKxvmEc?feature=oembed\" frameborder=\"0\" allow=\"accelerometer; autoplay; clipboard-write; encrypted-media; gyroscope; picture-in-picture; web-share\" referrerpolicy=\"strict-origin-when-cross-origin\" allowfullscreen><\/iframe>\n<\/div><\/figure>\n\n\n\n<div style=\"height:37px\" aria-hidden=\"true\" class=\"wp-block-spacer\"><\/div>\n\n\n\n<div class=\"wp-block-columns is-layout-flex wp-container-core-columns-is-layout-9d6595d7 wp-block-columns-is-layout-flex\">\n<div class=\"wp-block-column is-layout-flow wp-block-column-is-layout-flow\">\n<p>L&#8217;AINTEC a pour objectif de g\u00e9rer la politique d&#8217;innovation de l&#8217;UEL, d&#8217;identifier, de prot\u00e9ger et de transmettre les cr\u00e9ations g\u00e9n\u00e9r\u00e9es \u00e0 l&#8217;universit\u00e9 de la soci\u00e9t\u00e9 et du march\u00e9, en plus de r\u00e9pondre aux demandes technologiques.<\/p>\n<\/div>\n\n\n\n<div class=\"wp-block-column is-layout-flow wp-block-column-is-layout-flow\">\n<p>Actuellement, les quatre unit\u00e9s de l&#8217;AINTEC &#8211; l&#8217;Incubateur international d&#8217;entreprises de base technologique (INTUEL), le Bureau de la propri\u00e9t\u00e9 intellectuelle (EPI), le Bureau de transfert de technologie (ETT) et le Buerau des dessins et mod\u00e8les (EDN) &#8211; d\u00e9veloppent des actions en collaboration avec l&#8217;UEL et leurs socios pour transf\u00e9rer leurs connaissances et la technologie de la soci\u00e9t\u00e9, g\u00e9n\u00e8re des innovations et r\u00e9pond aux demandes sociales et du march\u00e9.<\/p>\n<\/div>\n<\/div>\n<\/div>\n<\/div>\n\n\n\n<div class=\"wp-block-columns is-layout-flex wp-container-core-columns-is-layout-9d6595d7 wp-block-columns-is-layout-flex\">\n<div class=\"wp-block-column is-layout-flow wp-block-column-is-layout-flow\" style=\"flex-basis:66.66%\">\n<p><strong>Contact<\/strong>:<br>\u2709\ufe0f <a href=\"mailto:aintec@uel.br\">aintec@uel.br<\/a><\/p>\n<\/div>\n<\/div>\n\n\n\n<p><\/p>\n","protected":false},"excerpt":{"rendered":"<p>Agence d&#8217;Innovation Technologique L&#8217;Agence d&#8217;Innovation Technologique de l&#8217;Universit\u00e9 d&#8217;\u00c9tat de Londrina (AINTEC) a \u00e9t\u00e9 cr\u00e9\u00e9e le 17 avril 2008, par la R\u00e9solution N\u00ba 065\/2008 du Conseil Universitaire, en compl\u00e9ment de la Loi d&#8217;Innovation (Ley N\u00ba 10.973\/2004). En 2008, l&#8217;AINTEC a incorpor\u00e9 l&#8217;Incubateur international d&#8217;entreprises de base technologique de l&#8217;UEL (INTUEL), cr\u00e9\u00e9e en l&#8217;ann\u00e9e 2000; l&#8217;Oficina [&hellip;]<\/p>\n","protected":false},"author":13,"featured_media":0,"parent":2699,"menu_order":0,"comment_status":"closed","ping_status":"closed","template":"","meta":{"_themeisle_gutenberg_block_has_review":false,"footnotes":""},"class_list":["post-2352","page","type-page","status-publish","hentry"],"acf":[],"_links":{"self":[{"href":"https:\/\/sites.uel.br\/international\/wp-json\/wp\/v2\/pages\/2352","targetHints":{"allow":["GET"]}}],"collection":[{"href":"https:\/\/sites.uel.br\/international\/wp-json\/wp\/v2\/pages"}],"about":[{"href":"https:\/\/sites.uel.br\/international\/wp-json\/wp\/v2\/types\/page"}],"author":[{"embeddable":true,"href":"https:\/\/sites.uel.br\/international\/wp-json\/wp\/v2\/users\/13"}],"replies":[{"embeddable":true,"href":"https:\/\/sites.uel.br\/international\/wp-json\/wp\/v2\/comments?post=2352"}],"version-history":[{"count":2,"href":"https:\/\/sites.uel.br\/international\/wp-json\/wp\/v2\/pages\/2352\/revisions"}],"predecessor-version":[{"id":2669,"href":"https:\/\/sites.uel.br\/international\/wp-json\/wp\/v2\/pages\/2352\/revisions\/2669"}],"up":[{"embeddable":true,"href":"https:\/\/sites.uel.br\/international\/wp-json\/wp\/v2\/pages\/2699"}],"wp:attachment":[{"href":"https:\/\/sites.uel.br\/international\/wp-json\/wp\/v2\/media?parent=2352"}],"curies":[{"name":"wp","href":"https:\/\/api.w.org\/{rel}","templated":true}]}}