{"id":2350,"date":"2025-11-06T10:32:40","date_gmt":"2025-11-06T13:32:40","guid":{"rendered":"https:\/\/sites.uel.br\/international\/?page_id=2350"},"modified":"2025-11-06T12:22:55","modified_gmt":"2025-11-06T15:22:55","slug":"innovacion","status":"publish","type":"page","link":"https:\/\/sites.uel.br\/international\/es\/innovacion\/","title":{"rendered":"Innovaci\u00f3n"},"content":{"rendered":"\n<div style=\"height:50px\" aria-hidden=\"true\" class=\"wp-block-spacer\"><\/div>\n\n\n\n<figure class=\"wp-block-image size-large\"><img decoding=\"async\" src=\"https:\/\/sites.uel.br\/aintec\/wp-content\/uploads\/2022\/08\/AINTEC-Banner-final-site-1-1.png\" alt=\"\" \/><\/figure>\n\n\n\n<div style=\"height:37px\" aria-hidden=\"true\" class=\"wp-block-spacer\"><\/div>\n\n\n\n<div class=\"wp-block-columns is-layout-flex wp-container-core-columns-is-layout-9d6595d7 wp-block-columns-is-layout-flex\">\n<div class=\"wp-block-column is-layout-flow wp-block-column-is-layout-flow\">\n<h3 class=\"wp-block-heading\"><strong><strong>Agencia de Innovaci\u00f3n Tecnol\u00f3gica<\/strong><\/strong><\/h3>\n\n\n\n<p><\/p>\n\n\n\n<p>La Agencia de Innovaci\u00f3n Tecnol\u00f3gica de la Universidad Estatal de Londrina (AINTEC) fue creada el 17 de abril de 2008, mediante la Resoluci\u00f3n N\u00ba 065\/2008 del Consejo Universitario, en cumplimiento de la Ley de Innovaci\u00f3n (Ley N\u00ba 10.973\/2004).<\/p>\n<\/div>\n\n\n\n<div class=\"wp-block-column is-layout-flow wp-block-column-is-layout-flow\">\n<p><\/p>\n\n\n\n<p>En 2008, la AINTEC incorpor\u00f3 la Incubadora Internacional de Empresas de Base Tecnol\u00f3gica de la UEL (INTUEL), creada en el a\u00f1o 2000; la Oficina de Propiedad Intelectual (EPI), creada en 2003; y la Oficina de Transferencia de Tecnolog\u00eda (ETT), tambi\u00e9n creada en 2003 por la Oficina de Estudios de Posgrado e Investigaci\u00f3n (PROPPG).<br><\/p>\n<\/div>\n<\/div>\n\n\n\n<div style=\"height:37px\" aria-hidden=\"true\" class=\"wp-block-spacer\"><\/div>\n\n\n\n<div class=\"wp-block-columns is-layout-flex wp-container-core-columns-is-layout-9d6595d7 wp-block-columns-is-layout-flex\">\n<div class=\"wp-block-column is-layout-flow wp-block-column-is-layout-flow\">\n<figure class=\"wp-block-embed is-type-video is-provider-youtube wp-block-embed-youtube wp-embed-aspect-16-9 wp-has-aspect-ratio\"><div class=\"wp-block-embed__wrapper\">\n<iframe loading=\"lazy\" title=\"V\u00eddeo Institucional INTUEL - Vers\u00e3o Completa\" width=\"500\" height=\"281\" src=\"https:\/\/www.youtube.com\/embed\/jcdqFKxvmEc?feature=oembed\" frameborder=\"0\" allow=\"accelerometer; autoplay; clipboard-write; encrypted-media; gyroscope; picture-in-picture; web-share\" referrerpolicy=\"strict-origin-when-cross-origin\" allowfullscreen><\/iframe>\n<\/div><\/figure>\n\n\n\n<div style=\"height:37px\" aria-hidden=\"true\" class=\"wp-block-spacer\"><\/div>\n\n\n\n<div class=\"wp-block-columns is-layout-flex wp-container-core-columns-is-layout-9d6595d7 wp-block-columns-is-layout-flex\">\n<div class=\"wp-block-column is-layout-flow wp-block-column-is-layout-flow\">\n<p>La AINTEC tiene como objetivo gestionar la Pol\u00edtica de Innovaci\u00f3n de la UEL, identificando, protegiendo y transfiriendo las creaciones generadas en la universidad hacia la sociedad y el mercado, adem\u00e1s de atender las demandas tecnol\u00f3gicas.<\/p>\n<\/div>\n\n\n\n<div class=\"wp-block-column is-layout-flow wp-block-column-is-layout-flow\">\n<p>Actualmente, las cuatro unidades de la AINTEC \u2014la Incubadora Internacional de Empresas de Base Tecnol\u00f3gica (INTUEL), la Oficina de Propiedad Intelectual (EPI), la Oficina de Transferencia de Tecnolog\u00eda (ETT) y la Oficina de Dise\u00f1o (EDN)\u2014 desarrollan acciones en colaboraci\u00f3n con la UEL y sus socios para transferir conocimiento y tecnolog\u00eda a la sociedad, generando innovaciones y atendiendo a las demandas sociales y del mercado.<br><\/p>\n<\/div>\n<\/div>\n<\/div>\n<\/div>\n\n\n\n<div class=\"wp-block-columns is-layout-flex wp-container-core-columns-is-layout-9d6595d7 wp-block-columns-is-layout-flex\">\n<div class=\"wp-block-column is-layout-flow wp-block-column-is-layout-flow\" style=\"flex-basis:66.66%\">\n<p><strong>Contact<\/strong>:<br>\u2709\ufe0f <a href=\"mailto:aintec@uel.br\">aintec@uel.br<\/a><\/p>\n<\/div>\n<\/div>\n\n\n\n<p><\/p>\n","protected":false},"excerpt":{"rendered":"<p>Agencia de Innovaci\u00f3n Tecnol\u00f3gica La Agencia de Innovaci\u00f3n Tecnol\u00f3gica de la Universidad Estatal de Londrina (AINTEC) fue creada el 17 de abril de 2008, mediante la Resoluci\u00f3n N\u00ba 065\/2008 del Consejo Universitario, en cumplimiento de la Ley de Innovaci\u00f3n (Ley N\u00ba 10.973\/2004). En 2008, la AINTEC incorpor\u00f3 la Incubadora Internacional de Empresas de Base Tecnol\u00f3gica [&hellip;]<\/p>\n","protected":false},"author":13,"featured_media":0,"parent":0,"menu_order":0,"comment_status":"closed","ping_status":"closed","template":"","meta":{"_themeisle_gutenberg_block_has_review":false,"footnotes":""},"class_list":["post-2350","page","type-page","status-publish","hentry"],"acf":[],"_links":{"self":[{"href":"https:\/\/sites.uel.br\/international\/wp-json\/wp\/v2\/pages\/2350","targetHints":{"allow":["GET"]}}],"collection":[{"href":"https:\/\/sites.uel.br\/international\/wp-json\/wp\/v2\/pages"}],"about":[{"href":"https:\/\/sites.uel.br\/international\/wp-json\/wp\/v2\/types\/page"}],"author":[{"embeddable":true,"href":"https:\/\/sites.uel.br\/international\/wp-json\/wp\/v2\/users\/13"}],"replies":[{"embeddable":true,"href":"https:\/\/sites.uel.br\/international\/wp-json\/wp\/v2\/comments?post=2350"}],"version-history":[{"count":3,"href":"https:\/\/sites.uel.br\/international\/wp-json\/wp\/v2\/pages\/2350\/revisions"}],"predecessor-version":[{"id":2555,"href":"https:\/\/sites.uel.br\/international\/wp-json\/wp\/v2\/pages\/2350\/revisions\/2555"}],"wp:attachment":[{"href":"https:\/\/sites.uel.br\/international\/wp-json\/wp\/v2\/media?parent=2350"}],"curies":[{"name":"wp","href":"https:\/\/api.w.org\/{rel}","templated":true}]}}