{"id":2347,"date":"2025-11-10T11:01:07","date_gmt":"2025-11-10T14:01:07","guid":{"rendered":"https:\/\/sites.uel.br\/international\/?page_id=2347"},"modified":"2025-11-11T11:43:02","modified_gmt":"2025-11-11T14:43:02","slug":"histoire","status":"publish","type":"page","link":"https:\/\/sites.uel.br\/international\/fr\/a-propos-de-luel\/histoire\/","title":{"rendered":"Histoire"},"content":{"rendered":"\n<div style=\"height:20px\" aria-hidden=\"true\" class=\"wp-block-spacer\"><\/div>\n\n\n\n<div class=\"wp-block-cover alignfull is-light\" style=\"margin-top:0;padding-top:4vw;padding-right:4vw;padding-bottom:4vw;padding-left:4vw;min-height:314px;aspect-ratio:unset;\"><img loading=\"lazy\" decoding=\"async\" width=\"1890\" height=\"1186\" class=\"wp-block-cover__image-background wp-image-251\" alt=\"\" src=\"https:\/\/sites.uel.br\/international\/wp-content\/uploads\/2023\/03\/his2.jpg\" data-object-fit=\"cover\" srcset=\"https:\/\/sites.uel.br\/international\/wp-content\/uploads\/2023\/03\/his2.jpg 1890w, https:\/\/sites.uel.br\/international\/wp-content\/uploads\/2023\/03\/his2-300x188.jpg 300w, https:\/\/sites.uel.br\/international\/wp-content\/uploads\/2023\/03\/his2-1024x643.jpg 1024w, https:\/\/sites.uel.br\/international\/wp-content\/uploads\/2023\/03\/his2-768x482.jpg 768w, https:\/\/sites.uel.br\/international\/wp-content\/uploads\/2023\/03\/his2-1536x964.jpg 1536w\" sizes=\"auto, (max-width: 1890px) 100vw, 1890px\" \/><span aria-hidden=\"true\" class=\"wp-block-cover__background has-background-dim-0 has-background-dim\" style=\"background-color:#2c3066\"><\/span><div class=\"wp-block-cover__inner-container is-layout-flow wp-block-cover-is-layout-flow\">\n<div class=\"wp-block-group\"><div class=\"wp-block-group__inner-container is-layout-flow wp-block-group-is-layout-flow\">\n<p class=\"has-text-align-center has-cinza-claro-color has-text-color\" style=\"font-size:59px;font-style:normal;font-weight:800;letter-spacing:10px;line-height:0.9;text-transform:capitalize\"><\/p>\n<\/div><\/div>\n<\/div><\/div>\n\n\n\n<div class=\"wp-block-columns is-layout-flex wp-container-core-columns-is-layout-9d6595d7 wp-block-columns-is-layout-flex\">\n<div class=\"wp-block-column is-layout-flow wp-block-column-is-layout-flow\">\n<div style=\"height:42px\" aria-hidden=\"true\" class=\"wp-block-spacer\"><\/div>\n\n\n\n<p>Situ\u00e9e dans la ville de Londrina, dans le sud du Br\u00e9sil, l&#8217;Universit\u00e9 d&#8217;\u00c9tat de Londrina (UEL) a \u00e9t\u00e9 fond\u00e9e en 1970 et fait partie des 2 600 \u00e9tablissements d&#8217;enseignement sup\u00e9rieur du Br\u00e9sil.<\/p>\n\n\n\n<p>L&#8217;UEL a \u00e9t\u00e9 cr\u00e9\u00e9e par la fusion des facult\u00e9s de m\u00e9decine dentaire, de droit et de lettres et sciences, donnant naissance \u00e0 une universit\u00e9 publique financ\u00e9e par l&#8217;\u00c9tat qui, en quelques ann\u00e9es seulement, est devenue un choix populaire aupr\u00e8s des \u00e9tudiants de l&#8217;\u00c9tat du Paran\u00e1, au Br\u00e9sil. Chaque ann\u00e9e, plus de 2 000 nouveaux \u00e9tudiants s&#8217;inscrivent \u00e0 l&#8217;un de ses programmes de licence, de master ou de doctorat.<\/p>\n\n\n\n<p>Aujourd&#8217;hui, l&#8217;\u00e9tablissement compte neuf facult\u00e9s, chacune regroupant plusieurs d\u00e9partements sp\u00e9cialis\u00e9s. Ces facult\u00e9s comprennent le Centre des sciences agraires, le Centre des sciences de la sant\u00e9, le Centre des sciences physiques, le Centre des sciences sociales appliqu\u00e9es, le Centre des langues et des lettres, le Centre des sciences biologiques, le Centre d&#8217;\u00e9ducation physique et sportive, le Centre de communication et des arts, et le Centre d&#8217;urbanisme et de technologie.<\/p>\n\n\n\n<p>Le campus de l&#8217;UEL s&#8217;\u00e9tend sur 235 hectares au sud de la ville de Londrina et abrite la grande majorit\u00e9 des b\u00e2timents universitaires. Plusieurs biblioth\u00e8ques, situ\u00e9es sur le campus et dans le centre de Londrina, font partie d&#8217;un r\u00e9seau g\u00e9r\u00e9 par l&#8217;UEL. Le Mus\u00e9e des sciences et des techniques, le Mus\u00e9e de g\u00e9ologie, le Mus\u00e9e historique, le Centre culturel et le Mus\u00e9e d&#8217;anatomie sont tous g\u00e9r\u00e9s par l&#8217;universit\u00e9.<\/p>\n\n\n\n<p>L&#8217;universit\u00e9 a am\u00e9lior\u00e9 sa coop\u00e9ration internationale et souhaite vivement d\u00e9velopper des partenariats internationaux afin de promouvoir \u00e0 la fois les connaissances scientifiques et la mobilit\u00e9 acad\u00e9mique.<\/p>\n<\/div>\n<\/div>\n\n\n\n<figure class=\"wp-block-gallery has-nested-images columns-2 is-cropped wp-block-gallery-1 is-layout-flex wp-block-gallery-is-layout-flex\">\n<figure class=\"wp-block-image size-medium is-style-default\"><a href=\"https:\/\/sites.uel.br\/international\/wp-content\/uploads\/2023\/03\/his1-1.jpg\" target=\"_blank\" rel=\"noopener\"><img loading=\"lazy\" decoding=\"async\" width=\"300\" height=\"198\" data-id=\"256\" src=\"https:\/\/sites.uel.br\/international\/wp-content\/uploads\/2023\/03\/his1-1-300x198.jpg\" alt=\"\" class=\"wp-image-256\" srcset=\"https:\/\/sites.uel.br\/international\/wp-content\/uploads\/2023\/03\/his1-1-300x198.jpg 300w, https:\/\/sites.uel.br\/international\/wp-content\/uploads\/2023\/03\/his1-1-768x508.jpg 768w, https:\/\/sites.uel.br\/international\/wp-content\/uploads\/2023\/03\/his1-1.jpg 947w\" sizes=\"auto, (max-width: 300px) 100vw, 300px\" \/><\/a><figcaption class=\"wp-element-caption\">R\u00e9percussions du projet de 1971, en 1974. <br>(Photo: Archives\/UEL)<\/figcaption><\/figure>\n\n\n\n<figure class=\"wp-block-image size-medium\"><a href=\"https:\/\/sites.uel.br\/international\/wp-content\/uploads\/2023\/03\/his3.jpg\" target=\"_blank\" rel=\"noopener\"><img loading=\"lazy\" decoding=\"async\" width=\"300\" height=\"199\" data-id=\"255\" src=\"https:\/\/sites.uel.br\/international\/wp-content\/uploads\/2023\/03\/his3-300x199.jpg\" alt=\"\" class=\"wp-image-255\" srcset=\"https:\/\/sites.uel.br\/international\/wp-content\/uploads\/2023\/03\/his3-300x199.jpg 300w, https:\/\/sites.uel.br\/international\/wp-content\/uploads\/2023\/03\/his3-768x509.jpg 768w, https:\/\/sites.uel.br\/international\/wp-content\/uploads\/2023\/03\/his3.jpg 947w\" sizes=\"auto, (max-width: 300px) 100vw, 300px\" \/><\/a><figcaption class=\"wp-element-caption\">Consolidation du projet de 1971, en 1997. <br>(Photo: Archives\/UEL)<\/figcaption><\/figure>\n\n\n\n<figure class=\"wp-block-image size-medium\"><a href=\"https:\/\/sites.uel.br\/international\/wp-content\/uploads\/2023\/03\/his2.jpg\" target=\"_blank\" rel=\"noopener\"><img loading=\"lazy\" decoding=\"async\" width=\"300\" height=\"188\" data-id=\"251\" src=\"https:\/\/sites.uel.br\/international\/wp-content\/uploads\/2023\/03\/his2-300x188.jpg\" alt=\"\" class=\"wp-image-251\" srcset=\"https:\/\/sites.uel.br\/international\/wp-content\/uploads\/2023\/03\/his2-300x188.jpg 300w, https:\/\/sites.uel.br\/international\/wp-content\/uploads\/2023\/03\/his2-1024x643.jpg 1024w, https:\/\/sites.uel.br\/international\/wp-content\/uploads\/2023\/03\/his2-768x482.jpg 768w, https:\/\/sites.uel.br\/international\/wp-content\/uploads\/2023\/03\/his2-1536x964.jpg 1536w, https:\/\/sites.uel.br\/international\/wp-content\/uploads\/2023\/03\/his2.jpg 1890w\" sizes=\"auto, (max-width: 300px) 100vw, 300px\" \/><\/a><figcaption class=\"wp-element-caption\">Construction du d\u00e9canat de l&#8217;universit\u00e9 sur le campus. (Photo: Archives\/UEL)<\/figcaption><\/figure>\n\n\n\n<figure class=\"wp-block-image size-medium\"><a href=\"https:\/\/sites.uel.br\/international\/wp-content\/uploads\/2023\/03\/Paulo-Pimentel.jpg\" target=\"_blank\" rel=\"noopener\"><img loading=\"lazy\" decoding=\"async\" width=\"300\" height=\"225\" data-id=\"253\" src=\"https:\/\/sites.uel.br\/international\/wp-content\/uploads\/2023\/03\/Paulo-Pimentel-300x225.jpg\" alt=\"\" class=\"wp-image-253\" srcset=\"https:\/\/sites.uel.br\/international\/wp-content\/uploads\/2023\/03\/Paulo-Pimentel-300x225.jpg 300w, https:\/\/sites.uel.br\/international\/wp-content\/uploads\/2023\/03\/Paulo-Pimentel-768x576.jpg 768w, https:\/\/sites.uel.br\/international\/wp-content\/uploads\/2023\/03\/Paulo-Pimentel.jpg 1024w\" sizes=\"auto, (max-width: 300px) 100vw, 300px\" \/><\/a><figcaption class=\"wp-element-caption\">(Photo: Archives\/UEL)<\/figcaption><\/figure>\n\n\n\n<figure class=\"wp-block-image size-medium\"><a href=\"https:\/\/sites.uel.br\/international\/wp-content\/uploads\/2023\/03\/hu_antigo2.jpg\" target=\"_blank\" rel=\"noopener\"><img loading=\"lazy\" decoding=\"async\" width=\"300\" height=\"205\" data-id=\"248\" src=\"https:\/\/sites.uel.br\/international\/wp-content\/uploads\/2023\/03\/hu_antigo2-300x205.jpg\" alt=\"\" class=\"wp-image-248\" srcset=\"https:\/\/sites.uel.br\/international\/wp-content\/uploads\/2023\/03\/hu_antigo2-300x205.jpg 300w, https:\/\/sites.uel.br\/international\/wp-content\/uploads\/2023\/03\/hu_antigo2.jpg 333w\" sizes=\"auto, (max-width: 300px) 100vw, 300px\" \/><\/a><figcaption class=\"wp-element-caption\">H\u00f4pital Universitaire en 1975.<br>(Photo: Archives\/UEL)<\/figcaption><\/figure>\n\n\n\n<figure class=\"wp-block-image size-medium\" id=\"wp-block-themeisle-blocks-image-67300b40\"><a href=\"https:\/\/sites.uel.br\/international\/wp-content\/uploads\/2023\/03\/Untitled-2.jpg\" target=\"_blank\" rel=\"noopener\"><img loading=\"lazy\" decoding=\"async\" width=\"300\" height=\"200\" data-id=\"252\" src=\"https:\/\/sites.uel.br\/international\/wp-content\/uploads\/2023\/03\/Untitled-2-300x200.jpg\" alt=\"\" class=\"wp-image-252\" srcset=\"https:\/\/sites.uel.br\/international\/wp-content\/uploads\/2023\/03\/Untitled-2-300x200.jpg 300w, https:\/\/sites.uel.br\/international\/wp-content\/uploads\/2023\/03\/Untitled-2-1024x683.jpg 1024w, https:\/\/sites.uel.br\/international\/wp-content\/uploads\/2023\/03\/Untitled-2-768x512.jpg 768w, https:\/\/sites.uel.br\/international\/wp-content\/uploads\/2023\/03\/Untitled-2-1536x1024.jpg 1536w, https:\/\/sites.uel.br\/international\/wp-content\/uploads\/2023\/03\/Untitled-2.jpg 2040w\" sizes=\"auto, (max-width: 300px) 100vw, 300px\" \/><\/a><figcaption class=\"wp-element-caption\">R\u00e9union du corps professoral et du personnel. (Photo: Archives\/UEL)<\/figcaption><\/figure>\n\n\n\n<figure class=\"wp-block-image size-medium\"><a href=\"https:\/\/sites.uel.br\/international\/wp-content\/uploads\/2023\/03\/Untitled-6.jpg\" target=\"_blank\" rel=\"noopener\"><img loading=\"lazy\" decoding=\"async\" width=\"300\" height=\"195\" data-id=\"249\" src=\"https:\/\/sites.uel.br\/international\/wp-content\/uploads\/2023\/03\/Untitled-6-300x195.jpg\" alt=\"\" class=\"wp-image-249\" srcset=\"https:\/\/sites.uel.br\/international\/wp-content\/uploads\/2023\/03\/Untitled-6-300x195.jpg 300w, https:\/\/sites.uel.br\/international\/wp-content\/uploads\/2023\/03\/Untitled-6-1024x666.jpg 1024w, https:\/\/sites.uel.br\/international\/wp-content\/uploads\/2023\/03\/Untitled-6-768x500.jpg 768w, https:\/\/sites.uel.br\/international\/wp-content\/uploads\/2023\/03\/Untitled-6-1536x1000.jpg 1536w, https:\/\/sites.uel.br\/international\/wp-content\/uploads\/2023\/03\/Untitled-6-2048x1333.jpg 2048w\" sizes=\"auto, (max-width: 300px) 100vw, 300px\" \/><\/a><figcaption class=\"wp-element-caption\">R\u00e9union du corps professoral et du personnel. (Photo: Archives\/UEL)<\/figcaption><\/figure>\n\n\n\n<figure class=\"wp-block-image size-medium\"><a href=\"https:\/\/sites.uel.br\/international\/wp-content\/uploads\/2023\/03\/Untitled-1.jpg\" target=\"_blank\" rel=\"noopener\"><img loading=\"lazy\" decoding=\"async\" width=\"300\" height=\"200\" data-id=\"254\" src=\"https:\/\/sites.uel.br\/international\/wp-content\/uploads\/2023\/03\/Untitled-1-300x200.jpg\" alt=\"\" class=\"wp-image-254\" srcset=\"https:\/\/sites.uel.br\/international\/wp-content\/uploads\/2023\/03\/Untitled-1-300x200.jpg 300w, https:\/\/sites.uel.br\/international\/wp-content\/uploads\/2023\/03\/Untitled-1-1024x683.jpg 1024w, https:\/\/sites.uel.br\/international\/wp-content\/uploads\/2023\/03\/Untitled-1-768x512.jpg 768w, https:\/\/sites.uel.br\/international\/wp-content\/uploads\/2023\/03\/Untitled-1-1536x1024.jpg 1536w, https:\/\/sites.uel.br\/international\/wp-content\/uploads\/2023\/03\/Untitled-1.jpg 2040w\" sizes=\"auto, (max-width: 300px) 100vw, 300px\" \/><\/a><figcaption class=\"wp-element-caption\">L&#8217;UEL contre la dictature.<br>(Photo: Archives\/UEL)<\/figcaption><\/figure>\n\n\n\n<figure class=\"wp-block-image size-medium\"><a href=\"https:\/\/sites.uel.br\/international\/wp-content\/uploads\/2023\/03\/vestibular.jpg\" target=\"_blank\" rel=\"noopener\"><img loading=\"lazy\" decoding=\"async\" width=\"300\" height=\"201\" data-id=\"250\" src=\"https:\/\/sites.uel.br\/international\/wp-content\/uploads\/2023\/03\/vestibular-300x201.jpg\" alt=\"\" class=\"wp-image-250\" srcset=\"https:\/\/sites.uel.br\/international\/wp-content\/uploads\/2023\/03\/vestibular-300x201.jpg 300w, https:\/\/sites.uel.br\/international\/wp-content\/uploads\/2023\/03\/vestibular-1024x685.jpg 1024w, https:\/\/sites.uel.br\/international\/wp-content\/uploads\/2023\/03\/vestibular-768x514.jpg 768w, https:\/\/sites.uel.br\/international\/wp-content\/uploads\/2023\/03\/vestibular-1536x1028.jpg 1536w, https:\/\/sites.uel.br\/international\/wp-content\/uploads\/2023\/03\/vestibular-2048x1371.jpg 2048w\" sizes=\"auto, (max-width: 300px) 100vw, 300px\" \/><\/a><figcaption class=\"wp-element-caption\">Examen d&#8217;admission.<br>(Photo: Archives\/UEL)<\/figcaption><\/figure>\n<\/figure>\n\n\n\n<div style=\"height:50px\" aria-hidden=\"true\" class=\"wp-block-spacer\"><\/div>\n\n\n\n<p><\/p>\n","protected":false},"excerpt":{"rendered":"<p>Situ\u00e9e dans la ville de Londrina, dans le sud du Br\u00e9sil, l&#8217;Universit\u00e9 d&#8217;\u00c9tat de Londrina (UEL) a \u00e9t\u00e9 fond\u00e9e en 1970 et fait partie des 2 600 \u00e9tablissements d&#8217;enseignement sup\u00e9rieur du Br\u00e9sil. L&#8217;UEL a \u00e9t\u00e9 cr\u00e9\u00e9e par la fusion des facult\u00e9s de m\u00e9decine dentaire, de droit et de lettres et sciences, donnant naissance \u00e0 une [&hellip;]<\/p>\n","protected":false},"author":13,"featured_media":0,"parent":2690,"menu_order":0,"comment_status":"closed","ping_status":"closed","template":"","meta":{"_themeisle_gutenberg_block_has_review":false,"footnotes":""},"class_list":["post-2347","page","type-page","status-publish","hentry"],"acf":[],"_links":{"self":[{"href":"https:\/\/sites.uel.br\/international\/wp-json\/wp\/v2\/pages\/2347","targetHints":{"allow":["GET"]}}],"collection":[{"href":"https:\/\/sites.uel.br\/international\/wp-json\/wp\/v2\/pages"}],"about":[{"href":"https:\/\/sites.uel.br\/international\/wp-json\/wp\/v2\/types\/page"}],"author":[{"embeddable":true,"href":"https:\/\/sites.uel.br\/international\/wp-json\/wp\/v2\/users\/13"}],"replies":[{"embeddable":true,"href":"https:\/\/sites.uel.br\/international\/wp-json\/wp\/v2\/comments?post=2347"}],"version-history":[{"count":2,"href":"https:\/\/sites.uel.br\/international\/wp-json\/wp\/v2\/pages\/2347\/revisions"}],"predecessor-version":[{"id":2599,"href":"https:\/\/sites.uel.br\/international\/wp-json\/wp\/v2\/pages\/2347\/revisions\/2599"}],"up":[{"embeddable":true,"href":"https:\/\/sites.uel.br\/international\/wp-json\/wp\/v2\/pages\/2690"}],"wp:attachment":[{"href":"https:\/\/sites.uel.br\/international\/wp-json\/wp\/v2\/media?parent=2347"}],"curies":[{"name":"wp","href":"https:\/\/api.w.org\/{rel}","templated":true}]}}