{"id":2330,"date":"2025-11-10T11:33:14","date_gmt":"2025-11-10T14:33:14","guid":{"rendered":"https:\/\/sites.uel.br\/international\/?page_id=2330"},"modified":"2025-11-11T11:49:36","modified_gmt":"2025-11-11T14:49:36","slug":"sports-et-remise-en-forme","status":"publish","type":"page","link":"https:\/\/sites.uel.br\/international\/fr\/vie-de-campus\/sports-et-remise-en-forme\/","title":{"rendered":"Sports et remise en forme"},"content":{"rendered":"\n<div style=\"height:50px\" aria-hidden=\"true\" class=\"wp-block-spacer\"><\/div>\n\n\n\n<div class=\"wp-block-columns is-layout-flex wp-container-core-columns-is-layout-9d6595d7 wp-block-columns-is-layout-flex\">\n<div class=\"wp-block-column is-layout-flow wp-block-column-is-layout-flow\" style=\"flex-basis:66.66%\">\n<p>Depuis 1998, le programme d&#8217;activit\u00e9 physique de l&#8217;UEL (<a href=\"https:\/\/www.uel.br\/cefe\/nafi\/\">NAFI<\/a>) a int\u00e9gr\u00e9 l&#8217;Universit\u00e9 <a href=\"http:\/\/www.uel.br\/cefe\/portal\/\">Centre d&#8217;\u00e9ducation physique<\/a> L&#8217;institut NAFI s&#8217;int\u00e8gre \u00e0 la communaut\u00e9 universitaire (\u00e9tudiants, professeurs et personnel) ainsi qu&#8217;\u00e0 la communaut\u00e9 locale. Cette int\u00e9gration se concr\u00e9tise par des actions dans le domaine de l&#8217;activit\u00e9 physique li\u00e9e \u00e0 la sant\u00e9, encadr\u00e9es et encadr\u00e9es par les enseignants et les formateurs des cours dispens\u00e9s par l&#8217;institut. NAFI est \u00e9galement le centre de formation du programme de licence en \u00e9ducation physique, ainsi que des programmes de formation continue dans ce domaine.<\/p>\n\n\n\n<p>Par le biais de NAFI, l&#8217;UEL vise \u00e0:<\/p>\n\n\n\n<p>Contribuer \u00e0 la promotion de la sant\u00e9 de la population par la pratique d&#8217;exercice physique.<\/p>\n\n\n\n<p>Offrir \u00e0 l&#8217;universit\u00e9 et \u00e0 la communaut\u00e9 ext\u00e9rieure un programme d&#8217;exercices physiques encadr\u00e9s par la pratique de diff\u00e9rentes modalit\u00e9s d&#8217;activit\u00e9s physiques.<\/p>\n\n\n\n<p>Int\u00e9grer le Centre d&#8217;\u00e9ducation physique de l&#8217;Universit\u00e9 aupr\u00e8s des professionnels inscrits dans les domaines de l&#8217;\u00e9ducation physique et du sport par la promotion d&#8217;informations sur l&#8217;exercice physique li\u00e9 \u00e0 la sant\u00e9.<\/p>\n\n\n\n<p>Accorder des subventions pour la formation professionnelle des enseignants-chercheurs inscrits aux cours d&#8217;\u00e9ducation physique et sportive de l&#8217;UEL dans le domaine de l&#8217;activit\u00e9 physique li\u00e9e \u00e0 la sant\u00e9.<\/p>\n\n\n\n<p>Contribuer au d\u00e9veloppement des ressources humaines en proposant un stage b\u00e9n\u00e9vole, visant \u00e0 offrir des exp\u00e9riences acad\u00e9miques et professionnelles aux \u00e9tudiants inscrits en \u00e9ducation physique et sportive.<\/p>\n\n\n\n<p>Offrir aux enseignants la possibilit\u00e9 de d\u00e9velopper des strat\u00e9gies ax\u00e9es sur des m\u00e9thodologies d&#8217;enseignement innovantes, des techniques de concentration et des contenus pertinents.<\/p>\n\n\n\n<p>Promouvoir les \u00e9v\u00e9nements sportifs d&#8217;int\u00e9r\u00eat pour l&#8217;universit\u00e9 et la communaut\u00e9 ext\u00e9rieure.<\/p>\n\n\n\n<div style=\"height:0px\" aria-hidden=\"true\" class=\"wp-block-spacer\"><\/div>\n\n\n\n<div class=\"wp-block-columns is-layout-flex wp-container-core-columns-is-layout-9d6595d7 wp-block-columns-is-layout-flex\">\n<div class=\"wp-block-column is-layout-flow wp-block-column-is-layout-flow\">\n<figure class=\"wp-block-image size-full\"><img loading=\"lazy\" decoding=\"async\" width=\"617\" height=\"385\" src=\"https:\/\/sites.uel.br\/international\/wp-content\/uploads\/2024\/06\/belly-dancing.png\" alt=\"\" class=\"wp-image-1334\" srcset=\"https:\/\/sites.uel.br\/international\/wp-content\/uploads\/2024\/06\/belly-dancing.png 617w, https:\/\/sites.uel.br\/international\/wp-content\/uploads\/2024\/06\/belly-dancing-300x187.png 300w\" sizes=\"auto, (max-width: 617px) 100vw, 617px\" \/><figcaption class=\"wp-element-caption\">Danse du ventre<\/figcaption><\/figure>\n\n\n\n<figure class=\"wp-block-image size-full\"><img loading=\"lazy\" decoding=\"async\" width=\"617\" height=\"385\" src=\"https:\/\/sites.uel.br\/international\/wp-content\/uploads\/2024\/06\/Pilates.png\" alt=\"\" class=\"wp-image-1344\" srcset=\"https:\/\/sites.uel.br\/international\/wp-content\/uploads\/2024\/06\/Pilates.png 617w, https:\/\/sites.uel.br\/international\/wp-content\/uploads\/2024\/06\/Pilates-300x187.png 300w\" sizes=\"auto, (max-width: 617px) 100vw, 617px\" \/><figcaption class=\"wp-element-caption\">Pilates<\/figcaption><\/figure>\n\n\n\n<figure class=\"wp-block-image size-full\"><img loading=\"lazy\" decoding=\"async\" width=\"617\" height=\"385\" src=\"https:\/\/sites.uel.br\/international\/wp-content\/uploads\/2024\/06\/bodybuilding-1.png\" alt=\"\" class=\"wp-image-1354\" srcset=\"https:\/\/sites.uel.br\/international\/wp-content\/uploads\/2024\/06\/bodybuilding-1.png 617w, https:\/\/sites.uel.br\/international\/wp-content\/uploads\/2024\/06\/bodybuilding-1-300x187.png 300w\" sizes=\"auto, (max-width: 617px) 100vw, 617px\" \/><figcaption class=\"wp-element-caption\">Musculation<\/figcaption><\/figure>\n\n\n\n<figure class=\"wp-block-image size-full\"><img loading=\"lazy\" decoding=\"async\" width=\"617\" height=\"385\" src=\"https:\/\/sites.uel.br\/international\/wp-content\/uploads\/2024\/06\/yoga.png\" alt=\"\" class=\"wp-image-1363\" srcset=\"https:\/\/sites.uel.br\/international\/wp-content\/uploads\/2024\/06\/yoga.png 617w, https:\/\/sites.uel.br\/international\/wp-content\/uploads\/2024\/06\/yoga-300x187.png 300w\" sizes=\"auto, (max-width: 617px) 100vw, 617px\" \/><figcaption class=\"wp-element-caption\">Yoga<\/figcaption><\/figure>\n<\/div>\n\n\n\n<div class=\"wp-block-column is-layout-flow wp-block-column-is-layout-flow\">\n<figure class=\"wp-block-image size-full\"><img loading=\"lazy\" decoding=\"async\" width=\"617\" height=\"385\" src=\"https:\/\/sites.uel.br\/international\/wp-content\/uploads\/2024\/06\/rhythmic-gymnastics.png\" alt=\"\" class=\"wp-image-1339\" srcset=\"https:\/\/sites.uel.br\/international\/wp-content\/uploads\/2024\/06\/rhythmic-gymnastics.png 617w, https:\/\/sites.uel.br\/international\/wp-content\/uploads\/2024\/06\/rhythmic-gymnastics-300x187.png 300w\" sizes=\"auto, (max-width: 617px) 100vw, 617px\" \/><figcaption class=\"wp-element-caption\">Gymnastique rythmique<\/figcaption><\/figure>\n\n\n\n<figure class=\"wp-block-image size-full\"><img loading=\"lazy\" decoding=\"async\" width=\"617\" height=\"385\" src=\"https:\/\/sites.uel.br\/international\/wp-content\/uploads\/2024\/06\/JAZZ.png\" alt=\"\" class=\"wp-image-1346\" srcset=\"https:\/\/sites.uel.br\/international\/wp-content\/uploads\/2024\/06\/JAZZ.png 617w, https:\/\/sites.uel.br\/international\/wp-content\/uploads\/2024\/06\/JAZZ-300x187.png 300w\" sizes=\"auto, (max-width: 617px) 100vw, 617px\" \/><figcaption class=\"wp-element-caption\">Jazz<\/figcaption><\/figure>\n\n\n\n<figure class=\"wp-block-image size-full\"><img loading=\"lazy\" decoding=\"async\" width=\"617\" height=\"385\" src=\"https:\/\/sites.uel.br\/international\/wp-content\/uploads\/2024\/06\/swimming.png\" alt=\"\" class=\"wp-image-1355\" srcset=\"https:\/\/sites.uel.br\/international\/wp-content\/uploads\/2024\/06\/swimming.png 617w, https:\/\/sites.uel.br\/international\/wp-content\/uploads\/2024\/06\/swimming-300x187.png 300w\" sizes=\"auto, (max-width: 617px) 100vw, 617px\" \/><figcaption class=\"wp-element-caption\">Natation<\/figcaption><\/figure>\n\n\n\n<figure class=\"wp-block-image size-full\"><img loading=\"lazy\" decoding=\"async\" width=\"617\" height=\"385\" src=\"https:\/\/sites.uel.br\/international\/wp-content\/uploads\/2024\/06\/Zumba.png\" alt=\"\" class=\"wp-image-1364\" srcset=\"https:\/\/sites.uel.br\/international\/wp-content\/uploads\/2024\/06\/Zumba.png 617w, https:\/\/sites.uel.br\/international\/wp-content\/uploads\/2024\/06\/Zumba-300x187.png 300w\" sizes=\"auto, (max-width: 617px) 100vw, 617px\" \/><figcaption class=\"wp-element-caption\">Zumba<\/figcaption><\/figure>\n<\/div>\n<\/div>\n<\/div>\n\n\n\n<div class=\"wp-block-column is-layout-flow wp-block-column-is-layout-flow\" style=\"flex-basis:33.33%\">\n<figure class=\"wp-block-embed is-type-video is-provider-youtube wp-block-embed-youtube wp-embed-aspect-16-9 wp-has-aspect-ratio\"><div class=\"wp-block-embed__wrapper\">\n<iframe loading=\"lazy\" title=\"Viver UEL \u2013 NAFI\" width=\"500\" height=\"281\" src=\"https:\/\/www.youtube.com\/embed\/ASapexnou8Y?feature=oembed\" frameborder=\"0\" allow=\"accelerometer; autoplay; clipboard-write; encrypted-media; gyroscope; picture-in-picture; web-share\" referrerpolicy=\"strict-origin-when-cross-origin\" allowfullscreen><\/iframe>\n<\/div><\/figure>\n\n\n\n<h2 class=\"wp-block-heading has-text-align-left\">Des activit\u00e9s sont propos\u00e9es chaque semestre<\/h2>\n\n\n\n<figure class=\"wp-block-image size-full\"><img loading=\"lazy\" decoding=\"async\" width=\"617\" height=\"385\" src=\"https:\/\/sites.uel.br\/international\/wp-content\/uploads\/2024\/06\/water-aerobics.png\" alt=\"\" class=\"wp-image-1330\" srcset=\"https:\/\/sites.uel.br\/international\/wp-content\/uploads\/2024\/06\/water-aerobics.png 617w, https:\/\/sites.uel.br\/international\/wp-content\/uploads\/2024\/06\/water-aerobics-300x187.png 300w\" sizes=\"auto, (max-width: 617px) 100vw, 617px\" \/><figcaption class=\"wp-element-caption\">Aquagym<\/figcaption><\/figure>\n\n\n\n<figure class=\"wp-block-image size-full\"><img loading=\"lazy\" decoding=\"async\" width=\"617\" height=\"385\" src=\"https:\/\/sites.uel.br\/international\/wp-content\/uploads\/2024\/06\/running.png\" alt=\"\" class=\"wp-image-1331\" srcset=\"https:\/\/sites.uel.br\/international\/wp-content\/uploads\/2024\/06\/running.png 617w, https:\/\/sites.uel.br\/international\/wp-content\/uploads\/2024\/06\/running-300x187.png 300w\" sizes=\"auto, (max-width: 617px) 100vw, 617px\" \/><figcaption class=\"wp-element-caption\">Courir et marcher<\/figcaption><\/figure>\n\n\n\n<figure class=\"wp-block-image size-full\"><img loading=\"lazy\" decoding=\"async\" width=\"617\" height=\"385\" src=\"https:\/\/sites.uel.br\/international\/wp-content\/uploads\/2024\/06\/ballroom-dancing-1.png\" alt=\"\" class=\"wp-image-1333\" srcset=\"https:\/\/sites.uel.br\/international\/wp-content\/uploads\/2024\/06\/ballroom-dancing-1.png 617w, https:\/\/sites.uel.br\/international\/wp-content\/uploads\/2024\/06\/ballroom-dancing-1-300x187.png 300w\" sizes=\"auto, (max-width: 617px) 100vw, 617px\" \/><figcaption class=\"wp-element-caption\">Danse de salon<\/figcaption><\/figure>\n\n\n\n<figure class=\"wp-block-image size-full is-resized\"><img loading=\"lazy\" decoding=\"async\" width=\"617\" height=\"385\" src=\"https:\/\/sites.uel.br\/international\/wp-content\/uploads\/2024\/06\/Muay-Thai.png\" alt=\"\" class=\"wp-image-1348\" style=\"width:316px;height:auto\" srcset=\"https:\/\/sites.uel.br\/international\/wp-content\/uploads\/2024\/06\/Muay-Thai.png 617w, https:\/\/sites.uel.br\/international\/wp-content\/uploads\/2024\/06\/Muay-Thai-300x187.png 300w\" sizes=\"auto, (max-width: 617px) 100vw, 617px\" \/><figcaption class=\"wp-element-caption\">Muay tha\u00ef<\/figcaption><\/figure>\n\n\n\n<figure class=\"wp-block-image size-full is-resized\"><img loading=\"lazy\" decoding=\"async\" width=\"617\" height=\"385\" src=\"https:\/\/sites.uel.br\/international\/wp-content\/uploads\/2024\/06\/volleyball.png\" alt=\"\" class=\"wp-image-1357\" style=\"width:316px;height:auto\" srcset=\"https:\/\/sites.uel.br\/international\/wp-content\/uploads\/2024\/06\/volleyball.png 617w, https:\/\/sites.uel.br\/international\/wp-content\/uploads\/2024\/06\/volleyball-300x187.png 300w\" sizes=\"auto, (max-width: 617px) 100vw, 617px\" \/><figcaption class=\"wp-element-caption\">Volley-ball<\/figcaption><\/figure>\n<\/div>\n<\/div>\n\n\n\n<p><\/p>\n","protected":false},"excerpt":{"rendered":"<p>Depuis 1998, le programme d&#8217;activit\u00e9 physique de l&#8217;UEL (NAFI) a int\u00e9gr\u00e9 l&#8217;Universit\u00e9 Centre d&#8217;\u00e9ducation physique L&#8217;institut NAFI s&#8217;int\u00e8gre \u00e0 la communaut\u00e9 universitaire (\u00e9tudiants, professeurs et personnel) ainsi qu&#8217;\u00e0 la communaut\u00e9 locale. Cette int\u00e9gration se concr\u00e9tise par des actions dans le domaine de l&#8217;activit\u00e9 physique li\u00e9e \u00e0 la sant\u00e9, encadr\u00e9es et encadr\u00e9es par les enseignants et [&hellip;]<\/p>\n","protected":false},"author":13,"featured_media":0,"parent":2692,"menu_order":0,"comment_status":"closed","ping_status":"closed","template":"","meta":{"_themeisle_gutenberg_block_has_review":false,"footnotes":""},"class_list":["post-2330","page","type-page","status-publish","hentry"],"acf":[],"_links":{"self":[{"href":"https:\/\/sites.uel.br\/international\/wp-json\/wp\/v2\/pages\/2330","targetHints":{"allow":["GET"]}}],"collection":[{"href":"https:\/\/sites.uel.br\/international\/wp-json\/wp\/v2\/pages"}],"about":[{"href":"https:\/\/sites.uel.br\/international\/wp-json\/wp\/v2\/types\/page"}],"author":[{"embeddable":true,"href":"https:\/\/sites.uel.br\/international\/wp-json\/wp\/v2\/users\/13"}],"replies":[{"embeddable":true,"href":"https:\/\/sites.uel.br\/international\/wp-json\/wp\/v2\/comments?post=2330"}],"version-history":[{"count":2,"href":"https:\/\/sites.uel.br\/international\/wp-json\/wp\/v2\/pages\/2330\/revisions"}],"predecessor-version":[{"id":2606,"href":"https:\/\/sites.uel.br\/international\/wp-json\/wp\/v2\/pages\/2330\/revisions\/2606"}],"up":[{"embeddable":true,"href":"https:\/\/sites.uel.br\/international\/wp-json\/wp\/v2\/pages\/2692"}],"wp:attachment":[{"href":"https:\/\/sites.uel.br\/international\/wp-json\/wp\/v2\/media?parent=2330"}],"curies":[{"name":"wp","href":"https:\/\/api.w.org\/{rel}","templated":true}]}}