{"id":2328,"date":"2025-11-10T11:51:53","date_gmt":"2025-11-10T14:51:53","guid":{"rendered":"https:\/\/sites.uel.br\/international\/?page_id=2328"},"modified":"2025-11-11T13:54:17","modified_gmt":"2025-11-11T16:54:17","slug":"soins-de-sante","status":"publish","type":"page","link":"https:\/\/sites.uel.br\/international\/fr\/vie-de-campus\/soins-de-sante\/","title":{"rendered":"Soins de sant\u00e9"},"content":{"rendered":"\n<div style=\"height:20px\" aria-hidden=\"true\" class=\"wp-block-spacer\"><\/div>\n\n\n\n<div class=\"wp-block-columns is-layout-flex wp-container-core-columns-is-layout-9d6595d7 wp-block-columns-is-layout-flex\">\n<div class=\"wp-block-column is-layout-flow wp-block-column-is-layout-flow\" style=\"flex-basis:100%\">\n<p>L&#8217;UEL jouit d&#8217;une pr\u00e9sence remarquable dans le domaine de la sant\u00e9, notamment gr\u00e2ce \u00e0 la pr\u00e9sence d&#8217;\u00e9tablissements tels que:<\/p>\n<\/div>\n<\/div>\n\n\n\n<div class=\"wp-block-columns is-layout-flex wp-container-core-columns-is-layout-9d6595d7 wp-block-columns-is-layout-flex\">\n<div class=\"wp-block-column is-layout-flow wp-block-column-is-layout-flow\">\n<figure class=\"wp-block-image size-full\"><img loading=\"lazy\" decoding=\"async\" width=\"617\" height=\"385\" src=\"https:\/\/sites.uel.br\/international\/wp-content\/uploads\/2024\/06\/HU-\u2013-University-Hospital.png\" alt=\"\" class=\"wp-image-1421\" srcset=\"https:\/\/sites.uel.br\/international\/wp-content\/uploads\/2024\/06\/HU-\u2013-University-Hospital.png 617w, https:\/\/sites.uel.br\/international\/wp-content\/uploads\/2024\/06\/HU-\u2013-University-Hospital-300x187.png 300w\" sizes=\"auto, (max-width: 617px) 100vw, 617px\" \/><figcaption class=\"wp-element-caption\"><a href=\"http:\/\/www.uel.br\/hu\/portal\/\" target=\"_blank\" rel=\"noreferrer noopener\"><strong>HU<\/strong><\/a>&nbsp;\u2013 H\u00f4pital universitaire<\/figcaption><\/figure>\n\n\n\n<div style=\"height:27px\" aria-hidden=\"true\" class=\"wp-block-spacer\"><\/div>\n\n\n\n<figure class=\"wp-block-image size-full\"><img loading=\"lazy\" decoding=\"async\" width=\"617\" height=\"385\" src=\"https:\/\/sites.uel.br\/international\/wp-content\/uploads\/2024\/06\/University-Pharmacy.png\" alt=\"\" class=\"wp-image-1425\" srcset=\"https:\/\/sites.uel.br\/international\/wp-content\/uploads\/2024\/06\/University-Pharmacy.png 617w, https:\/\/sites.uel.br\/international\/wp-content\/uploads\/2024\/06\/University-Pharmacy-300x187.png 300w\" sizes=\"auto, (max-width: 617px) 100vw, 617px\" \/><figcaption class=\"wp-element-caption\"><a href=\"https:\/\/sites.uel.br\/farmaciauniversitaria\/\">Pharmacie universitaire<\/a><\/figcaption><\/figure>\n<\/div>\n\n\n\n<div class=\"wp-block-column is-layout-flow wp-block-column-is-layout-flow\">\n<figure class=\"wp-block-image size-full\"><img loading=\"lazy\" decoding=\"async\" width=\"617\" height=\"385\" src=\"https:\/\/sites.uel.br\/international\/wp-content\/uploads\/2024\/06\/AEHU-\u2013-Outpatient-Clinic-of-the-University-Hospital.png\" alt=\"\" class=\"wp-image-1422\" srcset=\"https:\/\/sites.uel.br\/international\/wp-content\/uploads\/2024\/06\/AEHU-\u2013-Outpatient-Clinic-of-the-University-Hospital.png 617w, https:\/\/sites.uel.br\/international\/wp-content\/uploads\/2024\/06\/AEHU-\u2013-Outpatient-Clinic-of-the-University-Hospital-300x187.png 300w\" sizes=\"auto, (max-width: 617px) 100vw, 617px\" \/><figcaption class=\"wp-element-caption\"><strong><a href=\"http:\/\/www.uel.br\/hu\/aehu\/\">AEHU<\/a><\/strong>&nbsp;\u2013 Clinique externe de l&#8217;h\u00f4pital universitaire<\/figcaption><\/figure>\n\n\n\n<figure class=\"wp-block-image size-full\"><img loading=\"lazy\" decoding=\"async\" width=\"617\" height=\"385\" src=\"https:\/\/sites.uel.br\/international\/wp-content\/uploads\/2024\/06\/Psychological-Clinic.png\" alt=\"\" class=\"wp-image-1426\" srcset=\"https:\/\/sites.uel.br\/international\/wp-content\/uploads\/2024\/06\/Psychological-Clinic.png 617w, https:\/\/sites.uel.br\/international\/wp-content\/uploads\/2024\/06\/Psychological-Clinic-300x187.png 300w\" sizes=\"auto, (max-width: 617px) 100vw, 617px\" \/><figcaption class=\"wp-element-caption\"><a href=\"http:\/\/www.uel.br\/clinicapsicologica\/\" target=\"_blank\" rel=\"noreferrer noopener\">Clinique psychologique<\/a><\/figcaption><\/figure>\n<\/div>\n\n\n\n<div class=\"wp-block-column is-layout-flow wp-block-column-is-layout-flow\">\n<figure class=\"wp-block-image size-full\"><img loading=\"lazy\" decoding=\"async\" width=\"617\" height=\"385\" src=\"https:\/\/sites.uel.br\/international\/wp-content\/uploads\/2024\/06\/COU-\u2013-University-Dentistry-Clinic.png\" alt=\"\" class=\"wp-image-1424\" srcset=\"https:\/\/sites.uel.br\/international\/wp-content\/uploads\/2024\/06\/COU-\u2013-University-Dentistry-Clinic.png 617w, https:\/\/sites.uel.br\/international\/wp-content\/uploads\/2024\/06\/COU-\u2013-University-Dentistry-Clinic-300x187.png 300w\" sizes=\"auto, (max-width: 617px) 100vw, 617px\" \/><figcaption class=\"wp-element-caption\"><a href=\"http:\/\/www.uel.br\/orgaos-suplementares\/cou\/portal\/\" target=\"_blank\" rel=\"noreferrer noopener\"><strong>COU<\/strong><\/a>&nbsp;\u2013 Clinique dentaire universitaire<\/figcaption><\/figure>\n\n\n\n<div style=\"height:22px\" aria-hidden=\"true\" class=\"wp-block-spacer\"><\/div>\n\n\n\n<figure class=\"wp-block-image size-full\"><img loading=\"lazy\" decoding=\"async\" width=\"617\" height=\"385\" src=\"https:\/\/sites.uel.br\/international\/wp-content\/uploads\/2024\/06\/HV-\u2013-Veterinary-Hospital-1-1.png\" alt=\"\" class=\"wp-image-1428\" srcset=\"https:\/\/sites.uel.br\/international\/wp-content\/uploads\/2024\/06\/HV-\u2013-Veterinary-Hospital-1-1.png 617w, https:\/\/sites.uel.br\/international\/wp-content\/uploads\/2024\/06\/HV-\u2013-Veterinary-Hospital-1-1-300x187.png 300w\" sizes=\"auto, (max-width: 617px) 100vw, 617px\" \/><figcaption class=\"wp-element-caption\"><a href=\"http:\/\/www.uel.br\/hv\/\" target=\"_blank\" rel=\"noreferrer noopener\"><strong>HV<\/strong><\/a>&nbsp;\u2013 H\u00f4pital v\u00e9t\u00e9rinaire<\/figcaption><\/figure>\n<\/div>\n<\/div>\n\n\n\n<p><\/p>\n","protected":false},"excerpt":{"rendered":"<p>L&#8217;UEL jouit d&#8217;une pr\u00e9sence remarquable dans le domaine de la sant\u00e9, notamment gr\u00e2ce \u00e0 la pr\u00e9sence d&#8217;\u00e9tablissements tels que:<\/p>\n","protected":false},"author":13,"featured_media":0,"parent":2692,"menu_order":0,"comment_status":"closed","ping_status":"closed","template":"","meta":{"_themeisle_gutenberg_block_has_review":false,"footnotes":""},"class_list":["post-2328","page","type-page","status-publish","hentry"],"acf":[],"_links":{"self":[{"href":"https:\/\/sites.uel.br\/international\/wp-json\/wp\/v2\/pages\/2328","targetHints":{"allow":["GET"]}}],"collection":[{"href":"https:\/\/sites.uel.br\/international\/wp-json\/wp\/v2\/pages"}],"about":[{"href":"https:\/\/sites.uel.br\/international\/wp-json\/wp\/v2\/types\/page"}],"author":[{"embeddable":true,"href":"https:\/\/sites.uel.br\/international\/wp-json\/wp\/v2\/users\/13"}],"replies":[{"embeddable":true,"href":"https:\/\/sites.uel.br\/international\/wp-json\/wp\/v2\/comments?post=2328"}],"version-history":[{"count":4,"href":"https:\/\/sites.uel.br\/international\/wp-json\/wp\/v2\/pages\/2328\/revisions"}],"predecessor-version":[{"id":2723,"href":"https:\/\/sites.uel.br\/international\/wp-json\/wp\/v2\/pages\/2328\/revisions\/2723"}],"up":[{"embeddable":true,"href":"https:\/\/sites.uel.br\/international\/wp-json\/wp\/v2\/pages\/2692"}],"wp:attachment":[{"href":"https:\/\/sites.uel.br\/international\/wp-json\/wp\/v2\/media?parent=2328"}],"curies":[{"name":"wp","href":"https:\/\/api.w.org\/{rel}","templated":true}]}}