{"id":2322,"date":"2025-11-10T11:58:27","date_gmt":"2025-11-10T14:58:27","guid":{"rendered":"https:\/\/sites.uel.br\/international\/?page_id=2322"},"modified":"2025-11-11T11:54:10","modified_gmt":"2025-11-11T14:54:10","slug":"bien-etre-communautaire","status":"publish","type":"page","link":"https:\/\/sites.uel.br\/international\/fr\/vie-de-campus\/bien-etre-communautaire\/","title":{"rendered":"Bien-\u00eatre communautaire"},"content":{"rendered":"\n<div style=\"height:50px\" aria-hidden=\"true\" class=\"wp-block-spacer\"><\/div>\n\n\n\n<div id=\"wp-block-themeisle-blocks-tabs-d732b2ca\" class=\"wp-block-themeisle-blocks-tabs is-style-boxed has-light-bg\"><div class=\"wp-block-themeisle-blocks-tabs__content\">\n<div data-title=\"Restaurant universitaire\" data-default-open=\"true\" class=\"wp-block-themeisle-blocks-tabs-item\"><div class=\"wp-block-themeisle-blocks-tabs-item__header\">Restaurant universitaire<\/div><div class=\"wp-block-themeisle-blocks-tabs-item__content\">\n<div style=\"height:35px\" aria-hidden=\"true\" class=\"wp-block-spacer\"><\/div>\n\n\n\n<div class=\"wp-block-columns is-layout-flex wp-container-core-columns-is-layout-9d6595d7 wp-block-columns-is-layout-flex\">\n<div class=\"wp-block-column is-layout-flow wp-block-column-is-layout-flow\">\n<p>Le restaurant universitaire a pour objectifs de garantir la s\u00e9curit\u00e9 alimentaire et nutritionnelle, de fournir une alimentation \u00e9quilibr\u00e9e \u00e0 l&#8217;ensemble de la communaut\u00e9 universitaire, de collaborer au d\u00e9veloppement de la recherche scientifique, de maintenir une relation \u00e9troite avec la communaut\u00e9 afin d&#8217;offrir des possibilit\u00e9s d&#8217;am\u00e9lioration constante et d&#8217;agir comme un acteur de la politique de fid\u00e9lisation des \u00e9tudiants et de la politique des ressources humaines de l&#8217;\u00e9tablissement.<\/p>\n\n\n\n<p>Le restaurant, ouvert en 1998, \u00e9tait responsable de la nutrition et de la s\u00e9curit\u00e9 alimentaire. Jusqu&#8217;en 2014, il occupait une superficie de 1 566,11 m\u00b2 et disposait de 240 couverts. En 2015, l&#8217;universit\u00e9 a agrandi ses locaux \u00e0 3 919,69 m\u00b2, offrant ainsi 750 places assises r\u00e9parties sur 185 tables et 6 emplacements adapt\u00e9s aux personnes \u00e0 mobilit\u00e9 r\u00e9duite.<\/p>\n<\/div>\n\n\n\n<div class=\"wp-block-column is-layout-flow wp-block-column-is-layout-flow\">\n<figure class=\"wp-block-image size-full\"><img loading=\"lazy\" decoding=\"async\" width=\"617\" height=\"385\" src=\"https:\/\/sites.uel.br\/international\/wp-content\/uploads\/2024\/06\/RU-3.png\" alt=\"\" class=\"wp-image-1465\" srcset=\"https:\/\/sites.uel.br\/international\/wp-content\/uploads\/2024\/06\/RU-3.png 617w, https:\/\/sites.uel.br\/international\/wp-content\/uploads\/2024\/06\/RU-3-300x187.png 300w\" sizes=\"auto, (max-width: 617px) 100vw, 617px\" \/><\/figure>\n\n\n\n<p><strong>Heures de service<\/strong><br>Du lundi au vendredi<br><strong>D\u00e9jeuner <\/strong>de 11h \u00e0 14h<br><strong>D\u00eener <\/strong>de 17h30 \u00e0 19h30<\/p>\n\n\n\n<p><strong>Contact<\/strong><br>\u2709\ufe0f sebec@uel.br<\/p>\n<\/div>\n<\/div>\n<\/div><\/div>\n\n\n\n<div data-title=\"Services sociaux\" class=\"wp-block-themeisle-blocks-tabs-item wp-block-themeisle-blocks-tabs-item__header\"><div class=\"wp-block-themeisle-blocks-tabs-item__header\">Services sociaux<\/div><div class=\"wp-block-themeisle-blocks-tabs-item__content\">\n<div style=\"height:35px\" aria-hidden=\"true\" class=\"wp-block-spacer\"><\/div>\n\n\n\n<div class=\"wp-block-columns is-layout-flex wp-container-core-columns-is-layout-9d6595d7 wp-block-columns-is-layout-flex\">\n<div class=\"wp-block-column is-layout-flow wp-block-column-is-layout-flow\" style=\"flex-basis:50%\">\n<h3 class=\"wp-block-heading\"><strong><strong>Pr\u00e9sence sociale quotidienne<\/strong> <\/strong><\/h3>\n\n\n\n<p>Un service d&#8217;accueil social quotidien est propos\u00e9 \u00e0 l&#8217;ensemble de la communaut\u00e9 universitaire du SEBEC, afin d&#8217;aider les usagers \u00e0 trouver des conseils, des recommandations et des services offerts par l&#8217;UEL et la communaut\u00e9 ext\u00e9rieure. C&#8217;est lors de ces rencontres que les besoins individuels sont identifi\u00e9s en vue de la planification, de la formulation et de la mise en \u0153uvre ult\u00e9rieures de projets, en agissant collectivement pour r\u00e9pondre aux demandes exprim\u00e9es.<\/p>\n\n\n\n<div style=\"height:39px\" aria-hidden=\"true\" class=\"wp-block-spacer\"><\/div>\n\n\n\n<h3 class=\"wp-block-heading\"><strong><strong>Soutien social<\/strong><\/strong><\/h3>\n\n\n\n<p>Un soutien et un suivi individualis\u00e9s pour les situations sociales afin de r\u00e9pondre aux besoins sociaux de l&#8217;\u00e9l\u00e8ve et de sa famille.<\/p>\n\n\n\n<p>Projet visant \u00e0 accompagner les \u00e9tudiants dans leur entr\u00e9e sur le march\u00e9 du travail, dans le but de leur cr\u00e9er des sources de revenus alternatives pendant leurs \u00e9tudes \u00e0 l&#8217;UEL.<\/p>\n\n\n\n<p>Soutien psychosocial pour les \u00e9tudiants ayant des probl\u00e8mes de sant\u00e9 mentale.<\/p>\n\n\n\n<p>Soutien et accompagnement des familles d&#8217;\u00e9l\u00e8ves en cas de d\u00e9c\u00e8s.<\/p>\n\n\n\n<p>Offrir des possibilit\u00e9s de stage par le biais de bourses d&#8217;\u00e9tudes aux \u00e9tudiants de premier cycle en services sociaux.<\/p>\n\n\n\n<p>Participation \u00e0 des \u00e9tudes visant \u00e0 cr\u00e9er le Programme de soutien \u00e0 l&#8217;acc\u00e8s et au maintien des \u00e9tudiants dans la formation de l&#8217;UEL, qui vise \u00e0 am\u00e9liorer la diffusion du processus d&#8217;admission de l&#8217;\u00e9tablissement et des conditions de maintien des \u00e9tudiants.<\/p>\n<\/div>\n\n\n\n<div class=\"wp-block-column is-layout-flow wp-block-column-is-layout-flow\" style=\"flex-basis:50%\">\n<figure class=\"wp-block-image size-full is-resized\"><img loading=\"lazy\" decoding=\"async\" width=\"617\" height=\"385\" src=\"https:\/\/sites.uel.br\/international\/wp-content\/uploads\/2024\/06\/SEBEC.png\" alt=\"\" class=\"wp-image-1450\" style=\"width:446px;height:auto\" srcset=\"https:\/\/sites.uel.br\/international\/wp-content\/uploads\/2024\/06\/SEBEC.png 617w, https:\/\/sites.uel.br\/international\/wp-content\/uploads\/2024\/06\/SEBEC-300x187.png 300w\" sizes=\"auto, (max-width: 617px) 100vw, 617px\" \/><\/figure>\n\n\n\n<p><strong>Contact<\/strong><br>\u2709\ufe0f sebec@uel.br<\/p>\n\n\n\n<div style=\"height:116px\" aria-hidden=\"true\" class=\"wp-block-spacer\"><\/div>\n\n\n\n<figure class=\"wp-block-image size-full is-resized\"><img loading=\"lazy\" decoding=\"async\" width=\"617\" height=\"385\" src=\"https:\/\/sites.uel.br\/international\/wp-content\/uploads\/2024\/06\/social.png\" alt=\"\" class=\"wp-image-1458\" style=\"width:446px;height:auto\" srcset=\"https:\/\/sites.uel.br\/international\/wp-content\/uploads\/2024\/06\/social.png 617w, https:\/\/sites.uel.br\/international\/wp-content\/uploads\/2024\/06\/social-300x187.png 300w\" sizes=\"auto, (max-width: 617px) 100vw, 617px\" \/><\/figure>\n<\/div>\n<\/div>\n<\/div><\/div>\n\n\n\n<div data-title=\"Promotion des politiques publiques et institutionnelles\" class=\"wp-block-themeisle-blocks-tabs-item wp-block-themeisle-blocks-tabs-item__header\"><div class=\"wp-block-themeisle-blocks-tabs-item__header\">Promotion des politiques publiques et institutionnelles<\/div><div class=\"wp-block-themeisle-blocks-tabs-item__content\">\n<div style=\"height:35px\" aria-hidden=\"true\" class=\"wp-block-spacer\"><\/div>\n\n\n\n<div class=\"wp-block-columns is-layout-flex wp-container-core-columns-is-layout-9d6595d7 wp-block-columns-is-layout-flex\">\n<div class=\"wp-block-column is-layout-flow wp-block-column-is-layout-flow\" style=\"flex-basis:50%\">\n<p>La Section de la sant\u00e9 mentale participe aux forums universitaires afin d&#8217;\u00e9laborer, de promouvoir et de suivre les politiques relatives \u00e0 l&#8217;aide aux \u00e9tudiants, \u00e0 la sant\u00e9 mentale, \u00e0 l&#8217;\u00e9ducation et aux droits de la personne. Elle se concentre sur les politiques de lutte contre les violences sociales telles que le racisme, le sexisme, la misogynie, les violences sexuelles et sexistes, les in\u00e9galit\u00e9s socio-\u00e9conomiques, ainsi que sur les mesures d&#8217;inclusion et de soutien aux populations minoritaires, notamment les Autochtones, les personnes noires, les personnes gaies, lesbiennes, transgenres et les femmes. Sa participation actuelle comprend les comit\u00e9s suivants:<\/p>\n<\/div>\n\n\n\n<div class=\"wp-block-column is-layout-flow wp-block-column-is-layout-flow\" style=\"flex-basis:50%\">\n<figure class=\"wp-block-image size-full is-resized\"><img loading=\"lazy\" decoding=\"async\" width=\"617\" height=\"385\" src=\"https:\/\/sites.uel.br\/international\/wp-content\/uploads\/2024\/06\/SEBEC-1.png\" alt=\"\" class=\"wp-image-1467\" style=\"aspect-ratio:1.5034482758620689;width:450px;height:auto\" srcset=\"https:\/\/sites.uel.br\/international\/wp-content\/uploads\/2024\/06\/SEBEC-1.png 617w, https:\/\/sites.uel.br\/international\/wp-content\/uploads\/2024\/06\/SEBEC-1-300x187.png 300w\" sizes=\"auto, (max-width: 617px) 100vw, 617px\" \/><\/figure>\n\n\n\n<p><strong>Contact<\/strong><br>\u2709\ufe0f sebec@uel.br<\/p>\n<\/div>\n<\/div>\n\n\n\n<div class=\"wp-block-columns is-layout-flex wp-container-core-columns-is-layout-9d6595d7 wp-block-columns-is-layout-flex\">\n<div class=\"wp-block-column is-layout-flow wp-block-column-is-layout-flow\" style=\"flex-basis:50%\">\n<h3 class=\"wp-block-heading\"><strong><strong><strong>Comit\u00e9 universitaire pour les peuples autochtones<\/strong> (CUIA)<\/strong><\/strong><\/h3>\n\n\n\n<p>La participation au CUIA, en partenariat avec le service social du SEBEC, contribue \u00e0 l&#8217;\u00e9laboration et \u00e0 la mise en \u0153uvre d&#8217;actions d&#8217;aide sociale et psychologique pour les \u00e9tudiants autochtones de l&#8217;UEL. Cette participation se concr\u00e9tise par les r\u00e9unions ordinaires et extraordinaires du CUIA visant \u00e0 organiser le travail et \u00e0 assurer le suivi des \u00e9tudiants, par des discussions de cas avec certains professeurs, par la coordination du CUIA, par des activit\u00e9s avec le groupe d&#8217;\u00e9tudiants autochtones et par un soutien individuel et collectif aux \u00e9tudiants, incluant des visites \u00e0 domicile mensuelles pour les \u00e9tudiants les plus vuln\u00e9rables sur les plans social, \u00e9conomique ou sanitaire.<\/p>\n<\/div>\n\n\n\n<div class=\"wp-block-column is-layout-flow wp-block-column-is-layout-flow\" style=\"flex-basis:50%\">\n<figure class=\"wp-block-image size-full is-resized\"><img loading=\"lazy\" decoding=\"async\" width=\"617\" height=\"385\" src=\"https:\/\/sites.uel.br\/international\/wp-content\/uploads\/2024\/06\/cuia.png\" alt=\"\" class=\"wp-image-1468\" style=\"aspect-ratio:1.3364485981308412;width:442px;height:auto\" srcset=\"https:\/\/sites.uel.br\/international\/wp-content\/uploads\/2024\/06\/cuia.png 617w, https:\/\/sites.uel.br\/international\/wp-content\/uploads\/2024\/06\/cuia-300x187.png 300w\" sizes=\"auto, (max-width: 617px) 100vw, 617px\" \/><\/figure>\n<\/div>\n<\/div>\n\n\n\n<div class=\"wp-block-columns is-layout-flex wp-container-core-columns-is-layout-9d6595d7 wp-block-columns-is-layout-flex\">\n<div class=\"wp-block-column is-layout-flow wp-block-column-is-layout-flow\" style=\"flex-basis:50%\">\n<h3 class=\"wp-block-heading\"><strong><strong><strong>Comit\u00e9 pour la pr\u00e9vention des violences sexuelles et sexistes<\/strong> (CLCH)<\/strong><\/strong><\/h3>\n\n\n\n<p>Le comit\u00e9 vise \u00e0 organiser des activit\u00e9s et des approches \u00e9ducatives pour soutenir et suivre les cas de pr\u00e9vention et de lutte contre les violences sexuelles et sexistes au sein de la communaut\u00e9 UEL.<\/p>\n\n\n\n<div style=\"height:49px\" aria-hidden=\"true\" class=\"wp-block-spacer\"><\/div>\n\n\n\n<h3 class=\"wp-block-heading\"><strong><strong>Groupe de travail pour la proposition de politiques de pr\u00e9vention et de lutte contre les violences sexuelles et sexistes \u00e0 l&#8217;UEL<\/strong><\/strong><\/h3>\n\n\n\n<p>Ce groupe a pour objectif de proposer une politique institutionnelle visant \u00e0 accueillir et \u00e0 soutenir les plaintes pour violence survenue \u00e0 l&#8217;UEL, ainsi qu&#8217;\u00e0 soutenir et \u00e0 aider les victimes de violence sexuelle et sexiste.<\/p>\n<\/div>\n\n\n\n<div class=\"wp-block-column is-layout-flow wp-block-column-is-layout-flow\" style=\"flex-basis:50%\">\n<figure class=\"wp-block-image size-full is-resized\"><img loading=\"lazy\" decoding=\"async\" width=\"617\" height=\"385\" src=\"https:\/\/sites.uel.br\/international\/wp-content\/uploads\/2024\/06\/chega-de-assedio.png\" alt=\"\" class=\"wp-image-1469\" style=\"width:457px;height:auto\" srcset=\"https:\/\/sites.uel.br\/international\/wp-content\/uploads\/2024\/06\/chega-de-assedio.png 617w, https:\/\/sites.uel.br\/international\/wp-content\/uploads\/2024\/06\/chega-de-assedio-300x187.png 300w\" sizes=\"auto, (max-width: 617px) 100vw, 617px\" \/><\/figure>\n<\/div>\n<\/div>\n<\/div><\/div>\n<\/div><\/div>\n\n\n\n<p><\/p>\n","protected":false},"excerpt":{"rendered":"","protected":false},"author":13,"featured_media":0,"parent":2692,"menu_order":0,"comment_status":"closed","ping_status":"closed","template":"","meta":{"_themeisle_gutenberg_block_has_review":false,"footnotes":""},"class_list":["post-2322","page","type-page","status-publish","hentry"],"acf":[],"_links":{"self":[{"href":"https:\/\/sites.uel.br\/international\/wp-json\/wp\/v2\/pages\/2322","targetHints":{"allow":["GET"]}}],"collection":[{"href":"https:\/\/sites.uel.br\/international\/wp-json\/wp\/v2\/pages"}],"about":[{"href":"https:\/\/sites.uel.br\/international\/wp-json\/wp\/v2\/types\/page"}],"author":[{"embeddable":true,"href":"https:\/\/sites.uel.br\/international\/wp-json\/wp\/v2\/users\/13"}],"replies":[{"embeddable":true,"href":"https:\/\/sites.uel.br\/international\/wp-json\/wp\/v2\/comments?post=2322"}],"version-history":[{"count":5,"href":"https:\/\/sites.uel.br\/international\/wp-json\/wp\/v2\/pages\/2322\/revisions"}],"predecessor-version":[{"id":2613,"href":"https:\/\/sites.uel.br\/international\/wp-json\/wp\/v2\/pages\/2322\/revisions\/2613"}],"up":[{"embeddable":true,"href":"https:\/\/sites.uel.br\/international\/wp-json\/wp\/v2\/pages\/2692"}],"wp:attachment":[{"href":"https:\/\/sites.uel.br\/international\/wp-json\/wp\/v2\/media?parent=2322"}],"curies":[{"name":"wp","href":"https:\/\/api.w.org\/{rel}","templated":true}]}}