{"id":2320,"date":"2025-11-10T11:48:37","date_gmt":"2025-11-10T14:48:37","guid":{"rendered":"https:\/\/sites.uel.br\/international\/?page_id=2320"},"modified":"2025-11-11T13:53:32","modified_gmt":"2025-11-11T16:53:32","slug":"bibliotheques-et-librairies","status":"publish","type":"page","link":"https:\/\/sites.uel.br\/international\/fr\/vie-de-campus\/bibliotheques-et-librairies\/","title":{"rendered":"Biblioth\u00e8ques et librairies"},"content":{"rendered":"\n<div style=\"height:50px\" aria-hidden=\"true\" class=\"wp-block-spacer\"><\/div>\n\n\n\n<div class=\"wp-block-columns is-layout-flex wp-container-core-columns-is-layout-9d6595d7 wp-block-columns-is-layout-flex\">\n<div class=\"wp-block-column is-layout-flow wp-block-column-is-layout-flow\">\n<p><\/p>\n\n\n\n<p><\/p>\n\n\n\n<h3 class=\"wp-block-heading\">Centre de services de biblioth\u00e8que<\/h3>\n\n\n\n<p>L&#8217;UEL dispose d&#8217;un r\u00e9seau de biblioth\u00e8ques centrales et de biblioth\u00e8ques annexes, situ\u00e9es sur le campus et ailleurs dans la ville. Elles abritent ensemble plus de 250 000 titres de livres, pr\u00e8s de 400 000 revues et de nombreux autres documents, qui ont profit\u00e9 \u00e0 plus de 650 000 usagers.<\/p>\n<\/div>\n\n\n\n<div class=\"wp-block-column is-layout-flow wp-block-column-is-layout-flow\"><div class=\"wp-block-image\">\n<figure class=\"alignright size-full is-resized\"><img loading=\"lazy\" decoding=\"async\" width=\"617\" height=\"385\" src=\"https:\/\/sites.uel.br\/international\/wp-content\/uploads\/2024\/06\/CENTRAL-main-Library-Branch-Libraries.png\" alt=\"\" class=\"wp-image-1387\" style=\"width:357px;height:auto\" srcset=\"https:\/\/sites.uel.br\/international\/wp-content\/uploads\/2024\/06\/CENTRAL-main-Library-Branch-Libraries.png 617w, https:\/\/sites.uel.br\/international\/wp-content\/uploads\/2024\/06\/CENTRAL-main-Library-Branch-Libraries-300x187.png 300w\" sizes=\"auto, (max-width: 617px) 100vw, 617px\" \/><figcaption class=\"wp-element-caption\"><a href=\"http:\/\/www.uel.br\/bc\/portal\/\" target=\"_blank\" rel=\"noreferrer noopener\">Biblioth\u00e8que centrale<\/a>&nbsp;(principale)<\/figcaption><\/figure>\n<\/div><\/div>\n<\/div>\n\n\n\n<div class=\"wp-block-columns is-layout-flex wp-container-core-columns-is-layout-9d6595d7 wp-block-columns-is-layout-flex\">\n<div class=\"wp-block-column is-layout-flow wp-block-column-is-layout-flow\">\n<figure class=\"wp-block-image size-full\"><img loading=\"lazy\" decoding=\"async\" width=\"617\" height=\"385\" src=\"https:\/\/sites.uel.br\/international\/wp-content\/uploads\/2024\/06\/Humanities-Library-CCH.png\" alt=\"\" class=\"wp-image-1388\" srcset=\"https:\/\/sites.uel.br\/international\/wp-content\/uploads\/2024\/06\/Humanities-Library-CCH.png 617w, https:\/\/sites.uel.br\/international\/wp-content\/uploads\/2024\/06\/Humanities-Library-CCH-300x187.png 300w\" sizes=\"auto, (max-width: 617px) 100vw, 617px\" \/><figcaption class=\"wp-element-caption\"><a href=\"https:\/\/sites.uel.br\/bibliotecas\/bibliotecas-setoriais\/\" target=\"_blank\" rel=\"noreferrer noopener\">Biblioth\u00e8que des sciences humaines<\/a>&nbsp;(CLCH)<\/figcaption><\/figure>\n<\/div>\n\n\n\n<div class=\"wp-block-column is-layout-flow wp-block-column-is-layout-flow\">\n<figure class=\"wp-block-image size-full\"><img loading=\"lazy\" decoding=\"async\" width=\"617\" height=\"385\" src=\"https:\/\/sites.uel.br\/international\/wp-content\/uploads\/2024\/06\/Health-Library-CCS.png\" alt=\"\" class=\"wp-image-1389\" srcset=\"https:\/\/sites.uel.br\/international\/wp-content\/uploads\/2024\/06\/Health-Library-CCS.png 617w, https:\/\/sites.uel.br\/international\/wp-content\/uploads\/2024\/06\/Health-Library-CCS-300x187.png 300w\" sizes=\"auto, (max-width: 617px) 100vw, 617px\" \/><figcaption class=\"wp-element-caption\"><a href=\"https:\/\/sites.uel.br\/bibliotecas\/biblioteca-setorial-do-centro-de-ciencias-da-saude\/\" target=\"_blank\" rel=\"noreferrer noopener\">Biblioth\u00e8que de sant\u00e9<\/a>&nbsp;(CCS)<\/figcaption><\/figure>\n<\/div>\n\n\n\n<div class=\"wp-block-column is-layout-flow wp-block-column-is-layout-flow\">\n<figure class=\"wp-block-image size-full\"><img loading=\"lazy\" decoding=\"async\" width=\"617\" height=\"385\" src=\"https:\/\/sites.uel.br\/international\/wp-content\/uploads\/2024\/06\/Law-School-Library-EAAJ.png\" alt=\"\" class=\"wp-image-1390\" srcset=\"https:\/\/sites.uel.br\/international\/wp-content\/uploads\/2024\/06\/Law-School-Library-EAAJ.png 617w, https:\/\/sites.uel.br\/international\/wp-content\/uploads\/2024\/06\/Law-School-Library-EAAJ-300x187.png 300w\" sizes=\"auto, (max-width: 617px) 100vw, 617px\" \/><figcaption class=\"wp-element-caption\"><a href=\"https:\/\/sites.uel.br\/bibliotecas\/biblioteca-setorial-do-escritorio-de-aplicacao-de-assuntos-juridicos\/\" target=\"_blank\" rel=\"noreferrer noopener\">Biblioth\u00e8que de la facult\u00e9 de droit<\/a>&nbsp;(EAAJ)<\/figcaption><\/figure>\n<\/div>\n<\/div>\n\n\n\n<div class=\"wp-block-columns is-layout-flex wp-container-core-columns-is-layout-9d6595d7 wp-block-columns-is-layout-flex\">\n<div class=\"wp-block-column is-layout-flow wp-block-column-is-layout-flow\" style=\"flex-basis:66.66%\">\n<div style=\"height:50px\" aria-hidden=\"true\" class=\"wp-block-spacer\"><\/div>\n\n\n\n<h3 class=\"wp-block-heading\">Librairie<\/h3>\n\n\n\n<p>La librairie EDUEL dessert \u00e0 la fois la communaut\u00e9 universitaire et le grand public depuis juin 1995 et est li\u00e9e \u00e0 la maison d&#8217;\u00e9dition universitaire (EDUEL).<\/p>\n\n\n\n<p>La librairie vend des livres publi\u00e9s par EDUEL et d&#8217;autres presses universitaires, ainsi que par divers \u00e9diteurs commerciaux.<\/p>\n\n\n\n<p>Pour plus d&#8217;informations sur les titres disponibles, veuillez appeler le +55 43 3371-4691 ou envoyer un courriel: livrariaeduel@uel.br<\/p>\n<\/div>\n\n\n\n<div class=\"wp-block-column is-layout-flow wp-block-column-is-layout-flow\" style=\"flex-basis:33.33%\">\n<div style=\"height:50px\" aria-hidden=\"true\" class=\"wp-block-spacer\"><\/div>\n\n\n<div class=\"wp-block-image\">\n<figure class=\"aligncenter size-full is-resized\"><img loading=\"lazy\" decoding=\"async\" width=\"617\" height=\"385\" src=\"https:\/\/sites.uel.br\/international\/wp-content\/uploads\/2024\/06\/Bookstore.png\" alt=\"\" class=\"wp-image-1392\" style=\"width:373px;height:auto\" srcset=\"https:\/\/sites.uel.br\/international\/wp-content\/uploads\/2024\/06\/Bookstore.png 617w, https:\/\/sites.uel.br\/international\/wp-content\/uploads\/2024\/06\/Bookstore-300x187.png 300w\" sizes=\"auto, (max-width: 617px) 100vw, 617px\" \/><\/figure>\n<\/div><\/div>\n<\/div>\n\n\n\n<p><\/p>\n","protected":false},"excerpt":{"rendered":"<p>Centre de services de biblioth\u00e8que L&#8217;UEL dispose d&#8217;un r\u00e9seau de biblioth\u00e8ques centrales et de biblioth\u00e8ques annexes, situ\u00e9es sur le campus et ailleurs dans la ville. Elles abritent ensemble plus de 250 000 titres de livres, pr\u00e8s de 400 000 revues et de nombreux autres documents, qui ont profit\u00e9 \u00e0 plus de 650 000 usagers. Librairie [&hellip;]<\/p>\n","protected":false},"author":13,"featured_media":0,"parent":2692,"menu_order":0,"comment_status":"closed","ping_status":"closed","template":"","meta":{"_themeisle_gutenberg_block_has_review":false,"footnotes":""},"class_list":["post-2320","page","type-page","status-publish","hentry"],"acf":[],"_links":{"self":[{"href":"https:\/\/sites.uel.br\/international\/wp-json\/wp\/v2\/pages\/2320","targetHints":{"allow":["GET"]}}],"collection":[{"href":"https:\/\/sites.uel.br\/international\/wp-json\/wp\/v2\/pages"}],"about":[{"href":"https:\/\/sites.uel.br\/international\/wp-json\/wp\/v2\/types\/page"}],"author":[{"embeddable":true,"href":"https:\/\/sites.uel.br\/international\/wp-json\/wp\/v2\/users\/13"}],"replies":[{"embeddable":true,"href":"https:\/\/sites.uel.br\/international\/wp-json\/wp\/v2\/comments?post=2320"}],"version-history":[{"count":5,"href":"https:\/\/sites.uel.br\/international\/wp-json\/wp\/v2\/pages\/2320\/revisions"}],"predecessor-version":[{"id":2721,"href":"https:\/\/sites.uel.br\/international\/wp-json\/wp\/v2\/pages\/2320\/revisions\/2721"}],"up":[{"embeddable":true,"href":"https:\/\/sites.uel.br\/international\/wp-json\/wp\/v2\/pages\/2692"}],"wp:attachment":[{"href":"https:\/\/sites.uel.br\/international\/wp-json\/wp\/v2\/media?parent=2320"}],"curies":[{"name":"wp","href":"https:\/\/api.w.org\/{rel}","templated":true}]}}