{"id":2310,"date":"2025-11-11T10:49:30","date_gmt":"2025-11-11T13:49:30","guid":{"rendered":"https:\/\/sites.uel.br\/international\/?page_id=2310"},"modified":"2025-11-11T13:28:57","modified_gmt":"2025-11-11T16:28:57","slug":"postulation-a-la-uel","status":"publish","type":"page","link":"https:\/\/sites.uel.br\/international\/fr\/mobilite-academique\/postulation-a-la-uel\/","title":{"rendered":"Postulation \u00e0 la UEL"},"content":{"rendered":"\n<div style=\"height:20px\" aria-hidden=\"true\" class=\"wp-block-spacer\"><\/div>\n\n\n\n<figure class=\"wp-block-embed is-type-video is-provider-youtube wp-block-embed-youtube wp-embed-aspect-16-9 wp-has-aspect-ratio\"><div class=\"wp-block-embed__wrapper\">\n<iframe loading=\"lazy\" title=\"Join Us! #BeUEL\" width=\"500\" height=\"281\" src=\"https:\/\/www.youtube.com\/embed\/ByGWhCRpt3s?feature=oembed\" frameborder=\"0\" allow=\"accelerometer; autoplay; clipboard-write; encrypted-media; gyroscope; picture-in-picture; web-share\" referrerpolicy=\"strict-origin-when-cross-origin\" allowfullscreen><\/iframe>\n<\/div><\/figure>\n\n\n\n<div class=\"wp-block-columns is-layout-flex wp-container-core-columns-is-layout-9d6595d7 wp-block-columns-is-layout-flex\">\n<div class=\"wp-block-column is-layout-flow wp-block-column-is-layout-flow\">\n<h2 class=\"wp-block-heading\">Mobilit\u00e9 internationale<\/h2>\n<\/div>\n\n\n\n<div class=\"wp-block-column is-layout-flow wp-block-column-is-layout-flow\"><\/div>\n<\/div>\n\n\n\n<div class=\"wp-block-columns is-layout-flex wp-container-core-columns-is-layout-9d6595d7 wp-block-columns-is-layout-flex\">\n<div class=\"wp-block-column is-layout-flow wp-block-column-is-layout-flow\"><div class=\"wp-block-image\">\n<figure class=\"aligncenter size-full is-resized\"><img loading=\"lazy\" decoding=\"async\" width=\"860\" height=\"500\" src=\"https:\/\/sites.uel.br\/international\/wp-content\/uploads\/2024\/07\/mapaa.png\" alt=\"\" class=\"wp-image-1778\" style=\"width:664px;height:auto\" srcset=\"https:\/\/sites.uel.br\/international\/wp-content\/uploads\/2024\/07\/mapaa.png 860w, https:\/\/sites.uel.br\/international\/wp-content\/uploads\/2024\/07\/mapaa-300x174.png 300w, https:\/\/sites.uel.br\/international\/wp-content\/uploads\/2024\/07\/mapaa-768x447.png 768w\" sizes=\"auto, (max-width: 860px) 100vw, 860px\" \/><\/figure>\n<\/div><\/div>\n<\/div>\n\n\n\n<div class=\"wp-block-columns is-layout-flex wp-container-core-columns-is-layout-9d6595d7 wp-block-columns-is-layout-flex\">\n<div class=\"wp-block-column is-layout-flow wp-block-column-is-layout-flow\">\n<div class=\"wp-block-columns is-layout-flex wp-container-core-columns-is-layout-9d6595d7 wp-block-columns-is-layout-flex\">\n<div class=\"wp-block-column is-layout-flow wp-block-column-is-layout-flow\">\n<h3 class=\"wp-block-heading\">Premier Cycle<\/h3>\n\n\n\n<p>L&#8217;\u00e9tudiant doit d&#8217;abord v\u00e9rifier si son domaine d&#8217;\u00e9tudes ou son cursus de dipl\u00f4me est propos\u00e9 \u00e0 l&#8217;UEL. Une fois nomm\u00e9 par votre institution d&#8217;origine, vous devrez compl\u00e9ter certaines proc\u00e9dures requises par l&#8217;UEL, comme lire les formulaires et envoyer la documentation pour la r\u00e9vision et l&#8217;approbation.<br><br>L&#8217;UEL accepte les \u00e9tudiants pour un semestre acad\u00e9mique ou une ann\u00e9e acad\u00e9mique compl\u00e8te.<\/p>\n<\/div>\n\n\n\n<div class=\"wp-block-column is-layout-flow wp-block-column-is-layout-flow\">\n<h3 class=\"wp-block-heading\">Graduate<\/h3>\n\n\n\n<p>Les \u00e9tudiants internationaux d&#8217;\u00e9change accept\u00e9s par l&#8217;UEL doivent participer \u00e0 moins d&#8217;une des activit\u00e9s suivantes:<\/p>\n\n\n\n<p><strong>1)<\/strong> \u00catre inclus comme collaborateurs externes dans un projet d\u2019enqu\u00eate.<\/p>\n\n\n\n<p><strong>2)<\/strong> Inscrit aux cours du programme d&#8217;\u00e9tudes sup\u00e9rieures.<\/p>\n\n\n\n<p>Il est \u00e9galement possible de participer \u00e0 des programmes de mobilit\u00e9 interm\u00e9diaire avec un Acuerdo de Cotutela pour vos \u00e9tudes de master ou de doctorat.<\/p>\n<\/div>\n<\/div>\n<\/div>\n<\/div>\n\n\n\n<div id=\"wp-block-themeisle-blocks-advanced-columns-49cbcc6e\" class=\"wp-block-themeisle-blocks-advanced-columns has-3-columns has-desktop-equal-layout has-tablet-equal-layout has-mobile-collapsedRows-layout has-vertical-unset\"><div class=\"wp-block-themeisle-blocks-advanced-columns-overlay\"><\/div><div class=\"innerblocks-wrap\">\n<div id=\"wp-block-themeisle-blocks-advanced-column-c9246525\" class=\"wp-block-themeisle-blocks-advanced-column\"><div class=\"wp-block-image\">\n<figure class=\"aligncenter size-large is-resized\"><img loading=\"lazy\" decoding=\"async\" width=\"724\" height=\"1024\" src=\"https:\/\/sites.uel.br\/international\/wp-content\/uploads\/2024\/09\/Capa-Fact-Sheet-724x1024.png\" alt=\"\" class=\"wp-image-2039\" style=\"width:263px;height:auto\" srcset=\"https:\/\/sites.uel.br\/international\/wp-content\/uploads\/2024\/09\/Capa-Fact-Sheet-724x1024.png 724w, https:\/\/sites.uel.br\/international\/wp-content\/uploads\/2024\/09\/Capa-Fact-Sheet-212x300.png 212w, https:\/\/sites.uel.br\/international\/wp-content\/uploads\/2024\/09\/Capa-Fact-Sheet-768x1086.png 768w, https:\/\/sites.uel.br\/international\/wp-content\/uploads\/2024\/09\/Capa-Fact-Sheet-1086x1536.png 1086w, https:\/\/sites.uel.br\/international\/wp-content\/uploads\/2024\/09\/Capa-Fact-Sheet.png 1414w\" sizes=\"auto, (max-width: 724px) 100vw, 724px\" \/><\/figure>\n<\/div><\/div>\n\n\n\n<div id=\"wp-block-themeisle-blocks-advanced-column-9ac0bb42\" class=\"wp-block-themeisle-blocks-advanced-column\"><div class=\"wp-block-image\">\n<figure class=\"aligncenter size-large is-resized\"><img loading=\"lazy\" decoding=\"async\" width=\"724\" height=\"1024\" src=\"https:\/\/sites.uel.br\/international\/wp-content\/uploads\/2024\/09\/Table-of-contents_Fact-Sheet-724x1024.png\" alt=\"\" class=\"wp-image-2040\" style=\"width:266px;height:auto\" srcset=\"https:\/\/sites.uel.br\/international\/wp-content\/uploads\/2024\/09\/Table-of-contents_Fact-Sheet-724x1024.png 724w, https:\/\/sites.uel.br\/international\/wp-content\/uploads\/2024\/09\/Table-of-contents_Fact-Sheet-212x300.png 212w, https:\/\/sites.uel.br\/international\/wp-content\/uploads\/2024\/09\/Table-of-contents_Fact-Sheet-768x1086.png 768w, https:\/\/sites.uel.br\/international\/wp-content\/uploads\/2024\/09\/Table-of-contents_Fact-Sheet-1086x1536.png 1086w, https:\/\/sites.uel.br\/international\/wp-content\/uploads\/2024\/09\/Table-of-contents_Fact-Sheet.png 1414w\" sizes=\"auto, (max-width: 724px) 100vw, 724px\" \/><\/figure>\n<\/div><\/div>\n\n\n\n<div id=\"wp-block-themeisle-blocks-advanced-column-ec71fc74\" class=\"wp-block-themeisle-blocks-advanced-column\">\n<div class=\"wp-block-buttons is-layout-flex wp-block-buttons-is-layout-flex\">\n<div class=\"wp-block-button\"><a class=\"wp-block-button__link has-verde-escuro-background-color has-text-color has-background has-link-color wp-element-button\" href=\"https:\/\/drive.google.com\/file\/d\/1fqvSYpPUzYBsl6hRnzv7cLD9kZlKssCS\/view?usp=sharing\" style=\"border-radius:0px;color:#fefffe\">2025 download<\/a><\/div>\n<\/div>\n<\/div>\n<\/div><\/div>\n\n\n\n<div class=\"wp-block-columns is-layout-flex wp-container-core-columns-is-layout-9d6595d7 wp-block-columns-is-layout-flex\">\n<div class=\"wp-block-column is-layout-flow wp-block-column-is-layout-flow\"><\/div>\n\n\n\n<div class=\"wp-block-column is-layout-flow wp-block-column-is-layout-flow\"><\/div>\n<\/div>\n\n\n\n<div class=\"wp-block-columns is-layout-flex wp-container-core-columns-is-layout-9d6595d7 wp-block-columns-is-layout-flex\">\n<div class=\"wp-block-column is-layout-flow wp-block-column-is-layout-flow\">\n<h3 class=\"wp-block-heading\">B\u00e9n\u00e9ficiaires pour \u00e9tudiants et professeurs<\/h3>\n\n\n\n<div style=\"height:30px\" aria-hidden=\"true\" class=\"wp-block-spacer\"><\/div>\n\n\n\n<ul class=\"wp-block-list\">\n<li>Des entr\u00e9es avec un prix pour les \u00e9v\u00e9nements culturels et sportifs.<\/li>\n\n\n\n<li>Wi-Fi disponible sur tout le campus universitaire.<\/li>\n\n\n\n<li>Participation \u00e0 des activit\u00e9s avec la communaut\u00e9 hors de l&#8217;universit\u00e9.<\/li>\n\n\n\n<li>Atenci\u00f3n ambulatoria electiva dans les domaines de la m\u00e9decine interne, de la gin\u00e9cologie, de l&#8217;enfermer\u00eda et de l&#8217;odontolog\u00eda \u00e0 l&#8217;int\u00e9rieur du campus.<\/li>\n\n\n\n<li>S\u00e9ances individuelles de psychoth\u00e9rapie.<\/li>\n\n\n\n<li>Une vie universitaire sur un campus horizontal et vert.<\/li>\n<\/ul>\n<\/div>\n<\/div>\n","protected":false},"excerpt":{"rendered":"<p>Mobilit\u00e9 internationale Premier Cycle L&#8217;\u00e9tudiant doit d&#8217;abord v\u00e9rifier si son domaine d&#8217;\u00e9tudes ou son cursus de dipl\u00f4me est propos\u00e9 \u00e0 l&#8217;UEL. Une fois nomm\u00e9 par votre institution d&#8217;origine, vous devrez compl\u00e9ter certaines proc\u00e9dures requises par l&#8217;UEL, comme lire les formulaires et envoyer la documentation pour la r\u00e9vision et l&#8217;approbation. L&#8217;UEL accepte les \u00e9tudiants pour un [&hellip;]<\/p>\n","protected":false},"author":13,"featured_media":0,"parent":2704,"menu_order":0,"comment_status":"closed","ping_status":"closed","template":"","meta":{"_themeisle_gutenberg_block_has_review":false,"footnotes":""},"class_list":["post-2310","page","type-page","status-publish","hentry"],"acf":[],"_links":{"self":[{"href":"https:\/\/sites.uel.br\/international\/wp-json\/wp\/v2\/pages\/2310","targetHints":{"allow":["GET"]}}],"collection":[{"href":"https:\/\/sites.uel.br\/international\/wp-json\/wp\/v2\/pages"}],"about":[{"href":"https:\/\/sites.uel.br\/international\/wp-json\/wp\/v2\/types\/page"}],"author":[{"embeddable":true,"href":"https:\/\/sites.uel.br\/international\/wp-json\/wp\/v2\/users\/13"}],"replies":[{"embeddable":true,"href":"https:\/\/sites.uel.br\/international\/wp-json\/wp\/v2\/comments?post=2310"}],"version-history":[{"count":3,"href":"https:\/\/sites.uel.br\/international\/wp-json\/wp\/v2\/pages\/2310\/revisions"}],"predecessor-version":[{"id":2679,"href":"https:\/\/sites.uel.br\/international\/wp-json\/wp\/v2\/pages\/2310\/revisions\/2679"}],"up":[{"embeddable":true,"href":"https:\/\/sites.uel.br\/international\/wp-json\/wp\/v2\/pages\/2704"}],"wp:attachment":[{"href":"https:\/\/sites.uel.br\/international\/wp-json\/wp\/v2\/media?parent=2310"}],"curies":[{"name":"wp","href":"https:\/\/api.w.org\/{rel}","templated":true}]}}