{"id":2293,"date":"2025-11-11T11:09:23","date_gmt":"2025-11-11T14:09:23","guid":{"rendered":"https:\/\/sites.uel.br\/international\/?page_id=2293"},"modified":"2025-11-11T13:30:46","modified_gmt":"2025-11-11T16:30:46","slug":"sujets-frequents","status":"publish","type":"page","link":"https:\/\/sites.uel.br\/international\/fr\/mobilite-academique\/sujets-frequents\/","title":{"rendered":"Sujets Fr\u00e9quents"},"content":{"rendered":"\n<figure class=\"wp-block-image size-full\"><img loading=\"lazy\" decoding=\"async\" width=\"1024\" height=\"219\" src=\"https:\/\/sites.uel.br\/international\/wp-content\/uploads\/2025\/10\/faq-4-1024x219-1.png\" alt=\"\" class=\"wp-image-2294\" srcset=\"https:\/\/sites.uel.br\/international\/wp-content\/uploads\/2025\/10\/faq-4-1024x219-1.png 1024w, https:\/\/sites.uel.br\/international\/wp-content\/uploads\/2025\/10\/faq-4-1024x219-1-300x64.png 300w, https:\/\/sites.uel.br\/international\/wp-content\/uploads\/2025\/10\/faq-4-1024x219-1-768x164.png 768w\" sizes=\"auto, (max-width: 1024px) 100vw, 1024px\" \/><\/figure>\n\n\n\n<div style=\"height:40px\" aria-hidden=\"true\" class=\"wp-block-spacer\"><\/div>\n\n\n\n<p><strong>Ici, vous trouverez une s\u00e9lection de sujets fr\u00e9quents qui pourraient vous aider si vous \u00eates int\u00e9ress\u00e9 \u00e0 r\u00e9aliser un semestre en UEL.<\/strong><\/p>\n\n\n\n<p>Si vous avez quelqu&#8217;un qui n&#8217;est pas sp\u00e9cifi\u00e9 ici, contactez votre courrier <a href=\"mailto:mobilidade@uel.br\">mobilidade@uel.br<\/a>. Notre \u00e9quipe est ravie de vous aider!<\/p>\n\n\n\n<div class=\"wp-block-columns is-layout-flex wp-container-core-columns-is-layout-9d6595d7 wp-block-columns-is-layout-flex\">\n<div class=\"wp-block-column is-layout-flow wp-block-column-is-layout-flow\">\n<div id=\"wp-block-themeisle-blocks-accordion-d62dad17\" class=\"wp-block-themeisle-blocks-accordion exclusive\">\n<details class=\"wp-block-themeisle-blocks-accordion-item\"><summary class=\"wp-block-themeisle-blocks-accordion-item__title\"><div><strong>Je suis \u00e9tudiant de pregrado et je veux \u00e9tudier un semestre en UEL. Quelles sont les proc\u00e9dures \u00e0 suivre?<\/strong><\/div><\/summary><div class=\"wp-block-themeisle-blocks-accordion-item__content\">\n<p>Les \u00e9tudiants de premier cycle doivent suivre les \u00e9tapes d\u00e9crites dans le guide \u00ab Postulaci\u00f3n a la UEL \u00bb, disponible dans la section \u00ab Intercambio Acad\u00e9mico \u00bb de ce site Web.<\/p>\n\n\n\n<p>En termes g\u00e9n\u00e9raux, les \u00e9tudiants int\u00e9ress\u00e9s doivent compl\u00e9ter le Formulaire de Postulation et l&#8217;envoyer \u00e0 notre Divisi\u00f3n de Movilidad Acad\u00e9mica (<a href=\"mailto:mobilidade@uel.br\">mobilidade@uel.br<\/a>), avec la documentation correspondante.<\/p>\n\n\n\n<p>Les documents seront r\u00e9vis\u00e9s et, s&#8217;ils sont approuv\u00e9s, ils vous enverront une carte d&#8217;acceptation par courrier \u00e9lectronique.<\/p>\n<\/div><\/details>\n\n\n\n<details class=\"wp-block-themeisle-blocks-accordion-item\"><summary class=\"wp-block-themeisle-blocks-accordion-item__title\"><div><strong>Avez-vous besoin de payer pour \u00e9tudier \u00e0 l&#8217;UEL?<\/strong><\/div><\/summary><div class=\"wp-block-themeisle-blocks-accordion-item__content\">\n<p>L&#8217;UEL est une universit\u00e9 publique et gratuite, car les \u00e9tudiants accept\u00e9s ne doivent pas payer de matr\u00edcula. Il peut exister certaines t\u00e2ches administratives, mais son exceptionnelle et sa faible valeur.<\/p>\n\n\n\n<p>M\u00eame s&#8217;ils ne sont pas inscrits au matricule, les \u00e9tudiants doivent recevoir tous leurs d\u00e9penses personnelles, comme les voyages a\u00e9riens, le transport, l&#8217;alimentation, l&#8217;h\u00e9bergement, le mat\u00e9riel d&#8217;\u00e9tude, entre autres.<\/p>\n<\/div><\/details>\n\n\n\n<details class=\"wp-block-themeisle-blocks-accordion-item\"><summary class=\"wp-block-themeisle-blocks-accordion-item__title\"><div><strong>Je veux apprendre ou am\u00e9liorer mon portugais. \u00bfLa UEL offre des cours de portugais pour les \u00e9trangers?<span id=\"docs-internal-guid-1e120e51-7fff-f87f-2dad-7c88b73459e9\" style=\"font-weight:normal\"><div><span style=\"font-size: 11pt;font-family: Arial, sans-serif;background-color: transparent;vertical-align: baseline\"><\/span><\/div><\/span><\/strong><\/div><\/summary><div class=\"wp-block-themeisle-blocks-accordion-item__content\">\n<p>Pour aider les \u00e9tudiants internationaux, l&#8217;UEL propose des cours de portugais comme langue \u00e9trang\u00e8re. Cela varie en termes de contenu et de modalit\u00e9s d&#8217;enseignement.<\/p>\n\n\n\n<p>Les \u00e9tudiants d&#8217;universit\u00e9s sociales peuvent opter pour un cursus en ligne, depuis leur pays d&#8217;origine, pour am\u00e9liorer leur langue avant d&#8217;arriver.<\/p>\n\n\n\n<p>Plus d&#8217;informations: mobilidade@uel.br<\/p>\n<\/div><\/details>\n\n\n\n<details class=\"wp-block-themeisle-blocks-accordion-item\"><summary class=\"wp-block-themeisle-blocks-accordion-item__title\"><div><strong>Si mon universit\u00e9 n\u2019a pas de convention, peux-tu \u00e9tudier \u00e0 l\u2019UEL?<\/strong><\/div><\/summary><div class=\"wp-block-themeisle-blocks-accordion-item__content\">\n<p>Si. Un \u00e9tudiant d\u2019une universit\u00e9 \u00e9trang\u00e8re peut \u00e9galement r\u00e9aliser une mobilit\u00e9 acad\u00e9mique s\u2019il n\u2019existe pas de convention vigente.<\/p>\n\n\n\n<p>Dans ce cas, vous devez communiquer avec le D\u00e9partement de la mobilit\u00e9 acad\u00e9mique pour v\u00e9rifier la possibilit\u00e9 de r\u00e9aliser vos \u00e9tudes comme Free Mover.<\/p>\n\n\n\n<p>Sans embargo, y compris comme Free Mover, l&#8217;\u00e9tudiant doit \u00eatre nomm\u00e9 par son institution d&#8217;origine. Apr\u00e8s la nomination, vous devrez remplir les m\u00eames exigences et proc\u00e9dures que les \u00e9tudiants doivent respecter les conventions de coop\u00e9ration.<\/p>\n\n\n\n<p>Pour plus d&#8217;informations, \u00e9crivez \u00e0 mobilidade@uel.br.<\/p>\n<\/div><\/details>\n\n\n\n<details class=\"wp-block-themeisle-blocks-accordion-item\"><summary class=\"wp-block-themeisle-blocks-accordion-item__title\"><div><strong>L&#8217;UEL dispose-t-elle de r\u00e9sidences \u00e9tudiantes sur le campus?<\/strong><\/div><\/summary><div class=\"wp-block-themeisle-blocks-accordion-item__content\">\n<p>Oui, l&#8217;UEL dispose de r\u00e9sidences \u00e9tudiantes avec des tasses r\u00e9serv\u00e9es aux \u00e9tudiants r\u00e9guliers qui planifient sur des crit\u00e8res sociaux et \u00e9conomiques sp\u00e9cifiques.<\/p>\n\n\n\n<p>La s\u00e9lection est r\u00e9alis\u00e9e par des convocateurs interm\u00e9diaires. L&#8217;Oficina de Relaciones Internacionales apporte aux \u00e9tudiants de mobilit\u00e9 des recommandations d&#8217;\u00e9tudiants qui ont \u00e9t\u00e9 bien \u00e9valu\u00e9s par d&#8217;autres \u00e9tudiants de la ville de Londrina.<\/p>\n\n\n\n<p>Sans embargo, ces r\u00e9sidences ne sont pas officiellement affili\u00e9es \u00e0 l&#8217;UEL.<br><\/p>\n<\/div><\/details>\n<\/div>\n<\/div>\n\n\n\n<div class=\"wp-block-column is-layout-flow wp-block-column-is-layout-flow\">\n<div id=\"wp-block-themeisle-blocks-accordion-455b6f55\" class=\"wp-block-themeisle-blocks-accordion exclusive\">\n<details class=\"wp-block-themeisle-blocks-accordion-item\"><summary class=\"wp-block-themeisle-blocks-accordion-item__title\"><div><strong>Je suis \u00e9tudiant de posgrado et je veux \u00e9tudier en UEL. \u00bfQu\u00e9 debo hacer?<\/strong><\/div><\/summary><div class=\"wp-block-themeisle-blocks-accordion-item__content\">\n<p>Les \u00e9tudiants de troisi\u00e8me cycle qui envisagent de r\u00e9aliser leur mobilit\u00e9 universitaire, les recherches sur d&#8217;autres activit\u00e9s temporelles doivent suivre les \u00e9tapes d\u00e9crites dans le guide \u00ab Postulation \u00e0 l&#8217;UEL \u00bb, disponible dans la section \u00ab Intercambio Acad\u00e9mico \u00bb de ce site Web.<\/p>\n\n\n\n<p>Si l&#8217;objectif est de suivre un programme complet de r\u00e9ussite dans l&#8217;UEL, vous pouvez consulter les proc\u00e9dures sur la <a href=\"https:\/\/sites.uel.br\/international\/graduate\">page<\/a>.<\/p>\n<\/div><\/details>\n\n\n\n<details class=\"wp-block-themeisle-blocks-accordion-item\"><summary class=\"wp-block-themeisle-blocks-accordion-item__title\"><div><strong>\u00bfEn quel idioma se transmet-il les cours? Voulez-vous pr\u00e9senter un certificat de comp\u00e9tence en portugais?<\/strong><\/div><\/summary><div class=\"wp-block-themeisle-blocks-accordion-item__content\">\n<p>Les cours de l&#8217;UEL sont principalement dispens\u00e9s en portugais, c&#8217;est pourquoi ils recommandent d&#8217;avoir au moins un niveau de base de l&#8217;idiome.<\/p>\n\n\n\n<p>Pour les \u00e9tudiants en mobilit\u00e9, il n\u2019est pas obligatoire de pr\u00e9senter un certificat de comp\u00e9tence.<br><\/p>\n<\/div><\/details>\n\n\n\n<details class=\"wp-block-themeisle-blocks-accordion-item\"><summary class=\"wp-block-themeisle-blocks-accordion-item__title\"><div><strong>\u00bfMon institution est-elle sociale de l\u2019UEL?<\/strong><\/div><\/summary><div class=\"wp-block-themeisle-blocks-accordion-item__content\">\n<p>Vous pouvez v\u00e9rifier si votre institution a une convention de coop\u00e9ration avec l&#8217;UEL sur la <a href=\"https:\/\/sites.uel.br\/international\/bilateral-agreements-partners\/\">page<\/a>.<\/p>\n\n\n\n<p>Si vous avez quelque chose \u00e0 faire lors de la r\u00e9union, communiquez avec nosotros au courrier cooperacao@uel.br.<\/p>\n<\/div><\/details>\n\n\n\n<details class=\"wp-block-themeisle-blocks-accordion-item\"><summary class=\"wp-block-themeisle-blocks-accordion-item__title\"><div><strong>Quelle est l&#8217;offre de l&#8217;UEL pour les \u00e9tudiants internationaux?<\/strong><\/div><\/summary><div class=\"wp-block-themeisle-blocks-accordion-item__content\">\n<p>Actuellement, l&#8217;UEL n&#8217;offre pas de programmes r\u00e9guliers pour les \u00e9tudiants en mobilit\u00e9 entrante. Sans embargo, il existe des programmes du gouvernement br\u00e9silien qui proposent des convocations publiques avec disponibilit\u00e9. Les \u00e9tudiants peuvent \u00e9galement solliciter un financement aupr\u00e8s d&#8217;autres institutions, ainsi que leur universit\u00e9 d&#8217;origine, gouvernementale ou priv\u00e9e. Cela signifie que vous pouvez \u00e9tudier en UEL avec un financement externe.<\/p>\n<\/div><\/details>\n\n\n\n<details class=\"wp-block-themeisle-blocks-accordion-item\"><summary class=\"wp-block-themeisle-blocks-accordion-item__title\"><div><strong>\u00bfHay cafeter\u00eda en la UEL?<\/strong><\/div><\/summary><div class=\"wp-block-themeisle-blocks-accordion-item__content\">\n<p>Si. L&#8217;UEL compte avec un restaurant universitaire qui propose des plats complets pour l&#8217;almuerzo et la soir\u00e9e de lunes \u00e0 viernes.<\/p>\n\n\n\n<p>Les plats incluent des plats, des options v\u00e9g\u00e9tariennes et des plats.<\/p>\n\n\n\n<p>Le co\u00fbt pour les \u00e9tudiants est de R$ 4,70 (valeur de r\u00e9f\u00e9rence pour 2024).<br><\/p>\n<\/div><\/details>\n\n\n\n<details class=\"wp-block-themeisle-blocks-accordion-item\"><summary class=\"wp-block-themeisle-blocks-accordion-item__title\"><div><strong>Vous pouvez pratiquer les sports en UEL?<\/strong><\/div><\/summary><div class=\"wp-block-themeisle-blocks-accordion-item__content\">\n<p>Si. L&#8217;UEL offre \u00e0 ses \u00e9tudiants la possibilit\u00e9 de pratiquer dans le cadre du Programme d&#8217;Activit\u00e9 Physique (NAFI).<\/p>\n\n\n\n<p>Vous pouvez consulter le calendrier complet, la liste des sports et des valeurs sur votre <a href=\"http:\/\/www.uel.br\/cefe\/nafi\/\">site<\/a>.<\/p>\n<\/div><\/details>\n<\/div>\n<\/div>\n<\/div>\n","protected":false},"excerpt":{"rendered":"<p>Ici, vous trouverez une s\u00e9lection de sujets fr\u00e9quents qui pourraient vous aider si vous \u00eates int\u00e9ress\u00e9 \u00e0 r\u00e9aliser un semestre en UEL. Si vous avez quelqu&#8217;un qui n&#8217;est pas sp\u00e9cifi\u00e9 ici, contactez votre courrier mobilidade@uel.br. Notre \u00e9quipe est ravie de vous aider!<\/p>\n","protected":false},"author":13,"featured_media":0,"parent":2704,"menu_order":0,"comment_status":"closed","ping_status":"closed","template":"","meta":{"_themeisle_gutenberg_block_has_review":false,"footnotes":""},"class_list":["post-2293","page","type-page","status-publish","hentry"],"acf":[],"_links":{"self":[{"href":"https:\/\/sites.uel.br\/international\/wp-json\/wp\/v2\/pages\/2293","targetHints":{"allow":["GET"]}}],"collection":[{"href":"https:\/\/sites.uel.br\/international\/wp-json\/wp\/v2\/pages"}],"about":[{"href":"https:\/\/sites.uel.br\/international\/wp-json\/wp\/v2\/types\/page"}],"author":[{"embeddable":true,"href":"https:\/\/sites.uel.br\/international\/wp-json\/wp\/v2\/users\/13"}],"replies":[{"embeddable":true,"href":"https:\/\/sites.uel.br\/international\/wp-json\/wp\/v2\/comments?post=2293"}],"version-history":[{"count":3,"href":"https:\/\/sites.uel.br\/international\/wp-json\/wp\/v2\/pages\/2293\/revisions"}],"predecessor-version":[{"id":2681,"href":"https:\/\/sites.uel.br\/international\/wp-json\/wp\/v2\/pages\/2293\/revisions\/2681"}],"up":[{"embeddable":true,"href":"https:\/\/sites.uel.br\/international\/wp-json\/wp\/v2\/pages\/2704"}],"wp:attachment":[{"href":"https:\/\/sites.uel.br\/international\/wp-json\/wp\/v2\/media?parent=2293"}],"curies":[{"name":"wp","href":"https:\/\/api.w.org\/{rel}","templated":true}]}}