{"id":2277,"date":"2025-11-11T11:25:06","date_gmt":"2025-11-11T14:25:06","guid":{"rendered":"https:\/\/sites.uel.br\/international\/?page_id=2277"},"modified":"2025-11-11T13:32:24","modified_gmt":"2025-11-11T16:32:24","slug":"oficina-de-relaciones-internacionales-2","status":"publish","type":"page","link":"https:\/\/sites.uel.br\/international\/fr\/cooperation-internationale\/oficina-de-relaciones-internacionales-2\/","title":{"rendered":"Oficina de Relaciones Internacionales"},"content":{"rendered":"\n<div style=\"height:40px\" aria-hidden=\"true\" class=\"wp-block-spacer\"><\/div>\n\n\n\n<p>L&#8217;Oficina de Relaciones Internacionales (ou ARI, par son symbole en portugais) est\u00e1 vinculada al Rectorado et desempe\u00f1a un papier fondamental dans l&#8217;\u00e9tablissement d&#8217;alliances avec des institutions \u00e9trang\u00e8res, pour fin de c\u00e9l\u00e9brer les faits qui facilitent la coop\u00e9ration universitaire internationale. <\/p>\n\n\n\n<p>Pour cela, nous cherchons \u00e0 lancer des initiatives d&#8217;interaction avec la communaut\u00e9 universitaire, \u00e0 recevoir des visiteurs \u00e9trangers, \u00e0 assister des \u00e9tudiants et des professeurs dans nos projets de coop\u00e9ration internationale et \u00e0 identifier les opportunit\u00e9s qui peuvent renforcer l&#8217;internationalisation de l&#8217;universit\u00e9.<\/p>\n\n\n\n<p>L&#8217;ARI a \u00e9galement h\u00e9berg\u00e9 la Divisi\u00f3n de Estudios Afrobrasile\u00f1os (<a href=\"http:\/\/www.uel.br\/neab\/\"><strong>NEAB<\/strong><\/a>) et la Divisi\u00f3n de Estudios de Cultura Japonesa (<a href=\"http:\/\/www.uel.br\/ari\/pages\/quem-somos\/nec-j-nucleos-de-estudos-da-cultura-japonesa.php\"><strong>NECJ<\/strong><\/a>).<\/p>\n\n\n\n<div class=\"wp-block-columns is-layout-flex wp-container-core-columns-is-layout-9d6595d7 wp-block-columns-is-layout-flex\">\n<div class=\"wp-block-column is-layout-flow wp-block-column-is-layout-flow\" style=\"flex-basis:66.66%\">\n<div class=\"wp-block-columns is-layout-flex wp-container-core-columns-is-layout-9d6595d7 wp-block-columns-is-layout-flex\">\n<div class=\"wp-block-column is-layout-flow wp-block-column-is-layout-flow\">\n<figure class=\"wp-block-image size-full\"><img loading=\"lazy\" decoding=\"async\" width=\"304\" height=\"289\" src=\"https:\/\/sites.uel.br\/international\/wp-content\/uploads\/2025\/10\/1-1.png\" alt=\"\" class=\"wp-image-2279\" srcset=\"https:\/\/sites.uel.br\/international\/wp-content\/uploads\/2025\/10\/1-1.png 304w, https:\/\/sites.uel.br\/international\/wp-content\/uploads\/2025\/10\/1-1-300x285.png 300w\" sizes=\"auto, (max-width: 304px) 100vw, 304px\" \/><\/figure>\n<\/div>\n\n\n\n<div class=\"wp-block-column is-layout-flow wp-block-column-is-layout-flow\">\n<figure class=\"wp-block-image size-full\"><img loading=\"lazy\" decoding=\"async\" width=\"304\" height=\"289\" src=\"https:\/\/sites.uel.br\/international\/wp-content\/uploads\/2025\/10\/2-1.png\" alt=\"\" class=\"wp-image-2280\" srcset=\"https:\/\/sites.uel.br\/international\/wp-content\/uploads\/2025\/10\/2-1.png 304w, https:\/\/sites.uel.br\/international\/wp-content\/uploads\/2025\/10\/2-1-300x285.png 300w\" sizes=\"auto, (max-width: 304px) 100vw, 304px\" \/><\/figure>\n<\/div>\n<\/div>\n\n\n\n<figure class=\"wp-block-image size-full\"><img loading=\"lazy\" decoding=\"async\" width=\"1024\" height=\"250\" src=\"https:\/\/sites.uel.br\/international\/wp-content\/uploads\/2025\/10\/LOGO-ARINEWS-1024x250-2.png\" alt=\"\" class=\"wp-image-2281\" srcset=\"https:\/\/sites.uel.br\/international\/wp-content\/uploads\/2025\/10\/LOGO-ARINEWS-1024x250-2.png 1024w, https:\/\/sites.uel.br\/international\/wp-content\/uploads\/2025\/10\/LOGO-ARINEWS-1024x250-2-300x73.png 300w, https:\/\/sites.uel.br\/international\/wp-content\/uploads\/2025\/10\/LOGO-ARINEWS-1024x250-2-768x188.png 768w\" sizes=\"auto, (max-width: 1024px) 100vw, 1024px\" \/><\/figure>\n\n\n\n<div class=\"wp-block-buttons is-content-justification-center is-layout-flex wp-container-core-buttons-is-layout-16018d1d wp-block-buttons-is-layout-flex\">\n<div class=\"wp-block-button\"><a class=\"wp-block-button__link has-cinza-claro-color has-verde-escuro-background-color has-text-color has-background has-link-color has-text-align-center wp-element-button\" href=\"https:\/\/www.uel.br\/ari\/pages\/boletim---arinews.php\">ARI NEWS<\/a><\/div>\n<\/div>\n<\/div>\n\n\n\n<div class=\"wp-block-column is-layout-flow wp-block-column-is-layout-flow\" style=\"flex-basis:33.33%\">\n<figure class=\"wp-block-image size-full\"><img loading=\"lazy\" decoding=\"async\" width=\"1024\" height=\"372\" src=\"https:\/\/sites.uel.br\/international\/wp-content\/uploads\/2025\/10\/Logo-ARI-original-sem-fundo-1024x372-2.png\" alt=\"\" class=\"wp-image-2278\" srcset=\"https:\/\/sites.uel.br\/international\/wp-content\/uploads\/2025\/10\/Logo-ARI-original-sem-fundo-1024x372-2.png 1024w, https:\/\/sites.uel.br\/international\/wp-content\/uploads\/2025\/10\/Logo-ARI-original-sem-fundo-1024x372-2-300x109.png 300w, https:\/\/sites.uel.br\/international\/wp-content\/uploads\/2025\/10\/Logo-ARI-original-sem-fundo-1024x372-2-768x279.png 768w\" sizes=\"auto, (max-width: 1024px) 100vw, 1024px\" \/><\/figure>\n\n\n\n<p><strong>&nbsp;Contact<\/strong><\/p>\n\n\n\n<p>\ud83d\udcde +55 (43) 3371-4188<\/p>\n\n\n\n<p><\/p>\n\n\n\n<p>\u2709\ufe0f<a href=\"mailto:uelari@uel.br\">uelari@uel.br<\/a> <\/p>\n\n\n\n<p>Secr\u00e9tariat<\/p>\n\n\n\n<p><\/p>\n\n\n\n<p>\u2709\ufe0f<a href=\"mailto:ari@uel.Br\">ari@uel.br<\/a> <\/p>\n\n\n\n<p>Directrice<\/p>\n\n\n\n<p><\/p>\n\n\n\n<p>\u2709\ufe0f<a href=\"mailto:cooperacao@uel.br\">cooperacao@uel.br<\/a>&nbsp; <\/p>\n\n\n\n<p>Coop\u00e9ration internationale<\/p>\n\n\n\n<p><\/p>\n\n\n\n<p>\u2709\ufe0f&nbsp;<a href=\"mailto:mobilidade@uel.br\">mobilidade@uel.br<\/a> <\/p>\n\n\n\n<p>Mobilit\u00e9 internationale<\/p>\n<\/div>\n<\/div>\n","protected":false},"excerpt":{"rendered":"<p>L&#8217;Oficina de Relaciones Internacionales (ou ARI, par son symbole en portugais) est\u00e1 vinculada al Rectorado et desempe\u00f1a un papier fondamental dans l&#8217;\u00e9tablissement d&#8217;alliances avec des institutions \u00e9trang\u00e8res, pour fin de c\u00e9l\u00e9brer les faits qui facilitent la coop\u00e9ration universitaire internationale. Pour cela, nous cherchons \u00e0 lancer des initiatives d&#8217;interaction avec la communaut\u00e9 universitaire, \u00e0 recevoir des [&hellip;]<\/p>\n","protected":false},"author":13,"featured_media":0,"parent":2706,"menu_order":0,"comment_status":"closed","ping_status":"closed","template":"","meta":{"_themeisle_gutenberg_block_has_review":false,"footnotes":""},"class_list":["post-2277","page","type-page","status-publish","hentry"],"acf":[],"_links":{"self":[{"href":"https:\/\/sites.uel.br\/international\/wp-json\/wp\/v2\/pages\/2277","targetHints":{"allow":["GET"]}}],"collection":[{"href":"https:\/\/sites.uel.br\/international\/wp-json\/wp\/v2\/pages"}],"about":[{"href":"https:\/\/sites.uel.br\/international\/wp-json\/wp\/v2\/types\/page"}],"author":[{"embeddable":true,"href":"https:\/\/sites.uel.br\/international\/wp-json\/wp\/v2\/users\/13"}],"replies":[{"embeddable":true,"href":"https:\/\/sites.uel.br\/international\/wp-json\/wp\/v2\/comments?post=2277"}],"version-history":[{"count":4,"href":"https:\/\/sites.uel.br\/international\/wp-json\/wp\/v2\/pages\/2277\/revisions"}],"predecessor-version":[{"id":2682,"href":"https:\/\/sites.uel.br\/international\/wp-json\/wp\/v2\/pages\/2277\/revisions\/2682"}],"up":[{"embeddable":true,"href":"https:\/\/sites.uel.br\/international\/wp-json\/wp\/v2\/pages\/2706"}],"wp:attachment":[{"href":"https:\/\/sites.uel.br\/international\/wp-json\/wp\/v2\/media?parent=2277"}],"curies":[{"name":"wp","href":"https:\/\/api.w.org\/{rel}","templated":true}]}}