{"id":2268,"date":"2025-11-06T11:08:16","date_gmt":"2025-11-06T14:08:16","guid":{"rendered":"https:\/\/sites.uel.br\/international\/?page_id=2268"},"modified":"2025-11-06T11:08:17","modified_gmt":"2025-11-06T14:08:17","slug":"oficina-de-relaciones-internacionales","status":"publish","type":"page","link":"https:\/\/sites.uel.br\/international\/es\/oficina-de-relaciones-internacionales\/","title":{"rendered":"Oficina de Relaciones Internacionales"},"content":{"rendered":"\n<div class=\"wp-block-columns is-layout-flex wp-container-core-columns-is-layout-9d6595d7 wp-block-columns-is-layout-flex\">\n<div class=\"wp-block-column is-layout-flow wp-block-column-is-layout-flow\" style=\"flex-basis:66.66%\">\n<p>La Oficina de Relaciones Internacionales (o ARI, por su sigla en portugu\u00e9s) est\u00e1 vinculada al Rectorado y desempe\u00f1a un papel fundamental en el establecimiento de alianzas con instituciones extranjeras, con el fin de celebrar acuerdos que faciliten la cooperaci\u00f3n acad\u00e9mica internacional.<\/p>\n\n\n\n<p>Para ello, busca apoyar iniciativas de intercambio de la comunidad universitaria, recibir visitantes extranjeros, asistir a estudiantes y docentes en sus propuestas de cooperaci\u00f3n internacional, e identificar oportunidades que fortalezcan la internacionalizaci\u00f3n de la universidad.<\/p>\n\n\n\n<p>La ARI tambi\u00e9n alberga la Divisi\u00f3n de Estudios Afrobrasile\u00f1os (NEAB) y la Divisi\u00f3n de Estudios de Cultura Japonesa (NECJ).<\/p>\n\n\n\n<div class=\"wp-block-columns is-layout-flex wp-container-core-columns-is-layout-9d6595d7 wp-block-columns-is-layout-flex\">\n<div class=\"wp-block-column is-layout-flow wp-block-column-is-layout-flow\">\n<figure class=\"wp-block-image size-full\"><img loading=\"lazy\" decoding=\"async\" width=\"304\" height=\"289\" src=\"https:\/\/sites.uel.br\/international\/wp-content\/uploads\/2025\/10\/1.png\" alt=\"\" class=\"wp-image-2270\" srcset=\"https:\/\/sites.uel.br\/international\/wp-content\/uploads\/2025\/10\/1.png 304w, https:\/\/sites.uel.br\/international\/wp-content\/uploads\/2025\/10\/1-300x285.png 300w\" sizes=\"auto, (max-width: 304px) 100vw, 304px\" \/><\/figure>\n<\/div>\n\n\n\n<div class=\"wp-block-column is-layout-flow wp-block-column-is-layout-flow\">\n<figure class=\"wp-block-image size-full\"><img loading=\"lazy\" decoding=\"async\" width=\"304\" height=\"289\" src=\"https:\/\/sites.uel.br\/international\/wp-content\/uploads\/2025\/10\/2.png\" alt=\"\" class=\"wp-image-2271\" srcset=\"https:\/\/sites.uel.br\/international\/wp-content\/uploads\/2025\/10\/2.png 304w, https:\/\/sites.uel.br\/international\/wp-content\/uploads\/2025\/10\/2-300x285.png 300w\" sizes=\"auto, (max-width: 304px) 100vw, 304px\" \/><\/figure>\n<\/div>\n<\/div>\n\n\n\n<figure class=\"wp-block-image size-full\"><img loading=\"lazy\" decoding=\"async\" width=\"1024\" height=\"250\" src=\"https:\/\/sites.uel.br\/international\/wp-content\/uploads\/2025\/10\/LOGO-ARINEWS-1024x250-1.png\" alt=\"\" class=\"wp-image-2275\" srcset=\"https:\/\/sites.uel.br\/international\/wp-content\/uploads\/2025\/10\/LOGO-ARINEWS-1024x250-1.png 1024w, https:\/\/sites.uel.br\/international\/wp-content\/uploads\/2025\/10\/LOGO-ARINEWS-1024x250-1-300x73.png 300w, https:\/\/sites.uel.br\/international\/wp-content\/uploads\/2025\/10\/LOGO-ARINEWS-1024x250-1-768x188.png 768w\" sizes=\"auto, (max-width: 1024px) 100vw, 1024px\" \/><\/figure>\n\n\n\n<div class=\"wp-block-columns is-layout-flex wp-container-core-columns-is-layout-9d6595d7 wp-block-columns-is-layout-flex\">\n<div class=\"wp-block-column is-layout-flow wp-block-column-is-layout-flow\">\n<div class=\"wp-block-buttons is-content-justification-center is-layout-flex wp-container-core-buttons-is-layout-16018d1d wp-block-buttons-is-layout-flex\">\n<div class=\"wp-block-button\"><a class=\"wp-block-button__link has-cinza-claro-color has-verde-escuro-background-color has-text-color has-background has-link-color has-text-align-center wp-element-button\" href=\"https:\/\/www.uel.br\/ari\/pages\/boletim---arinews.php\">ARI NEWS<\/a><\/div>\n<\/div>\n\n\n\n<p><\/p>\n<\/div>\n<\/div>\n<\/div>\n\n\n\n<div class=\"wp-block-column is-layout-flow wp-block-column-is-layout-flow\" style=\"flex-basis:33.33%\">\n<figure class=\"wp-block-image size-full\"><img loading=\"lazy\" decoding=\"async\" width=\"1024\" height=\"372\" src=\"https:\/\/sites.uel.br\/international\/wp-content\/uploads\/2025\/10\/Logo-ARI-original-sem-fundo-1024x372-3.png\" alt=\"\" class=\"wp-image-2285\" srcset=\"https:\/\/sites.uel.br\/international\/wp-content\/uploads\/2025\/10\/Logo-ARI-original-sem-fundo-1024x372-3.png 1024w, https:\/\/sites.uel.br\/international\/wp-content\/uploads\/2025\/10\/Logo-ARI-original-sem-fundo-1024x372-3-300x109.png 300w, https:\/\/sites.uel.br\/international\/wp-content\/uploads\/2025\/10\/Logo-ARI-original-sem-fundo-1024x372-3-768x279.png 768w\" sizes=\"auto, (max-width: 1024px) 100vw, 1024px\" \/><\/figure>\n\n\n\n<p><strong>Contacto<\/strong><br>\ud83d\udcde +55 (43) 3371-4188<br><br>\u2709\ufe0f<a href=\"mailto:uelari@uel.br\">uelari@uel.br<\/a><br><strong>Secretar\u00eda<br><\/strong><br>\u2709\ufe0f<a href=\"mailto:ari@uel.Br\">ari@uel.br<\/a><br><strong>Asesor\u00eda<\/strong><br><br>\u2709\ufe0f<a href=\"mailto:cooperacao@uel.br\">cooperacao@uel.br<\/a>\u00a0<br><strong>Cooperaci\u00f3n Internacional<br><\/strong><br>\u2709\ufe0f\u00a0<a href=\"mailto:mobilidade@uel.br\">mobilidade@uel.br<\/a><br><strong>Movilidad Internacional<br><\/strong><\/p>\n<\/div>\n<\/div>\n\n\n\n<div class=\"wp-block-columns is-layout-flex wp-container-core-columns-is-layout-9d6595d7 wp-block-columns-is-layout-flex\">\n<div class=\"wp-block-column is-layout-flow wp-block-column-is-layout-flow\" style=\"flex-basis:66.66%\"><\/div>\n\n\n\n<div class=\"wp-block-column is-layout-flow wp-block-column-is-layout-flow\" style=\"flex-basis:33.33%\"><\/div>\n<\/div>\n","protected":false},"excerpt":{"rendered":"<p>La Oficina de Relaciones Internacionales (o ARI, por su sigla en portugu\u00e9s) est\u00e1 vinculada al Rectorado y desempe\u00f1a un papel fundamental en el establecimiento de alianzas con instituciones extranjeras, con el fin de celebrar acuerdos que faciliten la cooperaci\u00f3n acad\u00e9mica internacional. Para ello, busca apoyar iniciativas de intercambio de la comunidad universitaria, recibir visitantes extranjeros, [&hellip;]<\/p>\n","protected":false},"author":13,"featured_media":0,"parent":0,"menu_order":0,"comment_status":"closed","ping_status":"closed","template":"","meta":{"_themeisle_gutenberg_block_has_review":false,"footnotes":""},"class_list":["post-2268","page","type-page","status-publish","hentry"],"acf":[],"_links":{"self":[{"href":"https:\/\/sites.uel.br\/international\/wp-json\/wp\/v2\/pages\/2268","targetHints":{"allow":["GET"]}}],"collection":[{"href":"https:\/\/sites.uel.br\/international\/wp-json\/wp\/v2\/pages"}],"about":[{"href":"https:\/\/sites.uel.br\/international\/wp-json\/wp\/v2\/types\/page"}],"author":[{"embeddable":true,"href":"https:\/\/sites.uel.br\/international\/wp-json\/wp\/v2\/users\/13"}],"replies":[{"embeddable":true,"href":"https:\/\/sites.uel.br\/international\/wp-json\/wp\/v2\/comments?post=2268"}],"version-history":[{"count":6,"href":"https:\/\/sites.uel.br\/international\/wp-json\/wp\/v2\/pages\/2268\/revisions"}],"predecessor-version":[{"id":2484,"href":"https:\/\/sites.uel.br\/international\/wp-json\/wp\/v2\/pages\/2268\/revisions\/2484"}],"wp:attachment":[{"href":"https:\/\/sites.uel.br\/international\/wp-json\/wp\/v2\/media?parent=2268"}],"curies":[{"name":"wp","href":"https:\/\/api.w.org\/{rel}","templated":true}]}}