{"id":2228,"date":"2025-06-18T14:16:39","date_gmt":"2025-06-18T17:16:39","guid":{"rendered":"https:\/\/sites.uel.br\/international\/?page_id=2228"},"modified":"2025-11-06T12:21:39","modified_gmt":"2025-11-06T15:21:39","slug":"bienestar-comunitario","status":"publish","type":"page","link":"https:\/\/sites.uel.br\/international\/es\/bienestar-comunitario\/","title":{"rendered":"Bienestar comunitario"},"content":{"rendered":"\n<div style=\"height:50px\" aria-hidden=\"true\" class=\"wp-block-spacer\"><\/div>\n\n\n\n<div id=\"wp-block-themeisle-blocks-tabs-d732b2ca\" class=\"wp-block-themeisle-blocks-tabs is-style-boxed has-light-bg\"><div class=\"wp-block-themeisle-blocks-tabs__content\">\n<div data-title=\"Restaurante Universitario\" data-default-open=\"true\" class=\"wp-block-themeisle-blocks-tabs-item\"><div class=\"wp-block-themeisle-blocks-tabs-item__header\">Restaurante Universitario<\/div><div class=\"wp-block-themeisle-blocks-tabs-item__content\">\n<div style=\"height:35px\" aria-hidden=\"true\" class=\"wp-block-spacer\"><\/div>\n\n\n\n<div class=\"wp-block-columns is-layout-flex wp-container-core-columns-is-layout-9d6595d7 wp-block-columns-is-layout-flex\">\n<div class=\"wp-block-column is-layout-flow wp-block-column-is-layout-flow\">\n<p>El Restaurante Universitario tiene como prop\u00f3sitos garantizar la seguridad alimentaria y nutricional, brindar una alimentaci\u00f3n balanceada a toda la comunidad universitaria, colaborar en el desarrollo de la investigaci\u00f3n cient\u00edfica, mantener una estrecha relaci\u00f3n con la comunidad con el fin de brindar oportunidades de mejora constante y actuar como agente de la pol\u00edtica de retenci\u00f3n estudiantil y de la pol\u00edtica de recursos humanos de la instituci\u00f3n.<\/p>\n\n\n\n<p>El restaurante abri\u00f3 sus puertas en 1998, siendo responsable de las \u00e1reas de nutrici\u00f3n y seguridad alimentaria. Funcion\u00f3, hasta 2014, en una superficie de 1.566,11 m\u00b2 con 240 plazas. En 2015, la universidad ampli\u00f3 su estructura f\u00edsica hasta los 3.919,69 m\u00b2 e incluy\u00f3 750 plazas disponibles distribuidas en 185 mesas y 6 plazas espec\u00edficas para usuarios de silla de ruedas.<\/p>\n<\/div>\n\n\n\n<div class=\"wp-block-column is-layout-flow wp-block-column-is-layout-flow\">\n<figure class=\"wp-block-image size-full\"><img loading=\"lazy\" decoding=\"async\" width=\"617\" height=\"385\" src=\"https:\/\/sites.uel.br\/international\/wp-content\/uploads\/2024\/06\/RU-3.png\" alt=\"\" class=\"wp-image-1465\" srcset=\"https:\/\/sites.uel.br\/international\/wp-content\/uploads\/2024\/06\/RU-3.png 617w, https:\/\/sites.uel.br\/international\/wp-content\/uploads\/2024\/06\/RU-3-300x187.png 300w\" sizes=\"auto, (max-width: 617px) 100vw, 617px\" \/><\/figure>\n\n\n\n<p><strong>Horario de servicio<br><\/strong>De lunes a viernes<br><strong>Almuerzo <\/strong>de 11h00 a las 14h00.<br><strong>Cena <\/strong>de 17h30 a las 19h30.<\/p>\n\n\n\n<p><strong>Contacto<\/strong><br>\u2709\ufe0f sebec@uel.br<\/p>\n<\/div>\n<\/div>\n<\/div><\/div>\n\n\n\n&lt;div data-title=&quot;&lt;strong&gt;Servicios sociales<\/strong><div class=\"wp-block-themeisle-blocks-tabs-item__header\"><strong>Servicios sociales<\/strong><\/div><div class=\"wp-block-themeisle-blocks-tabs-item__content\">\n<div style=\"height:35px\" aria-hidden=\"true\" class=\"wp-block-spacer\"><\/div>\n\n\n\n<div class=\"wp-block-columns is-layout-flex wp-container-core-columns-is-layout-9d6595d7 wp-block-columns-is-layout-flex\">\n<div class=\"wp-block-column is-layout-flow wp-block-column-is-layout-flow\" style=\"flex-basis:50%\">\n<h3 class=\"wp-block-heading\"><strong><strong>Asistencia social diaria<\/strong><\/strong><\/h3>\n\n\n\n<p>En el SEBEC se brinda atenci\u00f3n social diaria a toda la comunidad universitaria, con el objetivo de atender a los usuarios que buscan orientaci\u00f3n, referencias y beneficios ofrecidos por la UEL y la comunidad externa. Este es el momento en que se identifican las necesidades individuales para la posterior planificaci\u00f3n, formulaci\u00f3n e implementaci\u00f3n de proyectos, actuando colectivamente sobre las demandas presentadas.<\/p>\n\n\n\n<div style=\"height:39px\" aria-hidden=\"true\" class=\"wp-block-spacer\"><\/div>\n\n\n\n<h3 class=\"wp-block-heading\"><strong><strong>Apoyo social<\/strong><\/strong><\/h3>\n\n\n\n<p>Apoyo y seguimiento individualizado de situaciones sociales para abordar las necesidades sociales que presenta el estudiante y su familia.<\/p>\n\n\n\n<p>Proyecto para orientar a los estudiantes en su inserci\u00f3n al mercado laboral, con el objetivo de crear alternativas de ingresos durante su estancia en la UEL.<\/p>\n\n\n\n<p>Apoyo psicosocial a estudiantes con demandas de salud mental.<\/p>\n\n\n\n<p>Apoyo y orientaci\u00f3n a familiares de estudiantes en casos de fallecimiento.<\/p>\n\n\n\n<p>Ofreciendo oportunidades de pasant\u00edas a trav\u00e9s de becas para estudiantes de pregrado de Servicios Sociales.<\/p>\n\n\n\n<p>Participaci\u00f3n en los estudios para la creaci\u00f3n del Programa de Apoyo al Acceso y Retenci\u00f3n de Estudiantes de la UEL, que tiene como objetivo mejorar la difusi\u00f3n del proceso de admisi\u00f3n de la instituci\u00f3n y las condiciones de retenci\u00f3n estudiantil.<\/p>\n<\/div>\n\n\n\n<div class=\"wp-block-column is-layout-flow wp-block-column-is-layout-flow\" style=\"flex-basis:50%\">\n<figure class=\"wp-block-image size-full is-resized\"><img loading=\"lazy\" decoding=\"async\" width=\"617\" height=\"385\" src=\"https:\/\/sites.uel.br\/international\/wp-content\/uploads\/2024\/06\/SEBEC.png\" alt=\"\" class=\"wp-image-1450\" style=\"width:446px;height:auto\" srcset=\"https:\/\/sites.uel.br\/international\/wp-content\/uploads\/2024\/06\/SEBEC.png 617w, https:\/\/sites.uel.br\/international\/wp-content\/uploads\/2024\/06\/SEBEC-300x187.png 300w\" sizes=\"auto, (max-width: 617px) 100vw, 617px\" \/><\/figure>\n\n\n\n<p><strong>Contacto<\/strong><br>\u2709\ufe0f sebec@uel.br<\/p>\n\n\n\n<div style=\"height:116px\" aria-hidden=\"true\" class=\"wp-block-spacer\"><\/div>\n\n\n\n<figure class=\"wp-block-image size-full is-resized\"><img loading=\"lazy\" decoding=\"async\" width=\"617\" height=\"385\" src=\"https:\/\/sites.uel.br\/international\/wp-content\/uploads\/2024\/06\/social.png\" alt=\"\" class=\"wp-image-1458\" style=\"width:446px;height:auto\" srcset=\"https:\/\/sites.uel.br\/international\/wp-content\/uploads\/2024\/06\/social.png 617w, https:\/\/sites.uel.br\/international\/wp-content\/uploads\/2024\/06\/social-300x187.png 300w\" sizes=\"auto, (max-width: 617px) 100vw, 617px\" \/><\/figure>\n<\/div>\n<\/div>\n<\/div><\/div>\n\n\n\n&lt;div data-title=&quot;&lt;strong&gt;Promoci\u00f3n de Pol\u00edticas P\u00fablicas e Institucionales<\/strong><div class=\"wp-block-themeisle-blocks-tabs-item__header\"><strong>Promoci\u00f3n de Pol\u00edticas P\u00fablicas e Institucionales<\/strong><\/div><div class=\"wp-block-themeisle-blocks-tabs-item__content\">\n<div style=\"height:35px\" aria-hidden=\"true\" class=\"wp-block-spacer\"><\/div>\n\n\n\n<div class=\"wp-block-columns is-layout-flex wp-container-core-columns-is-layout-9d6595d7 wp-block-columns-is-layout-flex\">\n<div class=\"wp-block-column is-layout-flow wp-block-column-is-layout-flow\" style=\"flex-basis:50%\">\n<p>La Secci\u00f3n de Salud Mental participa en foros universitarios con el objetivo de desarrollar, promover y monitorear pol\u00edticas relacionadas con la asistencia estudiantil, la salud mental, la educaci\u00f3n y los derechos humanos. Se enfoca en pol\u00edticas que aborden la violencia social como el racismo, el sexismo, la misoginia, la violencia sexual y de g\u00e9nero, las desigualdades sociales y econ\u00f3micas y las acciones afirmativas e inclusivas para las poblaciones minoritarias, incluidas las poblaciones ind\u00edgenas, las personas negras, las personas homoafectivas, los transexuales y las mujeres. La participaci\u00f3n actual incluye los siguientes Comit\u00e9s:<\/p>\n<\/div>\n\n\n\n<div class=\"wp-block-column is-layout-flow wp-block-column-is-layout-flow\" style=\"flex-basis:50%\">\n<figure class=\"wp-block-image size-full is-resized\"><img loading=\"lazy\" decoding=\"async\" width=\"617\" height=\"385\" src=\"https:\/\/sites.uel.br\/international\/wp-content\/uploads\/2024\/06\/SEBEC-1.png\" alt=\"\" class=\"wp-image-1467\" style=\"aspect-ratio:1.5034482758620689;width:450px;height:auto\" srcset=\"https:\/\/sites.uel.br\/international\/wp-content\/uploads\/2024\/06\/SEBEC-1.png 617w, https:\/\/sites.uel.br\/international\/wp-content\/uploads\/2024\/06\/SEBEC-1-300x187.png 300w\" sizes=\"auto, (max-width: 617px) 100vw, 617px\" \/><\/figure>\n\n\n\n<p><strong>Contacto<\/strong><br>\u2709\ufe0f sebec@uel.br<\/p>\n<\/div>\n<\/div>\n\n\n\n<div class=\"wp-block-columns is-layout-flex wp-container-core-columns-is-layout-9d6595d7 wp-block-columns-is-layout-flex\">\n<div class=\"wp-block-column is-layout-flow wp-block-column-is-layout-flow\" style=\"flex-basis:50%\">\n<h3 class=\"wp-block-heading\"><strong><strong><strong>Comit\u00e9 Universitario de Pueblos Ind\u00edgenas (CUIA)<\/strong><\/strong><\/strong><\/h3>\n\n\n\n<p>Participaci\u00f3n en la CUIA, en alianza con la Divisi\u00f3n de Servicios Sociales del SEBEC, contribuyendo al desarrollo y ejecuci\u00f3n de acciones de asistencia social y psicol\u00f3gica para estudiantes ind\u00edgenas de la UEL. La participaci\u00f3n ocurre a trav\u00e9s de reuniones ordinarias y extraordinarias de la CUIA para organizar el trabajo y el seguimiento de los estudiantes, discusiones de casos con profesores espec\u00edficos, coordinaci\u00f3n de la CUIA, actividades con el grupo de estudiantes ind\u00edgenas y apoyo individual y grupal a los estudiantes, incluyendo visitas mensuales a domicilio para estudiantes con mayores vulnerabilidades sociales, econ\u00f3micas o de salud.<\/p>\n<\/div>\n\n\n\n<div class=\"wp-block-column is-layout-flow wp-block-column-is-layout-flow\" style=\"flex-basis:50%\">\n<figure class=\"wp-block-image size-full is-resized\"><img loading=\"lazy\" decoding=\"async\" width=\"617\" height=\"385\" src=\"https:\/\/sites.uel.br\/international\/wp-content\/uploads\/2024\/06\/cuia.png\" alt=\"\" class=\"wp-image-1468\" style=\"aspect-ratio:1.3364485981308412;width:442px;height:auto\" srcset=\"https:\/\/sites.uel.br\/international\/wp-content\/uploads\/2024\/06\/cuia.png 617w, https:\/\/sites.uel.br\/international\/wp-content\/uploads\/2024\/06\/cuia-300x187.png 300w\" sizes=\"auto, (max-width: 617px) 100vw, 617px\" \/><\/figure>\n<\/div>\n<\/div>\n\n\n\n<div class=\"wp-block-columns is-layout-flex wp-container-core-columns-is-layout-9d6595d7 wp-block-columns-is-layout-flex\">\n<div class=\"wp-block-column is-layout-flow wp-block-column-is-layout-flow\" style=\"flex-basis:50%\">\n<h3 class=\"wp-block-heading\"><strong><strong><strong>Comit\u00e9 para la Prevenci\u00f3n de la Violencia Sexual y de G\u00e9nero (CLCH)<\/strong><\/strong><\/strong><\/h3>\n\n\n\n<p>El comit\u00e9 tiene como objetivo organizar actividades y enfoques educativos para apoyar y monitorear casos en la prevenci\u00f3n y enfrentamiento de la violencia sexual y de g\u00e9nero dentro de la comunidad UEL.<\/p>\n\n\n\n<div style=\"height:49px\" aria-hidden=\"true\" class=\"wp-block-spacer\"><\/div>\n\n\n\n<h3 class=\"wp-block-heading\"><strong><strong>Grupo de Trabajo para la Propuesta de Pol\u00edticas de Prevenci\u00f3n y Afrontamiento de la Violencia Sexual y de G\u00e9nero en la UEL<\/strong><\/strong><\/h3>\n\n\n\n<p>Este grupo tiene como objetivo proponer una pol\u00edtica institucional para la acogida y apoyo de las denuncias de violencia ocurridas en la UEL y para el apoyo y asistencia a las v\u00edctimas de violencia sexual y de g\u00e9nero.<\/p>\n<\/div>\n\n\n\n<div class=\"wp-block-column is-layout-flow wp-block-column-is-layout-flow\" style=\"flex-basis:50%\">\n<figure class=\"wp-block-image size-full is-resized\"><img loading=\"lazy\" decoding=\"async\" width=\"617\" height=\"385\" src=\"https:\/\/sites.uel.br\/international\/wp-content\/uploads\/2024\/06\/chega-de-assedio.png\" alt=\"\" class=\"wp-image-1469\" style=\"width:457px;height:auto\" srcset=\"https:\/\/sites.uel.br\/international\/wp-content\/uploads\/2024\/06\/chega-de-assedio.png 617w, https:\/\/sites.uel.br\/international\/wp-content\/uploads\/2024\/06\/chega-de-assedio-300x187.png 300w\" sizes=\"auto, (max-width: 617px) 100vw, 617px\" \/><\/figure>\n<\/div>\n<\/div>\n<\/div><\/div>\n<\/div><\/div>\n\n\n\n<p><\/p>\n","protected":false},"excerpt":{"rendered":"","protected":false},"author":10,"featured_media":0,"parent":0,"menu_order":0,"comment_status":"closed","ping_status":"closed","template":"","meta":{"_themeisle_gutenberg_block_has_review":false,"footnotes":""},"class_list":["post-2228","page","type-page","status-publish","hentry"],"acf":[],"_links":{"self":[{"href":"https:\/\/sites.uel.br\/international\/wp-json\/wp\/v2\/pages\/2228","targetHints":{"allow":["GET"]}}],"collection":[{"href":"https:\/\/sites.uel.br\/international\/wp-json\/wp\/v2\/pages"}],"about":[{"href":"https:\/\/sites.uel.br\/international\/wp-json\/wp\/v2\/types\/page"}],"author":[{"embeddable":true,"href":"https:\/\/sites.uel.br\/international\/wp-json\/wp\/v2\/users\/10"}],"replies":[{"embeddable":true,"href":"https:\/\/sites.uel.br\/international\/wp-json\/wp\/v2\/comments?post=2228"}],"version-history":[{"count":2,"href":"https:\/\/sites.uel.br\/international\/wp-json\/wp\/v2\/pages\/2228\/revisions"}],"predecessor-version":[{"id":2554,"href":"https:\/\/sites.uel.br\/international\/wp-json\/wp\/v2\/pages\/2228\/revisions\/2554"}],"wp:attachment":[{"href":"https:\/\/sites.uel.br\/international\/wp-json\/wp\/v2\/media?parent=2228"}],"curies":[{"name":"wp","href":"https:\/\/api.w.org\/{rel}","templated":true}]}}