{"id":2224,"date":"2025-06-18T14:06:26","date_gmt":"2025-06-18T17:06:26","guid":{"rendered":"https:\/\/sites.uel.br\/international\/?page_id=2224"},"modified":"2025-06-18T14:06:42","modified_gmt":"2025-06-18T17:06:42","slug":"bibliotecas-y-librerias","status":"publish","type":"page","link":"https:\/\/sites.uel.br\/international\/es\/bibliotecas-y-librerias\/","title":{"rendered":"Bibliotecas y librer\u00edas"},"content":{"rendered":"\n<div style=\"height:50px\" aria-hidden=\"true\" class=\"wp-block-spacer\"><\/div>\n\n\n\n<div class=\"wp-block-columns is-layout-flex wp-container-core-columns-is-layout-9d6595d7 wp-block-columns-is-layout-flex\">\n<div class=\"wp-block-column is-layout-flow wp-block-column-is-layout-flow\">\n<p><\/p>\n\n\n\n<p><\/p>\n\n\n\n<h3 class=\"wp-block-heading\">Centro de servicios bibliotecarios<\/h3>\n\n\n\n<p>Centro de servicios bibliotecarios<\/p>\n\n\n\n<p>La UEL cuenta con una red de bibliotecas <a href=\"http:\/\/www.uel.br\/bc\/portal\/index.php\">centrales <\/a>y sucursales ubicadas tanto en el campus como en otros lugares de la ciudad. En conjunto, albergan m\u00e1s de 250.000 t\u00edtulos de libros, casi 400.000 revistas y otros art\u00edculos, que han beneficiado a m\u00e1s de 650.000 usuarios.<\/p>\n<\/div>\n\n\n\n<div class=\"wp-block-column is-layout-flow wp-block-column-is-layout-flow\"><div class=\"wp-block-image\">\n<figure class=\"alignright size-full is-resized\"><img loading=\"lazy\" decoding=\"async\" width=\"617\" height=\"385\" src=\"https:\/\/sites.uel.br\/international\/wp-content\/uploads\/2024\/06\/CENTRAL-main-Library-Branch-Libraries.png\" alt=\"\" class=\"wp-image-1387\" style=\"width:357px;height:auto\" srcset=\"https:\/\/sites.uel.br\/international\/wp-content\/uploads\/2024\/06\/CENTRAL-main-Library-Branch-Libraries.png 617w, https:\/\/sites.uel.br\/international\/wp-content\/uploads\/2024\/06\/CENTRAL-main-Library-Branch-Libraries-300x187.png 300w\" sizes=\"auto, (max-width: 617px) 100vw, 617px\" \/><figcaption class=\"wp-element-caption\">Biblioteca <a href=\"http:\/\/www.uel.br\/bc\/portal\/\">Central <\/a>(principal)\u00a0<br><\/figcaption><\/figure>\n<\/div><\/div>\n<\/div>\n\n\n\n<div class=\"wp-block-columns is-layout-flex wp-container-core-columns-is-layout-9d6595d7 wp-block-columns-is-layout-flex\">\n<div class=\"wp-block-column is-layout-flow wp-block-column-is-layout-flow\">\n<figure class=\"wp-block-image size-full\"><img loading=\"lazy\" decoding=\"async\" width=\"617\" height=\"385\" src=\"https:\/\/sites.uel.br\/international\/wp-content\/uploads\/2024\/06\/Humanities-Library-CCH.png\" alt=\"\" class=\"wp-image-1388\" srcset=\"https:\/\/sites.uel.br\/international\/wp-content\/uploads\/2024\/06\/Humanities-Library-CCH.png 617w, https:\/\/sites.uel.br\/international\/wp-content\/uploads\/2024\/06\/Humanities-Library-CCH-300x187.png 300w\" sizes=\"auto, (max-width: 617px) 100vw, 617px\" \/><figcaption class=\"wp-element-caption\"><a href=\"https:\/\/sites.uel.br\/bibliotecas\/bibliotecas-setoriais\/\" target=\"_blank\" rel=\"noreferrer noopener\">Biblioteca de Humanidades (CLCH)<\/a><\/figcaption><\/figure>\n<\/div>\n\n\n\n<div class=\"wp-block-column is-layout-flow wp-block-column-is-layout-flow\">\n<figure class=\"wp-block-image size-full\"><img loading=\"lazy\" decoding=\"async\" width=\"617\" height=\"385\" src=\"https:\/\/sites.uel.br\/international\/wp-content\/uploads\/2024\/06\/Health-Library-CCS.png\" alt=\"\" class=\"wp-image-1389\" srcset=\"https:\/\/sites.uel.br\/international\/wp-content\/uploads\/2024\/06\/Health-Library-CCS.png 617w, https:\/\/sites.uel.br\/international\/wp-content\/uploads\/2024\/06\/Health-Library-CCS-300x187.png 300w\" sizes=\"auto, (max-width: 617px) 100vw, 617px\" \/><figcaption class=\"wp-element-caption\"><a href=\"https:\/\/sites.uel.br\/bibliotecas\/biblioteca-setorial-do-centro-de-ciencias-da-saude\/\" target=\"_blank\" rel=\"noreferrer noopener\">Biblioteca de Salud (CCS)<\/a><\/figcaption><\/figure>\n<\/div>\n\n\n\n<div class=\"wp-block-column is-layout-flow wp-block-column-is-layout-flow\">\n<figure class=\"wp-block-image size-full\"><img loading=\"lazy\" decoding=\"async\" width=\"617\" height=\"385\" src=\"https:\/\/sites.uel.br\/international\/wp-content\/uploads\/2024\/06\/Law-School-Library-EAAJ.png\" alt=\"\" class=\"wp-image-1390\" srcset=\"https:\/\/sites.uel.br\/international\/wp-content\/uploads\/2024\/06\/Law-School-Library-EAAJ.png 617w, https:\/\/sites.uel.br\/international\/wp-content\/uploads\/2024\/06\/Law-School-Library-EAAJ-300x187.png 300w\" sizes=\"auto, (max-width: 617px) 100vw, 617px\" \/><figcaption class=\"wp-element-caption\"><a href=\"https:\/\/sites.uel.br\/bibliotecas\/biblioteca-setorial-do-escritorio-de-aplicacao-de-assuntos-juridicos\/\" target=\"_blank\" rel=\"noreferrer noopener\">Biblioteca de la Facultad de Derecho (EAAJ)<\/a><\/figcaption><\/figure>\n<\/div>\n<\/div>\n\n\n\n<div class=\"wp-block-columns is-layout-flex wp-container-core-columns-is-layout-9d6595d7 wp-block-columns-is-layout-flex\">\n<div class=\"wp-block-column is-layout-flow wp-block-column-is-layout-flow\" style=\"flex-basis:66.66%\">\n<p><\/p>\n\n\n\n<div style=\"height:50px\" aria-hidden=\"true\" class=\"wp-block-spacer\"><\/div>\n\n\n\n<h3 class=\"wp-block-heading\">Librer\u00eda<\/h3>\n\n\n\n<p>La Librer\u00eda EDUEL est\u00e1 al servicio de la comunidad universitaria y del p\u00fablico en general desde junio de 1995 y est\u00e1 vinculada a la Editorial Universitaria (EDUEL).<\/p>\n\n\n\n<p>La librer\u00eda vende libros publicados por EDUEL y otras editoriales universitarias, as\u00ed como de diversas editoriales comerciales.<\/p>\n\n\n\n<p>Para mayor informaci\u00f3n sobre los t\u00edtulos disponibles, favor llamar al + 55 43 3371-4691 o enviar un correo electr\u00f3nico a: <a href=\"mailto:livrariaeduel@uel.br\">libreriaeduel@uel.br<\/a><\/p>\n<\/div>\n\n\n\n<div class=\"wp-block-column is-layout-flow wp-block-column-is-layout-flow\" style=\"flex-basis:33.33%\">\n<figure class=\"wp-block-image size-full is-resized\"><img loading=\"lazy\" decoding=\"async\" width=\"617\" height=\"385\" src=\"https:\/\/sites.uel.br\/international\/wp-content\/uploads\/2024\/06\/transparente-4.png\" alt=\"\" class=\"wp-image-1402\" style=\"width:236px;height:auto\" srcset=\"https:\/\/sites.uel.br\/international\/wp-content\/uploads\/2024\/06\/transparente-4.png 617w, https:\/\/sites.uel.br\/international\/wp-content\/uploads\/2024\/06\/transparente-4-300x187.png 300w\" sizes=\"auto, (max-width: 617px) 100vw, 617px\" \/><\/figure>\n\n\n\n<figure class=\"wp-block-image size-full is-resized\"><img loading=\"lazy\" decoding=\"async\" width=\"617\" height=\"385\" src=\"https:\/\/sites.uel.br\/international\/wp-content\/uploads\/2024\/06\/Bookstore.png\" alt=\"\" class=\"wp-image-1392\" style=\"width:373px;height:auto\" srcset=\"https:\/\/sites.uel.br\/international\/wp-content\/uploads\/2024\/06\/Bookstore.png 617w, https:\/\/sites.uel.br\/international\/wp-content\/uploads\/2024\/06\/Bookstore-300x187.png 300w\" sizes=\"auto, (max-width: 617px) 100vw, 617px\" \/><\/figure>\n<\/div>\n<\/div>\n","protected":false},"excerpt":{"rendered":"<p>Centro de servicios bibliotecarios Centro de servicios bibliotecarios La UEL cuenta con una red de bibliotecas centrales y sucursales ubicadas tanto en el campus como en otros lugares de la ciudad. En conjunto, albergan m\u00e1s de 250.000 t\u00edtulos de libros, casi 400.000 revistas y otros art\u00edculos, que han beneficiado a m\u00e1s de 650.000 usuarios. Librer\u00eda [&hellip;]<\/p>\n","protected":false},"author":10,"featured_media":0,"parent":0,"menu_order":0,"comment_status":"closed","ping_status":"closed","template":"","meta":{"_themeisle_gutenberg_block_has_review":false,"footnotes":""},"class_list":["post-2224","page","type-page","status-publish","hentry"],"acf":[],"_links":{"self":[{"href":"https:\/\/sites.uel.br\/international\/wp-json\/wp\/v2\/pages\/2224","targetHints":{"allow":["GET"]}}],"collection":[{"href":"https:\/\/sites.uel.br\/international\/wp-json\/wp\/v2\/pages"}],"about":[{"href":"https:\/\/sites.uel.br\/international\/wp-json\/wp\/v2\/types\/page"}],"author":[{"embeddable":true,"href":"https:\/\/sites.uel.br\/international\/wp-json\/wp\/v2\/users\/10"}],"replies":[{"embeddable":true,"href":"https:\/\/sites.uel.br\/international\/wp-json\/wp\/v2\/comments?post=2224"}],"version-history":[{"count":1,"href":"https:\/\/sites.uel.br\/international\/wp-json\/wp\/v2\/pages\/2224\/revisions"}],"predecessor-version":[{"id":2225,"href":"https:\/\/sites.uel.br\/international\/wp-json\/wp\/v2\/pages\/2224\/revisions\/2225"}],"wp:attachment":[{"href":"https:\/\/sites.uel.br\/international\/wp-json\/wp\/v2\/media?parent=2224"}],"curies":[{"name":"wp","href":"https:\/\/api.w.org\/{rel}","templated":true}]}}