{"id":2222,"date":"2025-06-18T13:59:40","date_gmt":"2025-06-18T16:59:40","guid":{"rendered":"https:\/\/sites.uel.br\/international\/?page_id=2222"},"modified":"2025-06-18T14:00:51","modified_gmt":"2025-06-18T17:00:51","slug":"artes-y-cultura","status":"publish","type":"page","link":"https:\/\/sites.uel.br\/international\/es\/artes-y-cultura\/","title":{"rendered":"Artes y cultura"},"content":{"rendered":"\n<div style=\"height:50px\" aria-hidden=\"true\" class=\"wp-block-spacer\"><\/div>\n\n\n\n<div class=\"wp-block-columns is-layout-flex wp-container-core-columns-is-layout-9d6595d7 wp-block-columns-is-layout-flex\">\n<div class=\"wp-block-column is-layout-flow wp-block-column-is-layout-flow\" style=\"flex-basis:60%\">\n<p>La UEL siempre ha tratado las cuestiones culturales como un derecho, considerando que los bienes culturales y el arte, en sus diversas formas de expresi\u00f3n, comprenden procesos identitarios, a trav\u00e9s de los cuales los individuos, adem\u00e1s del goce de valores est\u00e9ticos, reconocen valores compartidos, resignifican sus bienes materiales y simb\u00f3licos, reinventan tradiciones, construyen sus identidades individuales y colectivas; en definitiva, se convierten en ciudadanos.<\/p>\n\n\n\n<p>Por eso, desde su fundaci\u00f3n, la UEL cuenta en su estructura con un \u00f3rgano encargado de cuidar de los asuntos culturales, con el fin de contribuir al desarrollo de la ciudad y valorizar acciones que contribuyeron para que Londrina se convirtiera en un polo cultural.<\/p>\n\n\n\n<p>Para ello, la UEL es responsable del mantenimiento de diversos puntos de referencia de la ciudad, entre ellos, el tradicional Museo Hist\u00f3rico de Londrina, el elegante Teatro Universitario y el Centro Cultural, este \u00faltimo promotor de actividades culturales (bellas artes, m\u00fasica, cine y teatro). Londrina es una de las pocas capitales no estatales de Brasil que alberga una orquesta sinf\u00f3nica: la Orquesta UEL.La ciudad tambi\u00e9n acoge dos festivales anuales tradicionales: el <a href=\"http:\/\/www.fml.com.br\/\"><strong>Festival Internacional de M\u00fasica<\/strong><\/a> y el <a href=\"http:\/\/filo.art.br\/\"><strong>Festival Internacional de Teatro<\/strong><\/a>. Durante todo el a\u00f1o se realizan numerosas exposiciones de bellas artes y nuestro propio cine (Com-Tour) muestra pel\u00edculas alternativas como una opci\u00f3n fuera de la programaci\u00f3n cinematogr\u00e1fica de car\u00e1cter comercial.<\/p>\n\n\n\n<div class=\"wp-block-columns is-layout-flex wp-container-core-columns-is-layout-9d6595d7 wp-block-columns-is-layout-flex\">\n<div class=\"wp-block-column is-layout-flow wp-block-column-is-layout-flow\">\n<figure class=\"wp-block-image size-full\"><img loading=\"lazy\" decoding=\"async\" width=\"617\" height=\"385\" src=\"https:\/\/sites.uel.br\/international\/wp-content\/uploads\/2024\/06\/Science-and-Technology-Museum.png\" alt=\"\" class=\"wp-image-1370\" srcset=\"https:\/\/sites.uel.br\/international\/wp-content\/uploads\/2024\/06\/Science-and-Technology-Museum.png 617w, https:\/\/sites.uel.br\/international\/wp-content\/uploads\/2024\/06\/Science-and-Technology-Museum-300x187.png 300w\" sizes=\"auto, (max-width: 617px) 100vw, 617px\" \/><figcaption class=\"wp-element-caption\"><a href=\"http:\/\/www.uel.br\/cce\/mct\/portal\/\"><strong>Museo de Ciencia y Tecnolog\u00eda<\/strong><\/a><\/figcaption><\/figure>\n<\/div>\n\n\n\n<div class=\"wp-block-column is-layout-flow wp-block-column-is-layout-flow\">\n<figure class=\"wp-block-image size-full is-resized\"><img loading=\"lazy\" decoding=\"async\" width=\"617\" height=\"385\" src=\"https:\/\/sites.uel.br\/international\/wp-content\/uploads\/2024\/06\/Planetario.png\" alt=\"\" class=\"wp-image-1371\" style=\"width:290px;height:auto\" srcset=\"https:\/\/sites.uel.br\/international\/wp-content\/uploads\/2024\/06\/Planetario.png 617w, https:\/\/sites.uel.br\/international\/wp-content\/uploads\/2024\/06\/Planetario-300x187.png 300w\" sizes=\"auto, (max-width: 617px) 100vw, 617px\" \/><figcaption class=\"wp-element-caption\"><a href=\"https:\/\/sites.uel.br\/planetario\/\"><strong>Planetario<\/strong><\/a><\/figcaption><\/figure>\n<\/div>\n<\/div>\n<\/div>\n\n\n\n<div class=\"wp-block-column is-layout-flow wp-block-column-is-layout-flow\" style=\"flex-basis:40%\">\n<figure class=\"wp-block-image size-full is-resized\"><img loading=\"lazy\" decoding=\"async\" width=\"617\" height=\"385\" src=\"https:\/\/sites.uel.br\/international\/wp-content\/uploads\/2024\/06\/transparente-1.png\" alt=\"\" class=\"wp-image-1377\" style=\"width:64px;height:auto\" srcset=\"https:\/\/sites.uel.br\/international\/wp-content\/uploads\/2024\/06\/transparente-1.png 617w, https:\/\/sites.uel.br\/international\/wp-content\/uploads\/2024\/06\/transparente-1-300x187.png 300w\" sizes=\"auto, (max-width: 617px) 100vw, 617px\" \/><\/figure>\n\n\n\n<figure class=\"wp-block-image size-full\"><img loading=\"lazy\" decoding=\"async\" width=\"617\" height=\"385\" src=\"https:\/\/sites.uel.br\/international\/wp-content\/uploads\/2024\/06\/Historical-Museum.png\" alt=\"\" class=\"wp-image-1366\" srcset=\"https:\/\/sites.uel.br\/international\/wp-content\/uploads\/2024\/06\/Historical-Museum.png 617w, https:\/\/sites.uel.br\/international\/wp-content\/uploads\/2024\/06\/Historical-Museum-300x187.png 300w\" sizes=\"auto, (max-width: 617px) 100vw, 617px\" \/><figcaption class=\"wp-element-caption\"><a href=\"http:\/\/www.uel.br\/museu\/\" target=\"_blank\" rel=\"noreferrer noopener\"><strong>Museo hist\u00f3rico<\/strong><\/a><\/figcaption><\/figure>\n\n\n\n<figure class=\"wp-block-image size-full\"><img loading=\"lazy\" decoding=\"async\" width=\"617\" height=\"385\" src=\"https:\/\/sites.uel.br\/international\/wp-content\/uploads\/2024\/06\/University-Theatre-Ouro-Verde.png\" alt=\"\" class=\"wp-image-1368\" srcset=\"https:\/\/sites.uel.br\/international\/wp-content\/uploads\/2024\/06\/University-Theatre-Ouro-Verde.png 617w, https:\/\/sites.uel.br\/international\/wp-content\/uploads\/2024\/06\/University-Theatre-Ouro-Verde-300x187.png 300w\" sizes=\"auto, (max-width: 617px) 100vw, 617px\" \/><figcaption class=\"wp-element-caption\"><strong><a href=\"https:\/\/teatroouroverde.wordpress.com\/\">Teatro Universitario \u201cOuro Verde\u201d<\/a><\/strong><\/figcaption><\/figure>\n\n\n\n<figure class=\"wp-block-image size-full\"><img loading=\"lazy\" decoding=\"async\" width=\"617\" height=\"385\" src=\"https:\/\/sites.uel.br\/international\/wp-content\/uploads\/2024\/06\/OSUEL.png\" alt=\"\" class=\"wp-image-1369\" srcset=\"https:\/\/sites.uel.br\/international\/wp-content\/uploads\/2024\/06\/OSUEL.png 617w, https:\/\/sites.uel.br\/international\/wp-content\/uploads\/2024\/06\/OSUEL-300x187.png 300w\" sizes=\"auto, (max-width: 617px) 100vw, 617px\" \/><figcaption class=\"wp-element-caption\"><a href=\"https:\/\/www.uel.br\/osuel\/\"><strong>OSUEL<\/strong><\/a><\/figcaption><\/figure>\n<\/div>\n<\/div>\n\n\n\n<p><\/p>\n","protected":false},"excerpt":{"rendered":"<p>La UEL siempre ha tratado las cuestiones culturales como un derecho, considerando que los bienes culturales y el arte, en sus diversas formas de expresi\u00f3n, comprenden procesos identitarios, a trav\u00e9s de los cuales los individuos, adem\u00e1s del goce de valores est\u00e9ticos, reconocen valores compartidos, resignifican sus bienes materiales y simb\u00f3licos, reinventan tradiciones, construyen sus identidades [&hellip;]<\/p>\n","protected":false},"author":10,"featured_media":0,"parent":0,"menu_order":0,"comment_status":"closed","ping_status":"closed","template":"","meta":{"_themeisle_gutenberg_block_has_review":false,"footnotes":""},"class_list":["post-2222","page","type-page","status-publish","hentry"],"acf":[],"_links":{"self":[{"href":"https:\/\/sites.uel.br\/international\/wp-json\/wp\/v2\/pages\/2222","targetHints":{"allow":["GET"]}}],"collection":[{"href":"https:\/\/sites.uel.br\/international\/wp-json\/wp\/v2\/pages"}],"about":[{"href":"https:\/\/sites.uel.br\/international\/wp-json\/wp\/v2\/types\/page"}],"author":[{"embeddable":true,"href":"https:\/\/sites.uel.br\/international\/wp-json\/wp\/v2\/users\/10"}],"replies":[{"embeddable":true,"href":"https:\/\/sites.uel.br\/international\/wp-json\/wp\/v2\/comments?post=2222"}],"version-history":[{"count":1,"href":"https:\/\/sites.uel.br\/international\/wp-json\/wp\/v2\/pages\/2222\/revisions"}],"predecessor-version":[{"id":2223,"href":"https:\/\/sites.uel.br\/international\/wp-json\/wp\/v2\/pages\/2222\/revisions\/2223"}],"wp:attachment":[{"href":"https:\/\/sites.uel.br\/international\/wp-json\/wp\/v2\/media?parent=2222"}],"curies":[{"name":"wp","href":"https:\/\/api.w.org\/{rel}","templated":true}]}}