{"id":2220,"date":"2025-06-18T13:55:14","date_gmt":"2025-06-18T16:55:14","guid":{"rendered":"https:\/\/sites.uel.br\/international\/?page_id=2220"},"modified":"2025-06-18T13:55:19","modified_gmt":"2025-06-18T16:55:19","slug":"deportes-y-fitness","status":"publish","type":"page","link":"https:\/\/sites.uel.br\/international\/es\/deportes-y-fitness\/","title":{"rendered":"Deportes y fitness"},"content":{"rendered":"\n<div class=\"wp-block-columns is-layout-flex wp-container-core-columns-is-layout-9d6595d7 wp-block-columns-is-layout-flex\">\n<div class=\"wp-block-column is-layout-flow wp-block-column-is-layout-flow\" style=\"flex-basis:66.66%\">\n<p>Desde 1998, el Programa de Actividad F\u00edsica de la UEL (<a href=\"https:\/\/www.uel.br\/cefe\/nafi\/\">NAFI<\/a>) ha integrado la <a href=\"http:\/\/www.uel.br\/cefe\/portal\/\">Centro de Educaci\u00f3n F\u00edsica y Deporte<\/a> con la comunidad universitaria (estudiantes, profesores y administrativos), as\u00ed como con la comunidad en general. Esta integraci\u00f3n se da a trav\u00e9s de acciones en el \u00e1mbito del ejercicio f\u00edsico relacionado con la salud, acompa\u00f1adas y guiadas por docentes y acad\u00e9micos de las carreras del centro. NAFI es tambi\u00e9n el centro de formaci\u00f3n de la carrera de Educaci\u00f3n F\u00edsica, as\u00ed como de los programas de postgrado en la materia.<\/p>\n\n\n\n<p>A trav\u00e9s de NAFI, UEL tiene como objetivo:<\/p>\n\n\n\n<p>Contribuir a la promoci\u00f3n de la salud de la poblaci\u00f3n a trav\u00e9s de la pr\u00e1ctica de ejercicio f\u00edsico.<\/p>\n\n\n\n<p>Ofrecer a la comunidad universitaria y externa un programa de ejercicio f\u00edsico guiado a trav\u00e9s de la pr\u00e1ctica de diferentes modalidades de actividades f\u00edsicas.<\/p>\n\n\n\n<p>Integrar el Centro de Educaci\u00f3n F\u00edsica de la Universidad con los profesionales inscritos en \u00e1reas de la educaci\u00f3n f\u00edsica y el deporte a trav\u00e9s de la promoci\u00f3n de la informaci\u00f3n respecto del ejercicio f\u00edsico relacionado con la salud.<\/p>\n\n\n\n<p>Proporcionar subvenciones para la formaci\u00f3n profesional de acad\u00e9micos matriculados en cursos de educaci\u00f3n f\u00edsica y deporte de la UEL en el \u00e1mbito del ejercicio f\u00edsico relacionado con la salud<\/p>\n\n\n\n<p>Contribuir al desarrollo de recursos humanos ofreciendo una pasant\u00eda voluntaria, con el objetivo de brindar experiencias acad\u00e9micas y profesionales a los acad\u00e9micos matriculados en cursos de educaci\u00f3n f\u00edsica y deportes.<\/p>\n\n\n\n<p>Ofrecer a los docentes la oportunidad de desarrollar estrategias dirigidas a la innovaci\u00f3n metodol\u00f3gica, concentrando t\u00e9cnicas y contenidos.<\/p>\n\n\n\n<p>Promocionar eventos deportivos de inter\u00e9s universitario y de la comunidad externa.<\/p>\n\n\n\n<div style=\"height:0px\" aria-hidden=\"true\" class=\"wp-block-spacer\"><\/div>\n\n\n\n<div class=\"wp-block-columns is-layout-flex wp-container-core-columns-is-layout-9d6595d7 wp-block-columns-is-layout-flex\">\n<div class=\"wp-block-column is-layout-flow wp-block-column-is-layout-flow\">\n<figure class=\"wp-block-image size-full\"><img loading=\"lazy\" decoding=\"async\" width=\"617\" height=\"385\" src=\"https:\/\/sites.uel.br\/international\/wp-content\/uploads\/2024\/06\/belly-dancing.png\" alt=\"\" class=\"wp-image-1334\" srcset=\"https:\/\/sites.uel.br\/international\/wp-content\/uploads\/2024\/06\/belly-dancing.png 617w, https:\/\/sites.uel.br\/international\/wp-content\/uploads\/2024\/06\/belly-dancing-300x187.png 300w\" sizes=\"auto, (max-width: 617px) 100vw, 617px\" \/><figcaption class=\"wp-element-caption\">Danza del vientre<\/figcaption><\/figure>\n\n\n\n<figure class=\"wp-block-image size-full\"><img loading=\"lazy\" decoding=\"async\" width=\"617\" height=\"385\" src=\"https:\/\/sites.uel.br\/international\/wp-content\/uploads\/2024\/06\/Pilates.png\" alt=\"\" class=\"wp-image-1344\" srcset=\"https:\/\/sites.uel.br\/international\/wp-content\/uploads\/2024\/06\/Pilates.png 617w, https:\/\/sites.uel.br\/international\/wp-content\/uploads\/2024\/06\/Pilates-300x187.png 300w\" sizes=\"auto, (max-width: 617px) 100vw, 617px\" \/><figcaption class=\"wp-element-caption\">Pilates<\/figcaption><\/figure>\n\n\n\n<figure class=\"wp-block-image size-full\"><img loading=\"lazy\" decoding=\"async\" width=\"617\" height=\"385\" src=\"https:\/\/sites.uel.br\/international\/wp-content\/uploads\/2024\/06\/bodybuilding-1.png\" alt=\"\" class=\"wp-image-1354\" srcset=\"https:\/\/sites.uel.br\/international\/wp-content\/uploads\/2024\/06\/bodybuilding-1.png 617w, https:\/\/sites.uel.br\/international\/wp-content\/uploads\/2024\/06\/bodybuilding-1-300x187.png 300w\" sizes=\"auto, (max-width: 617px) 100vw, 617px\" \/><figcaption class=\"wp-element-caption\">Culturismo<\/figcaption><\/figure>\n\n\n\n<figure class=\"wp-block-image size-full\"><img loading=\"lazy\" decoding=\"async\" width=\"617\" height=\"385\" src=\"https:\/\/sites.uel.br\/international\/wp-content\/uploads\/2024\/06\/yoga.png\" alt=\"\" class=\"wp-image-1363\" srcset=\"https:\/\/sites.uel.br\/international\/wp-content\/uploads\/2024\/06\/yoga.png 617w, https:\/\/sites.uel.br\/international\/wp-content\/uploads\/2024\/06\/yoga-300x187.png 300w\" sizes=\"auto, (max-width: 617px) 100vw, 617px\" \/><figcaption class=\"wp-element-caption\">Yoga<\/figcaption><\/figure>\n<\/div>\n\n\n\n<div class=\"wp-block-column is-layout-flow wp-block-column-is-layout-flow\">\n<figure class=\"wp-block-image size-full\"><img loading=\"lazy\" decoding=\"async\" width=\"617\" height=\"385\" src=\"https:\/\/sites.uel.br\/international\/wp-content\/uploads\/2024\/06\/rhythmic-gymnastics.png\" alt=\"\" class=\"wp-image-1339\" srcset=\"https:\/\/sites.uel.br\/international\/wp-content\/uploads\/2024\/06\/rhythmic-gymnastics.png 617w, https:\/\/sites.uel.br\/international\/wp-content\/uploads\/2024\/06\/rhythmic-gymnastics-300x187.png 300w\" sizes=\"auto, (max-width: 617px) 100vw, 617px\" \/><figcaption class=\"wp-element-caption\">Gimnasia r\u00edtmica<\/figcaption><\/figure>\n\n\n\n<figure class=\"wp-block-image size-full\"><img loading=\"lazy\" decoding=\"async\" width=\"617\" height=\"385\" src=\"https:\/\/sites.uel.br\/international\/wp-content\/uploads\/2024\/06\/JAZZ.png\" alt=\"\" class=\"wp-image-1346\" srcset=\"https:\/\/sites.uel.br\/international\/wp-content\/uploads\/2024\/06\/JAZZ.png 617w, https:\/\/sites.uel.br\/international\/wp-content\/uploads\/2024\/06\/JAZZ-300x187.png 300w\" sizes=\"auto, (max-width: 617px) 100vw, 617px\" \/><figcaption class=\"wp-element-caption\">Jazz<\/figcaption><\/figure>\n\n\n\n<figure class=\"wp-block-image size-full\"><img loading=\"lazy\" decoding=\"async\" width=\"617\" height=\"385\" src=\"https:\/\/sites.uel.br\/international\/wp-content\/uploads\/2024\/06\/swimming.png\" alt=\"\" class=\"wp-image-1355\" srcset=\"https:\/\/sites.uel.br\/international\/wp-content\/uploads\/2024\/06\/swimming.png 617w, https:\/\/sites.uel.br\/international\/wp-content\/uploads\/2024\/06\/swimming-300x187.png 300w\" sizes=\"auto, (max-width: 617px) 100vw, 617px\" \/><figcaption class=\"wp-element-caption\">Nataci\u00f3n<\/figcaption><\/figure>\n\n\n\n<figure class=\"wp-block-image size-full\"><img loading=\"lazy\" decoding=\"async\" width=\"617\" height=\"385\" src=\"https:\/\/sites.uel.br\/international\/wp-content\/uploads\/2024\/06\/Zumba.png\" alt=\"\" class=\"wp-image-1364\" srcset=\"https:\/\/sites.uel.br\/international\/wp-content\/uploads\/2024\/06\/Zumba.png 617w, https:\/\/sites.uel.br\/international\/wp-content\/uploads\/2024\/06\/Zumba-300x187.png 300w\" sizes=\"auto, (max-width: 617px) 100vw, 617px\" \/><figcaption class=\"wp-element-caption\">Zumba<\/figcaption><\/figure>\n<\/div>\n<\/div>\n<\/div>\n\n\n\n<div class=\"wp-block-column is-layout-flow wp-block-column-is-layout-flow\" style=\"flex-basis:33.33%\">\n<figure class=\"wp-block-embed is-type-video is-provider-youtube wp-block-embed-youtube wp-embed-aspect-16-9 wp-has-aspect-ratio\"><div class=\"wp-block-embed__wrapper\">\n<iframe loading=\"lazy\" title=\"Viver UEL \u2013 NAFI\" width=\"500\" height=\"281\" src=\"https:\/\/www.youtube.com\/embed\/ASapexnou8Y?feature=oembed\" frameborder=\"0\" allow=\"accelerometer; autoplay; clipboard-write; encrypted-media; gyroscope; picture-in-picture; web-share\" referrerpolicy=\"strict-origin-when-cross-origin\" allowfullscreen><\/iframe>\n<\/div><\/figure>\n\n\n\n<h2 class=\"wp-block-heading has-text-align-center\">Se ofrecen actividades<br>cada semestre.<\/h2>\n\n\n\n<figure class=\"wp-block-image size-full\"><img loading=\"lazy\" decoding=\"async\" width=\"617\" height=\"385\" src=\"https:\/\/sites.uel.br\/international\/wp-content\/uploads\/2024\/06\/water-aerobics.png\" alt=\"\" class=\"wp-image-1330\" srcset=\"https:\/\/sites.uel.br\/international\/wp-content\/uploads\/2024\/06\/water-aerobics.png 617w, https:\/\/sites.uel.br\/international\/wp-content\/uploads\/2024\/06\/water-aerobics-300x187.png 300w\" sizes=\"auto, (max-width: 617px) 100vw, 617px\" \/><figcaption class=\"wp-element-caption\">Aer\u00f3bic acu\u00e1tico<\/figcaption><\/figure>\n\n\n\n<figure class=\"wp-block-image size-full\"><img loading=\"lazy\" decoding=\"async\" width=\"617\" height=\"385\" src=\"https:\/\/sites.uel.br\/international\/wp-content\/uploads\/2024\/06\/running.png\" alt=\"\" class=\"wp-image-1331\" srcset=\"https:\/\/sites.uel.br\/international\/wp-content\/uploads\/2024\/06\/running.png 617w, https:\/\/sites.uel.br\/international\/wp-content\/uploads\/2024\/06\/running-300x187.png 300w\" sizes=\"auto, (max-width: 617px) 100vw, 617px\" \/><figcaption class=\"wp-element-caption\">Correr y caminar<\/figcaption><\/figure>\n\n\n\n<figure class=\"wp-block-image size-full\"><img loading=\"lazy\" decoding=\"async\" width=\"617\" height=\"385\" src=\"https:\/\/sites.uel.br\/international\/wp-content\/uploads\/2024\/06\/ballroom-dancing-1.png\" alt=\"\" class=\"wp-image-1333\" srcset=\"https:\/\/sites.uel.br\/international\/wp-content\/uploads\/2024\/06\/ballroom-dancing-1.png 617w, https:\/\/sites.uel.br\/international\/wp-content\/uploads\/2024\/06\/ballroom-dancing-1-300x187.png 300w\" sizes=\"auto, (max-width: 617px) 100vw, 617px\" \/><figcaption class=\"wp-element-caption\">Baile de sal\u00f3n<\/figcaption><\/figure>\n\n\n\n<figure class=\"wp-block-image size-full is-resized\"><img loading=\"lazy\" decoding=\"async\" width=\"617\" height=\"385\" src=\"https:\/\/sites.uel.br\/international\/wp-content\/uploads\/2024\/06\/Muay-Thai.png\" alt=\"\" class=\"wp-image-1348\" style=\"width:316px;height:auto\" srcset=\"https:\/\/sites.uel.br\/international\/wp-content\/uploads\/2024\/06\/Muay-Thai.png 617w, https:\/\/sites.uel.br\/international\/wp-content\/uploads\/2024\/06\/Muay-Thai-300x187.png 300w\" sizes=\"auto, (max-width: 617px) 100vw, 617px\" \/><figcaption class=\"wp-element-caption\">Muay thai<\/figcaption><\/figure>\n\n\n\n<figure class=\"wp-block-image size-full is-resized\"><img loading=\"lazy\" decoding=\"async\" width=\"617\" height=\"385\" src=\"https:\/\/sites.uel.br\/international\/wp-content\/uploads\/2024\/06\/volleyball.png\" alt=\"\" class=\"wp-image-1357\" style=\"width:316px;height:auto\" srcset=\"https:\/\/sites.uel.br\/international\/wp-content\/uploads\/2024\/06\/volleyball.png 617w, https:\/\/sites.uel.br\/international\/wp-content\/uploads\/2024\/06\/volleyball-300x187.png 300w\" sizes=\"auto, (max-width: 617px) 100vw, 617px\" \/><figcaption class=\"wp-element-caption\">Voleibol<\/figcaption><\/figure>\n<\/div>\n<\/div>\n","protected":false},"excerpt":{"rendered":"<p>Desde 1998, el Programa de Actividad F\u00edsica de la UEL (NAFI) ha integrado la Centro de Educaci\u00f3n F\u00edsica y Deporte con la comunidad universitaria (estudiantes, profesores y administrativos), as\u00ed como con la comunidad en general. Esta integraci\u00f3n se da a trav\u00e9s de acciones en el \u00e1mbito del ejercicio f\u00edsico relacionado con la salud, acompa\u00f1adas y [&hellip;]<\/p>\n","protected":false},"author":10,"featured_media":0,"parent":0,"menu_order":0,"comment_status":"closed","ping_status":"closed","template":"","meta":{"_themeisle_gutenberg_block_has_review":false,"footnotes":""},"class_list":["post-2220","page","type-page","status-publish","hentry"],"acf":[],"_links":{"self":[{"href":"https:\/\/sites.uel.br\/international\/wp-json\/wp\/v2\/pages\/2220","targetHints":{"allow":["GET"]}}],"collection":[{"href":"https:\/\/sites.uel.br\/international\/wp-json\/wp\/v2\/pages"}],"about":[{"href":"https:\/\/sites.uel.br\/international\/wp-json\/wp\/v2\/types\/page"}],"author":[{"embeddable":true,"href":"https:\/\/sites.uel.br\/international\/wp-json\/wp\/v2\/users\/10"}],"replies":[{"embeddable":true,"href":"https:\/\/sites.uel.br\/international\/wp-json\/wp\/v2\/comments?post=2220"}],"version-history":[{"count":1,"href":"https:\/\/sites.uel.br\/international\/wp-json\/wp\/v2\/pages\/2220\/revisions"}],"predecessor-version":[{"id":2221,"href":"https:\/\/sites.uel.br\/international\/wp-json\/wp\/v2\/pages\/2220\/revisions\/2221"}],"wp:attachment":[{"href":"https:\/\/sites.uel.br\/international\/wp-json\/wp\/v2\/media?parent=2220"}],"curies":[{"name":"wp","href":"https:\/\/api.w.org\/{rel}","templated":true}]}}