{"id":2213,"date":"2025-06-18T13:43:10","date_gmt":"2025-06-18T16:43:10","guid":{"rendered":"https:\/\/sites.uel.br\/international\/?page_id=2213"},"modified":"2025-11-06T07:42:16","modified_gmt":"2025-11-06T10:42:16","slug":"objetivos-de-desarrollo-sostenible","status":"publish","type":"page","link":"https:\/\/sites.uel.br\/international\/es\/objetivos-de-desarrollo-sostenible\/","title":{"rendered":"Objetivos de Desarrollo Sostenible"},"content":{"rendered":"\n<div class=\"wp-block-cover alignfull\" style=\"margin-top:0;padding-top:4vw;padding-right:4vw;padding-bottom:4vw;padding-left:4vw;min-height:50px;aspect-ratio:unset;\"><img loading=\"lazy\" decoding=\"async\" width=\"678\" height=\"386\" class=\"wp-block-cover__image-background wp-image-1288\" alt=\"\" src=\"https:\/\/sites.uel.br\/international\/wp-content\/uploads\/2024\/06\/Foto-do-Portal-Sustentabilidade.png\" data-object-fit=\"cover\" srcset=\"https:\/\/sites.uel.br\/international\/wp-content\/uploads\/2024\/06\/Foto-do-Portal-Sustentabilidade.png 678w, https:\/\/sites.uel.br\/international\/wp-content\/uploads\/2024\/06\/Foto-do-Portal-Sustentabilidade-300x171.png 300w\" sizes=\"auto, (max-width: 678px) 100vw, 678px\" \/><span aria-hidden=\"true\" class=\"wp-block-cover__background has-background-dim-0 has-background-dim\" style=\"background-color:#2c3066\"><\/span><div class=\"wp-block-cover__inner-container is-layout-flow wp-block-cover-is-layout-flow\">\n<div class=\"wp-block-group\"><div class=\"wp-block-group__inner-container is-layout-flow wp-block-group-is-layout-flow\">\n<p class=\"has-text-align-center has-cinza-claro-color has-text-color\" style=\"font-size:59px;font-style:normal;font-weight:800;letter-spacing:10px;line-height:0.9;text-transform:capitalize\"><\/p>\n<\/div><\/div>\n<\/div><\/div>\n\n\n\n<div class=\"wp-block-columns is-layout-flex wp-container-core-columns-is-layout-9d6595d7 wp-block-columns-is-layout-flex\">\n<div class=\"wp-block-column is-layout-flow wp-block-column-is-layout-flow\" style=\"flex-basis:66.66%\">\n<p><a href=\"https:\/\/sites.uel.br\/sustentabilidade\/apresentacao\/\">El Portal Integrado de la UEL<\/a> tiene como objetivo reunir y presentar las iniciativas de desarrollo sostenible llevadas a cabo por estudiantes, profesores, personal y la propia administraci\u00f3n. Como herramienta de investigaci\u00f3n, el portal distribuye su contenido en funci\u00f3n de los 17 Objetivos de Desarrollo Sostenible (ODS) delineados en la Agenda 2030 de las Naciones Unidas (ONU).<\/p>\n\n\n\n<p>El Portal Integrado, que re\u00fane contenidos relacionados con m\u00e1s de 125 proyectos de investigaci\u00f3n y divulgaci\u00f3n, como informes, videos, enlaces a redes sociales y contactos de coordinadores, consolida tambi\u00e9n lineamientos de acciones significativas de sostenibilidad implementadas por la administraci\u00f3n del Campus Universitario en los \u00faltimos a\u00f1os. Entre estas medidas, destacan el Programa de Gesti\u00f3n Ambiental \u2013 UEL Recicla, el Plan de Manejo de Residuos S\u00f3lidos y las acciones orientadas a la conservaci\u00f3n de la fauna y la flora y a la eficiencia energ\u00e9tica.<\/p>\n\n\n\n<p>El Portal Integrado pretende llegar a la comunidad, representando lo que la UEL ya hace junto a varios socios importantes: la Asociaci\u00f3n Comercial e Industrial de Londrina (Acil); la Municipalidad de Londrina; la Secretar\u00eda de Ciencia, Tecnolog\u00eda y Educaci\u00f3n Superior (Seti); el Gobierno de Paran\u00e1; y socios financiadores como Finep (Agencia de Financiamiento de Estudios y Proyectos), Fundaci\u00f3n Araucaria y el Consejo Nacional de Desarrollo Cient\u00edfico y Tecnol\u00f3gico (CNPq).<\/p>\n\n\n\n<p>Cuando se habla de desarrollo sostenible, muchas personas todav\u00eda piensan solo en acciones medioambientales. Sin embargo, para cada Objetivo de Desarrollo Sostenible existen cinco o seis metas. Por ello, la validaci\u00f3n de los proyectos destacados en el Portal es indicada por el docente, demostrando que el proyecto est\u00e1 cumpliendo una meta dentro de ese objetivo.<\/p>\n<\/div>\n\n\n\n<div class=\"wp-block-column is-layout-flow wp-block-column-is-layout-flow\" style=\"flex-basis:33.33%\">\n<figure class=\"wp-block-image size-large\" id=\"block-e7a71c54-4f4f-4aef-b130-27e0c6f63e1e\"><img loading=\"lazy\" decoding=\"async\" width=\"576\" height=\"1024\" src=\"https:\/\/sites.uel.br\/international\/wp-content\/uploads\/2025\/06\/espanhol-576x1024.png\" alt=\"\" class=\"wp-image-2216\" srcset=\"https:\/\/sites.uel.br\/international\/wp-content\/uploads\/2025\/06\/espanhol-576x1024.png 576w, https:\/\/sites.uel.br\/international\/wp-content\/uploads\/2025\/06\/espanhol-169x300.png 169w, https:\/\/sites.uel.br\/international\/wp-content\/uploads\/2025\/06\/espanhol-768x1365.png 768w, https:\/\/sites.uel.br\/international\/wp-content\/uploads\/2025\/06\/espanhol-864x1536.png 864w, https:\/\/sites.uel.br\/international\/wp-content\/uploads\/2025\/06\/espanhol.png 1080w\" sizes=\"auto, (max-width: 576px) 100vw, 576px\" \/><\/figure>\n<\/div>\n<\/div>\n","protected":false},"excerpt":{"rendered":"<p>El Portal Integrado de la UEL tiene como objetivo reunir y presentar las iniciativas de desarrollo sostenible llevadas a cabo por estudiantes, profesores, personal y la propia administraci\u00f3n. Como herramienta de investigaci\u00f3n, el portal distribuye su contenido en funci\u00f3n de los 17 Objetivos de Desarrollo Sostenible (ODS) delineados en la Agenda 2030 de las Naciones [&hellip;]<\/p>\n","protected":false},"author":10,"featured_media":0,"parent":0,"menu_order":0,"comment_status":"closed","ping_status":"closed","template":"","meta":{"_themeisle_gutenberg_block_has_review":false,"footnotes":""},"class_list":["post-2213","page","type-page","status-publish","hentry"],"acf":[],"_links":{"self":[{"href":"https:\/\/sites.uel.br\/international\/wp-json\/wp\/v2\/pages\/2213","targetHints":{"allow":["GET"]}}],"collection":[{"href":"https:\/\/sites.uel.br\/international\/wp-json\/wp\/v2\/pages"}],"about":[{"href":"https:\/\/sites.uel.br\/international\/wp-json\/wp\/v2\/types\/page"}],"author":[{"embeddable":true,"href":"https:\/\/sites.uel.br\/international\/wp-json\/wp\/v2\/users\/10"}],"replies":[{"embeddable":true,"href":"https:\/\/sites.uel.br\/international\/wp-json\/wp\/v2\/comments?post=2213"}],"version-history":[{"count":1,"href":"https:\/\/sites.uel.br\/international\/wp-json\/wp\/v2\/pages\/2213\/revisions"}],"predecessor-version":[{"id":2217,"href":"https:\/\/sites.uel.br\/international\/wp-json\/wp\/v2\/pages\/2213\/revisions\/2217"}],"wp:attachment":[{"href":"https:\/\/sites.uel.br\/international\/wp-json\/wp\/v2\/media?parent=2213"}],"curies":[{"name":"wp","href":"https:\/\/api.w.org\/{rel}","templated":true}]}}