{"id":2209,"date":"2025-06-18T13:16:25","date_gmt":"2025-06-18T16:16:25","guid":{"rendered":"https:\/\/sites.uel.br\/international\/?page_id=2209"},"modified":"2025-11-06T07:41:36","modified_gmt":"2025-11-06T10:41:36","slug":"rankings-2","status":"publish","type":"page","link":"https:\/\/sites.uel.br\/international\/es\/rankings-2\/","title":{"rendered":"Rankings"},"content":{"rendered":"\n<div style=\"height:49px\" aria-hidden=\"true\" class=\"wp-block-spacer\"><\/div>\n\n\n\n<div class=\"wp-block-columns is-layout-flex wp-container-core-columns-is-layout-9d6595d7 wp-block-columns-is-layout-flex\">\n<div class=\"wp-block-column is-layout-flow wp-block-column-is-layout-flow\">\n<div id=\"wp-block-themeisle-blocks-accordion-d1f5cbe9\" data-has-schema=\"false\" class=\"wp-block-themeisle-blocks-accordion exclusive  is-style-default\">\n<details class=\"wp-block-themeisle-blocks-accordion-item\"><summary class=\"wp-block-themeisle-blocks-accordion-item__title\"><div><img loading=\"lazy\" decoding=\"async\" width=\"882\" height=\"463\" class=\"wp-image-377\" style=\"width: 350px\" src=\"https:\/\/sites.uel.br\/international\/wp-content\/uploads\/2023\/03\/QS_World_University_Rankings_Logo.jpeg\" alt=\"\" srcset=\"https:\/\/sites.uel.br\/international\/wp-content\/uploads\/2023\/03\/QS_World_University_Rankings_Logo.jpeg 882w, https:\/\/sites.uel.br\/international\/wp-content\/uploads\/2023\/03\/QS_World_University_Rankings_Logo-300x157.jpeg 300w, https:\/\/sites.uel.br\/international\/wp-content\/uploads\/2023\/03\/QS_World_University_Rankings_Logo-768x403.jpeg 768w\" sizes=\"auto, (max-width: 882px) 100vw, 882px\" \/><\/div><\/summary><div class=\"wp-block-themeisle-blocks-accordion-item__content\">\n<h3 class=\"wp-block-heading\">Clasificaci\u00f3n mundial de universidades QS<\/h3>\n\n\n\n<p>La UEL fue considerada la mejor universidad estatal de Paran\u00e1 y la cuarta mejor universidad estatal de Brasil, seg\u00fan el QS World University Rankings, publicado por Quacquarelli Symonds, una consultora brit\u00e1nica especializada en educaci\u00f3n superior. Junto con otras nueve instituciones, la UEL es la d\u00e9cima mejor clasificada entre las universidades brasile\u00f1as. La Universidad Federal de Paran\u00e1 ocupa la misma posici\u00f3n, y solo estas dos instituciones del estado de Paran\u00e1 fueron clasificadas en este ranking.<\/p>\n\n\n\n<p><\/p>\n<\/div><\/details>\n\n\n\n<details class=\"wp-block-themeisle-blocks-accordion-item\"><summary class=\"wp-block-themeisle-blocks-accordion-item__title\"><div><img loading=\"lazy\" decoding=\"async\" width=\"500\" height=\"250\" class=\"wp-image-388\" style=\"width: 350px\" src=\"https:\/\/sites.uel.br\/international\/wp-content\/uploads\/2023\/03\/ranking_folha_uniuv-small500.png\" alt=\"\" srcset=\"https:\/\/sites.uel.br\/international\/wp-content\/uploads\/2023\/03\/ranking_folha_uniuv-small500.png 500w, https:\/\/sites.uel.br\/international\/wp-content\/uploads\/2023\/03\/ranking_folha_uniuv-small500-300x150.png 300w\" sizes=\"auto, (max-width: 500px) 100vw, 500px\" \/><\/div><\/summary><div class=\"wp-block-themeisle-blocks-accordion-item__content\">\n<h3 class=\"wp-block-heading\">RUF<\/h3>\n\n\n\n<p>La UEL fue considerada la 24\u00aa mejor universidad de Brasil y la segunda del estado de Paran\u00e1 (solo detr\u00e1s de la Universidad Federal de Paran\u00e1), seg\u00fan el RUF (Ranking Universit\u00e1rio Folha), publicado por el peri\u00f3dico Folha de S\u00e3o Paulo. La UEL mejor\u00f3 una posici\u00f3n, ya que en el ranking anterior estaba en el puesto 25.<\/p>\n\n\n\n<p><\/p>\n<\/div><\/details>\n\n\n\n<details class=\"wp-block-themeisle-blocks-accordion-item\"><summary class=\"wp-block-themeisle-blocks-accordion-item__title\"><div><img loading=\"lazy\" decoding=\"async\" width=\"850\" height=\"410\" class=\"wp-image-383\" style=\"width: 350px\" src=\"https:\/\/sites.uel.br\/international\/wp-content\/uploads\/2023\/03\/the-impact-ranking-2020.png\" alt=\"\" srcset=\"https:\/\/sites.uel.br\/international\/wp-content\/uploads\/2023\/03\/the-impact-ranking-2020.png 850w, https:\/\/sites.uel.br\/international\/wp-content\/uploads\/2023\/03\/the-impact-ranking-2020-300x145.png 300w, https:\/\/sites.uel.br\/international\/wp-content\/uploads\/2023\/03\/the-impact-ranking-2020-768x370.png 768w\" sizes=\"auto, (max-width: 850px) 100vw, 850px\" \/><\/div><\/summary><div class=\"wp-block-themeisle-blocks-accordion-item__content\">\n<h3 class=\"wp-block-heading\">The University Impact Rankings<\/h3>\n\n\n\n<p>La Universidad Estadual de Londrina (UEL) fue clasificada en el grupo 301-400 entre las universidades m\u00e1s sostenibles del mundo, seg\u00fan The University Impact Ranking en 2024. Este ranking evalu\u00f3 m\u00e1s de 2.100 instituciones en todo el mundo, siendo 55 de ellas brasile\u00f1as.<\/p>\n\n\n\n<p>El ranking reconoce a instituciones de todo el mundo seg\u00fan su impacto socioecon\u00f3mico, con base en los Objetivos de Desarrollo Sostenible (ODS) propuestos por las Naciones Unidas. El rector de la universidad ha reafirmado el compromiso de la UEL con la Agenda 2030 para el Desarrollo Sostenible.<\/p>\n\n\n\n<figure class=\"wp-block-image size-full\"><img loading=\"lazy\" decoding=\"async\" width=\"1223\" height=\"917\" src=\"https:\/\/sites.uel.br\/international\/wp-content\/uploads\/2025\/06\/ranking-edited.png\" alt=\"\" class=\"wp-image-2211\" srcset=\"https:\/\/sites.uel.br\/international\/wp-content\/uploads\/2025\/06\/ranking-edited.png 1223w, https:\/\/sites.uel.br\/international\/wp-content\/uploads\/2025\/06\/ranking-edited-300x225.png 300w, https:\/\/sites.uel.br\/international\/wp-content\/uploads\/2025\/06\/ranking-edited-1024x768.png 1024w, https:\/\/sites.uel.br\/international\/wp-content\/uploads\/2025\/06\/ranking-edited-768x576.png 768w\" sizes=\"auto, (max-width: 1223px) 100vw, 1223px\" \/><\/figure>\n<\/div><\/details>\n<\/div>\n<\/div>\n\n\n\n<div class=\"wp-block-column is-layout-flow wp-block-column-is-layout-flow\">\n<div id=\"wp-block-themeisle-blocks-accordion-886a4c3e\" class=\"wp-block-themeisle-blocks-accordion exclusive is-style-default\">\n<details class=\"wp-block-themeisle-blocks-accordion-item\"><summary class=\"wp-block-themeisle-blocks-accordion-item__title\"><div><img loading=\"lazy\" decoding=\"async\" width=\"1200\" height=\"630\" class=\"wp-image-381\" style=\"width: 350px\" src=\"https:\/\/sites.uel.br\/international\/wp-content\/uploads\/2023\/03\/ranking_the.jpeg\" alt=\"\" srcset=\"https:\/\/sites.uel.br\/international\/wp-content\/uploads\/2023\/03\/ranking_the.jpeg 1200w, https:\/\/sites.uel.br\/international\/wp-content\/uploads\/2023\/03\/ranking_the-300x158.jpeg 300w, https:\/\/sites.uel.br\/international\/wp-content\/uploads\/2023\/03\/ranking_the-1024x538.jpeg 1024w, https:\/\/sites.uel.br\/international\/wp-content\/uploads\/2023\/03\/ranking_the-768x403.jpeg 768w\" sizes=\"auto, (max-width: 1200px) 100vw, 1200px\" \/><\/div><\/summary><div class=\"wp-block-themeisle-blocks-accordion-item__content\">\n<h3 class=\"wp-block-heading\">THE World University Ranking<\/h3>\n\n\n\n<p>La UEL se encuentra entre las mejores universidades de Brasil seg\u00fan el World University Ranking, publicado por la revista inglesa THE (Times Higher Education). Entre las 36 instituciones brasile\u00f1as que integran este ranking, la UEL es la quinta mejor universidad estatal, destac\u00e1ndose en investigaci\u00f3n y ense\u00f1anza.<\/p>\n<\/div><\/details>\n\n\n\n<details class=\"wp-block-themeisle-blocks-accordion-item\"><summary class=\"wp-block-themeisle-blocks-accordion-item__title\"><div><img loading=\"lazy\" decoding=\"async\" width=\"3500\" height=\"1723\" class=\"wp-image-385\" style=\"width: 350px\" src=\"https:\/\/sites.uel.br\/international\/wp-content\/uploads\/2023\/03\/inep-logo-1.png\" alt=\"\" srcset=\"https:\/\/sites.uel.br\/international\/wp-content\/uploads\/2023\/03\/inep-logo-1.png 3500w, https:\/\/sites.uel.br\/international\/wp-content\/uploads\/2023\/03\/inep-logo-1-300x148.png 300w, https:\/\/sites.uel.br\/international\/wp-content\/uploads\/2023\/03\/inep-logo-1-1024x504.png 1024w, https:\/\/sites.uel.br\/international\/wp-content\/uploads\/2023\/03\/inep-logo-1-768x378.png 768w, https:\/\/sites.uel.br\/international\/wp-content\/uploads\/2023\/03\/inep-logo-1-1536x756.png 1536w, https:\/\/sites.uel.br\/international\/wp-content\/uploads\/2023\/03\/inep-logo-1-2048x1008.png 2048w\" sizes=\"auto, (max-width: 3500px) 100vw, 3500px\" \/><\/div><\/summary><div class=\"wp-block-themeisle-blocks-accordion-item__content\">\n<h3 class=\"wp-block-heading\">IGC<\/h3>\n\n\n\n<p>La UEL ocupa la posici\u00f3n m\u00e1s alta entre las universidades estatales de la regi\u00f3n Sur de Brasil en el ranking del \u00cdndice Geral de Cursos (IGC), seg\u00fan los resultados publicados por el Instituto Nacional de Estudios e Investigaciones Educativas An\u00edsio Teixeira (Inep), del Ministerio de Educaci\u00f3n (MEC). En el escenario nacional, la UEL ocupa la posici\u00f3n 23 entre las universidades brasile\u00f1as y la 21 entre las universidades p\u00fablicas, consolid\u00e1ndose entre las 4 mejores universidades estatales de Brasil.<\/p>\n<\/div><\/details>\n<\/div>\n<\/div>\n<\/div>\n","protected":false},"excerpt":{"rendered":"","protected":false},"author":10,"featured_media":0,"parent":0,"menu_order":0,"comment_status":"closed","ping_status":"closed","template":"","meta":{"_themeisle_gutenberg_block_has_review":false,"footnotes":""},"class_list":["post-2209","page","type-page","status-publish","hentry"],"acf":[],"_links":{"self":[{"href":"https:\/\/sites.uel.br\/international\/wp-json\/wp\/v2\/pages\/2209","targetHints":{"allow":["GET"]}}],"collection":[{"href":"https:\/\/sites.uel.br\/international\/wp-json\/wp\/v2\/pages"}],"about":[{"href":"https:\/\/sites.uel.br\/international\/wp-json\/wp\/v2\/types\/page"}],"author":[{"embeddable":true,"href":"https:\/\/sites.uel.br\/international\/wp-json\/wp\/v2\/users\/10"}],"replies":[{"embeddable":true,"href":"https:\/\/sites.uel.br\/international\/wp-json\/wp\/v2\/comments?post=2209"}],"version-history":[{"count":1,"href":"https:\/\/sites.uel.br\/international\/wp-json\/wp\/v2\/pages\/2209\/revisions"}],"predecessor-version":[{"id":2212,"href":"https:\/\/sites.uel.br\/international\/wp-json\/wp\/v2\/pages\/2209\/revisions\/2212"}],"wp:attachment":[{"href":"https:\/\/sites.uel.br\/international\/wp-json\/wp\/v2\/media?parent=2209"}],"curies":[{"name":"wp","href":"https:\/\/api.w.org\/{rel}","templated":true}]}}