{"id":2204,"date":"2025-06-18T12:12:40","date_gmt":"2025-06-18T15:12:40","guid":{"rendered":"https:\/\/sites.uel.br\/international\/?page_id=2204"},"modified":"2025-11-06T07:40:20","modified_gmt":"2025-11-06T10:40:20","slug":"estructura-2","status":"publish","type":"page","link":"https:\/\/sites.uel.br\/international\/es\/estructura-2\/","title":{"rendered":"Estructura"},"content":{"rendered":"\n<div class=\"wp-block-cover alignfull is-light\" style=\"margin-top:0;padding-top:4vw;padding-right:4vw;padding-bottom:4vw;padding-left:4vw;min-height:314px;aspect-ratio:unset;\"><img loading=\"lazy\" decoding=\"async\" width=\"1062\" height=\"415\" class=\"wp-block-cover__image-background wp-image-1280\" alt=\"\" src=\"https:\/\/sites.uel.br\/international\/wp-content\/uploads\/2024\/06\/BANNER01.jpg\" data-object-fit=\"cover\" srcset=\"https:\/\/sites.uel.br\/international\/wp-content\/uploads\/2024\/06\/BANNER01.jpg 1062w, https:\/\/sites.uel.br\/international\/wp-content\/uploads\/2024\/06\/BANNER01-300x117.jpg 300w, https:\/\/sites.uel.br\/international\/wp-content\/uploads\/2024\/06\/BANNER01-1024x400.jpg 1024w, https:\/\/sites.uel.br\/international\/wp-content\/uploads\/2024\/06\/BANNER01-768x300.jpg 768w\" sizes=\"auto, (max-width: 1062px) 100vw, 1062px\" \/><span aria-hidden=\"true\" class=\"wp-block-cover__background has-background-dim-0 has-background-dim\" style=\"background-color:#2c3066\"><\/span><div class=\"wp-block-cover__inner-container is-layout-flow wp-block-cover-is-layout-flow\">\n<div class=\"wp-block-group\"><div class=\"wp-block-group__inner-container is-layout-flow wp-block-group-is-layout-flow\">\n<p class=\"has-text-align-center has-cinza-claro-color has-text-color\" style=\"font-size:59px;font-style:normal;font-weight:800;letter-spacing:10px;line-height:0.9;text-transform:capitalize\"><\/p>\n<\/div><\/div>\n<\/div><\/div>\n\n\n\n<div style=\"height:50px\" aria-hidden=\"true\" class=\"wp-block-spacer\"><\/div>\n\n\n\n<div id=\"wp-block-themeisle-blocks-advanced-columns-ce53aa07\" class=\"wp-block-themeisle-blocks-advanced-columns has-2-columns has-desktop-equal-layout has-tablet-equal-layout has-mobile-collapsedRows-layout has-vertical-unset\"><div class=\"wp-block-themeisle-blocks-advanced-columns-overlay\"><\/div><div class=\"innerblocks-wrap\">\n<div id=\"wp-block-themeisle-blocks-advanced-column-4c44ee75\" class=\"wp-block-themeisle-blocks-advanced-column\">\n<h2 class=\"wp-block-heading\">Centros de estudio y departamentos<\/h2>\n\n\n\n<div id=\"wp-block-themeisle-blocks-accordion-1fbb4a47\" class=\"wp-block-themeisle-blocks-accordion exclusive is-style-default\">\n<details class=\"wp-block-themeisle-blocks-accordion-item\"><summary class=\"wp-block-themeisle-blocks-accordion-item__title\"><div><a href=\"https:\/\/sites.uel.br\/cca\/\">Ciencias Agrarias<\/a><\/div><\/summary><div class=\"wp-block-themeisle-blocks-accordion-item__content\">\n<p>Departamento de Agronom\u00eda<\/p>\n\n\n\n<p>Departamento de Cl\u00ednica Veterinaria<\/p>\n\n\n\n<p>Departamento de Medicina Veterinaria Preventiva<\/p>\n\n\n\n<p>Departamento de Ciencias y Tecnolog\u00eda de los Alimentos<\/p>\n\n\n\n<p>Departamento de Zootecnia<\/p>\n<\/div><\/details>\n\n\n\n<details class=\"wp-block-themeisle-blocks-accordion-item\"><summary class=\"wp-block-themeisle-blocks-accordion-item__title\"><div><a href=\"https:\/\/sites.uel.br\/cesa\/\">Ciencias Sociales Aplicadas<\/a><\/div><\/summary><div class=\"wp-block-themeisle-blocks-accordion-item__content\">\n<p>Departamento de Administraci\u00f3n<\/p>\n\n\n\n<p>Departamento de Ciencias Contables<\/p>\n\n\n\n<p>Departamento de Ciencias Econ\u00f3micas<\/p>\n\n\n\n<p>Departamento de Derecho Privado<\/p>\n\n\n\n<p>Departamento de Derecho P\u00fablico<\/p>\n\n\n\n<p>Departamento de Servicio Social<\/p>\n<\/div><\/details>\n\n\n\n<details class=\"wp-block-themeisle-blocks-accordion-item\"><summary class=\"wp-block-themeisle-blocks-accordion-item__title\"><div><a href=\"https:\/\/sites.uel.br\/ccb\/\">Ciencias Biol\u00f3gicas<\/a><\/div><\/summary><div class=\"wp-block-themeisle-blocks-accordion-item__content\">\n<p>Departamento de Anatom\u00eda<\/p>\n\n\n\n<p>Departamento de Biolog\u00eda General<\/p>\n\n\n\n<p>Departamento de Biolog\u00eda Animal y Vegetal<\/p>\n\n\n\n<p>Departamento de Ciencias Fisiol\u00f3gicas<\/p>\n\n\n\n<p>Departamento de Ciencias Patol\u00f3gicas<\/p>\n\n\n\n<p>Departamento de Histolog\u00eda<\/p>\n\n\n\n<p>Departamento de Microbiolog\u00eda<\/p>\n\n\n\n<p>Departamento de Psicolog\u00eda y Psicoan\u00e1lisis<\/p>\n\n\n\n<p>Departamento de Psicolog\u00eda General y An\u00e1lisis del Comportamiento<\/p>\n\n\n\n<p>Departamento de Psicolog\u00eda Social e Institucional<\/p>\n<\/div><\/details>\n\n\n\n<details class=\"wp-block-themeisle-blocks-accordion-item\"><summary class=\"wp-block-themeisle-blocks-accordion-item__title\"><div><a href=\"https:\/\/sites.uel.br\/ceca\/\">Educaci\u00f3n, Comunicaci\u00f3n y Artes<\/a><\/div><\/summary><div class=\"wp-block-themeisle-blocks-accordion-item__content\">\n<p>Departamento de Artes Visuales<\/p>\n\n\n\n<p>Departamento de Ciencias de la Informaci\u00f3n<\/p>\n\n\n\n<p>Departamento de Comunicaci\u00f3n<\/p>\n\n\n\n<p>Departamento de Dise\u00f1o<\/p>\n\n\n\n<p>Departamento de Educaci\u00f3n<\/p>\n\n\n\n<p>Departamento de M\u00fasica y Teatro<\/p>\n<\/div><\/details>\n\n\n\n<details class=\"wp-block-themeisle-blocks-accordion-item\"><summary class=\"wp-block-themeisle-blocks-accordion-item__title\"><div><a href=\"https:\/\/sites.uel.br\/ccs\/\">Ciencias de la Salud<\/a><\/div><\/summary><div class=\"wp-block-themeisle-blocks-accordion-item__content\">\n<p>Departamento de Cl\u00ednica M\u00e9dica<\/p>\n\n\n\n<p>Departamento de Cl\u00ednica Quir\u00fargica<\/p>\n\n\n\n<p>Departamento de Ciencias Farmac\u00e9uticas<\/p>\n\n\n\n<p>Departamento de Enfermer\u00eda<\/p>\n\n\n\n<p>Departamento de Fisioterapia<\/p>\n\n\n\n<p>Departamento de Ginecolog\u00eda y Obstetricia<\/p>\n\n\n\n<p>Departamento de Medicina Oral y Odontolog\u00eda Infantil<\/p>\n\n\n\n<p>Departamento de Odontolog\u00eda Restauradora<\/p>\n\n\n\n<p>Departamento de Odontolog\u00eda (B\u00e1sica)<\/p>\n\n\n\n<p>Departamento de Estudios y Cirug\u00eda Pedi\u00e1trica<\/p>\n\n\n\n<p>Departamento de Patolog\u00eda, An\u00e1lisis Cl\u00ednicos y Toxicol\u00f3gicos<\/p>\n<\/div><\/details>\n\n\n\n<details class=\"wp-block-themeisle-blocks-accordion-item\"><summary class=\"wp-block-themeisle-blocks-accordion-item__title\"><div><a href=\"https:\/\/sites.uel.br\/clch\/\">Lenguas y Humanidades<\/a><\/div><\/summary><div class=\"wp-block-themeisle-blocks-accordion-item__content\">\n<p>Departamento de Ciencias Sociales<\/p>\n\n\n\n<p>Departamento de Filosof\u00eda<\/p>\n\n\n\n<p>Departamento de Historia<\/p>\n\n\n\n<p>Departamento de Letras Extranjeras Modernas<\/p>\n\n\n\n<p>Departamento de Letras Cl\u00e1sicas Nacionales<\/p>\n<\/div><\/details>\n\n\n\n<details class=\"wp-block-themeisle-blocks-accordion-item\"><summary class=\"wp-block-themeisle-blocks-accordion-item__title\"><div><a href=\"https:\/\/sites.uel.br\/cefe\/\">Educaci\u00f3n F\u00edsica y Deportes<\/a><\/div><\/summary><div class=\"wp-block-themeisle-blocks-accordion-item__content\">\n<p>Departamento de Educaci\u00f3n F\u00edsica<\/p>\n\n\n\n<p>Departamento de Ciencias del Deporte<\/p>\n\n\n\n<p>Departamento de Estudios del Movimiento Humano<\/p>\n\n\n\n<p>Departamento de Educaci\u00f3n F\u00edsica y Deportes<\/p>\n<\/div><\/details>\n\n\n\n<details class=\"wp-block-themeisle-blocks-accordion-item\"><summary class=\"wp-block-themeisle-blocks-accordion-item__title\"><div><a href=\"https:\/\/sites.uel.br\/cce\/\">Ciencias Exactas<\/a><\/div><\/summary><div class=\"wp-block-themeisle-blocks-accordion-item__content\">\n<p>Departamento de Bioqu\u00edmica y Biotecnolog\u00eda<\/p>\n\n\n\n<p>Departamento de Computaci\u00f3n<\/p>\n\n\n\n<p>Departamento de Estad\u00edstica<\/p>\n\n\n\n<p>Departamento de F\u00edsica<\/p>\n\n\n\n<p>Departamento de Geociencias<\/p>\n\n\n\n<p>Departamento de Geolog\u00eda y Geom\u00e1tica<\/p>\n\n\n\n<p>Departamento de Matem\u00e1ticas<\/p>\n\n\n\n<p>Departamento de Qu\u00edmica<\/p>\n<\/div><\/details>\n\n\n\n<details class=\"wp-block-themeisle-blocks-accordion-item\"><summary class=\"wp-block-themeisle-blocks-accordion-item__title\"><div><a href=\"https:\/\/sites.uel.br\/ctu\/\">Planificaci\u00f3n urbana y tecnolog\u00eda<\/a><\/div><\/summary><div class=\"wp-block-themeisle-blocks-accordion-item__content\">\n<p>Departamento de Arquitectura y Urbanismo<\/p>\n\n\n\n<p>Departamento de Ingenier\u00eda El\u00e9ctrica<\/p>\n\n\n\n<p>Departamento de Construcci\u00f3n Civil<\/p>\n\n\n\n<p>Departamento de Estructuras<\/p>\n\n\n\n<p>Departamento de Planificaci\u00f3n Urbana y Tecnolog\u00eda<\/p>\n<\/div><\/details>\n<\/div>\n<\/div>\n\n\n\n<div id=\"wp-block-themeisle-blocks-advanced-column-742d5d74\" class=\"wp-block-themeisle-blocks-advanced-column\"><div class=\"wp-block-image\">\n<figure class=\"aligncenter size-full\"><img loading=\"lazy\" decoding=\"async\" width=\"362\" height=\"720\" src=\"https:\/\/sites.uel.br\/international\/wp-content\/uploads\/2025\/06\/organograma-ESPANHOL.png\" alt=\"\" class=\"wp-image-2205\" srcset=\"https:\/\/sites.uel.br\/international\/wp-content\/uploads\/2025\/06\/organograma-ESPANHOL.png 362w, https:\/\/sites.uel.br\/international\/wp-content\/uploads\/2025\/06\/organograma-ESPANHOL-151x300.png 151w\" sizes=\"auto, (max-width: 362px) 100vw, 362px\" \/><\/figure>\n<\/div><\/div>\n<\/div><\/div>\n\n\n\n<p><\/p>\n","protected":false},"excerpt":{"rendered":"","protected":false},"author":10,"featured_media":0,"parent":0,"menu_order":0,"comment_status":"closed","ping_status":"closed","template":"","meta":{"_themeisle_gutenberg_block_has_review":false,"footnotes":""},"class_list":["post-2204","page","type-page","status-publish","hentry"],"acf":[],"_links":{"self":[{"href":"https:\/\/sites.uel.br\/international\/wp-json\/wp\/v2\/pages\/2204","targetHints":{"allow":["GET"]}}],"collection":[{"href":"https:\/\/sites.uel.br\/international\/wp-json\/wp\/v2\/pages"}],"about":[{"href":"https:\/\/sites.uel.br\/international\/wp-json\/wp\/v2\/types\/page"}],"author":[{"embeddable":true,"href":"https:\/\/sites.uel.br\/international\/wp-json\/wp\/v2\/users\/10"}],"replies":[{"embeddable":true,"href":"https:\/\/sites.uel.br\/international\/wp-json\/wp\/v2\/comments?post=2204"}],"version-history":[{"count":2,"href":"https:\/\/sites.uel.br\/international\/wp-json\/wp\/v2\/pages\/2204\/revisions"}],"predecessor-version":[{"id":2208,"href":"https:\/\/sites.uel.br\/international\/wp-json\/wp\/v2\/pages\/2204\/revisions\/2208"}],"wp:attachment":[{"href":"https:\/\/sites.uel.br\/international\/wp-json\/wp\/v2\/media?parent=2204"}],"curies":[{"name":"wp","href":"https:\/\/api.w.org\/{rel}","templated":true}]}}