{"id":2200,"date":"2025-06-18T11:50:07","date_gmt":"2025-06-18T14:50:07","guid":{"rendered":"https:\/\/sites.uel.br\/international\/?page_id=2200"},"modified":"2025-11-06T07:38:26","modified_gmt":"2025-11-06T10:38:26","slug":"historia-2","status":"publish","type":"page","link":"https:\/\/sites.uel.br\/international\/es\/historia-2\/","title":{"rendered":"Historia"},"content":{"rendered":"\n<div class=\"wp-block-cover alignfull is-light\" style=\"margin-top:0;padding-top:4vw;padding-right:4vw;padding-bottom:4vw;padding-left:4vw;min-height:314px;aspect-ratio:unset;\"><img loading=\"lazy\" decoding=\"async\" width=\"1890\" height=\"1186\" class=\"wp-block-cover__image-background wp-image-251\" alt=\"\" src=\"https:\/\/sites.uel.br\/international\/wp-content\/uploads\/2023\/03\/his2.jpg\" data-object-fit=\"cover\" srcset=\"https:\/\/sites.uel.br\/international\/wp-content\/uploads\/2023\/03\/his2.jpg 1890w, https:\/\/sites.uel.br\/international\/wp-content\/uploads\/2023\/03\/his2-300x188.jpg 300w, https:\/\/sites.uel.br\/international\/wp-content\/uploads\/2023\/03\/his2-1024x643.jpg 1024w, https:\/\/sites.uel.br\/international\/wp-content\/uploads\/2023\/03\/his2-768x482.jpg 768w, https:\/\/sites.uel.br\/international\/wp-content\/uploads\/2023\/03\/his2-1536x964.jpg 1536w\" sizes=\"auto, (max-width: 1890px) 100vw, 1890px\" \/><span aria-hidden=\"true\" class=\"wp-block-cover__background has-background-dim-0 has-background-dim\" style=\"background-color:#2c3066\"><\/span><div class=\"wp-block-cover__inner-container is-layout-flow wp-block-cover-is-layout-flow\">\n<div class=\"wp-block-group\"><div class=\"wp-block-group__inner-container is-layout-flow wp-block-group-is-layout-flow\">\n<p class=\"has-text-align-center has-cinza-claro-color has-text-color\" style=\"font-size:59px;font-style:normal;font-weight:800;letter-spacing:10px;line-height:0.9;text-transform:capitalize\"><\/p>\n<\/div><\/div>\n<\/div><\/div>\n\n\n\n<div style=\"height:42px\" aria-hidden=\"true\" class=\"wp-block-spacer\"><\/div>\n\n\n\n<div class=\"wp-block-columns is-layout-flex wp-container-core-columns-is-layout-9d6595d7 wp-block-columns-is-layout-flex\">\n<div class=\"wp-block-column is-layout-flow wp-block-column-is-layout-flow\">\n<p>Ubicada en la ciudad de Londrina, en el sur de Brasil, la Universidad Estadual de Londrina (UEL) fue fundada en 1970 y es una de las 2.600 instituciones de educaci\u00f3n superior de Brasil.<\/p>\n\n\n\n<p>La UEL se cre\u00f3 cuando se fusionaron las facultades de odontolog\u00eda, derecho y letras y ciencias, lo que dio origen a una universidad p\u00fablica financiada por el Estado que, en pocos a\u00f1os, se convirti\u00f3 en una opci\u00f3n popular para los estudiantes del estado de Paran\u00e1, en Brasil. Cada a\u00f1o, m\u00e1s de 2000 nuevos estudiantes se inscriben en uno de los cursos de licenciatura, maestr\u00eda o doctorado de la universidad.<\/p>\n\n\n\n<p>En la actualidad existen nueve facultades acad\u00e9micas, cada una de las cuales cuenta con varios departamentos especializados. Entre ellas se encuentran el Centro de Ciencias Agrarias, el Centro de Ciencias de la Salud, el Centro de Ciencias Exactas, el Centro de Ciencias Sociales Aplicadas, el Centro de Lenguas y Humanidades, el Centro de Ciencias Biol\u00f3gicas, el Centro de Educaci\u00f3n F\u00edsica y Deportes, el Centro de Educaci\u00f3n, Comunicaci\u00f3n y Artes y el Centro de Planificaci\u00f3n Urbana y Tecnolog\u00eda.<\/p>\n\n\n\n<p>El campus de la UEL ocupa una extensi\u00f3n de 235 hect\u00e1reas en el sur de la ciudad de Londrina y alberga la gran mayor\u00eda de los edificios universitarios. Hay varias bibliotecas en el campus y en el centro de Londrina que forman parte de una red administrada por la UEL, mientras que el Museo de Ciencia y Tecnolog\u00eda, el Museo de Geolog\u00eda, el Museo Hist\u00f3rico, el Centro Cultural y el Museo de Anatom\u00eda est\u00e1n todos bajo el control de la universidad.<\/p>\n\n\n\n<p>La universidad ha mejorado su cooperaci\u00f3n internacional y est\u00e1 deseosa de desarrollar asociaciones internacionales con el objetivo de promover tanto el conocimiento cient\u00edfico como la movilidad acad\u00e9mica.&nbsp;<\/p>\n<\/div>\n<\/div>\n\n\n\n<figure class=\"wp-block-gallery has-nested-images columns-2 is-cropped wp-block-gallery-1 is-layout-flex wp-block-gallery-is-layout-flex\">\n<figure class=\"wp-block-image size-medium is-style-default\"><a href=\"https:\/\/sites.uel.br\/international\/wp-content\/uploads\/2023\/03\/his1-1.jpg\" target=\"_blank\" rel=\"noopener\"><img loading=\"lazy\" decoding=\"async\" width=\"300\" height=\"198\" data-id=\"256\" src=\"https:\/\/sites.uel.br\/international\/wp-content\/uploads\/2023\/03\/his1-1-300x198.jpg\" alt=\"\" class=\"wp-image-256\" srcset=\"https:\/\/sites.uel.br\/international\/wp-content\/uploads\/2023\/03\/his1-1-300x198.jpg 300w, https:\/\/sites.uel.br\/international\/wp-content\/uploads\/2023\/03\/his1-1-768x508.jpg 768w, https:\/\/sites.uel.br\/international\/wp-content\/uploads\/2023\/03\/his1-1.jpg 947w\" sizes=\"auto, (max-width: 300px) 100vw, 300px\" \/><\/a><figcaption class=\"wp-element-caption\">Repercusiones del proyecto de 1971, en 1974.<br>(Foto: Archivo\/UEL)<br><\/figcaption><\/figure>\n\n\n\n<figure class=\"wp-block-image size-medium\"><a href=\"https:\/\/sites.uel.br\/international\/wp-content\/uploads\/2023\/03\/his3.jpg\" target=\"_blank\" rel=\"noopener\"><img loading=\"lazy\" decoding=\"async\" width=\"300\" height=\"199\" data-id=\"255\" src=\"https:\/\/sites.uel.br\/international\/wp-content\/uploads\/2023\/03\/his3-300x199.jpg\" alt=\"\" class=\"wp-image-255\" srcset=\"https:\/\/sites.uel.br\/international\/wp-content\/uploads\/2023\/03\/his3-300x199.jpg 300w, https:\/\/sites.uel.br\/international\/wp-content\/uploads\/2023\/03\/his3-768x509.jpg 768w, https:\/\/sites.uel.br\/international\/wp-content\/uploads\/2023\/03\/his3.jpg 947w\" sizes=\"auto, (max-width: 300px) 100vw, 300px\" \/><\/a><figcaption class=\"wp-element-caption\">Consolidaci\u00f3n del proyecto de 1971, en 1997.<br>(Foto: Archivo\/UEL)<\/figcaption><\/figure>\n\n\n\n<figure class=\"wp-block-image size-medium\"><a href=\"https:\/\/sites.uel.br\/international\/wp-content\/uploads\/2023\/03\/his2.jpg\" target=\"_blank\" rel=\"noopener\"><img loading=\"lazy\" decoding=\"async\" width=\"300\" height=\"188\" data-id=\"251\" src=\"https:\/\/sites.uel.br\/international\/wp-content\/uploads\/2023\/03\/his2-300x188.jpg\" alt=\"\" class=\"wp-image-251\" srcset=\"https:\/\/sites.uel.br\/international\/wp-content\/uploads\/2023\/03\/his2-300x188.jpg 300w, https:\/\/sites.uel.br\/international\/wp-content\/uploads\/2023\/03\/his2-1024x643.jpg 1024w, https:\/\/sites.uel.br\/international\/wp-content\/uploads\/2023\/03\/his2-768x482.jpg 768w, https:\/\/sites.uel.br\/international\/wp-content\/uploads\/2023\/03\/his2-1536x964.jpg 1536w, https:\/\/sites.uel.br\/international\/wp-content\/uploads\/2023\/03\/his2.jpg 1890w\" sizes=\"auto, (max-width: 300px) 100vw, 300px\" \/><\/a><figcaption class=\"wp-element-caption\">Construcci\u00f3n del Decanato de la Universidad en el campus. (Foto: Archivo\/UEL)<\/figcaption><\/figure>\n\n\n\n<figure class=\"wp-block-image size-medium\"><a href=\"https:\/\/sites.uel.br\/international\/wp-content\/uploads\/2023\/03\/Paulo-Pimentel.jpg\" target=\"_blank\" rel=\"noopener\"><img loading=\"lazy\" decoding=\"async\" width=\"300\" height=\"225\" data-id=\"253\" src=\"https:\/\/sites.uel.br\/international\/wp-content\/uploads\/2023\/03\/Paulo-Pimentel-300x225.jpg\" alt=\"\" class=\"wp-image-253\" srcset=\"https:\/\/sites.uel.br\/international\/wp-content\/uploads\/2023\/03\/Paulo-Pimentel-300x225.jpg 300w, https:\/\/sites.uel.br\/international\/wp-content\/uploads\/2023\/03\/Paulo-Pimentel-768x576.jpg 768w, https:\/\/sites.uel.br\/international\/wp-content\/uploads\/2023\/03\/Paulo-Pimentel.jpg 1024w\" sizes=\"auto, (max-width: 300px) 100vw, 300px\" \/><\/a><figcaption class=\"wp-element-caption\"> (Foto: Archivo\/UEL)<\/figcaption><\/figure>\n\n\n\n<figure class=\"wp-block-image size-medium\"><a href=\"https:\/\/sites.uel.br\/international\/wp-content\/uploads\/2023\/03\/hu_antigo2.jpg\" target=\"_blank\" rel=\"noopener\"><img loading=\"lazy\" decoding=\"async\" width=\"300\" height=\"205\" data-id=\"248\" src=\"https:\/\/sites.uel.br\/international\/wp-content\/uploads\/2023\/03\/hu_antigo2-300x205.jpg\" alt=\"\" class=\"wp-image-248\" srcset=\"https:\/\/sites.uel.br\/international\/wp-content\/uploads\/2023\/03\/hu_antigo2-300x205.jpg 300w, https:\/\/sites.uel.br\/international\/wp-content\/uploads\/2023\/03\/hu_antigo2.jpg 333w\" sizes=\"auto, (max-width: 300px) 100vw, 300px\" \/><\/a><figcaption class=\"wp-element-caption\">Hospital Universitario en 1975 (Foto: Archivo\/UEL)<\/figcaption><\/figure>\n\n\n\n<figure class=\"wp-block-image size-medium\" id=\"wp-block-themeisle-blocks-image-0cf1ee55\"><a href=\"https:\/\/sites.uel.br\/international\/wp-content\/uploads\/2023\/03\/Untitled-2.jpg\" target=\"_blank\" rel=\"noopener\"><img loading=\"lazy\" decoding=\"async\" width=\"300\" height=\"200\" data-id=\"252\" src=\"https:\/\/sites.uel.br\/international\/wp-content\/uploads\/2023\/03\/Untitled-2-300x200.jpg\" alt=\"\" class=\"wp-image-252\" srcset=\"https:\/\/sites.uel.br\/international\/wp-content\/uploads\/2023\/03\/Untitled-2-300x200.jpg 300w, https:\/\/sites.uel.br\/international\/wp-content\/uploads\/2023\/03\/Untitled-2-1024x683.jpg 1024w, https:\/\/sites.uel.br\/international\/wp-content\/uploads\/2023\/03\/Untitled-2-768x512.jpg 768w, https:\/\/sites.uel.br\/international\/wp-content\/uploads\/2023\/03\/Untitled-2-1536x1024.jpg 1536w, https:\/\/sites.uel.br\/international\/wp-content\/uploads\/2023\/03\/Untitled-2.jpg 2040w\" sizes=\"auto, (max-width: 300px) 100vw, 300px\" \/><\/a><figcaption class=\"wp-element-caption\">Asamblea de profesores y personal (Foto: Archivo\/UEL)<\/figcaption><\/figure>\n\n\n\n<figure class=\"wp-block-image size-medium\"><a href=\"https:\/\/sites.uel.br\/international\/wp-content\/uploads\/2023\/03\/Untitled-6.jpg\" target=\"_blank\" rel=\"noopener\"><img loading=\"lazy\" decoding=\"async\" width=\"300\" height=\"195\" data-id=\"249\" src=\"https:\/\/sites.uel.br\/international\/wp-content\/uploads\/2023\/03\/Untitled-6-300x195.jpg\" alt=\"\" class=\"wp-image-249\" srcset=\"https:\/\/sites.uel.br\/international\/wp-content\/uploads\/2023\/03\/Untitled-6-300x195.jpg 300w, https:\/\/sites.uel.br\/international\/wp-content\/uploads\/2023\/03\/Untitled-6-1024x666.jpg 1024w, https:\/\/sites.uel.br\/international\/wp-content\/uploads\/2023\/03\/Untitled-6-768x500.jpg 768w, https:\/\/sites.uel.br\/international\/wp-content\/uploads\/2023\/03\/Untitled-6-1536x1000.jpg 1536w, https:\/\/sites.uel.br\/international\/wp-content\/uploads\/2023\/03\/Untitled-6-2048x1333.jpg 2048w\" sizes=\"auto, (max-width: 300px) 100vw, 300px\" \/><\/a><figcaption class=\"wp-element-caption\">Asamblea de profesores y personal (Foto: Archivo\/UEL)<\/figcaption><\/figure>\n\n\n\n<figure class=\"wp-block-image size-medium\"><a href=\"https:\/\/sites.uel.br\/international\/wp-content\/uploads\/2023\/03\/Untitled-1.jpg\" target=\"_blank\" rel=\"noopener\"><img loading=\"lazy\" decoding=\"async\" width=\"300\" height=\"200\" data-id=\"254\" src=\"https:\/\/sites.uel.br\/international\/wp-content\/uploads\/2023\/03\/Untitled-1-300x200.jpg\" alt=\"\" class=\"wp-image-254\" srcset=\"https:\/\/sites.uel.br\/international\/wp-content\/uploads\/2023\/03\/Untitled-1-300x200.jpg 300w, https:\/\/sites.uel.br\/international\/wp-content\/uploads\/2023\/03\/Untitled-1-1024x683.jpg 1024w, https:\/\/sites.uel.br\/international\/wp-content\/uploads\/2023\/03\/Untitled-1-768x512.jpg 768w, https:\/\/sites.uel.br\/international\/wp-content\/uploads\/2023\/03\/Untitled-1-1536x1024.jpg 1536w, https:\/\/sites.uel.br\/international\/wp-content\/uploads\/2023\/03\/Untitled-1.jpg 2040w\" sizes=\"auto, (max-width: 300px) 100vw, 300px\" \/><\/a><figcaption class=\"wp-element-caption\">La UEL contra la dictadura (Foto: Archivo\/UEL)<\/figcaption><\/figure>\n\n\n\n<figure class=\"wp-block-image size-medium\"><a href=\"https:\/\/sites.uel.br\/international\/wp-content\/uploads\/2023\/03\/vestibular.jpg\" target=\"_blank\" rel=\"noopener\"><img loading=\"lazy\" decoding=\"async\" width=\"300\" height=\"201\" data-id=\"250\" src=\"https:\/\/sites.uel.br\/international\/wp-content\/uploads\/2023\/03\/vestibular-300x201.jpg\" alt=\"\" class=\"wp-image-250\" srcset=\"https:\/\/sites.uel.br\/international\/wp-content\/uploads\/2023\/03\/vestibular-300x201.jpg 300w, https:\/\/sites.uel.br\/international\/wp-content\/uploads\/2023\/03\/vestibular-1024x685.jpg 1024w, https:\/\/sites.uel.br\/international\/wp-content\/uploads\/2023\/03\/vestibular-768x514.jpg 768w, https:\/\/sites.uel.br\/international\/wp-content\/uploads\/2023\/03\/vestibular-1536x1028.jpg 1536w, https:\/\/sites.uel.br\/international\/wp-content\/uploads\/2023\/03\/vestibular-2048x1371.jpg 2048w\" sizes=\"auto, (max-width: 300px) 100vw, 300px\" \/><\/a><figcaption class=\"wp-element-caption\">Vestibular (Foto: Archivo\/UEL)<\/figcaption><\/figure>\n<\/figure>\n\n\n\n<div style=\"height:50px\" aria-hidden=\"true\" class=\"wp-block-spacer\"><\/div>\n","protected":false},"excerpt":{"rendered":"<p>Ubicada en la ciudad de Londrina, en el sur de Brasil, la Universidad Estadual de Londrina (UEL) fue fundada en 1970 y es una de las 2.600 instituciones de educaci\u00f3n superior de Brasil. La UEL se cre\u00f3 cuando se fusionaron las facultades de odontolog\u00eda, derecho y letras y ciencias, lo que dio origen a una [&hellip;]<\/p>\n","protected":false},"author":10,"featured_media":0,"parent":0,"menu_order":0,"comment_status":"closed","ping_status":"closed","template":"","meta":{"_themeisle_gutenberg_block_has_review":false,"footnotes":""},"class_list":["post-2200","page","type-page","status-publish","hentry"],"acf":[],"_links":{"self":[{"href":"https:\/\/sites.uel.br\/international\/wp-json\/wp\/v2\/pages\/2200","targetHints":{"allow":["GET"]}}],"collection":[{"href":"https:\/\/sites.uel.br\/international\/wp-json\/wp\/v2\/pages"}],"about":[{"href":"https:\/\/sites.uel.br\/international\/wp-json\/wp\/v2\/types\/page"}],"author":[{"embeddable":true,"href":"https:\/\/sites.uel.br\/international\/wp-json\/wp\/v2\/users\/10"}],"replies":[{"embeddable":true,"href":"https:\/\/sites.uel.br\/international\/wp-json\/wp\/v2\/comments?post=2200"}],"version-history":[{"count":2,"href":"https:\/\/sites.uel.br\/international\/wp-json\/wp\/v2\/pages\/2200\/revisions"}],"predecessor-version":[{"id":2423,"href":"https:\/\/sites.uel.br\/international\/wp-json\/wp\/v2\/pages\/2200\/revisions\/2423"}],"wp:attachment":[{"href":"https:\/\/sites.uel.br\/international\/wp-json\/wp\/v2\/media?parent=2200"}],"curies":[{"name":"wp","href":"https:\/\/api.w.org\/{rel}","templated":true}]}}