{"id":2196,"date":"2025-06-18T11:47:53","date_gmt":"2025-06-18T14:47:53","guid":{"rendered":"https:\/\/sites.uel.br\/international\/?page_id=2196"},"modified":"2025-06-18T11:47:54","modified_gmt":"2025-06-18T14:47:54","slug":"presentacion","status":"publish","type":"page","link":"https:\/\/sites.uel.br\/international\/es\/presentacion\/","title":{"rendered":"Presentaci\u00f3n"},"content":{"rendered":"\n<div class=\"wp-block-cover alignfull\" style=\"margin-top:0;padding-top:4vw;padding-right:4vw;padding-bottom:4vw;padding-left:4vw;min-height:314px;aspect-ratio:unset;\"><img loading=\"lazy\" decoding=\"async\" width=\"1080\" height=\"810\" class=\"wp-block-cover__image-background wp-image-903\" alt=\"\" src=\"https:\/\/sites.uel.br\/international\/wp-content\/uploads\/2024\/01\/262378479_6487804604624267_8814999289855776233_n.jpg\" style=\"object-position:49% 100%\" data-object-fit=\"cover\" data-object-position=\"49% 100%\" srcset=\"https:\/\/sites.uel.br\/international\/wp-content\/uploads\/2024\/01\/262378479_6487804604624267_8814999289855776233_n.jpg 1080w, https:\/\/sites.uel.br\/international\/wp-content\/uploads\/2024\/01\/262378479_6487804604624267_8814999289855776233_n-300x225.jpg 300w, https:\/\/sites.uel.br\/international\/wp-content\/uploads\/2024\/01\/262378479_6487804604624267_8814999289855776233_n-1024x768.jpg 1024w, https:\/\/sites.uel.br\/international\/wp-content\/uploads\/2024\/01\/262378479_6487804604624267_8814999289855776233_n-768x576.jpg 768w\" sizes=\"auto, (max-width: 1080px) 100vw, 1080px\" \/><span aria-hidden=\"true\" class=\"wp-block-cover__background has-background-dim-0 has-background-dim\" style=\"background-color:#2c3066\"><\/span><div class=\"wp-block-cover__inner-container is-layout-flow wp-block-cover-is-layout-flow\">\n<div class=\"wp-block-group\"><div class=\"wp-block-group__inner-container is-layout-flow wp-block-group-is-layout-flow\">\n<p class=\"has-text-align-center has-cinza-claro-color has-text-color\" style=\"font-size:59px;font-style:normal;font-weight:800;letter-spacing:10px;line-height:0.9;text-transform:capitalize\"><\/p>\n<\/div><\/div>\n<\/div><\/div>\n\n\n\n<div style=\"height:42px\" aria-hidden=\"true\" class=\"wp-block-spacer\"><\/div>\n\n\n\n<div id=\"wp-block-themeisle-blocks-advanced-columns-34a27d4d\" class=\"wp-block-themeisle-blocks-advanced-columns has-2-columns has-desktop-twoOne-layout has-tablet-equal-layout has-mobile-collapsedRows-layout has-vertical-unset\"><div class=\"wp-block-themeisle-blocks-advanced-columns-overlay\"><\/div><div class=\"innerblocks-wrap\">\n<div id=\"wp-block-themeisle-blocks-advanced-column-bfac8e38\" class=\"wp-block-themeisle-blocks-advanced-column\">\n<p>La Universidad Estatal de Londrina (UEL) est\u00e1 ubicada en un hermoso campus, en la ciudad de Londrina, compuesto por 235 hect\u00e1reas, rodeado de \u00e1reas verdes, donde el objetivo es una combinaci\u00f3n entre excelencia y calidad de vida.<\/p>\n\n\n\n<p>La <strong>UEL es una universidad p\u00fablica y gratuita<\/strong>, que adopta pr\u00e1cticas administrativas <strong>democr\u00e1ticas <\/strong>y garantiza la plena autonom\u00eda acad\u00e9mica y cient\u00edfica, y que tiene como misi\u00f3n administrar su estructura de acuerdo con una perspectiva democr\u00e1tica y con total <strong>autonom\u00eda did\u00e1ctico-cient\u00edfica.<\/strong> Est\u00e1 comprometida con el desarrollo social y econ\u00f3mico, as\u00ed como con la transformaci\u00f3n pol\u00edtica y cultural del <strong>Estado de Paran\u00e1 y de Brasil.<\/strong><\/p>\n\n\n\n<p>Con m\u00e1s de 50 a\u00f1os de existencia, la Universidad Estatal de Londrina re\u00fane una comunidad de cerca de 24.000 personas (casi 5.000 docentes y funcionarios y 19.000 estudiantes de grado y posgrado). Si la UEL fuera uno de los 399 municipios del estado de Paran\u00e1, tendr\u00eda m\u00e1s poblaci\u00f3n que 321 de ellos.<\/p>\n\n\n\n<p>Una instituci\u00f3n de este tama\u00f1o ofrece una gama de servicios para garantizar la comodidad, seguridad, tranquilidad y los recursos necesarios para cumplir su misi\u00f3n y permitir a estudiantes, profesores y administrativos vivir en un <strong>espacio democr\u00e1tico, organizado y funcional<\/strong>, y realizar sus actividades acad\u00e9micas y administrativas en un ambiente preocupado por el <strong>pleno ejercicio de la ciudadan\u00eda<\/strong>.<\/p>\n\n\n\n<p>Entre los servicios disponibles, muchos tambi\u00e9n est\u00e1n abiertos a la comunidad externa, como sucursales bancarias, el Restaurante Universitario, cafeter\u00edas, bibliotecas, librer\u00edas, laboratorios, museos, servicios xerogr\u00e1ficos, programaci\u00f3n de radio y televisi\u00f3n, consultorios y espacios culturales.<\/p>\n\n\n\n<p>Espec\u00edficamente para la comunidad interna, UEL ofrece Alojamiento para Estudiantes, convenios con profesionales de la salud y laboratorios, atenci\u00f3n ambulatoria, programas de apoyo sociofamiliar y atenci\u00f3n a la salud, educaci\u00f3n y prevenci\u00f3n, medicina del trabajo y prevenci\u00f3n del consumo de drogas, entre otros.<\/p>\n\n\n\n<p>En la dimensi\u00f3n pol\u00edtica, los estudiantes cuentan con los Centros Acad\u00e9micos de los cursos de pregrado, Directorio Central de Estudiantes y representaci\u00f3n en los tres Consejos Superiores, m\u00e1ximos \u00f3rganos de la instituci\u00f3n.<\/p>\n\n\n\n<p>\u201cUEL\u201d significa <em>Universidade Estadual de Londrina<\/em> (Universidad Estatal de Londrina), ubicada en la ciudad de Londrina, en el sur de Brasil<\/p>\n\n\n\n<div id=\"wp-block-themeisle-blocks-accordion-735b1efa\" class=\"wp-block-themeisle-blocks-accordion exclusive\">\n<details class=\"wp-block-themeisle-blocks-accordion-item\"><summary class=\"wp-block-themeisle-blocks-accordion-item__title\"><div><strong>Ense\u00f1anza<\/strong><\/div><\/summary><div class=\"wp-block-themeisle-blocks-accordion-item__content\">\n<p>53 cursos de pregrado<\/p>\n\n\n\n<p>49 Programas de Maestr\u00eda y Doctorado<\/p>\n\n\n\n<p>59 Cursos de Especializaci\u00f3n<\/p>\n\n\n\n<p>69 Residencias<\/p>\n<\/div><\/details>\n\n\n\n<details class=\"wp-block-themeisle-blocks-accordion-item\"><summary class=\"wp-block-themeisle-blocks-accordion-item__title\"><div><strong>Estudiantes<\/strong><\/div><\/summary><div class=\"wp-block-themeisle-blocks-accordion-item__content\">\n<p>+ 12 000 estudiantes de pregrado<\/p>\n\n\n\n<p>+ 5000 estudiantes de grado<\/p>\n<\/div><\/details>\n\n\n\n<details class=\"wp-block-themeisle-blocks-accordion-item\"><summary class=\"wp-block-themeisle-blocks-accordion-item__title\"><div><strong>Investigaci\u00f3n<\/strong><\/div><\/summary><div class=\"wp-block-themeisle-blocks-accordion-item__content\">\n<p>+ 250 laboratorios que brindan apoyo a proyectos de investigaci\u00f3n cient\u00edfica y actividades docentes<\/p>\n\n\n\n<p>+ 1.300 proyectos de investigaci\u00f3n en curso<\/p>\n\n\n\n<p>Principales campos de investigaci\u00f3n: Agronom\u00eda, Ciencia Animal, Educaci\u00f3n, Patolog\u00eda Experimental, Ciencia de los Alimentos, Salud y Rehabilitaci\u00f3n, Ense\u00f1anza de Idiomas, Estudios de Idiomas, Matem\u00e1ticas, Microbiolog\u00eda, Gen\u00e9tica y Biolog\u00eda de Mol\u00e9culas, Ense\u00f1anza STEM.<\/p>\n<\/div><\/details>\n\n\n\n<details class=\"wp-block-themeisle-blocks-accordion-item\"><summary class=\"wp-block-themeisle-blocks-accordion-item__title\"><div><strong>Profesorado<\/strong><\/div><\/summary><div class=\"wp-block-themeisle-blocks-accordion-item__content\">\n<p>+ 1.500 miembros del cuerpo docente<\/p>\n\n\n\n<p>+ 90% del profesorado posee un t\u00edtulo de doctorado o ha completado estudios postdoctorales<\/p>\n<\/div><\/details>\n<\/div>\n\n\n\n<div style=\"height:41px\" aria-hidden=\"true\" class=\"wp-block-spacer\"><\/div>\n\n\n\n<h3 class=\"wp-block-heading\"><strong>Misi\u00f3n<\/strong><\/h3>\n\n\n\n<p>La misi\u00f3n de la UEL es producir y difundir conocimiento, formando ciudadanos y profesionales de diversos \u00e1mbitos acad\u00e9micos dentro de los valores \u00e9ticos de la libertad, la igualdad y la justicia social. La Universidad ha crecido considerablemente y actualmente es considerada una de las 5 mejores universidades estatales del pa\u00eds.<\/p>\n\n\n\n<p>Con m\u00e1s de 50 a\u00f1os de docencia, investigaci\u00f3n y extensi\u00f3n, la UEL se esfuerza por cumplir su papel de crear oportunidades y proporcionar recursos humanos de alto nivel en muchos campos diferentes.<\/p>\n\n\n\n<figure class=\"wp-block-embed is-type-video is-provider-youtube wp-block-embed-youtube wp-embed-aspect-16-9 wp-has-aspect-ratio\"><div class=\"wp-block-embed__wrapper\">\n<iframe loading=\"lazy\" title=\"V\u00eddeo Institucional - UEL - Espanhol\" width=\"500\" height=\"281\" src=\"https:\/\/www.youtube.com\/embed\/CoWJgS5ka0k?list=PLDZ6BN2nohiU1bUAeTAEztjw6GIy-8Bci\" frameborder=\"0\" allow=\"accelerometer; autoplay; clipboard-write; encrypted-media; gyroscope; picture-in-picture; web-share\" referrerpolicy=\"strict-origin-when-cross-origin\" allowfullscreen><\/iframe>\n<\/div><\/figure>\n\n\n\n<p><strong>Rectora<\/strong>: Marta Regina Gimenez Favaro<\/p>\n\n\n\n<p id=\"wp-block-themeisle-blocks-advanced-heading-7b91dd90\" class=\"wp-block-themeisle-blocks-advanced-heading wp-block-themeisle-blocks-advanced-heading-7b91dd90\"><strong><strong>Correo electr\u00f3nico:<\/strong><\/strong> reitoria@uel.br<\/p>\n\n\n\n<p><strong>Vicerrector<\/strong>: Airton Jos\u00e9 Petris<\/p>\n\n\n\n<p><strong><strong>Correo electr\u00f3nico:<\/strong><\/strong> vicereitoria@uel.br<\/p>\n\n\n\n<p><strong>Asesora de Relaciones Internacionales<\/strong>: Viviane Bagio Furtoso<\/p>\n\n\n\n<p><strong><strong>Correo electr\u00f3nico:<\/strong><\/strong> ari@uel.br<\/p>\n<\/div>\n\n\n\n<div id=\"wp-block-themeisle-blocks-advanced-column-835aa479\" class=\"wp-block-themeisle-blocks-advanced-column\">\n<div data-wp-interactive=\"core\/file\" class=\"wp-block-file\"><object data-wp-bind--hidden=\"!state.hasPdfPreview\" hidden class=\"wp-block-file__embed\" data=\"https:\/\/sites.uel.br\/international\/wp-content\/uploads\/2024\/04\/uel_em_dados_2023.pdf\" type=\"application\/pdf\" style=\"width:100%;height:346px\" aria-label=\"Incorporar PDF\"><\/object><a href=\"https:\/\/sites.uel.br\/international\/wp-content\/uploads\/2024\/04\/uel_em_dados_2023.pdf\" class=\"wp-block-file__button wp-element-button\" download>Download<\/a><\/div>\n\n\n\n<p><\/p>\n\n\n<div style=\"height:400pxpx;\" class=\"wp-block-themeisle-blocks-leaflet-map\" id=\"wp-block-themeisle-blocks-leaflet-map-623f3c75\"><\/div>\n<script type=\"text\/javascript\">\n\t\/* <![CDATA[ *\/\n\t\tif ( ! window.themeisleLeafletMaps ) window.themeisleLeafletMaps =[];\n\t\twindow.themeisleLeafletMaps.push( { container: \"wp-block-themeisle-blocks-leaflet-map-623f3c75\", attributes: {\"id\":\"wp-block-themeisle-blocks-leaflet-map-623f3c75\",\"location\":\"Londrina, Paran\\u00e1, Brasil\",\"latitude\":\"-23.328404988989483\",\"longitude\":\"-51.19814246892929\",\"bbox\":\"-51.199089288711555,-23.329390160893148,-51.197190284729004,-23.32741980978049\",\"zoom\":18,\"markers\":[{\"latitude\":-23.32518219436467,\"longitude\":-51.201645938273636,\"id\":\"54fd1cc5-b25c-4422-8033-d9144d1a6b64\",\"title\":\"Add a title\",\"description\":\"\"}],\"height\":\"400px\",\"zoomControl\":true,\"draggable\":true,\"hasCustomCSS\":false,\"customCSS\":\"\",\"otterConditions\":[]} } );\n\t\/* ]]> *\/\n<\/script>\n\n\n\n<p><\/p>\n<\/div>\n<\/div><\/div>\n\n\n\n<p><\/p>\n","protected":false},"excerpt":{"rendered":"","protected":false},"author":10,"featured_media":0,"parent":0,"menu_order":0,"comment_status":"closed","ping_status":"closed","template":"","meta":{"_themeisle_gutenberg_block_has_review":false,"footnotes":""},"class_list":["post-2196","page","type-page","status-publish","hentry"],"acf":[],"_links":{"self":[{"href":"https:\/\/sites.uel.br\/international\/wp-json\/wp\/v2\/pages\/2196","targetHints":{"allow":["GET"]}}],"collection":[{"href":"https:\/\/sites.uel.br\/international\/wp-json\/wp\/v2\/pages"}],"about":[{"href":"https:\/\/sites.uel.br\/international\/wp-json\/wp\/v2\/types\/page"}],"author":[{"embeddable":true,"href":"https:\/\/sites.uel.br\/international\/wp-json\/wp\/v2\/users\/10"}],"replies":[{"embeddable":true,"href":"https:\/\/sites.uel.br\/international\/wp-json\/wp\/v2\/comments?post=2196"}],"version-history":[{"count":1,"href":"https:\/\/sites.uel.br\/international\/wp-json\/wp\/v2\/pages\/2196\/revisions"}],"predecessor-version":[{"id":2198,"href":"https:\/\/sites.uel.br\/international\/wp-json\/wp\/v2\/pages\/2196\/revisions\/2198"}],"wp:attachment":[{"href":"https:\/\/sites.uel.br\/international\/wp-json\/wp\/v2\/media?parent=2196"}],"curies":[{"name":"wp","href":"https:\/\/api.w.org\/{rel}","templated":true}]}}