{"id":1949,"date":"2024-08-02T14:21:16","date_gmt":"2024-08-02T17:21:16","guid":{"rendered":"https:\/\/sites.uel.br\/international\/espanol\/"},"modified":"2025-11-07T14:32:50","modified_gmt":"2025-11-07T17:32:50","slug":"espanol","status":"publish","type":"page","link":"https:\/\/sites.uel.br\/international\/es\/espanol\/","title":{"rendered":"P\u00e1gina inicial espanhol"},"content":{"rendered":"\n            <div class=\"principal\">\n                <div class=\"destaque\" id=\"slides-container-noticias-destaque-International\">\n                    <a class=\"slide\" href=\"#\" style=\"--slide-cover-url: url('https:\/\/operobal.uel.br\/wp-content\/uploads\/2026\/04\/ratos-em-laboratorio.jpg'); display: inline;\"><article><h1 class=\"titulo\">[FR] Le caf\u00e9 vert et l\u2019huile de graine de lin\u00a0contre le cancer de la peau<\/h1><\/article><\/a>\n                <\/div>\n                <section class=\"row mt-3 px-3 px-md-4 px-lg-5 flex-column flex-md-row\" id=\"info-container-noticias-destaque-International\">\n            <a class=\"noticia-destaque\" target=\"_blank\" data-mostrar-descricao=\"\" href=\"https:\/\/operobal.uel.br\/ccs\/2026\/04\/09\/fr-le-cafe-vert-et-lhuile-de-graine-de-lin-contre-le-cancer-de-la-peau\/\"\n                        style=\"--destaque-mobile-cover: url(https:\/\/operobal.uel.br\/wp-content\/uploads\/2026\/04\/ratos-em-laboratorio.jpg);\"><img decoding=\"async\" src=\"https:\/\/operobal.uel.br\/wp-content\/uploads\/2026\/04\/ratos-em-laboratorio.jpg\"><div class=\"linha\"><\/div><article class=\"corpo-noticia px-4 px-md-3 px-lg-4\"><header><b class=\"categoria\">Centro de Ci\u00eancias da Sa\u00fade<\/b><p class=\"titulo p-0\">[FR] Le caf\u00e9 vert et l\u2019huile de graine de lin\u00a0contre le cancer de la peau<\/p><\/header><\/article><\/a><a class=\"noticia-destaque\" target=\"_blank\" data-mostrar-descricao=\"\" href=\"https:\/\/operobal.uel.br\/internacional\/2026\/04\/01\/uel-recebera-ate-r-500-mil-para-impulsionar-pesquisa-com-china-hungria-japao-e-nova-zelandia\/\"\n                        style=\"--destaque-mobile-cover: url(https:\/\/operobal.uel.br\/wp-content\/uploads\/2021\/07\/pesquisa-uel-scaled-e1775052056844.jpg);\"><img decoding=\"async\" src=\"https:\/\/operobal.uel.br\/wp-content\/uploads\/2021\/07\/pesquisa-uel-scaled-e1775052056844.jpg\"><div class=\"linha\"><\/div><article class=\"corpo-noticia px-4 px-md-3 px-lg-4\"><header><b class=\"categoria\">Internacional<\/b><p class=\"titulo p-0\">UEL receber\u00e1 at\u00e9 R$ 500 mil para impulsionar pesquisa com China, Hungria, Jap\u00e3o e Nova Zel\u00e2ndia<\/p><\/header><\/article><\/a><a class=\"noticia-destaque\" target=\"_blank\" data-mostrar-descricao=\"\" href=\"https:\/\/operobal.uel.br\/ultimas\/2026\/03\/26\/es-desafios-tecnologicos-y-juridicos\/\"\n                        style=\"--destaque-mobile-cover: url(https:\/\/operobal.uel.br\/wp-content\/uploads\/2026\/04\/NOT-1432-83-1024x776-1.jpg);\"><img decoding=\"async\" src=\"https:\/\/operobal.uel.br\/wp-content\/uploads\/2026\/04\/NOT-1432-83-1024x776-1.jpg\"><div class=\"linha\"><\/div><article class=\"corpo-noticia px-4 px-md-3 px-lg-4\"><header><b class=\"categoria\">\u00daltimas not\u00edcias<\/b><p class=\"titulo p-0\">[ES] Desaf\u00edos tecnol\u00f3gicos y jur\u00eddicos<\/p><\/header><\/article><\/a>\n                <\/section>\n            <\/div>\n            \n\n\n<div style=\"height:35px\" aria-hidden=\"true\" class=\"wp-block-spacer\"><\/div>\n\n\n\n<div class=\"wp-block-columns has-background is-layout-flex wp-container-core-columns-is-layout-9d6595d7 wp-block-columns-is-layout-flex\" style=\"background-color:#c5c5c5\">\n<div class=\"wp-block-column is-layout-flow wp-block-column-is-layout-flow\" style=\"flex-basis:50%\">\n<figure class=\"wp-block-embed is-type-video is-provider-youtube wp-block-embed-youtube wp-embed-aspect-16-9 wp-has-aspect-ratio\"><div class=\"wp-block-embed__wrapper\">\n<iframe loading=\"lazy\" title=\"V\u00eddeo Institucional - UEL - Ingl\u00eas\" width=\"500\" height=\"281\" src=\"https:\/\/www.youtube.com\/embed\/c7M-UImmayk?feature=oembed\" frameborder=\"0\" allow=\"accelerometer; autoplay; clipboard-write; encrypted-media; gyroscope; picture-in-picture; web-share\" referrerpolicy=\"strict-origin-when-cross-origin\" allowfullscreen><\/iframe>\n<\/div><\/figure>\n\n\n\n<div class=\"wp-block-buttons is-layout-flex wp-block-buttons-is-layout-flex\">\n<div class=\"wp-block-button is-style-fill\"><a class=\"wp-block-button__link has-text-color has-background has-link-color has-text-align-center wp-element-button\" href=\"https:\/\/www.youtube.com\/playlist?list=PLDZ6BN2nohiU1bUAeTAEztjw6GIy-8Bci\" style=\"border-radius:0px;color:#ffffff;background-color:#02753c\">Otros idiomas<\/a><\/div>\n<\/div>\n<\/div>\n\n\n\n<div class=\"wp-block-column is-layout-flow wp-block-column-is-layout-flow\" style=\"flex-basis:50%\"><div class=\"wp-block-image\">\n<figure class=\"alignleft size-full is-resized\"><img loading=\"lazy\" decoding=\"async\" width=\"518\" height=\"295\" src=\"https:\/\/sites.uel.br\/international\/wp-content\/uploads\/2025\/11\/MAPA2.png\" alt=\"\" class=\"wp-image-2515\" style=\"width:457px;height:auto\" srcset=\"https:\/\/sites.uel.br\/international\/wp-content\/uploads\/2025\/11\/MAPA2.png 518w, https:\/\/sites.uel.br\/international\/wp-content\/uploads\/2025\/11\/MAPA2-300x171.png 300w\" sizes=\"auto, (max-width: 518px) 100vw, 518px\" \/><\/figure>\n<\/div><\/div>\n<\/div>\n\n\n\n<div id=\"wp-block-themeisle-blocks-slider-e163e42d\" class=\"wp-block-themeisle-blocks-slider glide\" data-per-view=\"1\" data-gap=\"0\" data-peek=\"0\" data-autoplay=\"4000\" data-height=\"\" data-hide-arrows=\"false\"><div class=\"glide__track\" data-glide-el=\"track\"><div class=\"glide__slides\"><div class=\"wp-block-themeisle-blocks-slider-item-wrapper glide__slide\"><figure><img decoding=\"async\" class=\"wp-block-themeisle-blocks-slider-item\" src=\"https:\/\/sites.uel.br\/international\/wp-content\/uploads\/2025\/11\/01.png\" alt=\"\" title=\"\" data-id=\"2518\" \/><\/figure><\/div><div class=\"wp-block-themeisle-blocks-slider-item-wrapper glide__slide\"><figure><img decoding=\"async\" class=\"wp-block-themeisle-blocks-slider-item\" src=\"https:\/\/sites.uel.br\/international\/wp-content\/uploads\/2025\/11\/02.png\" alt=\"\" title=\"\" data-id=\"2517\" \/><\/figure><\/div><div class=\"wp-block-themeisle-blocks-slider-item-wrapper glide__slide\"><figure><img decoding=\"async\" class=\"wp-block-themeisle-blocks-slider-item\" src=\"https:\/\/sites.uel.br\/international\/wp-content\/uploads\/2025\/11\/03.png\" alt=\"\" title=\"\" data-id=\"2516\" \/><\/figure><\/div><\/div><div class=\"glide__bullets\" data-glide-el=\"controls[nav]\"><button class=\"glide__bullet\" data-glide-dir=\"=0\"><\/button><button class=\"glide__bullet\" data-glide-dir=\"=1\"><\/button><button class=\"glide__bullet\" data-glide-dir=\"=2\"><\/button><\/div><\/div><\/div>\n\n\n\n<div style=\"height:35px\" aria-hidden=\"true\" class=\"wp-block-spacer\"><\/div>\n\n\n\n<div class=\"wp-block-columns is-layout-flex wp-container-core-columns-is-layout-9d6595d7 wp-block-columns-is-layout-flex\">\n<div class=\"wp-block-column is-layout-flow wp-block-column-is-layout-flow\" style=\"flex-basis:66.66%\">\n                <div class=\"feed-noticias-perobal alm-listing alm-ajax alm-has-transition\" id=\"feed-noticias-perobal-international\"><a class=\"noticia-padrao d-flex flex-column flex-md-row align-items-start\" href=\"https:\/\/operobal.uel.br\/ultimas\/2026\/03\/25\/ari-abre-selecao-para-traducao-gratuita-de-artigos-e-textos-cientificos\/\">\n                                                    <img decoding=\"async\" class=\"lazy entered loaded\" src=\"https:\/\/operobal.uel.br\/wp-content\/uploads\/2026\/03\/kirill_makes_pics-united-3026204-2.jpg\"\/>    \n                                                    <article class=\"ml-0 ml-md-4 corpo-noticia-padrao\">\n                                                        <p class=\"antetitulo mb-0\">Internacionaliza\u00e7\u00e3o<\/p>\n                                                        <p class=\"titulo mb-2\">ARI abre sele\u00e7\u00e3o para tradu\u00e7\u00e3o gratuita de artigos e textos cient\u00edficos<\/p>\n                                                        <p class=\"descricao\">Iniciativa faz parte do projeto &#8220;Pol\u00edtica de Internacionaliza\u00e7\u00e3o em Casa&#8221; e visa ampliar o acesso a experi\u00eancias internacionais e interculturais.<\/p>\n                                                    <\/article>\n                                                <\/a><hr class=\"mt-4 mb-4 d-none d-md-block\"><a class=\"noticia-padrao d-flex flex-column flex-md-row align-items-start\" href=\"https:\/\/operobal.uel.br\/internacional\/2026\/03\/19\/fr-convergences-entre-la-philosophie-et-la-pensee-freirienne\/\">\n                                                    <img decoding=\"async\" class=\"lazy entered loaded\" src=\"https:\/\/operobal.uel.br\/wp-content\/uploads\/2026\/03\/paulo-freire.jpg.jpeg\"\/>    \n                                                    <article class=\"ml-0 ml-md-4 corpo-noticia-padrao\">\n                                                        <p class=\"antetitulo mb-0\">Internacional<\/p>\n                                                        <p class=\"titulo mb-2\">[FR] Convergences entre la Philosophie et la pens\u00e9e Freirienne<\/p>\n                                                        <p class=\"descricao\">Mat\u00e9ria originalmente publicada na Edi\u00e7\u00e3o n\u00famero 1431 de junho de 2024.<\/p>\n                                                    <\/article>\n                                                <\/a><hr class=\"mt-4 mb-4 d-none d-md-block\"><a class=\"noticia-padrao d-flex flex-column flex-md-row align-items-start\" href=\"https:\/\/operobal.uel.br\/internacional\/2026\/03\/11\/uel-apresenta-centros-de-inovacao-a-autoridades-de-portugal\/\">\n                                                    <img decoding=\"async\" class=\"lazy entered loaded\" src=\"https:\/\/operobal.uel.br\/wp-content\/uploads\/2026\/03\/Visita-reitor-de-Portugal-2.jpg\"\/>    \n                                                    <article class=\"ml-0 ml-md-4 corpo-noticia-padrao\">\n                                                        <p class=\"antetitulo mb-0\">Internacionaliza\u00e7\u00e3o<\/p>\n                                                        <p class=\"titulo mb-2\">UEL apresenta centros de inova\u00e7\u00e3o a autoridades de Portugal<\/p>\n                                                        <p class=\"descricao\">Encontro discutiu programa de coopera\u00e7\u00e3o internacional em inova\u00e7\u00e3o, acelera\u00e7\u00e3o tecnol\u00f3gica e mobilidade empresarial<\/p>\n                                                    <\/article>\n                                                <\/a><hr class=\"mt-4 mb-4 d-none d-md-block\"><a class=\"noticia-padrao d-flex flex-column flex-md-row align-items-start\" href=\"https:\/\/operobal.uel.br\/ultimas\/2026\/03\/06\/parana-fala-ingles-esta-com-inscricoes-abertas\/\">\n                                                    <img decoding=\"async\" class=\"lazy entered loaded\" src=\"https:\/\/operobal.uel.br\/wp-content\/uploads\/2024\/02\/Facebook-UEL-6-compressed.jpg\"\/>    \n                                                    <article class=\"ml-0 ml-md-4 corpo-noticia-padrao\">\n                                                        <p class=\"antetitulo mb-0\">PARAN\u00c1 FALA IDIOMAS<\/p>\n                                                        <p class=\"titulo mb-2\">Programa Paran\u00e1 Fala Ingl\u00eas est\u00e1 com inscri\u00e7\u00f5es abertas \u00e0 comunidade acad\u00eamica<\/p>\n                                                        <p class=\"descricao\">A sele\u00e7\u00e3o \u00e9 feita com base na ordem de inscri\u00e7\u00e3o. Cursos atendem servidores, estudantes e docentes da UEL.<\/p>\n                                                    <\/article>\n                                                <\/a><hr class=\"mt-4 mb-4 d-none d-md-block\"><a class=\"noticia-padrao d-flex flex-column flex-md-row align-items-start\" href=\"https:\/\/operobal.uel.br\/assessoria-de-relacoes-internacionais-ari\/2026\/03\/05\/es-menos-es-mas\/\">\n                                                    <img decoding=\"async\" class=\"lazy entered loaded\" src=\"https:\/\/operobal.uel.br\/wp-content\/uploads\/2026\/02\/NOT-1432-40-1024x569.jpg.webp\"\/>    \n                                                    <article class=\"ml-0 ml-md-4 corpo-noticia-padrao\">\n                                                        <p class=\"antetitulo mb-0\">Internacional<\/p>\n                                                        <p class=\"titulo mb-2\">[ES] &#8211;  Menos es m\u00e1s<\/p>\n                                                        <p class=\"descricao\">Mat\u00e9ria originalmente publicada na Edi\u00e7\u00e3o n\u00famero 1432 de julho de 2024.<\/p>\n                                                    <\/article>\n                                                <\/a><\/div><button id=\"feed-noticias-perobal-load-moreinternational\" type=\"button\" class=\"feed-noticias-button\" data-endpoint=\"https:\/\/operobal.uel.br\/wp-json\/wp-perobal\/v1\/posts\/tags\/international?numberposts=50\" data-ppp=\"5\" data-pages=\"5\">Leia mais<\/button><\/div>\n\n\n\n<div class=\"wp-block-column is-layout-flow wp-block-column-is-layout-flow\" style=\"flex-basis:33.33%\"><div class=\"wp-block-image\">\n<figure class=\"aligncenter size-full is-resized\"><a href=\"https:\/\/sites.uel.br\/international\/rankings\/\"><img loading=\"lazy\" decoding=\"async\" width=\"280\" height=\"99\" src=\"https:\/\/sites.uel.br\/international\/wp-content\/uploads\/2024\/09\/RANKING.png\" alt=\"\" class=\"wp-image-1978\" style=\"width:280px;height:auto\" \/><\/a><\/figure>\n<\/div>\n\n<div class=\"wp-block-image\">\n<figure class=\"aligncenter size-full\"><a href=\"https:\/\/sites.uel.br\/international\/undergraduate\/\"><img loading=\"lazy\" decoding=\"async\" width=\"280\" height=\"99\" src=\"https:\/\/sites.uel.br\/international\/wp-content\/uploads\/2025\/11\/ADMISSION.png\" alt=\"\" class=\"wp-image-2503\" \/><\/a><\/figure>\n<\/div>\n\n<div class=\"wp-block-image\">\n<figure class=\"aligncenter size-full\"><a href=\"https:\/\/sites.uel.br\/international\/graduate\/\"><img loading=\"lazy\" decoding=\"async\" width=\"280\" height=\"99\" src=\"https:\/\/sites.uel.br\/international\/wp-content\/uploads\/2025\/11\/ADMISSION-copy.png\" alt=\"\" class=\"wp-image-2504\" \/><\/a><\/figure>\n<\/div>\n\n<div class=\"wp-block-image\">\n<figure class=\"aligncenter size-full\"><a href=\"https:\/\/sites.uel.br\/international\/academic-exchange\/applying-to-uel\/\"><img loading=\"lazy\" decoding=\"async\" width=\"280\" height=\"99\" src=\"https:\/\/sites.uel.br\/international\/wp-content\/uploads\/2025\/11\/INTERNATIONAL.png\" alt=\"\" class=\"wp-image-2505\" \/><\/a><\/figure>\n<\/div>\n\n<div class=\"wp-block-image\">\n<figure class=\"aligncenter size-full\"><a href=\"https:\/\/sites.uel.br\/contraoracismo\/\"><img loading=\"lazy\" decoding=\"async\" width=\"280\" height=\"99\" src=\"https:\/\/sites.uel.br\/international\/wp-content\/uploads\/2025\/11\/RACISMO.png\" alt=\"\" class=\"wp-image-2506\" \/><\/a><\/figure>\n<\/div>\n\n<div class=\"wp-block-image\">\n<figure class=\"aligncenter size-full\"><a href=\"https:\/\/operobal.uel.br\/\"><img loading=\"lazy\" decoding=\"async\" width=\"280\" height=\"99\" src=\"https:\/\/sites.uel.br\/international\/wp-content\/uploads\/2025\/11\/o-perobal.png\" alt=\"\" class=\"wp-image-2507\" \/><\/a><\/figure>\n<\/div>\n\n<div class=\"wp-block-image\">\n<figure class=\"aligncenter size-full\"><a href=\"https:\/\/www.youtube.com\/user\/tvuel\"><img loading=\"lazy\" decoding=\"async\" width=\"280\" height=\"99\" src=\"https:\/\/sites.uel.br\/international\/wp-content\/uploads\/2025\/11\/TV-UEL.png\" alt=\"\" class=\"wp-image-2508\" \/><\/a><\/figure>\n<\/div>\n\n<div class=\"wp-block-image\">\n<figure class=\"aligncenter size-full\"><a href=\"https:\/\/www.instagram.com\/ueloficial\/\"><img loading=\"lazy\" decoding=\"async\" width=\"280\" height=\"99\" src=\"https:\/\/sites.uel.br\/international\/wp-content\/uploads\/2025\/11\/ISNTA-UEL.png\" alt=\"\" class=\"wp-image-2509\" \/><\/a><\/figure>\n<\/div>\n\n<div class=\"wp-block-image\">\n<figure class=\"aligncenter size-full\"><a href=\"https:\/\/www.instagram.com\/ari.uel\/\"><img loading=\"lazy\" decoding=\"async\" width=\"280\" height=\"99\" src=\"https:\/\/sites.uel.br\/international\/wp-content\/uploads\/2025\/11\/INSTA-ARI.png\" alt=\"\" class=\"wp-image-2510\" \/><\/a><\/figure>\n<\/div><\/div>\n<\/div>\n","protected":false},"excerpt":{"rendered":"","protected":false},"author":10,"featured_media":0,"parent":0,"menu_order":0,"comment_status":"closed","ping_status":"closed","template":"","meta":{"_themeisle_gutenberg_block_has_review":false,"footnotes":""},"class_list":["post-1949","page","type-page","status-publish","hentry"],"acf":[],"_links":{"self":[{"href":"https:\/\/sites.uel.br\/international\/wp-json\/wp\/v2\/pages\/1949","targetHints":{"allow":["GET"]}}],"collection":[{"href":"https:\/\/sites.uel.br\/international\/wp-json\/wp\/v2\/pages"}],"about":[{"href":"https:\/\/sites.uel.br\/international\/wp-json\/wp\/v2\/types\/page"}],"author":[{"embeddable":true,"href":"https:\/\/sites.uel.br\/international\/wp-json\/wp\/v2\/users\/10"}],"replies":[{"embeddable":true,"href":"https:\/\/sites.uel.br\/international\/wp-json\/wp\/v2\/comments?post=1949"}],"version-history":[{"count":18,"href":"https:\/\/sites.uel.br\/international\/wp-json\/wp\/v2\/pages\/1949\/revisions"}],"predecessor-version":[{"id":2577,"href":"https:\/\/sites.uel.br\/international\/wp-json\/wp\/v2\/pages\/1949\/revisions\/2577"}],"wp:attachment":[{"href":"https:\/\/sites.uel.br\/international\/wp-json\/wp\/v2\/media?parent=1949"}],"curies":[{"name":"wp","href":"https:\/\/api.w.org\/{rel}","templated":true}]}}