{"id":69,"date":"2023-10-31T18:24:23","date_gmt":"2023-10-31T21:24:23","guid":{"rendered":"https:\/\/sites.uel.br\/inct_toxoplasmose\/?page_id=69"},"modified":"2024-01-26T16:14:21","modified_gmt":"2024-01-26T19:14:21","slug":"projetos","status":"publish","type":"page","link":"https:\/\/sites.uel.br\/inct_toxoplasmose\/projetos\/","title":{"rendered":"Projetos Apoiados"},"content":{"rendered":"\n<p><strong>Projetos apoiados pelo INCT toxoplasmose:<\/strong><\/p>\n\n\n\n<ol class=\"wp-block-list\">\n<li>Centro Avan\u00e7ado de Pesquisa em Toxoplasmose Humana e Animal.<\/li>\n\n\n\n<li>Curso de Atualiza\u00e7\u00e3o em Toxoplasmose, Modalidade EaD.<\/li>\n\n\n\n<li>Desenvolvimento e Valida\u00e7\u00e3o de Imunoensaios Aplicados ao Diagn\u00f3stico da Toxoplasmose Aguda na Gestante e Cong\u00eanita.<\/li>\n\n\n\n<li>Educa\u00e7\u00e3o em Sa\u00fade \u00danica por Meio de M\u00eddias Sociais e Outras Tecnologias.<\/li>\n\n\n\n<li>Fatores Associados ao Risco e An\u00e1lise Espacial da Ocorr\u00eancia de Zoonoses em Pessoas em Situa\u00e7\u00e3o de Acumula\u00e7\u00e3o e seus Animais no Munic\u00edpio de Londrina, Paran\u00e1.<\/li>\n\n\n\n<li>Fauna Silvestre Atropelada em Rodovias como Sentinelas de Zoonoses.<\/li>\n\n\n\n<li>Investiga\u00e7\u00e3o de Surtos de Toxoplasmose no Brasil: uma vis\u00e3o de sa\u00fade \u00fanica.<\/li>\n\n\n\n<li>Produ\u00e7\u00e3o de Ant\u00edgeno e Bioensaio para o Diagn\u00f3stico de <em>Toxoplasma gondii e Neospora caninum.<\/em><\/li>\n\n\n\n<li><em>Toxoplasma gondii<\/em>: desenvolvimento de vacinas para o estudo da resposta imunol\u00f3gica em gatos e su\u00ednos.<\/li>\n\n\n\n<li><em>Toxoplasma gondii<\/em>: padroniza\u00e7\u00e3o de t\u00e9cnicas de recupera\u00e7\u00e3o e inativa\u00e7\u00e3o de oocistos e investiga\u00e7\u00e3o da cadeia produtiva de hortali\u00e7as comerciais.<\/li>\n\n\n\n<li>Soropreval\u00eancia, Isolamento e Caracteriza\u00e7\u00e3o Molecular de <em>Toxoplasma gondii<\/em> em Mam\u00edferos e Aves Marinhas de Vida Livre no Litoral Sul de Santa Catarina, Brasil.<\/li>\n\n\n\n<li>An\u00e1lises Gen\u00f4micas e Transcript\u00f4micas Comparativas entre <em>Toxoplasma gondii<\/em> e <em>Neospora caninum<\/em>.<\/li>\n\n\n\n<li><em>Toxoplasma gondii <\/em>em Javalis (<em>Sus scrofa<\/em>) de Vida Livre.<\/li>\n\n\n\n<li>Frequ\u00eancia, Isolamento, Genotipagem de <em>Toxoplasma gondii <\/em>em Marsupiais e Pequenos Roedores Silvestres e Estudo das Redes Extracelulares de Neutr\u00f3filos de Gatos Frente a Intera\u00e7\u00e3o com o Parasito.<\/li>\n\n\n\n<li>Uso de <em>Liquid Biopsy<\/em> na Caracteriza\u00e7\u00e3o da Infec\u00e7\u00e3o Gestacional e Fetal por <em>Toxoplasma gondii <\/em>e na Caracteriza\u00e7\u00e3o de Marcadores de Resposta Imune.<\/li>\n<\/ol>\n","protected":false},"excerpt":{"rendered":"<p>Projetos apoiados pelo INCT toxoplasmose:<\/p>\n","protected":false},"author":7,"featured_media":0,"parent":0,"menu_order":0,"comment_status":"closed","ping_status":"closed","template":"","meta":{"footnotes":""},"class_list":["post-69","page","type-page","status-publish","hentry"],"acf":[],"_links":{"self":[{"href":"https:\/\/sites.uel.br\/inct_toxoplasmose\/wp-json\/wp\/v2\/pages\/69","targetHints":{"allow":["GET"]}}],"collection":[{"href":"https:\/\/sites.uel.br\/inct_toxoplasmose\/wp-json\/wp\/v2\/pages"}],"about":[{"href":"https:\/\/sites.uel.br\/inct_toxoplasmose\/wp-json\/wp\/v2\/types\/page"}],"author":[{"embeddable":true,"href":"https:\/\/sites.uel.br\/inct_toxoplasmose\/wp-json\/wp\/v2\/users\/7"}],"replies":[{"embeddable":true,"href":"https:\/\/sites.uel.br\/inct_toxoplasmose\/wp-json\/wp\/v2\/comments?post=69"}],"version-history":[{"count":6,"href":"https:\/\/sites.uel.br\/inct_toxoplasmose\/wp-json\/wp\/v2\/pages\/69\/revisions"}],"predecessor-version":[{"id":169,"href":"https:\/\/sites.uel.br\/inct_toxoplasmose\/wp-json\/wp\/v2\/pages\/69\/revisions\/169"}],"wp:attachment":[{"href":"https:\/\/sites.uel.br\/inct_toxoplasmose\/wp-json\/wp\/v2\/media?parent=69"}],"curies":[{"name":"wp","href":"https:\/\/api.w.org\/{rel}","templated":true}]}}