{"id":67,"date":"2023-10-31T18:22:22","date_gmt":"2023-10-31T21:22:22","guid":{"rendered":"https:\/\/sites.uel.br\/inct_toxoplasmose\/?page_id=67"},"modified":"2024-11-26T21:48:41","modified_gmt":"2024-11-27T00:48:41","slug":"equipe","status":"publish","type":"page","link":"https:\/\/sites.uel.br\/inct_toxoplasmose\/equipe\/","title":{"rendered":"Equipe de Trabalho"},"content":{"rendered":"\n<p><\/p>\n\n\n\n<p><strong>Universidade Estadual de Londrina<\/strong><\/p>\n\n\n\n<p><strong>Professores<\/strong><\/p>\n\n\n\n<p>Jo\u00e3o Luis Garcia<\/p>\n\n\n\n<p>Antonio Marcelo B. Casella<\/p>\n\n\n\n<p>Amanda Fonseca Zangirolamo<\/p>\n\n\n\n<p>Eloiza Teles Caldart<\/p>\n\n\n\n<p>Fernanda Pinto Ferreira<\/p>\n\n\n\n<p>Fernando de Souza Rodrigues<\/p>\n\n\n\n<p>Italmar Teodorico Navarro&nbsp;<\/p>\n\n\n\n<p>Jaqueline Dario Capobiango<\/p>\n\n\n\n<p>Regina Mitsuka Bregan\u00f3<\/p>\n\n\n\n<p>Roberta Lemos Freire<\/p>\n\n\n\n<p>Selwyn Arlington Headley&nbsp;<\/p>\n\n\n\n<p>Zuleica Naomi Tano<\/p>\n\n\n\n<p><strong>T\u00e9cnica<\/strong><\/p>\n\n\n\n<p>Beatriz de Souza Lima Nino<\/p>\n\n\n\n<p><strong>P\u00f3s Graduandos<\/strong><\/p>\n\n\n\n<p>Aline Ticiani Pereira Paschoal<\/p>\n\n\n\n<p>Ana Carolina Cavallieri<\/p>\n\n\n\n<p>Ana Cl\u00e9cia dos Santos Silva<\/p>\n\n\n\n<p>Ana Paula Molinari Candeias<\/p>\n\n\n\n<p>Carla Adriele Rodrigues<\/p>\n\n\n\n<p>Jo\u00e3o Pedro Sasse<\/p>\n\n\n\n<p>Pablo Menegon Castilho<\/p>\n\n\n\n<p>Rafaela Maria Boson Jurkevicz<\/p>\n\n\n\n<p>Isabella Giroldo<\/p>\n\n\n\n<p>Raphaela Masetto Cadide Fuganti<\/p>\n\n\n\n<p><strong>Graduandos<\/strong><\/p>\n\n\n\n<p>Ana Beatriz do Amaral<\/p>\n\n\n\n<p>Fernanda Pinheiro Filgueiras<\/p>\n\n\n\n<p>Milena Patzer Rose<\/p>\n\n\n\n<p><\/p>\n\n\n\n<p><strong>Faculdade de Medicina de S\u00e3o Jos\u00e9 do Rio Preto<\/strong><\/p>\n\n\n\n<p>Cinara de C\u00e1ssia Brand\u00e3o<\/p>\n\n\n\n<p><\/p>\n\n\n\n<p><strong>Funda\u00e7\u00e3o Carlos Chagas \u2013 FIOCRUZ \u2013 Curitiba Paran\u00e1<\/strong><\/p>\n\n\n\n<p>Andr\u00e9a Rodrigues \u00c1vila<\/p>\n\n\n\n<p>Juliana de Saldanha da Gama Fischer Carvalho<\/p>\n\n\n\n<p>Letusa Albreicht&nbsp;<\/p>\n\n\n\n<p>Marlon Dias Mariano dos Santos<\/p>\n\n\n\n<p>Paulo Costa Carvalho<\/p>\n\n\n\n<p>Sheila Cristina Nardelli<\/p>\n\n\n\n<p><\/p>\n\n\n\n<p><strong>Instituto Evandro Chagas<\/strong><\/p>\n\n\n\n<p>Ediclei Lima do Carmo<\/p>\n\n\n\n<p>Rafaela dos Anjos Pinheiro Bogoevich Morais<\/p>\n\n\n\n<p><\/p>\n\n\n\n<p><strong>Universidade do Estado de Santa Catarina<\/strong><\/p>\n\n\n\n<p>Anderson Barbosa de Moura<\/p>\n\n\n\n<p>Andreas Lazaros Chryssafidis<\/p>\n\n\n\n<p><\/p>\n\n\n\n<p><strong>Universidade Estadual de Feira de Santana<\/strong><\/p>\n\n\n\n<p>Aristeu Vieira da Silva<\/p>\n\n\n\n<p>Eddy Jos\u00e9 Francisco de Oliveira<\/p>\n\n\n\n<p>Silvane Maria Braga Santos<\/p>\n\n\n\n<p><\/p>\n\n\n\n<p><strong>Universidade Estadual Paulista<\/strong><\/p>\n\n\n\n<p>H\u00e9lio Langoni<\/p>\n\n\n\n<p>Katia Denise Saraiva Bresciani<\/p>\n\n\n\n<p><\/p>\n\n\n\n<p><strong>Universidade Estadual de Santa Cruz<\/strong><\/p>\n\n\n\n<p>Alexandre Dias Munhoz<\/p>\n\n\n\n<p>George R\u00eago Albuquerque<\/p>\n\n\n\n<p><\/p>\n\n\n\n<p><strong>Universidade Federal da Bahia<\/strong><\/p>\n\n\n\n<p>Luis Fernando Pita Gondim<\/p>\n\n\n\n<p><\/p>\n\n\n\n<p><strong>Universidade Federal de Alagoas<\/strong><\/p>\n\n\n\n<p>Jonatas Campos de Almeida<\/p>\n\n\n\n<p><\/p>\n\n\n\n<p><strong>Universidade Federal de Goi\u00e1s<\/strong><\/p>\n\n\n\n<p>Welber Daniel Zanetti Lopes<\/p>\n\n\n\n<p><\/p>\n\n\n\n<p><strong>Universidade Federal de Lavras<\/strong><\/p>\n\n\n\n<p>Luiz Daniel de Barros<\/p>\n\n\n\n<p><\/p>\n\n\n\n<p><strong>Universidade Federal do Maranh\u00e3o<\/strong><\/p>\n\n\n\n<p>Ivo Alexandre Leme da Cunha<\/p>\n\n\n\n<p><\/p>\n\n\n\n<p><strong>Universidade Federal de Minas Gerais<\/strong><\/p>\n\n\n\n<p>Erica dos Santos Martins Duarte<\/p>\n\n\n\n<p>Weslen Fabricio Pires Teixeira<\/p>\n\n\n\n<p><\/p>\n\n\n\n<p><strong>Universidade Federal de Pernambuco<\/strong><\/p>\n\n\n\n<p>Rinaldo Aparecido Mota<\/p>\n\n\n\n<p><\/p>\n\n\n\n<p><strong>Universidade Federal de Santa Maria<\/strong><\/p>\n\n\n\n<p>Fernanda Silveira Fl\u00f4res Vogel<\/p>\n\n\n\n<p>Luis Antonio Sangione<\/p>\n\n\n\n<p><\/p>\n\n\n\n<p><strong>Universidade Federal do Mato Grosso<\/strong><\/p>\n\n\n\n<p>Michelle Igarashi Watanabe<\/p>\n\n\n\n<p>Richard de Campos Pacheco<\/p>\n\n\n\n<p><\/p>\n\n\n\n<p><strong>Universidade Estadual do Norte Fluminense<\/strong><\/p>\n\n\n\n<p>Renato Augusto DaMatta<\/p>\n\n\n\n<p><\/p>\n\n\n\n<p><strong>Universidade Federal do Par\u00e1<\/strong><\/p>\n\n\n\n<p>Carla Cristina Guimar\u00e3es de Moraes<\/p>\n\n\n\n<p><\/p>\n\n\n\n<p><strong>Universidade Federal do Paran\u00e1<\/strong><\/p>\n\n\n\n<p>Rafael Felipe da Costa Vieira<\/p>\n\n\n\n<p><\/p>\n\n\n\n<p><strong>Universidade Federal do Rio Grande do Sul<\/strong><\/p>\n\n\n\n<p>Jo\u00e3o F\u00e1bio Soares<\/p>\n\n\n\n<p><\/p>\n\n\n\n<p><strong>Universidade Federal do Tocantins<\/strong><\/p>\n\n\n\n<p>Jos\u00e9 Carlos Ribeiro J\u00fanior<\/p>\n\n\n\n<p><\/p>\n\n\n\n<p><strong>Universidade Federal de Uberl\u00e2ndia&nbsp;<\/strong><\/p>\n\n\n\n<p>Jos\u00e9 Roberto Mineo&nbsp;<\/p>\n\n\n\n<p>Tiago Wilson Patriarca Mineo<\/p>\n\n\n\n<p><\/p>\n\n\n\n<p><strong>Universidade do Oeste Paulista<\/strong><\/p>\n\n\n\n<p>Rodrigo Costa da Silva<\/p>\n\n\n\n<p><\/p>\n\n\n\n<p><strong>Universidade do Paran\u00e1<\/strong><\/p>\n\n\n\n<p>S\u00e9rgio Tosi Cardim<\/p>\n\n\n\n<p><\/p>\n\n\n\n<p><strong>Instituto Federal da Para\u00edba<\/strong><\/p>\n\n\n\n<p>Vin\u00edcius Longo Ribeiro Vilela<\/p>\n\n\n\n<p>Thais Ferreira Feitosa<\/p>\n\n\n\n<p><\/p>\n\n\n\n<p><strong>Universidade Federal de Roraima<\/strong><\/p>\n\n\n\n<p>Ana Iara Costa Ferreira<\/p>\n\n\n\n<p><\/p>\n\n\n\n<p><strong>Universidade Paranaense<\/strong><\/p>\n\n\n\n<p>Daniela Dib Gon\u00e7alves<\/p>\n\n\n\n<p><\/p>\n\n\n\n<p><strong>Bern University<\/strong><\/p>\n\n\n\n<p>Gast\u00f3n Andr\u00e9s Mor\u00e9<\/p>\n\n\n\n<p><\/p>\n\n\n\n<p><strong>Moredun Research Institute<\/strong><\/p>\n\n\n\n<p>Elisabeth Lee Innes<\/p>\n\n\n\n<p>Frank Katzer<\/p>\n\n\n\n<p><\/p>\n\n\n\n<p><strong>University of Guelph<\/strong><\/p>\n\n\n\n<p>M\u00e1rcio Carvalho da Costa<\/p>\n\n\n\n<p><\/p>\n\n\n\n<p><strong>University of Tennessee Knoxville<\/strong><\/p>\n\n\n\n<p>Chunlei Su<\/p>\n\n\n\n<p><\/p>\n\n\n\n<p><strong>University of Zaragoza<\/strong><\/p>\n\n\n\n<p>Susana B Fernandez<\/p>\n","protected":false},"excerpt":{"rendered":"<p>Universidade Estadual de Londrina Professores Jo\u00e3o Luis Garcia Antonio Marcelo B. Casella Amanda Fonseca Zangirolamo Eloiza Teles Caldart Fernanda Pinto Ferreira Fernando de Souza Rodrigues Italmar Teodorico Navarro&nbsp; Jaqueline Dario Capobiango Regina Mitsuka Bregan\u00f3 Roberta Lemos Freire Selwyn Arlington Headley&nbsp; Zuleica Naomi Tano T\u00e9cnica Beatriz de Souza Lima Nino P\u00f3s Graduandos Aline Ticiani Pereira Paschoal [&hellip;]<\/p>\n","protected":false},"author":7,"featured_media":0,"parent":0,"menu_order":0,"comment_status":"closed","ping_status":"closed","template":"","meta":{"footnotes":""},"class_list":["post-67","page","type-page","status-publish","hentry"],"acf":[],"_links":{"self":[{"href":"https:\/\/sites.uel.br\/inct_toxoplasmose\/wp-json\/wp\/v2\/pages\/67","targetHints":{"allow":["GET"]}}],"collection":[{"href":"https:\/\/sites.uel.br\/inct_toxoplasmose\/wp-json\/wp\/v2\/pages"}],"about":[{"href":"https:\/\/sites.uel.br\/inct_toxoplasmose\/wp-json\/wp\/v2\/types\/page"}],"author":[{"embeddable":true,"href":"https:\/\/sites.uel.br\/inct_toxoplasmose\/wp-json\/wp\/v2\/users\/7"}],"replies":[{"embeddable":true,"href":"https:\/\/sites.uel.br\/inct_toxoplasmose\/wp-json\/wp\/v2\/comments?post=67"}],"version-history":[{"count":8,"href":"https:\/\/sites.uel.br\/inct_toxoplasmose\/wp-json\/wp\/v2\/pages\/67\/revisions"}],"predecessor-version":[{"id":175,"href":"https:\/\/sites.uel.br\/inct_toxoplasmose\/wp-json\/wp\/v2\/pages\/67\/revisions\/175"}],"wp:attachment":[{"href":"https:\/\/sites.uel.br\/inct_toxoplasmose\/wp-json\/wp\/v2\/media?parent=67"}],"curies":[{"name":"wp","href":"https:\/\/api.w.org\/{rel}","templated":true}]}}