{"id":27,"date":"2023-09-28T18:42:00","date_gmt":"2023-09-28T21:42:00","guid":{"rendered":"https:\/\/sites.uel.br\/inct_toxoplasmose\/?page_id=27"},"modified":"2023-11-28T19:25:24","modified_gmt":"2023-11-28T22:25:24","slug":"apresentacao","status":"publish","type":"page","link":"https:\/\/sites.uel.br\/inct_toxoplasmose\/apresentacao\/","title":{"rendered":"Apresenta\u00e7\u00e3o"},"content":{"rendered":"\n<p><\/p>\n\n\n\n<p><\/p>\n\n\n\n<p><strong>O Instituto Nacional de Ci\u00eancia  Tecnologia (INCT) toxoplasmose <\/strong>\u00e9 sediado no<strong> Departamento de Medicina Veterin\u00e1ria Preventiva (DMVP), <\/strong>do <strong>Centro de Ci\u00eancias Agr\u00e1rias (CCA)<\/strong> da <strong>Universidade Estadual de Londrina (UEL)<\/strong> e atua em parceria com outras <strong>institui\u00e7\u00f5es nacionais e internacionais<\/strong>. <\/p>\n\n\n\n<p>O INCT toxoplasmose: uma vis\u00e3o de sa\u00fade \u00fanica visa apoiar trabalhos no Brasil e no exterior, sejam eles relacionados com humanos, seja com animais. <\/p>\n\n\n\n<p>A plausibilidade do INCT toxoplasmose vem das experi\u00eancias anteriores do n\u00facleo de pesquisadores que fazem parte do projeto, s\u00e3o mais de tr\u00eas d\u00e9cadas de exist\u00eancia, inclusive com forma\u00e7\u00e3o de um centro de refer\u00eancia em toxoplasmose em projetos anteriores.<\/p>\n\n\n\n<p>Esse grupo encabe\u00e7ado pela Universidade Estadual de Londrina trouxe contribui\u00e7\u00f5es importantes para o conhecimento dessa doen\u00e7a negligenciada, quer seja elucidando os aspectos epidemiol\u00f3gicos, de diagn\u00f3stico e controle da doen\u00e7a entre os animais dom\u00e9sticos e selvagens, ou aspectos de sa\u00fade p\u00fablica, servindo de base para o Programa de Controle da Toxoplasmose Gestacional do Minist\u00e9rio da Sa\u00fade do Brasil. <\/p>\n\n\n\n<p><strong>A toxoplasmose<\/strong> \u00e9 uma zoonose cosmopolita, causada pelo protozo\u00e1rio <em>Toxoplasma gondii<\/em>, e \u00e9 caracterizada como uma doen\u00e7a parasit\u00e1ria que afeta o homem e os animais e \u00e9 transmiss\u00edvel entres eles (zoonose). O presente projeto tem como objetivos: <\/p>\n\n\n\n<p>1) simplificar o diagn\u00f3stico de triagem, tanto para as gestantes como para as crian\u00e7as e desenvolver kits a baixo custo;<\/p>\n\n\n\n<p>2) estudar marcadores proteicos da infec\u00e7\u00e3o aguda e cr\u00f4nica da toxoplasmose;<\/p>\n\n\n\n<p>3) avaliar marcadores proteicos da infec\u00e7\u00e3o por oocistos e cistos do parasita; <\/p>\n\n\n\n<p>4) isolar, genotipar, avaliar a virul\u00eancia, e mapear o proteoma\/transcriptoma de cepas de <em>T.<\/em> <em>gondii<\/em>;<\/p>\n\n\n\n<p>5) desenvolver vacina de \u00faltima gera\u00e7\u00e3o para ser utilizada em gatos, su\u00ednos, e ovinos para diminuir a contamina\u00e7\u00e3o ambiental e a infec\u00e7\u00e3o em humanos;<\/p>\n\n\n\n<p>6) capacitar profissionais de sa\u00fade e de \u00e1reas correlatas. <\/p>\n","protected":false},"excerpt":{"rendered":"<p>O Instituto Nacional de Ci\u00eancia Tecnologia (INCT) toxoplasmose \u00e9 sediado no Departamento de Medicina Veterin\u00e1ria Preventiva (DMVP), do Centro de Ci\u00eancias Agr\u00e1rias (CCA) da Universidade Estadual de Londrina (UEL) e atua em parceria com outras institui\u00e7\u00f5es nacionais e internacionais. O INCT toxoplasmose: uma vis\u00e3o de sa\u00fade \u00fanica visa apoiar trabalhos no Brasil e no exterior, [&hellip;]<\/p>\n","protected":false},"author":7,"featured_media":0,"parent":0,"menu_order":0,"comment_status":"closed","ping_status":"closed","template":"","meta":{"footnotes":""},"class_list":["post-27","page","type-page","status-publish","hentry"],"acf":[],"_links":{"self":[{"href":"https:\/\/sites.uel.br\/inct_toxoplasmose\/wp-json\/wp\/v2\/pages\/27","targetHints":{"allow":["GET"]}}],"collection":[{"href":"https:\/\/sites.uel.br\/inct_toxoplasmose\/wp-json\/wp\/v2\/pages"}],"about":[{"href":"https:\/\/sites.uel.br\/inct_toxoplasmose\/wp-json\/wp\/v2\/types\/page"}],"author":[{"embeddable":true,"href":"https:\/\/sites.uel.br\/inct_toxoplasmose\/wp-json\/wp\/v2\/users\/7"}],"replies":[{"embeddable":true,"href":"https:\/\/sites.uel.br\/inct_toxoplasmose\/wp-json\/wp\/v2\/comments?post=27"}],"version-history":[{"count":4,"href":"https:\/\/sites.uel.br\/inct_toxoplasmose\/wp-json\/wp\/v2\/pages\/27\/revisions"}],"predecessor-version":[{"id":119,"href":"https:\/\/sites.uel.br\/inct_toxoplasmose\/wp-json\/wp\/v2\/pages\/27\/revisions\/119"}],"wp:attachment":[{"href":"https:\/\/sites.uel.br\/inct_toxoplasmose\/wp-json\/wp\/v2\/media?parent=27"}],"curies":[{"name":"wp","href":"https:\/\/api.w.org\/{rel}","templated":true}]}}